{"id":10658,"date":"2018-09-19T15:07:03","date_gmt":"2018-09-19T14:07:03","guid":{"rendered":"http:\/\/culturesconnection.com\/?page_id=10658"},"modified":"2022-06-25T04:39:34","modified_gmt":"2022-06-25T02:39:34","slug":"traduzione-audiovisiva-in-svedese","status":"publish","type":"page","link":"https:\/\/culturesconnection.com\/it\/servizi-di-traduzione-in-svedese\/traduzione-audiovisiva-in-svedese\/","title":{"rendered":"Traduzione audiovisiva <br \/> e sottotitolaggio in svedese"},"content":{"rendered":"\n<h2 class=\"wp-block-heading\">TRADUZIONE AUDIOVISIVA DALL\u2019ITALIANO ALLO SVEDESE: IL TUO MATERIALE MULTIMEDIALE IN SVEDESE<\/h2>\n\n\n\n<p><span style=\"font-weight: 400;\">Oggi i materiali multimediali hanno un ruolo molto importante nella nostra quotidianit\u00e0. Passiamo sempre pi\u00f9 tempo davanti a uno schermo e il lavoro del traduttore \u00e8 quindi indispensabile se si vuole apprezzare e capire un contenuto multimediale. Se la tua casa di produzione vuole lanciare un nuovo film in Svezia, \u00e8 bene rivolgersi a un traduttore audiovisivo, esperto del settore e che ha gi\u00e0 realizzato traduzioni audiovisive in passato. Il suo compito \u00e8 di tradurre il tuo materiale audio e video per renderlo accessibile al grande pubblico del mercato di riferimento. Affida i tuoi progetti di <a href=\"https:\/\/culturesconnection.com\/it\/servizio-sottotitolaggio\/\">traduzione audiovisiva<\/a> a un\u2019agenzia di traduzione specializzata nel settore. <\/span><\/p>\n\n\n\n<h2 class=\"wp-block-heading\">I NOSTRI SERVIZI DI SOTTOTITOLAZIONE IN SVEDESE<\/h2>\n\n\n\n<p><span style=\"font-weight: 400;\">Che si tratti di un <a href=\"https:\/\/culturesconnection.com\/it\/servizi-di-traduzione\/\">servizio<\/a> di trascrizione, di sottotitolazione o di voice-off, avrai bisogno di una traduzione affidabile e di qualit\u00e0. Per rispondere ai tuoi bisogni, noi di <a href=\"https:\/\/culturesconnection.com\/it\/\">Cultures Connection<\/a> facciamo il possibile per trovare il traduttore audiovisivo specializzato, il pi\u00f9 competente e qualificato possibile, sia dal punto di vista linguistico che tecnico. Tutti i nostri traduttori conoscono perfettamente l\u2019italiano e lo svedese e traducono esclusivamente verso la loro lingua madre per assicurarti la miglior qualit\u00e0 possibile del risultato finale. Affidati alla nostra agenzia di traduzione per le tue future traduzioni audiovisive.<\/span><\/p>\n\n\n\n<h2 class=\"wp-block-heading\">I NOSTRI MATERIALI AUDIOVISIVI IN SVEDESE<\/h2>\n\n\n\n<p><span style=\"font-weight: 400;\">Ecco una lista non esaustiva delle traduzioni in svedese che Cultures Connection ha gi\u00e0 realizzato: <\/span><\/p>\n\n\n\n<ul class=\"wp-block-list\"><li style=\"font-weight: 400;\"><span style=\"font-weight: 400;\">Testi audio<\/span><\/li><li style=\"font-weight: 400;\"><span style=\"font-weight: 400;\">Video commerciali e pubblicit\u00e0<\/span><\/li><li style=\"font-weight: 400;\"><span style=\"font-weight: 400;\">Video istituzionali<\/span><\/li><li style=\"font-weight: 400;\"><span style=\"font-weight: 400;\">Interviste<\/span><\/li><li style=\"font-weight: 400;\"><span style=\"font-weight: 400;\">Documentari<\/span><\/li><li style=\"font-weight: 400;\"><span style=\"font-weight: 400;\">Videogiochi <\/span><\/li><li style=\"font-weight: 400;\"><span style=\"font-weight: 400;\">Filmati aziendali<\/span><\/li><\/ul>\n\n\n\n<h3 class=\"wp-block-heading\">&nbsp;Servizi di sottotitolaggio in tutte le lingue<\/h3>\n\n\n\n<ul class=\"wp-block-list\"><li><a href=\"https:\/\/culturesconnection.com\/it\/sottotitolaggio-francese\/\">Servizi di sottotitolaggio in francese<\/a><\/li><li><a href=\"https:\/\/culturesconnection.com\/it\/sottotitolaggio-spagnolo\/\">Servizi di sottotitolaggio in spagnolo<\/a><\/li><li><a href=\"https:\/\/culturesconnection.com\/it\/sottotitolaggio-tedesco\/\">Servizi di sottotitolaggio in tedesco<\/a><\/li><li><a href=\"https:\/\/culturesconnection.com\/it\/sottotitolaggio-cinese\/\">Servizi di sottotitolaggio in cinese<\/a><\/li><li><a href=\"https:\/\/culturesconnection.com\/it\/sottotitolaggio-portoghese\/\">Servizi di sottotitolaggio in portoghese<\/a><\/li><li><a href=\"https:\/\/culturesconnection.com\/it\/sottotitolaggio-inglese\/\">Servizi di sottotitolaggio in inglese<\/a><\/li><li><a href=\"https:\/\/culturesconnection.com\/it\/sottotitolaggio-olandese\/\">Servizi di sottotitolaggio in olandese<\/a><\/li><li><a href=\"https:\/\/culturesconnection.com\/it\/sottotitolaggio-turco\/\">Servizi di sottotitolaggio in turco<\/a><\/li><li><a href=\"https:\/\/culturesconnection.com\/it\/sottotitolaggio-giapponese\/\">Servizi di sottotitolaggio in giapponese<\/a><\/li><li><a href=\"https:\/\/culturesconnection.com\/it\/sottotitolaggio-russo\/\">Servizi di sottotitolaggio in russo<\/a><\/li><\/ul>\n","protected":false},"excerpt":{"rendered":"<p>TRADUZIONE AUDIOVISIVA DALL\u2019ITALIANO ALLO SVEDESE: IL TUO MATERIALE MULTIMEDIALE IN SVEDESE Oggi i materiali multimediali hanno un ruolo molto importante nella nostra quotidianit\u00e0. Passiamo sempre [&#8230;]<\/p>\n<p><a class=\"btn btn-secondary understrap-read-more-link\" href=\"https:\/\/culturesconnection.com\/it\/servizi-di-traduzione-in-svedese\/traduzione-audiovisiva-in-svedese\/\">Leggi di pi\u00f9&#8230;<span class=\"screen-reader-text\"> from Traduzione audiovisiva <br \/> e sottotitolaggio in svedese<\/span><\/a><\/p>\n","protected":false},"author":42,"featured_media":24333,"parent":10043,"menu_order":0,"comment_status":"closed","ping_status":"closed","template":"","meta":{"_acf_changed":false,"_editorskit_title_hidden":false,"_editorskit_reading_time":0,"_editorskit_is_block_options_detached":false,"_editorskit_block_options_position":"{}","footnotes":""},"class_list":["post-10658","page","type-page","status-publish","has-post-thumbnail","hentry"],"acf":[],"_links":{"self":[{"href":"https:\/\/culturesconnection.com\/it\/wp-json\/wp\/v2\/pages\/10658","targetHints":{"allow":["GET"]}}],"collection":[{"href":"https:\/\/culturesconnection.com\/it\/wp-json\/wp\/v2\/pages"}],"about":[{"href":"https:\/\/culturesconnection.com\/it\/wp-json\/wp\/v2\/types\/page"}],"author":[{"embeddable":true,"href":"https:\/\/culturesconnection.com\/it\/wp-json\/wp\/v2\/users\/42"}],"replies":[{"embeddable":true,"href":"https:\/\/culturesconnection.com\/it\/wp-json\/wp\/v2\/comments?post=10658"}],"version-history":[{"count":0,"href":"https:\/\/culturesconnection.com\/it\/wp-json\/wp\/v2\/pages\/10658\/revisions"}],"up":[{"embeddable":true,"href":"https:\/\/culturesconnection.com\/it\/wp-json\/wp\/v2\/pages\/10043"}],"wp:featuredmedia":[{"embeddable":true,"href":"https:\/\/culturesconnection.com\/it\/wp-json\/wp\/v2\/media\/24333"}],"wp:attachment":[{"href":"https:\/\/culturesconnection.com\/it\/wp-json\/wp\/v2\/media?parent=10658"}],"curies":[{"name":"wp","href":"https:\/\/api.w.org\/{rel}","templated":true}]}}