{"id":10656,"date":"2018-09-19T15:36:58","date_gmt":"2018-09-19T14:36:58","guid":{"rendered":"http:\/\/culturesconnection.com\/?page_id=10656"},"modified":"2022-06-25T04:36:33","modified_gmt":"2022-06-25T02:36:33","slug":"traduzione-di-marketing-in-svedese","status":"publish","type":"page","link":"https:\/\/culturesconnection.com\/it\/servizi-di-traduzione-in-svedese\/traduzione-di-marketing-in-svedese\/","title":{"rendered":"Traduzione per il marketing in svedese"},"content":{"rendered":"\n<h2 class=\"wp-block-heading\">TRADUZIONE DI MARKETING DALL\u2019ITALIANO ALLO SVEDESE<\/h2>\n\n\n\n<p><span style=\"font-weight: 400;\">La <a href=\"https:\/\/culturesconnection.com\/it\/traduzione-marketing\/\">traduzione del marketing<\/a> \u00e8 un settore pi\u00f9 vicino alla localizzazione che alla traduzione: il traduttore-localizzatore ha, in realt\u00e0, il compito di adattare il messaggio tenendo conto delle differenze culturali della lingua d\u2019arrivo. Si tratta di un compito relativamente difficile che richiede diverse conoscenze e competenze. Il traduttore deve conoscere alla perfezione le caratteristiche del mercato di riferimento per adattare al meglio il materiale di marketing. Ecco perch\u00e9 \u00e8 fondamentale rivolgersi a uno specialista del marketing che sappia affrontare le difficolt\u00e0 del settore e del lavoro. Scegli con cura l\u2019agenzia di traduzione per evitare brutte sorprese!<\/span><\/p>\n\n\n\n<h2 class=\"wp-block-heading\">SERVIZI DI LOCALIZZAZIONE DEL MARKETING<\/h2>\n\n\n\n<p><span style=\"font-weight: 400;\">Vuoi lanciare il tuo nuovo prodotto in Svezia ma tutto il tuo materiale di marketing \u00e8 in italiano? <a href=\"https:\/\/culturesconnection.com\/it\/\">Cultures Connection<\/a> \u00e8 la soluzione al tuo problema. La nostra agenzia di traduzione ti propone i <a href=\"https:\/\/culturesconnection.com\/it\/servizi-di-traduzione\/\">servizi di traduttori<\/a> professionisti specializzati grazie a una grande esperienza nel settore marketing. Noi sappiamo che un semplice errore di traduzione nella tua campagna pubblicitaria o un semplice malinteso possono avere conseguenze disastrose sul tuo fatturato e possono danneggiare l\u2019immagine della tua azienda. Scegli la qualit\u00e0 e la sicurezza: affidaci le tue traduzione di marketing!<\/span><\/p>\n\n\n\n<h2 class=\"wp-block-heading\">I TUOI DOCUMENTI DI MARKETING IN SVEDESE<\/h2>\n\n\n\n<p><span style=\"font-weight: 400;\">Cultures Connection ti propone una vasta scelta di prestazioni linguistiche nel settore del marketing. Di seguito una lista esemplificativa dei documenti tradotti in svedese in passato: <\/span><\/p>\n\n\n\n<ul class=\"wp-block-list\"><li style=\"font-weight: 400;\"><span style=\"font-weight: 400;\">Opuscoli<\/span><\/li><li style=\"font-weight: 400;\"><span style=\"font-weight: 400;\">Materiali pubblicitari<\/span><\/li><li style=\"font-weight: 400;\"><span style=\"font-weight: 400;\">Newsletter<\/span><\/li><li style=\"font-weight: 400;\"><span style=\"font-weight: 400;\">Siti e-commerce<\/span><\/li><li style=\"font-weight: 400;\"><span style=\"font-weight: 400;\">D\u00e9pliant<\/span><\/li><li style=\"font-weight: 400;\"><span style=\"font-weight: 400;\">Campagne di marketing<\/span><\/li><li style=\"font-weight: 400;\"><span style=\"font-weight: 400;\">Pubblicit\u00e0<\/span><\/li><li style=\"font-weight: 400;\"><span style=\"font-weight: 400;\">Siti web<\/span><\/li><li style=\"font-weight: 400;\"><span style=\"font-weight: 400;\">Slogan<\/span><\/li><li style=\"font-weight: 400;\"><span style=\"font-weight: 400;\">Loghi<\/span><\/li><li style=\"font-weight: 400;\"><span style=\"font-weight: 400;\">Presentazioni<\/span><\/li><li style=\"font-weight: 400;\"><span style=\"font-weight: 400;\">Lanci di prodotti<\/span><\/li><li style=\"font-weight: 400;\"><span style=\"font-weight: 400;\">Comunicati stampa<\/span><\/li><li style=\"font-weight: 400;\"><span style=\"font-weight: 400;\">E-book<\/span><\/li><\/ul>\n\n\n\n<h3 class=\"wp-block-heading\">&nbsp;Traduzione&nbsp;di&nbsp;marketing&nbsp;in&nbsp;tutte&nbsp;le&nbsp;lingue<\/h3>\n\n\n\n<ul class=\"wp-block-list\"><li><a href=\"https:\/\/culturesconnection.com\/it\/traduzione-marketing-spagnolo\/\">Traduzione&nbsp;in&nbsp;spagnolo&nbsp;di&nbsp;marketing<\/a><\/li><li><a href=\"https:\/\/culturesconnection.com\/it\/traduzione-marketing-tedesco\/\">Traduzione&nbsp;in&nbsp;tedesco&nbsp;di&nbsp;marketing<\/a><\/li><li><a href=\"https:\/\/culturesconnection.com\/it\/traduzione-marketing-cinese\/\">Traduzione&nbsp;in&nbsp;cinese&nbsp;di&nbsp;marketing<\/a><\/li><li><a href=\"https:\/\/culturesconnection.com\/it\/traduzione-di-marketing-in-arabo\/\">Traduzione&nbsp;in&nbsp;arabo&nbsp;di&nbsp;marketing<\/a><\/li><li><a href=\"https:\/\/culturesconnection.com\/it\/traduzione-marketing-portoghese\/\">Traduzione&nbsp;in&nbsp;portoghese&nbsp;di&nbsp;marketing<\/a><\/li><li><a href=\"https:\/\/culturesconnection.com\/it\/traduzione-per-il-marketing-in-inglese\/\">Traduzione&nbsp;in&nbsp;inglese di&nbsp;marketing<\/a><\/li><li><a href=\"https:\/\/culturesconnection.com\/it\/traduzioni-marketing-olandese\/\">Traduzione&nbsp;in&nbsp;olandese&nbsp;di&nbsp;marketing<\/a><\/li><li><a href=\"https:\/\/culturesconnection.com\/it\/traduzione-marketing-turco\/\">Traduzione&nbsp;in&nbsp;turco&nbsp;di&nbsp;marketing<\/a><\/li><li><a href=\"https:\/\/culturesconnection.com\/it\/traduzione-marketing-giapponese\/\">Traduzione&nbsp;in&nbsp;giapponese&nbsp;di&nbsp;marketing<\/a><\/li><li><a href=\"\/?page_id=6042\">Traduzione&nbsp;in&nbsp;russo&nbsp;di&nbsp;marketing<\/a><\/li><\/ul>\n","protected":false},"excerpt":{"rendered":"<p>TRADUZIONE DI MARKETING DALL\u2019ITALIANO ALLO SVEDESE La traduzione del marketing \u00e8 un settore pi\u00f9 vicino alla localizzazione che alla traduzione: il traduttore-localizzatore ha, in realt\u00e0, [&#8230;]<\/p>\n<p><a class=\"btn btn-secondary understrap-read-more-link\" href=\"https:\/\/culturesconnection.com\/it\/servizi-di-traduzione-in-svedese\/traduzione-di-marketing-in-svedese\/\">Leggi di pi\u00f9&#8230;<span class=\"screen-reader-text\"> from Traduzione per il marketing in svedese<\/span><\/a><\/p>\n","protected":false},"author":42,"featured_media":24333,"parent":10043,"menu_order":0,"comment_status":"closed","ping_status":"closed","template":"","meta":{"_acf_changed":false,"_editorskit_title_hidden":false,"_editorskit_reading_time":0,"_editorskit_is_block_options_detached":false,"_editorskit_block_options_position":"{}","footnotes":""},"class_list":["post-10656","page","type-page","status-publish","has-post-thumbnail","hentry"],"acf":[],"_links":{"self":[{"href":"https:\/\/culturesconnection.com\/it\/wp-json\/wp\/v2\/pages\/10656","targetHints":{"allow":["GET"]}}],"collection":[{"href":"https:\/\/culturesconnection.com\/it\/wp-json\/wp\/v2\/pages"}],"about":[{"href":"https:\/\/culturesconnection.com\/it\/wp-json\/wp\/v2\/types\/page"}],"author":[{"embeddable":true,"href":"https:\/\/culturesconnection.com\/it\/wp-json\/wp\/v2\/users\/42"}],"replies":[{"embeddable":true,"href":"https:\/\/culturesconnection.com\/it\/wp-json\/wp\/v2\/comments?post=10656"}],"version-history":[{"count":0,"href":"https:\/\/culturesconnection.com\/it\/wp-json\/wp\/v2\/pages\/10656\/revisions"}],"up":[{"embeddable":true,"href":"https:\/\/culturesconnection.com\/it\/wp-json\/wp\/v2\/pages\/10043"}],"wp:featuredmedia":[{"embeddable":true,"href":"https:\/\/culturesconnection.com\/it\/wp-json\/wp\/v2\/media\/24333"}],"wp:attachment":[{"href":"https:\/\/culturesconnection.com\/it\/wp-json\/wp\/v2\/media?parent=10656"}],"curies":[{"name":"wp","href":"https:\/\/api.w.org\/{rel}","templated":true}]}}