{"id":10652,"date":"2018-09-19T15:58:43","date_gmt":"2018-09-19T13:58:43","guid":{"rendered":"http:\/\/culturesconnection.com\/?page_id=10652"},"modified":"2022-06-25T04:41:02","modified_gmt":"2022-06-25T02:41:02","slug":"traduzione-scientifica-in-svedese","status":"publish","type":"page","link":"https:\/\/culturesconnection.com\/it\/servizi-di-traduzione-in-svedese\/traduzione-scientifica-in-svedese\/","title":{"rendered":"I nostri servizi di traduzione scientifica in svedese"},"content":{"rendered":"\n<h2 class=\"wp-block-heading\">LA TRADUZIONE SCIENTIFICA DALL\u2019ITALIANO ALLO SVEDESE: LA PRECISIONE PRIMA DI TUTTO<\/h2>\n\n\n\n<p><span style=\"font-weight: 400;\">Quando si parla di documenti scientifici, si pensa innanzitutto a concetti complessi e alla terminologia molto rigorosa impiegata in questo settore. Ecco perch\u00e9 solo un traduttore specializzato in questo settore pu\u00f2 occuparsi dei tuoi progetti di traduzione. Che i tuoi documenti siano sulla geologia, sulle energie rinnovabili, o sulla meteorologia, \u00e8 essenziale rivolgersi a un esperto nel settore che conosca perfettamente la terminologia del suo settore di specializzazione. <\/span><\/p>\n\n\n\n<h2 class=\"wp-block-heading\">LA NOSTRA AGENZIA DI TRADUZIONE<\/h2>\n\n\n\n<p><span style=\"font-weight: 400;\">La nostra <a href=\"https:\/\/culturesconnection.com\/it\/\">agenzia di traduzione<\/a> ha saputo circondarsi di traduttori specializzati, ognuno nel proprio settore di specializzazione. Ecco perch\u00e9 puoi star certo che troveremo lo specialista pi\u00f9 qualificato e pi\u00f9 competente per realizzare tutti i tuoi progetti di traduzione scientifica in svedese. Non correre il rischio di compromettere la credibilit\u00e0 e la precisione dei tuoi documenti. I traduttori di Cultures Connection s\u2019impegnano sempre al massimo per fornirti <a href=\"https:\/\/culturesconnection.com\/it\/servizi-di-traduzione\/\">servizi di traduzione<\/a> di qualit\u00e0 e al miglior prezzo. Scegli la sicurezza con la nostra agenzia di traduzione per i tuoi progetti scientifici. <\/span><\/p>\n\n\n\n<h2 class=\"wp-block-heading\">I TUOI DOCUMENTI SCIENTIFICI IN SVEDESE<\/h2>\n\n\n\n<p><span style=\"font-weight: 400;\">C\u2019\u00e8 un\u2019ampia scelta di <a href=\"https:\/\/culturesconnection.com\/it\/traduzione-scientifica\/\">documenti scientifici<\/a> da poter tradurre. Ecco una lista esemplificativa delle traduzioni scientifiche in svedese realizzate in passato da Cultures Connection: <\/span><\/p>\n\n\n\n<ul class=\"wp-block-list\"><li style=\"font-weight: 400;\"><span style=\"font-weight: 400;\">Lessico, enciclopedie scientifiche e glossari<\/span><\/li><li style=\"font-weight: 400;\"><span style=\"font-weight: 400;\">Documenti tecnici e articoli di ricerca<\/span><\/li><li style=\"font-weight: 400;\"><span style=\"font-weight: 400;\">Manuali per operatori e per utenti<\/span><\/li><li style=\"font-weight: 400;\"><span style=\"font-weight: 400;\">Prove di laboratorio, protocolli analitici<\/span><\/li><li style=\"font-weight: 400;\"><span style=\"font-weight: 400;\">Documenti legali, brevetti e linee guida<\/span><\/li><li style=\"font-weight: 400;\"><span style=\"font-weight: 400;\">Specifiche tecniche<\/span><\/li><li style=\"font-weight: 400;\"><span style=\"font-weight: 400;\">Progetti e studi di mercato transnazionali<\/span><\/li><li style=\"font-weight: 400;\"><span style=\"font-weight: 400;\">Software di simulazione (biotecnologie, ambiente, riabilitazione dei siti industriali)<\/span><\/li><li style=\"font-weight: 400;\"><span style=\"font-weight: 400;\">Presentazioni multimediali e video<\/span><\/li><li style=\"font-weight: 400;\"><span style=\"font-weight: 400;\">Traduzione e localizzazione di siti web<\/span><\/li><li style=\"font-weight: 400;\"><span style=\"font-weight: 400;\">Traduzione di schede informative, presentazioni per congressi<\/span><\/li><\/ul>\n\n\n\n<h3 class=\"wp-block-heading\">&nbsp;Traduzione scientifica in tutte le lingue<\/h3>\n\n\n\n<ul class=\"wp-block-list\"><li><a href=\"https:\/\/culturesconnection.com\/it\/traduzione-scientifica-francese\/\">Traduzione&nbsp;scientifica&nbsp;in&nbsp;francese<\/a><\/li><li><a href=\"https:\/\/culturesconnection.com\/it\/traduzione-scientifica-in-spagnolo\/\">Traduzione&nbsp;scientifica&nbsp;in&nbsp;spagnolo<\/a><\/li><li><a href=\"https:\/\/culturesconnection.com\/it\/traduzione-scientifica-tedesco\/\">Traduzione&nbsp;scientifica&nbsp;in&nbsp;tedesco<\/a><\/li><li><a href=\"https:\/\/culturesconnection.com\/it\/traduzione-scientifica-cinese\/\">Traduzione&nbsp;scientifica&nbsp;in&nbsp;cinese<\/a><\/li><li><a href=\"https:\/\/culturesconnection.com\/it\/traduzione-scientifica-in-arabo\/\">Traduzione&nbsp;scientifica&nbsp;in&nbsp;arabo<\/a><\/li><li><a href=\"https:\/\/culturesconnection.com\/it\/traduzione-scientifica-in-inglese\/\">Traduzione&nbsp;scientifica&nbsp;in inglese<\/a><\/li><li><a href=\"https:\/\/culturesconnection.com\/it\/traduzione-scientifica-olandese\/\">Traduzione&nbsp;scientifica&nbsp;in&nbsp;olandese<\/a><\/li><li><a href=\"https:\/\/culturesconnection.com\/it\/traduzione-scientifica-in-turco\/\">Traduzione&nbsp;scientifica&nbsp;in&nbsp;turco<\/a><\/li><li><a href=\"https:\/\/culturesconnection.com\/it\/traduzione-scientifica-giapponese\/\">Traduzione&nbsp;scientifica&nbsp;in&nbsp;giapponese<\/a><\/li><li><a href=\"https:\/\/culturesconnection.com\/it\/traduzione-scientifica-russo\/\">Traduzione&nbsp;scientifica&nbsp;in&nbsp;russo<\/a><\/li><\/ul>\n","protected":false},"excerpt":{"rendered":"<p>LA TRADUZIONE SCIENTIFICA DALL\u2019ITALIANO ALLO SVEDESE: LA PRECISIONE PRIMA DI TUTTO Quando si parla di documenti scientifici, si pensa innanzitutto a concetti complessi e alla [&#8230;]<\/p>\n<p><a class=\"btn btn-secondary understrap-read-more-link\" href=\"https:\/\/culturesconnection.com\/it\/servizi-di-traduzione-in-svedese\/traduzione-scientifica-in-svedese\/\">Leggi di pi\u00f9&#8230;<span class=\"screen-reader-text\"> from I nostri servizi di traduzione scientifica in svedese<\/span><\/a><\/p>\n","protected":false},"author":42,"featured_media":24333,"parent":10043,"menu_order":0,"comment_status":"closed","ping_status":"closed","template":"","meta":{"_acf_changed":false,"_editorskit_title_hidden":false,"_editorskit_reading_time":0,"_editorskit_is_block_options_detached":false,"_editorskit_block_options_position":"{}","footnotes":""},"class_list":["post-10652","page","type-page","status-publish","has-post-thumbnail","hentry"],"acf":[],"_links":{"self":[{"href":"https:\/\/culturesconnection.com\/it\/wp-json\/wp\/v2\/pages\/10652","targetHints":{"allow":["GET"]}}],"collection":[{"href":"https:\/\/culturesconnection.com\/it\/wp-json\/wp\/v2\/pages"}],"about":[{"href":"https:\/\/culturesconnection.com\/it\/wp-json\/wp\/v2\/types\/page"}],"author":[{"embeddable":true,"href":"https:\/\/culturesconnection.com\/it\/wp-json\/wp\/v2\/users\/42"}],"replies":[{"embeddable":true,"href":"https:\/\/culturesconnection.com\/it\/wp-json\/wp\/v2\/comments?post=10652"}],"version-history":[{"count":0,"href":"https:\/\/culturesconnection.com\/it\/wp-json\/wp\/v2\/pages\/10652\/revisions"}],"up":[{"embeddable":true,"href":"https:\/\/culturesconnection.com\/it\/wp-json\/wp\/v2\/pages\/10043"}],"wp:featuredmedia":[{"embeddable":true,"href":"https:\/\/culturesconnection.com\/it\/wp-json\/wp\/v2\/media\/24333"}],"wp:attachment":[{"href":"https:\/\/culturesconnection.com\/it\/wp-json\/wp\/v2\/media?parent=10652"}],"curies":[{"name":"wp","href":"https:\/\/api.w.org\/{rel}","templated":true}]}}