{"id":10647,"date":"2018-09-19T11:36:20","date_gmt":"2018-09-19T10:36:20","guid":{"rendered":"http:\/\/culturesconnection.com\/?page_id=10647"},"modified":"2022-06-25T06:02:57","modified_gmt":"2022-06-25T04:02:57","slug":"traduzione-di-siti-web-in-finlandese","status":"publish","type":"page","link":"https:\/\/culturesconnection.com\/it\/servizi-di-traduzione-in-finnico\/traduzione-di-siti-web-in-finlandese\/","title":{"rendered":"Traduzione di siti web in finlandese"},"content":{"rendered":"\n<h2 class=\"wp-block-heading\">LA TRADUZIONE DI SITI WEB IN FINLANDESE<\/h2>\n\n\n\n<p><span style=\"font-weight: 400;\">Quando vuoi iniziare ad affermati su un mercato estero, ricorda che la prima cosa da fare \u00e8 far tradurre il tuo <a href=\"https:\/\/culturesconnection.com\/it\/traduzione-siti-web\/\">sito internet<\/a>. Molti studi hanno infatti dimostrato che chi naviga su internet preferisce fare acquisti su siti di e-commerce tradotti nella propria lingua materna. Il tuo sito internet \u00e8 anche la prima immagine che i tuoi clienti avranno della tua azienda, ecco perch\u00e9 questa \u00e8 una fase di crescita cruciale che non bisogna sottovalutare. Per questo motivo devi rivolgerti a un traduttore professionista che potr\u00e0 tradurre in finlandese tutto il materiale che vorrai, assicurandoti la qualit\u00e0 del prodotto finale. <\/span><\/p>\n\n\n\n<h2 class=\"wp-block-heading\">I NOSTRI SERVIZI DI TRADUZIONE DI SITI WEB<\/h2>\n\n\n\n<p><span style=\"font-weight: 400;\"><a href=\"https:\/\/culturesconnection.com\/it\/\">Cultures Connection<\/a>, grazie alla sua vasta rete di traduttori professionisti specializzati in traduzione di materiale web pu\u00f2 offrirti un <a href=\"https:\/\/culturesconnection.com\/it\/servizi-di-traduzione\/\">servizio di traduzione<\/a> di qualit\u00e0. Infatti ci rivolgiamo esclusivamente ad esperti che conoscono ogni aspetto del loro lavoro, compresi quelli linguistici e quelli tecnici; infine conoscono alla perfezione l\u2019italiano e il finlandese. La loro esperienza e le loro competenze in questo settore gli permette di riconoscere i tuoi bisogni, tenendo sempre conto della cultura d\u2019arrivo. Se vuoi far crescere la tua attivit\u00e0 in Finlandia, affidati alla nostra agenzia di traduzione professionale.<\/span><\/p>\n\n\n\n<h2 class=\"wp-block-heading\">IL TUO SITO WEB IN FINLANDESE<\/h2>\n\n\n\n<p><span style=\"font-weight: 400;\">Cultures Connection propone servizi di traduzione per tanti materiali online. Ecco qualche esempio delle traduzioni in finlandese realizzate dalla nostra agenzia: <\/span><\/p>\n\n\n\n<ul class=\"wp-block-list\"><li style=\"font-weight: 400;\"><span style=\"font-weight: 400;\">Contenuti web<\/span><\/li><li style=\"font-weight: 400;\"><span style=\"font-weight: 400;\">Siti e-commerce<\/span><\/li><li style=\"font-weight: 400;\"><span style=\"font-weight: 400;\">App per dispositivi mobili<\/span><\/li><li style=\"font-weight: 400;\"><span style=\"font-weight: 400;\">Piattaforme di trading<\/span><\/li><li style=\"font-weight: 400;\"><span style=\"font-weight: 400;\">Schede prodotto<\/span><\/li><\/ul>\n\n\n\n<h3 class=\"wp-block-heading\">&nbsp;Traduzione di siti web in tutte le lingue<\/h3>\n\n\n\n<ul class=\"wp-block-list\"><li><a href=\"https:\/\/culturesconnection.com\/it\/traduzione-siti-web-francese\/\">Traduzione&nbsp;di&nbsp;siti&nbsp;web&nbsp;in&nbsp;francese<\/a><\/li><li><a href=\"https:\/\/culturesconnection.com\/it\/traduzione-siti-web-spagnolo\/\">Traduzione&nbsp;di&nbsp;siti&nbsp;web&nbsp;in spagnolo<\/a><\/li><li><a href=\"https:\/\/culturesconnection.com\/it\/traduzione-siti-web-tedesco\/\">Traduzione&nbsp;di&nbsp;siti&nbsp;web&nbsp;in tedesco<\/a><\/li><li><a href=\"https:\/\/culturesconnection.com\/it\/traduzione-di-siti-web-in-cinese\/\">Traduzione&nbsp;di&nbsp;siti&nbsp;web&nbsp;in cinese<\/a><\/li><li><a href=\"https:\/\/culturesconnection.com\/it\/traduzione-in-arabo-di-siti-web\/\">Traduzione&nbsp;di&nbsp;siti&nbsp;web&nbsp;in&nbsp;arabo<\/a><\/li><li><a href=\"https:\/\/culturesconnection.com\/it\/traduzione-sito-web-portoghese\/\">Traduzione&nbsp;di&nbsp;siti&nbsp;web&nbsp;in&nbsp;portoghese<\/a><\/li><li><a href=\"https:\/\/culturesconnection.com\/it\/traduzione-siti-web-olandese\/\">Traduzione&nbsp;di&nbsp;siti&nbsp;web&nbsp;in&nbsp;olandese<\/a><\/li><li><a href=\"https:\/\/culturesconnection.com\/it\/traduzione-di-siti-web-in-turco\/\">Traduzione di siti web in turco<\/a><\/li><li><a href=\"https:\/\/culturesconnection.com\/it\/traduzione-di-siti-web-in-giapponese\/\">Traduzione di siti web in giapponese<\/a><\/li><li><a href=\"https:\/\/culturesconnection.com\/it\/traduzione-siti-web-russo\/\">Traduzione di siti web in russo<\/a><\/li><\/ul>\n","protected":false},"excerpt":{"rendered":"<p>LA TRADUZIONE DI SITI WEB IN FINLANDESE Quando vuoi iniziare ad affermati su un mercato estero, ricorda che la prima cosa da fare \u00e8 far [&#8230;]<\/p>\n<p><a class=\"btn btn-secondary understrap-read-more-link\" href=\"https:\/\/culturesconnection.com\/it\/servizi-di-traduzione-in-finnico\/traduzione-di-siti-web-in-finlandese\/\">Leggi di pi\u00f9&#8230;<span class=\"screen-reader-text\"> from Traduzione di siti web in finlandese<\/span><\/a><\/p>\n","protected":false},"author":42,"featured_media":24333,"parent":10042,"menu_order":0,"comment_status":"closed","ping_status":"closed","template":"","meta":{"_acf_changed":false,"_editorskit_title_hidden":false,"_editorskit_reading_time":0,"_editorskit_is_block_options_detached":false,"_editorskit_block_options_position":"{}","footnotes":""},"class_list":["post-10647","page","type-page","status-publish","has-post-thumbnail","hentry"],"acf":[],"yoast_head":"<!-- This site is optimized with the Yoast SEO Premium plugin v23.4 (Yoast SEO v27.3) - https:\/\/yoast.com\/product\/yoast-seo-premium-wordpress\/ -->\n<title>Servizi di traduzione di siti web in finlandese<\/title>\n<meta name=\"description\" content=\"La traduzione del tuo sito web \u00e8 fondamentale per conquistare il pubblico finlandese: noi ti offriamo le soluzioni migliori a un prezzo competitivo.\" \/>\n<meta name=\"robots\" content=\"index, follow, max-snippet:-1, max-image-preview:large, max-video-preview:-1\" \/>\n<link rel=\"canonical\" href=\"https:\/\/culturesconnection.com\/it\/servizi-di-traduzione-in-finnico\/traduzione-di-siti-web-in-finlandese\/\" \/>\n<meta property=\"og:locale\" content=\"it_IT\" \/>\n<meta property=\"og:type\" content=\"article\" \/>\n<meta property=\"og:title\" content=\"Traduzione di siti web in finlandese\" \/>\n<meta property=\"og:description\" content=\"La traduzione del tuo sito web \u00e8 fondamentale per conquistare il pubblico finlandese: noi ti offriamo le soluzioni migliori a un prezzo competitivo.\" \/>\n<meta property=\"og:url\" content=\"https:\/\/culturesconnection.com\/it\/servizi-di-traduzione-in-finnico\/traduzione-di-siti-web-in-finlandese\/\" \/>\n<meta property=\"og:site_name\" content=\"Cultures Connection\" \/>\n<meta property=\"article:publisher\" content=\"https:\/\/www.facebook.com\/CulturesConnection\" \/>\n<meta property=\"article:modified_time\" content=\"2022-06-25T04:02:57+00:00\" \/>\n<meta property=\"og:image\" content=\"https:\/\/culturesconnection.com\/wp-content\/uploads\/2020\/09\/P\u00e1gina_Subservicios_de_traducci\u00f3n_por_idioma.png\" \/>\n\t<meta property=\"og:image:width\" content=\"1417\" \/>\n\t<meta property=\"og:image:height\" content=\"561\" \/>\n\t<meta property=\"og:image:type\" content=\"image\/png\" \/>\n<meta name=\"twitter:card\" content=\"summary_large_image\" \/>\n<meta name=\"twitter:site\" content=\"@CulturesCo_\" \/>\n<meta name=\"twitter:label1\" content=\"Tempo di lettura stimato\" \/>\n\t<meta name=\"twitter:data1\" content=\"2 minuti\" \/>\n<script type=\"application\/ld+json\" class=\"yoast-schema-graph\">{\"@context\":\"https:\\\/\\\/schema.org\",\"@graph\":[{\"@type\":\"WebPage\",\"@id\":\"https:\\\/\\\/culturesconnection.com\\\/it\\\/servizi-di-traduzione-in-finnico\\\/traduzione-di-siti-web-in-finlandese\\\/\",\"url\":\"https:\\\/\\\/culturesconnection.com\\\/it\\\/servizi-di-traduzione-in-finnico\\\/traduzione-di-siti-web-in-finlandese\\\/\",\"name\":\"Servizi di traduzione di siti web in finlandese\",\"isPartOf\":{\"@id\":\"https:\\\/\\\/culturesconnection.com\\\/fr\\\/#website\"},\"primaryImageOfPage\":{\"@id\":\"https:\\\/\\\/culturesconnection.com\\\/it\\\/servizi-di-traduzione-in-finnico\\\/traduzione-di-siti-web-in-finlandese\\\/#primaryimage\"},\"image\":{\"@id\":\"https:\\\/\\\/culturesconnection.com\\\/it\\\/servizi-di-traduzione-in-finnico\\\/traduzione-di-siti-web-in-finlandese\\\/#primaryimage\"},\"thumbnailUrl\":\"https:\\\/\\\/culturesconnection.com\\\/wp-content\\\/uploads\\\/2020\\\/09\\\/P\u00e1gina_Subservicios_de_traducci\u00f3n_por_idioma.png\",\"datePublished\":\"2018-09-19T10:36:20+00:00\",\"dateModified\":\"2022-06-25T04:02:57+00:00\",\"description\":\"La traduzione del tuo sito web \u00e8 fondamentale per conquistare il pubblico finlandese: noi ti offriamo le soluzioni migliori a un prezzo competitivo.\",\"breadcrumb\":{\"@id\":\"https:\\\/\\\/culturesconnection.com\\\/it\\\/servizi-di-traduzione-in-finnico\\\/traduzione-di-siti-web-in-finlandese\\\/#breadcrumb\"},\"inLanguage\":\"it-IT\",\"potentialAction\":[{\"@type\":\"ReadAction\",\"target\":[\"https:\\\/\\\/culturesconnection.com\\\/it\\\/servizi-di-traduzione-in-finnico\\\/traduzione-di-siti-web-in-finlandese\\\/\"]}]},{\"@type\":\"ImageObject\",\"inLanguage\":\"it-IT\",\"@id\":\"https:\\\/\\\/culturesconnection.com\\\/it\\\/servizi-di-traduzione-in-finnico\\\/traduzione-di-siti-web-in-finlandese\\\/#primaryimage\",\"url\":\"https:\\\/\\\/culturesconnection.com\\\/wp-content\\\/uploads\\\/2020\\\/09\\\/P\u00e1gina_Subservicios_de_traducci\u00f3n_por_idioma.png\",\"contentUrl\":\"https:\\\/\\\/culturesconnection.com\\\/wp-content\\\/uploads\\\/2020\\\/09\\\/P\u00e1gina_Subservicios_de_traducci\u00f3n_por_idioma.png\",\"width\":1417,\"height\":561},{\"@type\":\"BreadcrumbList\",\"@id\":\"https:\\\/\\\/culturesconnection.com\\\/it\\\/servizi-di-traduzione-in-finnico\\\/traduzione-di-siti-web-in-finlandese\\\/#breadcrumb\",\"itemListElement\":[{\"@type\":\"ListItem\",\"position\":1,\"name\":\"Home\",\"item\":\"https:\\\/\\\/culturesconnection.com\\\/it\\\/\"},{\"@type\":\"ListItem\",\"position\":2,\"name\":\"Traduzione in Finnico &#8211; Finlandese\",\"item\":\"https:\\\/\\\/culturesconnection.com\\\/it\\\/servizi-di-traduzione-in-finnico\\\/\"},{\"@type\":\"ListItem\",\"position\":3,\"name\":\"Traduzione di siti web in finlandese\"}]},{\"@type\":\"WebSite\",\"@id\":\"https:\\\/\\\/culturesconnection.com\\\/fr\\\/#website\",\"url\":\"https:\\\/\\\/culturesconnection.com\\\/fr\\\/\",\"name\":\"Cultures Connection\",\"description\":\"Cultures Connection is a translation agency dedicated to the success of its international clients.\",\"publisher\":{\"@id\":\"https:\\\/\\\/culturesconnection.com\\\/fr\\\/#organization\"},\"potentialAction\":[{\"@type\":\"SearchAction\",\"target\":{\"@type\":\"EntryPoint\",\"urlTemplate\":\"https:\\\/\\\/culturesconnection.com\\\/fr\\\/?s={search_term_string}\"},\"query-input\":{\"@type\":\"PropertyValueSpecification\",\"valueRequired\":true,\"valueName\":\"search_term_string\"}}],\"inLanguage\":\"it-IT\"},{\"@type\":\"Organization\",\"@id\":\"https:\\\/\\\/culturesconnection.com\\\/fr\\\/#organization\",\"name\":\"Cultures Connection\",\"url\":\"https:\\\/\\\/culturesconnection.com\\\/fr\\\/\",\"logo\":{\"@type\":\"ImageObject\",\"inLanguage\":\"it-IT\",\"@id\":\"https:\\\/\\\/culturesconnection.com\\\/fr\\\/#\\\/schema\\\/logo\\\/image\\\/\",\"url\":\"https:\\\/\\\/culturesconnection.com\\\/wp-content\\\/uploads\\\/2022\\\/06\\\/cropped-favicon512x512.png\",\"contentUrl\":\"https:\\\/\\\/culturesconnection.com\\\/wp-content\\\/uploads\\\/2022\\\/06\\\/cropped-favicon512x512.png\",\"width\":512,\"height\":512,\"caption\":\"Cultures Connection\"},\"image\":{\"@id\":\"https:\\\/\\\/culturesconnection.com\\\/fr\\\/#\\\/schema\\\/logo\\\/image\\\/\"},\"sameAs\":[\"https:\\\/\\\/www.facebook.com\\\/CulturesConnection\",\"https:\\\/\\\/x.com\\\/CulturesCo_\"]}]}<\/script>\n<!-- \/ Yoast SEO Premium plugin. -->","yoast_head_json":{"title":"Servizi di traduzione di siti web in finlandese","description":"La traduzione del tuo sito web \u00e8 fondamentale per conquistare il pubblico finlandese: noi ti offriamo le soluzioni migliori a un prezzo competitivo.","robots":{"index":"index","follow":"follow","max-snippet":"max-snippet:-1","max-image-preview":"max-image-preview:large","max-video-preview":"max-video-preview:-1"},"canonical":"https:\/\/culturesconnection.com\/it\/servizi-di-traduzione-in-finnico\/traduzione-di-siti-web-in-finlandese\/","og_locale":"it_IT","og_type":"article","og_title":"Traduzione di siti web in finlandese","og_description":"La traduzione del tuo sito web \u00e8 fondamentale per conquistare il pubblico finlandese: noi ti offriamo le soluzioni migliori a un prezzo competitivo.","og_url":"https:\/\/culturesconnection.com\/it\/servizi-di-traduzione-in-finnico\/traduzione-di-siti-web-in-finlandese\/","og_site_name":"Cultures Connection","article_publisher":"https:\/\/www.facebook.com\/CulturesConnection","article_modified_time":"2022-06-25T04:02:57+00:00","og_image":[{"width":1417,"height":561,"url":"https:\/\/culturesconnection.com\/wp-content\/uploads\/2020\/09\/P\u00e1gina_Subservicios_de_traducci\u00f3n_por_idioma.png","type":"image\/png"}],"twitter_card":"summary_large_image","twitter_site":"@CulturesCo_","twitter_misc":{"Tempo di lettura stimato":"2 minuti"},"schema":{"@context":"https:\/\/schema.org","@graph":[{"@type":"WebPage","@id":"https:\/\/culturesconnection.com\/it\/servizi-di-traduzione-in-finnico\/traduzione-di-siti-web-in-finlandese\/","url":"https:\/\/culturesconnection.com\/it\/servizi-di-traduzione-in-finnico\/traduzione-di-siti-web-in-finlandese\/","name":"Servizi di traduzione di siti web in finlandese","isPartOf":{"@id":"https:\/\/culturesconnection.com\/fr\/#website"},"primaryImageOfPage":{"@id":"https:\/\/culturesconnection.com\/it\/servizi-di-traduzione-in-finnico\/traduzione-di-siti-web-in-finlandese\/#primaryimage"},"image":{"@id":"https:\/\/culturesconnection.com\/it\/servizi-di-traduzione-in-finnico\/traduzione-di-siti-web-in-finlandese\/#primaryimage"},"thumbnailUrl":"https:\/\/culturesconnection.com\/wp-content\/uploads\/2020\/09\/P\u00e1gina_Subservicios_de_traducci\u00f3n_por_idioma.png","datePublished":"2018-09-19T10:36:20+00:00","dateModified":"2022-06-25T04:02:57+00:00","description":"La traduzione del tuo sito web \u00e8 fondamentale per conquistare il pubblico finlandese: noi ti offriamo le soluzioni migliori a un prezzo competitivo.","breadcrumb":{"@id":"https:\/\/culturesconnection.com\/it\/servizi-di-traduzione-in-finnico\/traduzione-di-siti-web-in-finlandese\/#breadcrumb"},"inLanguage":"it-IT","potentialAction":[{"@type":"ReadAction","target":["https:\/\/culturesconnection.com\/it\/servizi-di-traduzione-in-finnico\/traduzione-di-siti-web-in-finlandese\/"]}]},{"@type":"ImageObject","inLanguage":"it-IT","@id":"https:\/\/culturesconnection.com\/it\/servizi-di-traduzione-in-finnico\/traduzione-di-siti-web-in-finlandese\/#primaryimage","url":"https:\/\/culturesconnection.com\/wp-content\/uploads\/2020\/09\/P\u00e1gina_Subservicios_de_traducci\u00f3n_por_idioma.png","contentUrl":"https:\/\/culturesconnection.com\/wp-content\/uploads\/2020\/09\/P\u00e1gina_Subservicios_de_traducci\u00f3n_por_idioma.png","width":1417,"height":561},{"@type":"BreadcrumbList","@id":"https:\/\/culturesconnection.com\/it\/servizi-di-traduzione-in-finnico\/traduzione-di-siti-web-in-finlandese\/#breadcrumb","itemListElement":[{"@type":"ListItem","position":1,"name":"Home","item":"https:\/\/culturesconnection.com\/it\/"},{"@type":"ListItem","position":2,"name":"Traduzione in Finnico &#8211; Finlandese","item":"https:\/\/culturesconnection.com\/it\/servizi-di-traduzione-in-finnico\/"},{"@type":"ListItem","position":3,"name":"Traduzione di siti web in finlandese"}]},{"@type":"WebSite","@id":"https:\/\/culturesconnection.com\/fr\/#website","url":"https:\/\/culturesconnection.com\/fr\/","name":"Cultures Connection","description":"Cultures Connection is a translation agency dedicated to the success of its international clients.","publisher":{"@id":"https:\/\/culturesconnection.com\/fr\/#organization"},"potentialAction":[{"@type":"SearchAction","target":{"@type":"EntryPoint","urlTemplate":"https:\/\/culturesconnection.com\/fr\/?s={search_term_string}"},"query-input":{"@type":"PropertyValueSpecification","valueRequired":true,"valueName":"search_term_string"}}],"inLanguage":"it-IT"},{"@type":"Organization","@id":"https:\/\/culturesconnection.com\/fr\/#organization","name":"Cultures Connection","url":"https:\/\/culturesconnection.com\/fr\/","logo":{"@type":"ImageObject","inLanguage":"it-IT","@id":"https:\/\/culturesconnection.com\/fr\/#\/schema\/logo\/image\/","url":"https:\/\/culturesconnection.com\/wp-content\/uploads\/2022\/06\/cropped-favicon512x512.png","contentUrl":"https:\/\/culturesconnection.com\/wp-content\/uploads\/2022\/06\/cropped-favicon512x512.png","width":512,"height":512,"caption":"Cultures Connection"},"image":{"@id":"https:\/\/culturesconnection.com\/fr\/#\/schema\/logo\/image\/"},"sameAs":["https:\/\/www.facebook.com\/CulturesConnection","https:\/\/x.com\/CulturesCo_"]}]}},"_links":{"self":[{"href":"https:\/\/culturesconnection.com\/it\/wp-json\/wp\/v2\/pages\/10647","targetHints":{"allow":["GET"]}}],"collection":[{"href":"https:\/\/culturesconnection.com\/it\/wp-json\/wp\/v2\/pages"}],"about":[{"href":"https:\/\/culturesconnection.com\/it\/wp-json\/wp\/v2\/types\/page"}],"author":[{"embeddable":true,"href":"https:\/\/culturesconnection.com\/it\/wp-json\/wp\/v2\/users\/42"}],"replies":[{"embeddable":true,"href":"https:\/\/culturesconnection.com\/it\/wp-json\/wp\/v2\/comments?post=10647"}],"version-history":[{"count":0,"href":"https:\/\/culturesconnection.com\/it\/wp-json\/wp\/v2\/pages\/10647\/revisions"}],"up":[{"embeddable":true,"href":"https:\/\/culturesconnection.com\/it\/wp-json\/wp\/v2\/pages\/10042"}],"wp:featuredmedia":[{"embeddable":true,"href":"https:\/\/culturesconnection.com\/it\/wp-json\/wp\/v2\/media\/24333"}],"wp:attachment":[{"href":"https:\/\/culturesconnection.com\/it\/wp-json\/wp\/v2\/media?parent=10647"}],"curies":[{"name":"wp","href":"https:\/\/api.w.org\/{rel}","templated":true}]}}