{"id":10646,"date":"2018-09-18T17:06:45","date_gmt":"2018-09-18T16:06:45","guid":{"rendered":"http:\/\/culturesconnection.com\/?page_id=10646"},"modified":"2022-06-25T06:00:44","modified_gmt":"2022-06-25T04:00:44","slug":"traduzione-di-marketing-in-finlandese","status":"publish","type":"page","link":"https:\/\/culturesconnection.com\/it\/servizi-di-traduzione-in-finnico\/traduzione-di-marketing-in-finlandese\/","title":{"rendered":"Traduzione di marketing in finlandese"},"content":{"rendered":"\n<h2 class=\"wp-block-heading\">SPECIALISTI DELLA TRADUZIONE DI MARKETING DALL\u2019ITALIANO AL FINLANDESE A TUA DISPOSIZIONE<\/h2>\n\n\n\n<p><span style=\"font-weight: 400;\">La <a href=\"https:\/\/culturesconnection.com\/it\/traduzione-marketing\/\">traduzione del marketing<\/a> \u00e8 un settore della traduzione in cui il traduttore deve fare attenzione al messaggio pi\u00f9 che alle parole. Ecco perch\u00e9 sarebbe meglio parlare di localizzazione del marketing, vale a dire l\u2019adattamento del messaggio tenendo conto della cultura del pubblico di riferimento. Il traduttore \u00e8 un esperto di questo settore: conosce le caratteristiche e le sottigliezze del mercato di riferimento e conosce alla perfezione le sue lingue di lavoro, sa utilizzare le parole per localizzare il tuo materiale pubblicitario, destando l\u2019interesse del pubblico ed evitando malintesi nel risultato finale in quanto potrebbero significare perdite economiche per la tua azienda. Affidati a un traduttore professionista e ai suoi servizi di traduzione. <\/span><\/p>\n\n\n\n<h2 class=\"wp-block-heading\">LA NOSTRA AGENZIA DI TRADUZIONE<\/h2>\n\n\n\n<p><span style=\"font-weight: 400;\">Vuoi lanciare la tua nuova campagna pubblicitaria in Finlandia? Stai cercando un <a href=\"https:\/\/culturesconnection.com\/it\/servizi-di-traduzione\/\">servizio di traduzione<\/a> di qualit\u00e0? Puoi smettere di cercare perch\u00e9 <a href=\"https:\/\/culturesconnection.com\/it\/\">Cultures Connection<\/a> \u00e8 la soluzione che fa per te! Ti proponiamo i servizi di una vasta rete di professionisti, specializzati nel settore del marketing. Sono bilingui, hanno esperienza e molto altro. I nostri traduttori sono assolutamente pronti ad aiutarti nello sviluppo commerciale della tua azienda in Finlandia. Loro sapranno adattare il tuo messaggio affinch\u00e9 sia d\u2019impatto per il mercato di riferimento. Non rischiare la reputazione della tua azienda per un errore di traduzione, affidati alla nostra agenzia di traduzione per i tuoi progetti di marketing per la Finlandia. <\/span><\/p>\n\n\n\n<h2 class=\"wp-block-heading\">LA TRADUZIONE DEI TUOI DOCUMENTI DI MARKETING IN FINLANDESE<\/h2>\n\n\n\n<p><span style=\"font-weight: 400;\">Ecco una lista esemplificativa dei documenti di marketing tradotti in finlandese dalla nostra agenzia: <\/span><\/p>\n\n\n\n<ul class=\"wp-block-list\"><li style=\"font-weight: 400;\"><span style=\"font-weight: 400;\">Opuscoli<\/span><\/li><li style=\"font-weight: 400;\"><span style=\"font-weight: 400;\">Materiali pubblicitari<\/span><\/li><li style=\"font-weight: 400;\"><span style=\"font-weight: 400;\">Newsletter<\/span><\/li><li style=\"font-weight: 400;\"><span style=\"font-weight: 400;\">Siti e-commerce<\/span><\/li><li style=\"font-weight: 400;\"><span style=\"font-weight: 400;\">D\u00e9pliant<\/span><\/li><li style=\"font-weight: 400;\"><span style=\"font-weight: 400;\">Campagne di marketing<\/span><\/li><li style=\"font-weight: 400;\"><span style=\"font-weight: 400;\">Pubblicit\u00e0<\/span><\/li><li style=\"font-weight: 400;\"><span style=\"font-weight: 400;\">Siti web<\/span><\/li><li style=\"font-weight: 400;\"><span style=\"font-weight: 400;\">Slogan<\/span><\/li><li style=\"font-weight: 400;\"><span style=\"font-weight: 400;\">Loghi<\/span><\/li><li style=\"font-weight: 400;\"><span style=\"font-weight: 400;\">Presentazioni<\/span><\/li><li style=\"font-weight: 400;\"><span style=\"font-weight: 400;\">Lanci di prodotti<\/span><\/li><li style=\"font-weight: 400;\"><span style=\"font-weight: 400;\">Comunicati stampa<\/span><\/li><li style=\"font-weight: 400;\"><span style=\"font-weight: 400;\">E-book<\/span><\/li><\/ul>\n\n\n\n<h3 class=\"wp-block-heading\">&nbsp;Traduzione&nbsp;di&nbsp;marketing&nbsp;in&nbsp;tutte&nbsp;le&nbsp;lingue<\/h3>\n\n\n\n<ul class=\"wp-block-list\"><li><a href=\"https:\/\/culturesconnection.com\/it\/traduzione-marketing-spagnolo\/\">Traduzione&nbsp;in&nbsp;spagnolo&nbsp;di&nbsp;marketing<\/a><\/li><li><a href=\"https:\/\/culturesconnection.com\/it\/traduzione-marketing-tedesco\/\">Traduzione&nbsp;in&nbsp;tedesco&nbsp;di&nbsp;marketing<\/a><\/li><li><a href=\"https:\/\/culturesconnection.com\/it\/traduzione-marketing-cinese\/\">Traduzione&nbsp;in&nbsp;cinese&nbsp;di&nbsp;marketing<\/a><\/li><li><a href=\"https:\/\/culturesconnection.com\/it\/traduzione-di-marketing-in-arabo\/\">Traduzione&nbsp;in&nbsp;arabo&nbsp;di&nbsp;marketing<\/a><\/li><li><a href=\"https:\/\/culturesconnection.com\/it\/traduzione-marketing-portoghese\/\">Traduzione&nbsp;in&nbsp;portoghese&nbsp;di&nbsp;marketing<\/a><\/li><li><a href=\"https:\/\/culturesconnection.com\/it\/traduzione-per-il-marketing-in-inglese\/\">Traduzione&nbsp;in&nbsp;inglese di&nbsp;marketing<\/a><\/li><li><a href=\"https:\/\/culturesconnection.com\/it\/traduzioni-marketing-olandese\/\">Traduzione&nbsp;in&nbsp;olandese&nbsp;di&nbsp;marketing<\/a><\/li><li><a href=\"https:\/\/culturesconnection.com\/it\/traduzione-marketing-turco\/\">Traduzione&nbsp;in&nbsp;turco&nbsp;di&nbsp;marketing<\/a><\/li><li><a href=\"https:\/\/culturesconnection.com\/it\/traduzione-marketing-giapponese\/\">Traduzione&nbsp;in&nbsp;giapponese&nbsp;di&nbsp;marketing<\/a><\/li><li><a href=\"\/?page_id=6042\">Traduzione&nbsp;in&nbsp;russo&nbsp;di&nbsp;marketing<\/a><\/li><\/ul>\n","protected":false},"excerpt":{"rendered":"<p>SPECIALISTI DELLA TRADUZIONE DI MARKETING DALL\u2019ITALIANO AL FINLANDESE A TUA DISPOSIZIONE La traduzione del marketing \u00e8 un settore della traduzione in cui il traduttore deve [&#8230;]<\/p>\n<p><a class=\"btn btn-secondary understrap-read-more-link\" href=\"https:\/\/culturesconnection.com\/it\/servizi-di-traduzione-in-finnico\/traduzione-di-marketing-in-finlandese\/\">Leggi di pi\u00f9&#8230;<span class=\"screen-reader-text\"> from Traduzione di marketing in finlandese<\/span><\/a><\/p>\n","protected":false},"author":42,"featured_media":24333,"parent":10042,"menu_order":0,"comment_status":"closed","ping_status":"closed","template":"","meta":{"_acf_changed":false,"_editorskit_title_hidden":false,"_editorskit_reading_time":0,"_editorskit_is_block_options_detached":false,"_editorskit_block_options_position":"{}","footnotes":""},"class_list":["post-10646","page","type-page","status-publish","has-post-thumbnail","hentry"],"acf":[],"_links":{"self":[{"href":"https:\/\/culturesconnection.com\/it\/wp-json\/wp\/v2\/pages\/10646","targetHints":{"allow":["GET"]}}],"collection":[{"href":"https:\/\/culturesconnection.com\/it\/wp-json\/wp\/v2\/pages"}],"about":[{"href":"https:\/\/culturesconnection.com\/it\/wp-json\/wp\/v2\/types\/page"}],"author":[{"embeddable":true,"href":"https:\/\/culturesconnection.com\/it\/wp-json\/wp\/v2\/users\/42"}],"replies":[{"embeddable":true,"href":"https:\/\/culturesconnection.com\/it\/wp-json\/wp\/v2\/comments?post=10646"}],"version-history":[{"count":0,"href":"https:\/\/culturesconnection.com\/it\/wp-json\/wp\/v2\/pages\/10646\/revisions"}],"up":[{"embeddable":true,"href":"https:\/\/culturesconnection.com\/it\/wp-json\/wp\/v2\/pages\/10042"}],"wp:featuredmedia":[{"embeddable":true,"href":"https:\/\/culturesconnection.com\/it\/wp-json\/wp\/v2\/media\/24333"}],"wp:attachment":[{"href":"https:\/\/culturesconnection.com\/it\/wp-json\/wp\/v2\/media?parent=10646"}],"curies":[{"name":"wp","href":"https:\/\/api.w.org\/{rel}","templated":true}]}}