{"id":10643,"date":"2018-09-19T12:15:46","date_gmt":"2018-09-19T11:15:46","guid":{"rendered":"http:\/\/culturesconnection.com\/?page_id=10643"},"modified":"2022-06-25T06:00:21","modified_gmt":"2022-06-25T04:00:21","slug":"traduzione-medica-in-finlandese","status":"publish","type":"page","link":"https:\/\/culturesconnection.com\/it\/servizi-di-traduzione-in-finnico\/traduzione-medica-in-finlandese\/","title":{"rendered":"Traduzione medica in finlandese"},"content":{"rendered":"\n<h2 class=\"wp-block-heading\">ESPERTI DI TRADUZIONE MEDICA DALL\u2019ITALIANO AL FINLANDESE AL TUO SERVIZIO<\/h2>\n\n\n\n<p><span style=\"font-weight: 400;\">Alla base della traduzione medica c\u2019\u00e8 la volont\u00e0 di condividere le conoscenze, le risorse, le tecniche e le procedure sviluppate in tutto il mondo e avervi accesso. Si tratta di un settore in cui la terminologia \u00e8 fondamentale. Non puoi affidare la tua traduzione a chiunque e avere una traduzione approssimativa in quanto una semplice errore in una parola pu\u00f2 avere conseguenze drammatiche. La traduzione deve essere il pi\u00f9 possibile precisa e rigorosa. Ecco perch\u00e9 solo un traduttore specializzato pu\u00f2 realizzare una traduzione di qualit\u00e0 che rispetti tutti gli standard del settore. Rivolgiti a un traduttore professionista e ai suoi servizi per i tuoi progetti di <a href=\"https:\/\/culturesconnection.com\/it\/traduzione-medica\/\">traduzione medica<\/a>. <\/span><\/p>\n\n\n\n<h2 class=\"wp-block-heading\">CERCHI UN TRADUTTORE MEDICO?<\/h2>\n\n\n\n<p><span style=\"font-weight: 400;\">Date le tante specializzazioni del settore medico, la nostra <a href=\"https:\/\/culturesconnection.com\/it\/\">agenzia di traduzione<\/a> collabora con traduttori specializzati in uno o pi\u00f9 sotto-settore come la chirurgia, la cardiologia o anche la medicina generale. Ci\u00f2 gli permette di tradurre documenti molto specifici che presentano un gran numero di termini complessi. Conoscono alla perfezione le loro lingue di lavoro ma traducono esclusivamente verso la lingua madre, in modo da rispettare le norme di base della traduzione. Cos\u00ec, se hai documenti medici da tradurre in &nbsp;finlandese, rivolgiti a noi per dei <a href=\"https:\/\/culturesconnection.com\/it\/servizi-di-traduzione\/\">servizi di traduzione<\/a> affidabili, precisi e di qualit\u00e0.<\/span><\/p>\n\n\n\n<h2 class=\"wp-block-heading\">I TUOI DOCUMENTI MEDICI IN FINLANDESE<\/h2>\n\n\n\n<p><span style=\"font-weight: 400;\">Ecco una lista esemplificativa di documenti medici che la nostra agenzia ha gi\u00e0 tradotto in finlandese: <\/span><\/p>\n\n\n\n<ul class=\"wp-block-list\"><li style=\"font-weight: 400;\"><span style=\"font-weight: 400;\">Riviste mediche<\/span><\/li><li style=\"font-weight: 400;\"><span style=\"font-weight: 400;\">Relazioni di conferenze<\/span><\/li><li style=\"font-weight: 400;\"><span style=\"font-weight: 400;\">Pubblicazioni<\/span><\/li><li style=\"font-weight: 400;\"><span style=\"font-weight: 400;\">Relazioni e progetti di ricerca <\/span><\/li><li style=\"font-weight: 400;\"><span style=\"font-weight: 400;\">Risultati di studi e nuove ricerche<\/span><\/li><li style=\"font-weight: 400;\"><span style=\"font-weight: 400;\">Opere divulgative<\/span><\/li><li style=\"font-weight: 400;\"><span style=\"font-weight: 400;\">Rapporti di prova<\/span><\/li><li style=\"font-weight: 400;\"><span style=\"font-weight: 400;\">Questionari<\/span><\/li><li style=\"font-weight: 400;\"><span style=\"font-weight: 400;\">Foglietti illustrativi<\/span><\/li><li style=\"font-weight: 400;\"><span style=\"font-weight: 400;\">Posologia di nuovi prodotti<\/span><\/li><li style=\"font-weight: 400;\"><span style=\"font-weight: 400;\">Risultati di studi clinici<\/span><\/li><li style=\"font-weight: 400;\"><span style=\"font-weight: 400;\">Regolamenti farmaceutici<\/span><\/li><li style=\"font-weight: 400;\"><span style=\"font-weight: 400;\">Perizie mediche<\/span><\/li><\/ul>\n\n\n\n<h3 class=\"wp-block-heading\">&nbsp;Traduzione&nbsp;medica in&nbsp;tutte&nbsp;le&nbsp;lingue<\/h3>\n\n\n\n<ul class=\"wp-block-list\"><li><a href=\"https:\/\/culturesconnection.com\/it\/traduzione-medica-francese\/\">Traduzione&nbsp;medica&nbsp;in&nbsp;francese<\/a><\/li><li><a href=\"https:\/\/culturesconnection.com\/it\/traduzione-medica-spagnolo\/\">Traduzione&nbsp;medica&nbsp;in&nbsp;spagnolo<\/a><\/li><li><a href=\"https:\/\/culturesconnection.com\/it\/traduzione-medica-tedesco\/\">Traduzione&nbsp;medica&nbsp;in&nbsp;tedesco<\/a><\/li><li><a href=\"https:\/\/culturesconnection.com\/it\/traduzione-medica-cinese\/\">Traduzione&nbsp;medica&nbsp;in&nbsp;cinese<\/a><\/li><li><a href=\"https:\/\/culturesconnection.com\/it\/traduzione-medica-portoghese\/\">Traduzione&nbsp;medica&nbsp;in&nbsp;portoghese<\/a><\/li><li><a href=\"https:\/\/culturesconnection.com\/it\/traduzione-medica-in-inglese\/\">Traduzione&nbsp;medica&nbsp;in inglese<\/a><\/li><li><a href=\"https:\/\/culturesconnection.com\/it\/traduzione-medica-olandese\/\">Traduzione&nbsp;medica&nbsp;in&nbsp;olandese<\/a><\/li><li><a href=\"https:\/\/culturesconnection.com\/it\/traduzione-medica-turco\/\">Traduzione&nbsp;medica&nbsp; in&nbsp;turco<\/a><\/li><li><a href=\"https:\/\/culturesconnection.com\/it\/traduzione-medica-giapponese\/\">Traduzione&nbsp;medica&nbsp;in&nbsp;giapponese<\/a><\/li><li><a href=\"https:\/\/culturesconnection.com\/it\/traduzione-medica-russo\/\">Traduzione&nbsp;medica&nbsp;in&nbsp;russo<\/a><\/li><\/ul>\n","protected":false},"excerpt":{"rendered":"<p>ESPERTI DI TRADUZIONE MEDICA DALL\u2019ITALIANO AL FINLANDESE AL TUO SERVIZIO Alla base della traduzione medica c\u2019\u00e8 la volont\u00e0 di condividere le conoscenze, le risorse, le [&#8230;]<\/p>\n<p><a class=\"btn btn-secondary understrap-read-more-link\" href=\"https:\/\/culturesconnection.com\/it\/servizi-di-traduzione-in-finnico\/traduzione-medica-in-finlandese\/\">Leggi di pi\u00f9&#8230;<span class=\"screen-reader-text\"> from Traduzione medica in finlandese<\/span><\/a><\/p>\n","protected":false},"author":42,"featured_media":24333,"parent":10042,"menu_order":0,"comment_status":"closed","ping_status":"closed","template":"","meta":{"_acf_changed":false,"_editorskit_title_hidden":false,"_editorskit_reading_time":0,"_editorskit_is_block_options_detached":false,"_editorskit_block_options_position":"{}","footnotes":""},"class_list":["post-10643","page","type-page","status-publish","has-post-thumbnail","hentry"],"acf":[],"_links":{"self":[{"href":"https:\/\/culturesconnection.com\/it\/wp-json\/wp\/v2\/pages\/10643","targetHints":{"allow":["GET"]}}],"collection":[{"href":"https:\/\/culturesconnection.com\/it\/wp-json\/wp\/v2\/pages"}],"about":[{"href":"https:\/\/culturesconnection.com\/it\/wp-json\/wp\/v2\/types\/page"}],"author":[{"embeddable":true,"href":"https:\/\/culturesconnection.com\/it\/wp-json\/wp\/v2\/users\/42"}],"replies":[{"embeddable":true,"href":"https:\/\/culturesconnection.com\/it\/wp-json\/wp\/v2\/comments?post=10643"}],"version-history":[{"count":0,"href":"https:\/\/culturesconnection.com\/it\/wp-json\/wp\/v2\/pages\/10643\/revisions"}],"up":[{"embeddable":true,"href":"https:\/\/culturesconnection.com\/it\/wp-json\/wp\/v2\/pages\/10042"}],"wp:featuredmedia":[{"embeddable":true,"href":"https:\/\/culturesconnection.com\/it\/wp-json\/wp\/v2\/media\/24333"}],"wp:attachment":[{"href":"https:\/\/culturesconnection.com\/it\/wp-json\/wp\/v2\/media?parent=10643"}],"curies":[{"name":"wp","href":"https:\/\/api.w.org\/{rel}","templated":true}]}}