{"id":10636,"date":"2018-09-18T16:12:15","date_gmt":"2018-09-18T15:12:15","guid":{"rendered":"http:\/\/culturesconnection.com\/?page_id=10636"},"modified":"2022-06-25T06:08:07","modified_gmt":"2022-06-25T04:08:07","slug":"traduzioni-di-marketing-in-greco","status":"publish","type":"page","link":"https:\/\/culturesconnection.com\/it\/servizi-di-traduzione-in-greco\/traduzioni-di-marketing-in-greco\/","title":{"rendered":"Traduzione per il marketing in greco"},"content":{"rendered":"\n<h2 class=\"wp-block-heading\">LA TRADUZIONE DEL MARKETING DALL\u2019ITALIANO AL GRECO: L\u2019ADATTAMENTO CULTURALE DEL TUO PRODOTTO<\/h2>\n\n\n\n<p><span style=\"font-weight: 400;\">La <a href=\"https:\/\/culturesconnection.com\/it\/traduzione-marketing\/\">traduzione del marketing<\/a> o, per meglio dire, la localizzazione del marketing \u00e8 un settore della traduzione in cui prevale l\u2019adattamento del tuo prodotto di marketing rispetto a una semplice traduzione. Infatti, il traduttore-localizzatore deve tener conto delle differenze culturali esistenti tra la lingua di partenza e la lingua d\u2019arrivo per evitare eventuali errori. Il tuo messaggio non avr\u00e0, sul pubblico greco, lo stesso effetto che ha su quello italiano, quindi devi adattarlo grazie al lavoro di un traduttore specializzato greco che sapr\u00e0 tradurre e localizzare tutto il tuo materiale di marketing per risvegliare l\u2019interesse del pubblico di riferimento grazie al messaggio giusto. <\/span><\/p>\n\n\n\n<h2 class=\"wp-block-heading\">I NOSTRI SERVIZI DI TRADUZIONE DI MARKETING DALL\u2019ITALIANO AL GRECO<\/h2>\n\n\n\n<p><span style=\"font-weight: 400;\">La nostra <a href=\"https:\/\/culturesconnection.com\/it\/\">agenzia di traduzione<\/a> collabora con vari traduttori specializzati in settori specifici per assicurarti i servizi di traduzione pi\u00f9 affidabili e di miglior qualit\u00e0. Noi di Cultures Connection ti garantiamo di poter sempre trovare il traduttore professionista pi\u00f9 adatto ai tuoi bisogni, con le competenze terminologiche specifiche in greco e in italiano. Se vuoi una traduzione di marketing in greco adeguata, affidati alla nostra agenzia di traduzione e ai nostri <a href=\"https:\/\/culturesconnection.com\/it\/servizi-di-traduzione\/\">servizi di traduzione<\/a> specializzata. <\/span><\/p>\n\n\n\n<h2 class=\"wp-block-heading\">I TUOI DOCUMENTI DI MARKETING IN GRECO<\/h2>\n\n\n\n<p><span style=\"font-weight: 400;\">Ecco una lista esemplificativa delle diverse traduzioni di marketing in greco che realizziamo pi\u00f9 spesso: <\/span><\/p>\n\n\n\n<ul class=\"wp-block-list\"><li style=\"font-weight: 400;\"><span style=\"font-weight: 400;\">Opuscoli<\/span><\/li><li style=\"font-weight: 400;\"><span style=\"font-weight: 400;\">Materiali pubblicitari<\/span><\/li><li style=\"font-weight: 400;\"><span style=\"font-weight: 400;\">Newsletter<\/span><\/li><li style=\"font-weight: 400;\"><span style=\"font-weight: 400;\">Siti e-commerce<\/span><\/li><li style=\"font-weight: 400;\"><span style=\"font-weight: 400;\">D\u00e9pliant<\/span><\/li><li style=\"font-weight: 400;\"><span style=\"font-weight: 400;\">Campagne di marketing<\/span><\/li><li style=\"font-weight: 400;\"><span style=\"font-weight: 400;\">Pubblicit\u00e0<\/span><\/li><li style=\"font-weight: 400;\"><span style=\"font-weight: 400;\">Siti web<\/span><\/li><li style=\"font-weight: 400;\"><span style=\"font-weight: 400;\">Slogan<\/span><\/li><li style=\"font-weight: 400;\"><span style=\"font-weight: 400;\">Loghi<\/span><\/li><li style=\"font-weight: 400;\"><span style=\"font-weight: 400;\">Presentazioni<\/span><\/li><li style=\"font-weight: 400;\"><span style=\"font-weight: 400;\">Lanci di prodotti<\/span><\/li><li style=\"font-weight: 400;\"><span style=\"font-weight: 400;\">Comunicati stampa<\/span><\/li><\/ul>\n\n\n\n<h3 class=\"wp-block-heading\">&nbsp;Traduzione&nbsp;di&nbsp;marketing&nbsp;in&nbsp;tutte&nbsp;le&nbsp;lingue<\/h3>\n\n\n\n<ul class=\"wp-block-list\"><li><a href=\"https:\/\/culturesconnection.com\/it\/traduzione-marketing-spagnolo\/\">Traduzione&nbsp;in&nbsp;spagnolo&nbsp;di&nbsp;marketing<\/a><\/li><li><a href=\"https:\/\/culturesconnection.com\/it\/traduzione-marketing-tedesco\/\">Traduzione&nbsp;in&nbsp;tedesco&nbsp;di&nbsp;marketing<\/a><\/li><li><a href=\"https:\/\/culturesconnection.com\/it\/traduzione-marketing-cinese\/\">Traduzione&nbsp;in&nbsp;cinese&nbsp;di&nbsp;marketing<\/a><\/li><li><a href=\"https:\/\/culturesconnection.com\/it\/traduzione-di-marketing-in-arabo\/\">Traduzione&nbsp;in&nbsp;arabo&nbsp;di&nbsp;marketing<\/a><\/li><li><a href=\"https:\/\/culturesconnection.com\/it\/traduzione-marketing-portoghese\/\">Traduzione&nbsp;in&nbsp;portoghese&nbsp;di&nbsp;marketing<\/a><\/li><li><a href=\"https:\/\/culturesconnection.com\/it\/traduzione-per-il-marketing-in-inglese\/\">Traduzione&nbsp;in&nbsp;inglese di&nbsp;marketing<\/a><\/li><li><a href=\"https:\/\/culturesconnection.com\/it\/traduzioni-marketing-olandese\/\">Traduzione&nbsp;in&nbsp;olandese&nbsp;di&nbsp;marketing<\/a><\/li><li><a href=\"https:\/\/culturesconnection.com\/it\/traduzione-marketing-turco\/\">Traduzione&nbsp;in&nbsp;turco&nbsp;di&nbsp;marketing<\/a><\/li><li><a href=\"https:\/\/culturesconnection.com\/it\/traduzione-marketing-giapponese\/\">Traduzione&nbsp;in&nbsp;giapponese&nbsp;di&nbsp;marketing<\/a><\/li><li><a href=\"\/?page_id=6042\">Traduzione&nbsp;in&nbsp;russo&nbsp;di&nbsp;marketing<\/a><\/li><\/ul>\n","protected":false},"excerpt":{"rendered":"<p>LA TRADUZIONE DEL MARKETING DALL\u2019ITALIANO AL GRECO: L\u2019ADATTAMENTO CULTURALE DEL TUO PRODOTTO La traduzione del marketing o, per meglio dire, la localizzazione del marketing \u00e8 [&#8230;]<\/p>\n<p><a class=\"btn btn-secondary understrap-read-more-link\" href=\"https:\/\/culturesconnection.com\/it\/servizi-di-traduzione-in-greco\/traduzioni-di-marketing-in-greco\/\">Leggi di pi\u00f9&#8230;<span class=\"screen-reader-text\"> from Traduzione per il marketing in greco<\/span><\/a><\/p>\n","protected":false},"author":42,"featured_media":24333,"parent":10040,"menu_order":0,"comment_status":"closed","ping_status":"closed","template":"","meta":{"_acf_changed":false,"_editorskit_title_hidden":false,"_editorskit_reading_time":0,"_editorskit_is_block_options_detached":false,"_editorskit_block_options_position":"{}","footnotes":""},"class_list":["post-10636","page","type-page","status-publish","has-post-thumbnail","hentry"],"acf":[],"_links":{"self":[{"href":"https:\/\/culturesconnection.com\/it\/wp-json\/wp\/v2\/pages\/10636","targetHints":{"allow":["GET"]}}],"collection":[{"href":"https:\/\/culturesconnection.com\/it\/wp-json\/wp\/v2\/pages"}],"about":[{"href":"https:\/\/culturesconnection.com\/it\/wp-json\/wp\/v2\/types\/page"}],"author":[{"embeddable":true,"href":"https:\/\/culturesconnection.com\/it\/wp-json\/wp\/v2\/users\/42"}],"replies":[{"embeddable":true,"href":"https:\/\/culturesconnection.com\/it\/wp-json\/wp\/v2\/comments?post=10636"}],"version-history":[{"count":0,"href":"https:\/\/culturesconnection.com\/it\/wp-json\/wp\/v2\/pages\/10636\/revisions"}],"up":[{"embeddable":true,"href":"https:\/\/culturesconnection.com\/it\/wp-json\/wp\/v2\/pages\/10040"}],"wp:featuredmedia":[{"embeddable":true,"href":"https:\/\/culturesconnection.com\/it\/wp-json\/wp\/v2\/media\/24333"}],"wp:attachment":[{"href":"https:\/\/culturesconnection.com\/it\/wp-json\/wp\/v2\/media?parent=10636"}],"curies":[{"name":"wp","href":"https:\/\/api.w.org\/{rel}","templated":true}]}}