{"id":10634,"date":"2018-09-18T16:15:19","date_gmt":"2018-09-18T15:15:19","guid":{"rendered":"http:\/\/culturesconnection.com\/?page_id=10634"},"modified":"2022-06-25T06:09:52","modified_gmt":"2022-06-25T04:09:52","slug":"traduzione-tecnica-in-greco","status":"publish","type":"page","link":"https:\/\/culturesconnection.com\/it\/servizi-di-traduzione-in-greco\/traduzione-tecnica-in-greco\/","title":{"rendered":"Traduzione tecnica in greco"},"content":{"rendered":"\n<h2 class=\"wp-block-heading\">ESPERTI IN TRADUZIONE TECNICA DALL\u2019ITALIANO AL GRECO AL TUO SERVIZIO<\/h2>\n\n\n\n<p><span style=\"font-weight: 400;\">La <a href=\"https:\/\/culturesconnection.com\/it\/traduzione-tecnica\/\">traduzione tecnica<\/a> \u00e8 un esercizio difficile da realizzare, che richiede grandi conoscenze tecniche. Noi di Cultures Connection abbiamo il compito di accompagnarti affinch\u00e9 la crescita internazionale della tua azienda sia un successo. Secondo noi, la chiarezza e la precisione sono pietre angolari della traduzione tecnica. Il traduttore deve essere un esperto in materia per fornirti servizi di traduzione precisi e di qualit\u00e0 per evitare qualsiasi disguido in futuro. Che si tratti di un manuale d\u2019uso o di una scheda tecnica di un prodotto, affidaci subito i tuoi progetti di traduzione tecnica!<\/span><\/p>\n\n\n\n<h2 class=\"wp-block-heading\">IL NOSTRO SERVIZIO DI TRADUZIONE TECNICA<\/h2>\n\n\n\n<p><span style=\"font-weight: 400;\">Per la nostra <a href=\"https:\/\/culturesconnection.com\/it\/\">agenzia di traduzione<\/a>, la qualit\u00e0 \u00e8 fondamentale. Ecco perch\u00e9, quando ci affidi una traduzione tecnica in greco, ci rivolgiamo ai traduttori pi\u00f9 adatti della nostra rete per offrirti servizi di traduzione affidabili, precisi &nbsp;e a un prezzo vantaggioso. I nostri traduttori sono selezionati, seguendo dei criteri severi, a seconda delle loro competenze e delle loro conoscenze del settore di specializzazione. Sono madrelingua e traducono esclusivamente verso la lingua madre. Che si tratti di un progetto sulla fisica dei materiali o sulle nanotecnologie, troveremo sempre il professionista pi\u00f9 competente &nbsp;ed esperto per rispondere ai tuoi bisogni. Non aspettare! <\/span><\/p>\n\n\n\n<h2 class=\"wp-block-heading\">I TUOI DOCUMENTI TECNICI IN GRECO<\/h2>\n\n\n\n<p><span style=\"font-weight: 400;\">Data la moltitudine di progetti di traduzione tecnica, ecco una lista di traduzioni in greco realizzate dalla nostra agenzia in passato: <\/span><\/p>\n\n\n\n<ul class=\"wp-block-list\"><li style=\"font-weight: 400;\"><span style=\"font-weight: 400;\">Preventivi<\/span><\/li><li style=\"font-weight: 400;\"><span style=\"font-weight: 400;\">Testi di ingegneria<\/span><\/li><li style=\"font-weight: 400;\"><span style=\"font-weight: 400;\">Manuali d\u2019uso di macchine utensili (o altri tipi di macchine)<\/span><\/li><li style=\"font-weight: 400;\"><span style=\"font-weight: 400;\">Schede tecniche<\/span><\/li><li style=\"font-weight: 400;\"><span style=\"font-weight: 400;\">Standard<\/span><\/li><li style=\"font-weight: 400;\"><span style=\"font-weight: 400;\">Specifiche tecniche<\/span><\/li><li style=\"font-weight: 400;\"><span style=\"font-weight: 400;\">Brevetti tecnici<\/span><\/li><li style=\"font-weight: 400;\"><span style=\"font-weight: 400;\">Manuali tecnici<\/span><\/li><li style=\"font-weight: 400;\"><span style=\"font-weight: 400;\">Manuali di istruzioni<\/span><\/li><li style=\"font-weight: 400;\"><span style=\"font-weight: 400;\">Guide utenti<\/span><\/li><\/ul>\n\n\n\n<h3 class=\"wp-block-heading\">&nbsp;Traduzione tecnica in tutte le lingue<\/h3>\n\n\n\n<ul class=\"wp-block-list\"><li><a href=\"https:\/\/culturesconnection.com\/it\/traduzione-tecnica-francese\/\">Traduzione&nbsp;tecnica&nbsp;in&nbsp;francese<\/a><\/li><li><a href=\"https:\/\/culturesconnection.com\/it\/traduzione-tecnica-spagnolo\/\">Traduzione&nbsp;tecnica&nbsp;in&nbsp;spagnolo<\/a><\/li><li><a href=\"https:\/\/culturesconnection.com\/it\/traduzione-tecnica-tedesco\/\">Traduzione&nbsp;tecnica&nbsp;in&nbsp;tedesco<\/a><\/li><li><a href=\"https:\/\/culturesconnection.com\/it\/traduzione-tecnica-cinese\/\">Traduzione&nbsp;tecnica&nbsp;in&nbsp;cinese<\/a><\/li><li><a href=\"https:\/\/culturesconnection.com\/it\/traduzione-tecnica-portoghese\/\">Traduzione&nbsp;tecnica&nbsp;in&nbsp;portoghese<\/a><\/li><li><a href=\"https:\/\/culturesconnection.com\/it\/traduzione-tecnica-in-inglese\/\">Traduzione&nbsp;tecnica&nbsp;in&nbsp;inglese<\/a><\/li><li><a href=\"https:\/\/culturesconnection.com\/it\/traduzione-tecnica-olandese\/\">Traduzione&nbsp;tecnica&nbsp;in&nbsp;olandese<\/a><\/li><li><a href=\"https:\/\/culturesconnection.com\/it\/traduzione-tecnica-turco\/\">Traduzione&nbsp;tecnica&nbsp;in&nbsp;turco<\/a><\/li><li><a href=\"https:\/\/culturesconnection.com\/it\/traduzione-tecnica-giapponese\/\">Traduzione&nbsp;tecnica&nbsp;in&nbsp;giapponese<\/a><\/li><li><a href=\"https:\/\/culturesconnection.com\/it\/traduzione-tecnica-russo\/\">Traduzione&nbsp;tecnica&nbsp;in&nbsp;russo<\/a><\/li><\/ul>\n","protected":false},"excerpt":{"rendered":"<p>ESPERTI IN TRADUZIONE TECNICA DALL\u2019ITALIANO AL GRECO AL TUO SERVIZIO La traduzione tecnica \u00e8 un esercizio difficile da realizzare, che richiede grandi conoscenze tecniche. Noi [&#8230;]<\/p>\n<p><a class=\"btn btn-secondary understrap-read-more-link\" href=\"https:\/\/culturesconnection.com\/it\/servizi-di-traduzione-in-greco\/traduzione-tecnica-in-greco\/\">Leggi di pi\u00f9&#8230;<span class=\"screen-reader-text\"> from Traduzione tecnica in greco<\/span><\/a><\/p>\n","protected":false},"author":42,"featured_media":0,"parent":10040,"menu_order":0,"comment_status":"closed","ping_status":"closed","template":"","meta":{"_acf_changed":false,"_editorskit_title_hidden":false,"_editorskit_reading_time":0,"_editorskit_is_block_options_detached":false,"_editorskit_block_options_position":"{}","footnotes":""},"class_list":["post-10634","page","type-page","status-publish","hentry"],"acf":[],"_links":{"self":[{"href":"https:\/\/culturesconnection.com\/it\/wp-json\/wp\/v2\/pages\/10634","targetHints":{"allow":["GET"]}}],"collection":[{"href":"https:\/\/culturesconnection.com\/it\/wp-json\/wp\/v2\/pages"}],"about":[{"href":"https:\/\/culturesconnection.com\/it\/wp-json\/wp\/v2\/types\/page"}],"author":[{"embeddable":true,"href":"https:\/\/culturesconnection.com\/it\/wp-json\/wp\/v2\/users\/42"}],"replies":[{"embeddable":true,"href":"https:\/\/culturesconnection.com\/it\/wp-json\/wp\/v2\/comments?post=10634"}],"version-history":[{"count":0,"href":"https:\/\/culturesconnection.com\/it\/wp-json\/wp\/v2\/pages\/10634\/revisions"}],"up":[{"embeddable":true,"href":"https:\/\/culturesconnection.com\/it\/wp-json\/wp\/v2\/pages\/10040"}],"wp:attachment":[{"href":"https:\/\/culturesconnection.com\/it\/wp-json\/wp\/v2\/media?parent=10634"}],"curies":[{"name":"wp","href":"https:\/\/api.w.org\/{rel}","templated":true}]}}