{"id":10633,"date":"2018-09-18T16:03:06","date_gmt":"2018-09-18T15:03:06","guid":{"rendered":"http:\/\/culturesconnection.com\/?page_id=10633"},"modified":"2022-06-25T06:07:38","modified_gmt":"2022-06-25T04:07:38","slug":"traduzione-medica-in-greco","status":"publish","type":"page","link":"https:\/\/culturesconnection.com\/it\/servizi-di-traduzione-in-greco\/traduzione-medica-in-greco\/","title":{"rendered":"Traduzione medica in greco"},"content":{"rendered":"\n<h2 class=\"wp-block-heading\">LA TRADUZIONE MEDICA DALL\u2019ITALIANO AL GRECO: IL RIGORE \u00c8 D\u2019OBBLIGO<\/h2>\n\n\n\n<p><span style=\"font-weight: 400;\">Da sempre, la traduzione medica \u00e8 sinonimo di complessit\u00e0 e tecnicit\u00e0, a causa di termini molto tecnici nel documento scientifico che sono inaccessibili al grande pubblico. Cos\u00ec come vai da uno specialista quando ne hai bisogno, allo stesso modo dovresti rivolgerti a un traduttore esperto in terminologia medica, che sia in grado di tradurre e capire alla perfezione il vocabolario e i concetti ad essa legati. La nostra <a href=\"https:\/\/culturesconnection.com\/it\/\">agenzia di traduzione<\/a> \u00e8 assolutamente consapevole di questa necessit\u00e0 ed \u00e8 per questo che selezioniamo per te i migliori traduttori greci esperti nel settore medico. <\/span><\/p>\n\n\n\n<h2 class=\"wp-block-heading\">I NOSTRI SERVIZI DI TRADUZIONE MEDICA IN GRECO<\/h2>\n\n\n\n<p><span style=\"font-weight: 400;\">La nostra agenzia di traduzione \u00e8 specializzata da tempo nella traduzione di documenti medici. La nostra esperienza ci ha permesso di creare una vasta rete di traduttori specializzati in diversi settori della medicina come la medicina generale, la nutrizione o le neuroscienze, per citarne alcuni. Se scegli Cultures Connection potrai essere certo che i tuoi documenti medici saranno in buone mani e che riceverai <a href=\"https:\/\/culturesconnection.com\/it\/servizi-di-traduzione\/\">servizi di traduzione<\/a> precisi, veloci, affidabili e al miglior prezzo.<\/span><\/p>\n\n\n\n<h2 class=\"wp-block-heading\">LA TRADUZIONE DEI TUOI DOCUMENTI MEDICI IN GRECO<\/h2>\n\n\n\n<p><span style=\"font-weight: 400;\">La nostra agenzia \u00e8 specializzata nel settore della<a href=\"https:\/\/culturesconnection.com\/it\/traduzione-medica\/\"> traduzione medica<\/a>. Ecco una lista non esaustiva dei diversi documenti medici che abbiamo gi\u00e0 tradotto in greco: <\/span><\/p>\n\n\n\n<ul class=\"wp-block-list\"><li style=\"font-weight: 400;\"><span style=\"font-weight: 400;\">Riviste mediche<\/span><\/li><li style=\"font-weight: 400;\"><span style=\"font-weight: 400;\">Relazioni di conferenze<\/span><\/li><li style=\"font-weight: 400;\"><span style=\"font-weight: 400;\">Pubblicazioni<\/span><\/li><li style=\"font-weight: 400;\"><span style=\"font-weight: 400;\">Relazioni e progetti di ricerca <\/span><\/li><li style=\"font-weight: 400;\"><span style=\"font-weight: 400;\">Risultati di studi e nuove ricerche<\/span><\/li><li style=\"font-weight: 400;\"><span style=\"font-weight: 400;\">Opere divulgative<\/span><\/li><li style=\"font-weight: 400;\"><span style=\"font-weight: 400;\">Rapporti di prova<\/span><\/li><li style=\"font-weight: 400;\"><span style=\"font-weight: 400;\">Questionari<\/span><\/li><li style=\"font-weight: 400;\"><span style=\"font-weight: 400;\">Foglietti illustrativi<\/span><\/li><li style=\"font-weight: 400;\"><span style=\"font-weight: 400;\">Posologia di nuovi prodotti<\/span><\/li><li style=\"font-weight: 400;\"><span style=\"font-weight: 400;\">Risultati di studi clinici<\/span><\/li><li style=\"font-weight: 400;\"><span style=\"font-weight: 400;\">Regolamenti farmaceutici<\/span><\/li><li style=\"font-weight: 400;\"><span style=\"font-weight: 400;\">Perizie mediche<\/span><\/li><\/ul>\n\n\n\n<h3 class=\"wp-block-heading\">&nbsp;Traduzione&nbsp;medica in&nbsp;tutte&nbsp;le&nbsp;lingue<\/h3>\n\n\n\n<ul class=\"wp-block-list\"><li><a href=\"https:\/\/culturesconnection.com\/it\/traduzione-medica-francese\/\">Traduzione&nbsp;medica&nbsp;in&nbsp;francese<\/a><\/li><li><a href=\"https:\/\/culturesconnection.com\/it\/traduzione-medica-spagnolo\/\">Traduzione&nbsp;medica&nbsp;in&nbsp;spagnolo<\/a><\/li><li><a href=\"https:\/\/culturesconnection.com\/it\/traduzione-medica-tedesco\/\">Traduzione&nbsp;medica&nbsp;in&nbsp;tedesco<\/a><\/li><li><a href=\"https:\/\/culturesconnection.com\/it\/traduzione-medica-cinese\/\">Traduzione&nbsp;medica&nbsp;in&nbsp;cinese<\/a><\/li><li><a href=\"https:\/\/culturesconnection.com\/it\/traduzione-medica-portoghese\/\">Traduzione&nbsp;medica&nbsp;in&nbsp;portoghese<\/a><\/li><li><a href=\"https:\/\/culturesconnection.com\/it\/traduzione-medica-in-inglese\/\">Traduzione&nbsp;medica&nbsp;in inglese<\/a><\/li><li><a href=\"https:\/\/culturesconnection.com\/it\/traduzione-medica-olandese\/\">Traduzione&nbsp;medica&nbsp;in&nbsp;olandese<\/a><\/li><li><a href=\"https:\/\/culturesconnection.com\/it\/traduzione-medica-turco\/\">Traduzione&nbsp;medica&nbsp; in&nbsp;turco<\/a><\/li><li><a href=\"https:\/\/culturesconnection.com\/it\/traduzione-medica-giapponese\/\">Traduzione&nbsp;medica&nbsp;in&nbsp;giapponese<\/a><\/li><li><a href=\"https:\/\/culturesconnection.com\/it\/traduzione-medica-russo\/\">Traduzione&nbsp;medica&nbsp;in&nbsp;russo<\/a><\/li><\/ul>\n","protected":false},"excerpt":{"rendered":"<p>LA TRADUZIONE MEDICA DALL\u2019ITALIANO AL GRECO: IL RIGORE \u00c8 D\u2019OBBLIGO Da sempre, la traduzione medica \u00e8 sinonimo di complessit\u00e0 e tecnicit\u00e0, a causa di termini [&#8230;]<\/p>\n<p><a class=\"btn btn-secondary understrap-read-more-link\" href=\"https:\/\/culturesconnection.com\/it\/servizi-di-traduzione-in-greco\/traduzione-medica-in-greco\/\">Leggi di pi\u00f9&#8230;<span class=\"screen-reader-text\"> from Traduzione medica in greco<\/span><\/a><\/p>\n","protected":false},"author":42,"featured_media":24333,"parent":10040,"menu_order":0,"comment_status":"closed","ping_status":"closed","template":"","meta":{"_acf_changed":false,"_editorskit_title_hidden":false,"_editorskit_reading_time":0,"_editorskit_is_block_options_detached":false,"_editorskit_block_options_position":"{}","footnotes":""},"class_list":["post-10633","page","type-page","status-publish","has-post-thumbnail","hentry"],"acf":[],"_links":{"self":[{"href":"https:\/\/culturesconnection.com\/it\/wp-json\/wp\/v2\/pages\/10633","targetHints":{"allow":["GET"]}}],"collection":[{"href":"https:\/\/culturesconnection.com\/it\/wp-json\/wp\/v2\/pages"}],"about":[{"href":"https:\/\/culturesconnection.com\/it\/wp-json\/wp\/v2\/types\/page"}],"author":[{"embeddable":true,"href":"https:\/\/culturesconnection.com\/it\/wp-json\/wp\/v2\/users\/42"}],"replies":[{"embeddable":true,"href":"https:\/\/culturesconnection.com\/it\/wp-json\/wp\/v2\/comments?post=10633"}],"version-history":[{"count":0,"href":"https:\/\/culturesconnection.com\/it\/wp-json\/wp\/v2\/pages\/10633\/revisions"}],"up":[{"embeddable":true,"href":"https:\/\/culturesconnection.com\/it\/wp-json\/wp\/v2\/pages\/10040"}],"wp:featuredmedia":[{"embeddable":true,"href":"https:\/\/culturesconnection.com\/it\/wp-json\/wp\/v2\/media\/24333"}],"wp:attachment":[{"href":"https:\/\/culturesconnection.com\/it\/wp-json\/wp\/v2\/media?parent=10633"}],"curies":[{"name":"wp","href":"https:\/\/api.w.org\/{rel}","templated":true}]}}