{"id":10631,"date":"2018-09-18T15:02:16","date_gmt":"2018-09-18T13:02:16","guid":{"rendered":"http:\/\/culturesconnection.com\/?page_id=10631"},"modified":"2022-06-25T06:09:07","modified_gmt":"2022-06-25T04:09:07","slug":"traduzione-commerciale-in-greco","status":"publish","type":"page","link":"https:\/\/culturesconnection.com\/it\/servizi-di-traduzione-in-greco\/traduzione-commerciale-in-greco\/","title":{"rendered":"I nostri servizi di traduzione commerciale in greco"},"content":{"rendered":"\n<h2 class=\"wp-block-heading\">LA TRADUZIONE COMMERCIALE DALL\u2019ITALIANO AL GRECO: UNA SCELTA STRATEGICA<\/h2>\n\n\n\n<p><span style=\"font-weight: 400;\">Hai dei documenti commerciali da tradurre in greco e non sai a chi rivolgerti? Smetti di cercare, <a href=\"https:\/\/culturesconnection.com\/it\/\">Cultures Connection<\/a> \u00e8 la soluzione che fa per te. La traduzione commerciale \u00e8 molto importante quando si vogliono ampliare le relazioni commerciali. Ed \u00e8 notevole la differenza, in termini di persuasione e di successo, quando si presentano ai dei futuri soci documenti nella loro lingua. Ma per farlo bisogna rivolgersi a traduttori specializzati in traduzione commerciale che conoscano alla perfezione le sottigliezze del loro lavoro. L\u2019aspetto culturale, infatti, \u00e8 molto importante in questo settore e bisogna assolutamente considerarlo per evitare ogni errore. Affida i tuoi documenti alla nostra agenzia di traduzione. <\/span><\/p>\n\n\n\n<h2 class=\"wp-block-heading\">LA NOSTRA AGENZIA DI TRADUZIONE<\/h2>\n\n\n\n<p><span style=\"font-weight: 400;\">Noi di Cultures Connection ti proponiamo <a href=\"https:\/\/culturesconnection.com\/it\/servizi-di-traduzione\/\">servizi di traduzione<\/a> realizzati esclusivamente da esperti linguistici che conoscono tutte le sfaccettature del loro lavoro e della loro specializzazione. I nostri esperti traduttori greci hanno dimostrato una grande esperienza acquisita sul campo, quasi sempre in un\u2019agenzia specializzata. Un altro aspetto molto importante per noi \u00e8 far tradurre i tuoi documenti commerciali solo da madrelingua che conoscono le differenze culturali del loro paese d\u2019origine e di quello dei tuoi potenziali soci. Ci\u00f2 garantisce la qualit\u00e0 delle traduzioni e, di conseguenza, il successo delle tue future relazioni commerciali. Scegli la nostra agenzia di traduzione per dei servizi affidabili, di qualit\u00e0 e a un prezzo conveniente. <\/span><\/p>\n\n\n\n<h2 class=\"wp-block-heading\">I TUOI DOCUMENTI COMMERCIALI IN GRECO<\/h2>\n\n\n\n<p><span style=\"font-weight: 400;\">Ecco una lista esemplificativa dei <a href=\"https:\/\/culturesconnection.com\/it\/servizi-di-traduzione-commerciale\/\">documenti commerciali<\/a> tradotti in greco da Cultures Connection: <\/span><\/p>\n\n\n\n<ul class=\"wp-block-list\"><li style=\"font-weight: 400;\"><span style=\"font-weight: 400;\">D\u00e9pliant<\/span><\/li><li style=\"font-weight: 400;\"><span style=\"font-weight: 400;\">Biglietti da visita<\/span><\/li><li style=\"font-weight: 400;\"><span style=\"font-weight: 400;\">Brochure<\/span><\/li><li style=\"font-weight: 400;\"><span style=\"font-weight: 400;\">Campagne<\/span><\/li><li style=\"font-weight: 400;\"><span style=\"font-weight: 400;\">Comunicati<\/span><\/li><li style=\"font-weight: 400;\"><span style=\"font-weight: 400;\">Siti web<\/span><\/li><li style=\"font-weight: 400;\"><span style=\"font-weight: 400;\">Presentazioni<\/span><\/li><li style=\"font-weight: 400;\"><span style=\"font-weight: 400;\">Cataloghi <\/span><\/li><li style=\"font-weight: 400;\"><span style=\"font-weight: 400;\">Studi di mercato<\/span><\/li><li style=\"font-weight: 400;\"><span style=\"font-weight: 400;\">Materiale pubblicitario<\/span><\/li><li style=\"font-weight: 400;\"><span style=\"font-weight: 400;\">Lettere commerciali<\/span><\/li><li style=\"font-weight: 400;\"><span style=\"font-weight: 400;\">Pubblicit\u00e0<\/span><\/li><li style=\"font-weight: 400;\"><span style=\"font-weight: 400;\">Libri bianchi<\/span><\/li><\/ul>\n\n\n\n<h3 class=\"wp-block-heading\">&nbsp;Traduzione&nbsp;commerciale&nbsp;in&nbsp;tutte&nbsp;le&nbsp;lingue<\/h3>\n\n\n\n<ul class=\"wp-block-list\"><li><a href=\"https:\/\/culturesconnection.com\/it\/traduzione-commerciale-francese\/\">Traduzione&nbsp;commerciale&nbsp;in&nbsp;francese<\/a><\/li><li><a href=\"https:\/\/culturesconnection.com\/it\/traduzione-commerciale-spagnolo\/\">Traduzione&nbsp;commerciale&nbsp;in&nbsp;spagnolo<\/a><\/li><li><a href=\"https:\/\/culturesconnection.com\/it\/traduzione-commerciale-tedesco\/\">Traduzione&nbsp;commerciale&nbsp;in&nbsp;tedesco<\/a><\/li><li><a href=\"https:\/\/culturesconnection.com\/it\/traduzione-commerciale-cinese\/\">Traduzione&nbsp;commerciale&nbsp;in&nbsp;cinese<\/a><\/li><li><a href=\"https:\/\/culturesconnection.com\/it\/traduzione-di-documenti-commerciali-in-arabo\/\">Traduzione&nbsp;commerciale&nbsp;in&nbsp;arabo<\/a><\/li><li><a href=\"https:\/\/culturesconnection.com\/it\/traduzione-commerciale-portoghese\/\">Traduzione&nbsp;commerciale&nbsp;in&nbsp;portoghese<\/a><\/li><li><a href=\"https:\/\/culturesconnection.com\/it\/traduzione-commerciale-inglese\/\">Traduzione&nbsp;commerciale&nbsp;in inglese<\/a><\/li><li><a href=\"https:\/\/culturesconnection.com\/it\/traduzione-commerciale-olandese\/\">Traduzione&nbsp;commerciale&nbsp;in&nbsp;olandese<\/a><\/li><li><a href=\"https:\/\/culturesconnection.com\/it\/traduzione-commerciale-turco\/\">Traduzione&nbsp;commerciale&nbsp;in&nbsp;turco<\/a><\/li><li><a href=\"https:\/\/culturesconnection.com\/it\/traduzione-commerciale-russo\/\">Traduzione&nbsp;commerciale&nbsp;in&nbsp;russo<\/a><\/li><\/ul>\n","protected":false},"excerpt":{"rendered":"<p>LA TRADUZIONE COMMERCIALE DALL\u2019ITALIANO AL GRECO: UNA SCELTA STRATEGICA Hai dei documenti commerciali da tradurre in greco e non sai a chi rivolgerti? Smetti di [&#8230;]<\/p>\n<p><a class=\"btn btn-secondary understrap-read-more-link\" href=\"https:\/\/culturesconnection.com\/it\/servizi-di-traduzione-in-greco\/traduzione-commerciale-in-greco\/\">Leggi di pi\u00f9&#8230;<span class=\"screen-reader-text\"> from I nostri servizi di traduzione commerciale in greco<\/span><\/a><\/p>\n","protected":false},"author":42,"featured_media":0,"parent":10040,"menu_order":0,"comment_status":"closed","ping_status":"closed","template":"","meta":{"_acf_changed":false,"_editorskit_title_hidden":false,"_editorskit_reading_time":0,"_editorskit_is_block_options_detached":false,"_editorskit_block_options_position":"{}","footnotes":""},"class_list":["post-10631","page","type-page","status-publish","hentry"],"acf":[],"_links":{"self":[{"href":"https:\/\/culturesconnection.com\/it\/wp-json\/wp\/v2\/pages\/10631","targetHints":{"allow":["GET"]}}],"collection":[{"href":"https:\/\/culturesconnection.com\/it\/wp-json\/wp\/v2\/pages"}],"about":[{"href":"https:\/\/culturesconnection.com\/it\/wp-json\/wp\/v2\/types\/page"}],"author":[{"embeddable":true,"href":"https:\/\/culturesconnection.com\/it\/wp-json\/wp\/v2\/users\/42"}],"replies":[{"embeddable":true,"href":"https:\/\/culturesconnection.com\/it\/wp-json\/wp\/v2\/comments?post=10631"}],"version-history":[{"count":0,"href":"https:\/\/culturesconnection.com\/it\/wp-json\/wp\/v2\/pages\/10631\/revisions"}],"up":[{"embeddable":true,"href":"https:\/\/culturesconnection.com\/it\/wp-json\/wp\/v2\/pages\/10040"}],"wp:attachment":[{"href":"https:\/\/culturesconnection.com\/it\/wp-json\/wp\/v2\/media?parent=10631"}],"curies":[{"name":"wp","href":"https:\/\/api.w.org\/{rel}","templated":true}]}}