{"id":10630,"date":"2018-09-18T15:46:04","date_gmt":"2018-09-18T14:46:04","guid":{"rendered":"http:\/\/culturesconnection.com\/?page_id=10630"},"modified":"2022-06-25T06:07:13","modified_gmt":"2022-06-25T04:07:13","slug":"traduzione-finanziaria-in-greco","status":"publish","type":"page","link":"https:\/\/culturesconnection.com\/it\/servizi-di-traduzione-in-greco\/traduzione-finanziaria-in-greco\/","title":{"rendered":"Traduzione finanziaria in greco"},"content":{"rendered":"\n<h2 class=\"wp-block-heading\">LA TRADUZIONE FINANZIARIA DALL\u2019ITALIANO AL GRECO: LIMPORTANZA DELLE PAROLE<\/h2>\n\n\n\n<p><span style=\"font-weight: 400;\">Se hai bisogno della traduzione di documenti finanziari in greco, devi affidarti alla persona giusta. La terminologia \u00e8 infatti un punto fondamentale in questo settore della traduzione, ecco perch\u00e9 \u00e8 importantissimo potersi affidare ai <a href=\"https:\/\/culturesconnection.com\/it\/servizi-di-traduzione\/\">servizi<\/a> di un traduttore professionista ed esperto del settore. Egli deve conoscere alla perfezione i termini tecnici utilizzati e capire tutti i concetti finanziari, sia in italiano che in greco, grazie anche al fatto di essere perfettamente bilingue. Noi di <a href=\"https:\/\/culturesconnection.com\/it\/\">Cultures Connection<\/a>, consapevoli di tutto ci\u00f2, ti proponiamo servizi di traduzione di qualit\u00e0 realizzati da professionisti esperti. <\/span><\/p>\n\n\n\n<h2 class=\"wp-block-heading\">LA NOSTRA AGENZIA DI TRADUZIONE<\/h2>\n\n\n\n<p><span style=\"font-weight: 400;\">La nostra agenzia di traduzione lavora in stretta collaborazione con tanti traduttori, tutti specializzati in <a href=\"https:\/\/culturesconnection.com\/it\/traduzione-finanziaria\/\">traduzione finanziaria<\/a> e che conoscono alla perfezione il linguaggio della finanza e le loro lingue di lavoro. Noi di Cultures Connection riteniamo che il rigore e la precisione siano essenziali ed ecco perch\u00e9 selezioniamo i nostri collaboratori a seconda delle loro qualifiche e della loro esperienza nel settore. Nella maggior parte dei casi, hanno studiato il mondo della finanza all\u2019universit\u00e0 o in una scuola specializzata o hanno lavorato in un\u2019azienda, ad esempio. Sono quindi in grado di tradurre i tuoi documenti finanziari in greco e garantiscono l\u2019uso della terminologia corretta. Hai dei documenti finanziari da tradurre in greco? Rivolgiti alla nostra agenzia di traduzioni!<\/span><\/p>\n\n\n\n<h2 class=\"wp-block-heading\">LA TRADUZIONE DEI TUOI DOCUMENTI FINANZIARI IN GRECO<\/h2>\n\n\n\n<p><span style=\"font-weight: 400;\">Ecco una lista esemplificativa di documenti finanziari tradotti in greco dalla nostra agenzia: <\/span><\/p>\n\n\n\n<ul class=\"wp-block-list\"><li style=\"font-weight: 400;\"><span style=\"font-weight: 400;\">Documenti d&#8217;Informazioni Chiave per gli Investitori (KIID)<\/span><\/li><li style=\"font-weight: 400;\"><span style=\"font-weight: 400;\">Prospetti<\/span><\/li><li style=\"font-weight: 400;\"><span style=\"font-weight: 400;\">Relazioni di fondi d\u2019investimento<\/span><\/li><li style=\"font-weight: 400;\"><span style=\"font-weight: 400;\">Relazioni d\u2019attivit\u00e0<\/span><\/li><li style=\"font-weight: 400;\"><span style=\"font-weight: 400;\">Bilanci<\/span><\/li><li style=\"font-weight: 400;\"><span style=\"font-weight: 400;\">Borsa<\/span><\/li><li style=\"font-weight: 400;\"><span style=\"font-weight: 400;\">Documenti bancari<\/span><\/li><li style=\"font-weight: 400;\"><span style=\"font-weight: 400;\">Documenti di informazione finanziaria<\/span><\/li><li style=\"font-weight: 400;\"><span style=\"font-weight: 400;\">Articoli di ricerca<\/span><\/li><li style=\"font-weight: 400;\"><span style=\"font-weight: 400;\">Documenti di gestione del rischio e gestione degli attivi<\/span><\/li><li style=\"font-weight: 400;\"><span style=\"font-weight: 400;\">Lettere di informazioni finanziarie<\/span><\/li><li style=\"font-weight: 400;\"><span style=\"font-weight: 400;\">Rapporti di audit<\/span><\/li><li style=\"font-weight: 400;\"><span style=\"font-weight: 400;\">Documenti di fusione e di acquisizioni<\/span><\/li><\/ul>\n\n\n\n<h3 class=\"wp-block-heading\">&nbsp;Traduzione&nbsp;finanziaria&nbsp;in&nbsp;tutte le&nbsp;lingue<\/h3>\n\n\n\n<ul class=\"wp-block-list\"><li><a href=\"https:\/\/culturesconnection.com\/it\/traduzione-finanziaria-francese\/\">Traduzione&nbsp;finanziaria&nbsp;in&nbsp;francese<\/a><\/li><li><a href=\"https:\/\/culturesconnection.com\/it\/traduzione-finanziaria-in-spagnolo\/\">Traduzione&nbsp;finanziaria&nbsp;in&nbsp;spagnolo<\/a><\/li><li><a href=\"https:\/\/culturesconnection.com\/it\/traduzione-finanziaria-tedesco\/\">Traduzione&nbsp;finanziaria&nbsp;in&nbsp;tedesco<\/a><\/li><li><a href=\"https:\/\/culturesconnection.com\/it\/traduzione-finanziaria-in-arabo\/\">Traduzione&nbsp;finanziaria&nbsp;in&nbsp;arabo<\/a><\/li><li><a href=\"https:\/\/culturesconnection.com\/it\/traduzione-finanziaria-portoghese\/\">Traduzione&nbsp;finanziaria&nbsp;in&nbsp;portoghese<\/a><\/li><li><a href=\"https:\/\/culturesconnection.com\/it\/traduzione-finanziaria-inglese\/\">Traduzione&nbsp;finanziaria&nbsp;in inglese<\/a><\/li><li><a href=\"https:\/\/culturesconnection.com\/it\/traduzione-finanziaria-olandese\/\">Traduzione&nbsp;finanziaria in&nbsp;olandese<\/a><\/li><li><a href=\"https:\/\/culturesconnection.com\/it\/traduzione-finanziaria-turco\/\">Traduzione&nbsp;finanziaria&nbsp;in&nbsp;turco<\/a><\/li><li><a href=\"https:\/\/culturesconnection.com\/it\/traduzione-finanziaria-giapponese\/\">Traduzione&nbsp;finanziaria&nbsp;in&nbsp;giapponese<\/a><\/li><li><a href=\"https:\/\/culturesconnection.com\/it\/traduzione-finanziaria-russo\/\">Traduzione&nbsp;finanziaria&nbsp;in&nbsp;russo<\/a><\/li><\/ul>\n","protected":false},"excerpt":{"rendered":"<p>LA TRADUZIONE FINANZIARIA DALL\u2019ITALIANO AL GRECO: LIMPORTANZA DELLE PAROLE Se hai bisogno della traduzione di documenti finanziari in greco, devi affidarti alla persona giusta. La [&#8230;]<\/p>\n<p><a class=\"btn btn-secondary understrap-read-more-link\" href=\"https:\/\/culturesconnection.com\/it\/servizi-di-traduzione-in-greco\/traduzione-finanziaria-in-greco\/\">Leggi di pi\u00f9&#8230;<span class=\"screen-reader-text\"> from Traduzione finanziaria in greco<\/span><\/a><\/p>\n","protected":false},"author":42,"featured_media":24333,"parent":10040,"menu_order":0,"comment_status":"closed","ping_status":"closed","template":"","meta":{"_acf_changed":false,"_editorskit_title_hidden":false,"_editorskit_reading_time":0,"_editorskit_is_block_options_detached":false,"_editorskit_block_options_position":"{}","footnotes":""},"class_list":["post-10630","page","type-page","status-publish","has-post-thumbnail","hentry"],"acf":[],"_links":{"self":[{"href":"https:\/\/culturesconnection.com\/it\/wp-json\/wp\/v2\/pages\/10630","targetHints":{"allow":["GET"]}}],"collection":[{"href":"https:\/\/culturesconnection.com\/it\/wp-json\/wp\/v2\/pages"}],"about":[{"href":"https:\/\/culturesconnection.com\/it\/wp-json\/wp\/v2\/types\/page"}],"author":[{"embeddable":true,"href":"https:\/\/culturesconnection.com\/it\/wp-json\/wp\/v2\/users\/42"}],"replies":[{"embeddable":true,"href":"https:\/\/culturesconnection.com\/it\/wp-json\/wp\/v2\/comments?post=10630"}],"version-history":[{"count":0,"href":"https:\/\/culturesconnection.com\/it\/wp-json\/wp\/v2\/pages\/10630\/revisions"}],"up":[{"embeddable":true,"href":"https:\/\/culturesconnection.com\/it\/wp-json\/wp\/v2\/pages\/10040"}],"wp:featuredmedia":[{"embeddable":true,"href":"https:\/\/culturesconnection.com\/it\/wp-json\/wp\/v2\/media\/24333"}],"wp:attachment":[{"href":"https:\/\/culturesconnection.com\/it\/wp-json\/wp\/v2\/media?parent=10630"}],"curies":[{"name":"wp","href":"https:\/\/api.w.org\/{rel}","templated":true}]}}