{"id":10629,"date":"2018-09-18T13:52:34","date_gmt":"2018-09-18T12:52:34","guid":{"rendered":"http:\/\/culturesconnection.com\/?page_id=10629"},"modified":"2022-06-25T05:53:36","modified_gmt":"2022-06-25T03:53:36","slug":"traduzioni-di-videogiochi-in-urdu","status":"publish","type":"page","link":"https:\/\/culturesconnection.com\/it\/servizi-di-traduzione-in-urdu\/traduzioni-di-videogiochi-in-urdu\/","title":{"rendered":"Traduzioni di videogiochi in urdu"},"content":{"rendered":"\n<h2 class=\"wp-block-heading\">TRADUZIONE DI VIDEOGIOCHI IN URDU<\/h2>\n\n\n\n<p><span style=\"font-weight: 400;\">La <a href=\"https:\/\/culturesconnection.com\/it\/traduzione-localizzazione-videogiochi\/\">traduzione dei videogiochi<\/a> \u00e8 pi\u00f9 vicina alla localizzazione che alla traduzione. Il traduttore-localizzatore deve adattare il contenuto dei materiali multimediali per un pubblico di riferimento tenendo conto degli aspetti culturali del mercato. Il compito del traduttore \u00e8 doppio perch\u00e9 deve essere in grado di tradurre le parole dei dialoghi o dell\u2019interfaccia del gioco ma deve anche possedere delle competenze tecniche. Quindi, se vuoi lanciare il tuo nuovo videogioco in India, ad esempio, rivolgiti a un traduttore esperto assicurandoti una traduzione di qualit\u00e0.<\/span><\/p>\n\n\n\n<h2 class=\"wp-block-heading\">LOCALIZZA I TUOI VIDEOGIOCHI IN URDU<\/h2>\n\n\n\n<p><span style=\"font-weight: 400;\">Oggi quello dei videogiochi \u00e8 un settore fiorente in tutto il mondo. Ecco perch\u00e9 \u00e8 sempre pi\u00f9 importante farli tradurre e localizzare da traduttori professionisti per attrarre pi\u00f9 giocatori possibili. La nostra<a href=\"https:\/\/culturesconnection.com\/it\/\"> agenzia di traduzione<\/a> ti propone <a href=\"https:\/\/culturesconnection.com\/it\/servizi-di-traduzione\/\">servizi di traduzione<\/a> realizzati da una vasta rete di professionisti che condividono la tua passione per i videogiochi e che conoscono alla perfezione le tecniche necessarie per assicurarti le migliori condizioni di gioco. Cultures Connecion tradurr\u00e0 il tuo materiale multimediale fornendoti la miglior qualit\u00e0 possibile.<\/span><\/p>\n\n\n\n<h2 class=\"wp-block-heading\">I NOSTRI SERVIZI DI TRADUZIONE DI VIDEOGIOCHI<\/h2>\n\n\n\n<p><span style=\"font-weight: 400;\">Ecco qualche esempio di traduzioni di materiale multimediale realizzate da Culture Connection: <\/span><\/p>\n\n\n\n<ul class=\"wp-block-list\"><li style=\"font-weight: 400;\"><span style=\"font-weight: 400;\">Traduzione di videogiochi<\/span><\/li><li style=\"font-weight: 400;\"><span style=\"font-weight: 400;\">Localizzazione di videogiochi<\/span><\/li><li style=\"font-weight: 400;\"><span style=\"font-weight: 400;\">Gestione dei progetti<\/span><\/li><li style=\"font-weight: 400;\"><span style=\"font-weight: 400;\">Sottotitolazione<\/span><\/li><li style=\"font-weight: 400;\"><span style=\"font-weight: 400;\">Registrazione e doppiaggio<\/span><\/li><li style=\"font-weight: 400;\"><span style=\"font-weight: 400;\">Controllo qualit\u00e0<\/span><\/li><\/ul>\n\n\n\n<h3 class=\"wp-block-heading\">&nbsp;Traduzione di videogiochi in tutte le lingue<\/h3>\n\n\n\n<ul class=\"wp-block-list\"><li><a href=\"https:\/\/culturesconnection.com\/it\/traduzione-videogiochi-spagnolo\/\">Traduzione di videogiochi in spagnolo<\/a><\/li><li><a href=\"https:\/\/culturesconnection.com\/it\/traduzione-videogiochi-tedesco\/\">Traduzione di videogiochi in tedesco<\/a><\/li><li><a href=\"https:\/\/culturesconnection.com\/it\/traduzione-videogiochi-cinese\/\">Traduzione di videogiochi in cinese<\/a><\/li><li><a href=\"https:\/\/culturesconnection.com\/it\/servizi-di-traduzione-per-videogiochi-in-arabo\/\">Traduzione di videogiochi in arabo<\/a><\/li><li><a href=\"https:\/\/culturesconnection.com\/it\/traduzione-videogiochi-portoghese\/\">Traduzione di videogiochi in portoghese<\/a><\/li><li><a href=\"https:\/\/culturesconnection.com\/it\/traduzione-videogiochi-inglese\/\">Traduzione di videogiochi in inglese<\/a><\/li><li><a href=\"https:\/\/culturesconnection.com\/it\/traduzione-videogiochi-olandese\/\">Traduzione di videogiochi in olandese<\/a><\/li><li><a href=\"https:\/\/culturesconnection.com\/it\/traduzione-videogiochi-turco\/\">Traduzione di videogiochi in turco<\/a><\/li><li><a href=\"https:\/\/culturesconnection.com\/it\/traduzione-videogiochi-giapponese\/\">Traduzione di videogiochi in giapponese<\/a><\/li><li><a href=\"https:\/\/culturesconnection.com\/it\/traduzione-videogiochi-russo\/\">Traduzione di videogiochi in russo<\/a><\/li><\/ul>\n","protected":false},"excerpt":{"rendered":"<p>TRADUZIONE DI VIDEOGIOCHI IN URDU La traduzione dei videogiochi \u00e8 pi\u00f9 vicina alla localizzazione che alla traduzione. Il traduttore-localizzatore deve adattare il contenuto dei materiali [&#8230;]<\/p>\n<p><a class=\"btn btn-secondary understrap-read-more-link\" href=\"https:\/\/culturesconnection.com\/it\/servizi-di-traduzione-in-urdu\/traduzioni-di-videogiochi-in-urdu\/\">Leggi di pi\u00f9&#8230;<span class=\"screen-reader-text\"> from Traduzioni di videogiochi in urdu<\/span><\/a><\/p>\n","protected":false},"author":42,"featured_media":24333,"parent":10029,"menu_order":0,"comment_status":"closed","ping_status":"closed","template":"","meta":{"_acf_changed":false,"_editorskit_title_hidden":false,"_editorskit_reading_time":0,"_editorskit_is_block_options_detached":false,"_editorskit_block_options_position":"{}","footnotes":""},"class_list":["post-10629","page","type-page","status-publish","has-post-thumbnail","hentry"],"acf":[],"_links":{"self":[{"href":"https:\/\/culturesconnection.com\/it\/wp-json\/wp\/v2\/pages\/10629","targetHints":{"allow":["GET"]}}],"collection":[{"href":"https:\/\/culturesconnection.com\/it\/wp-json\/wp\/v2\/pages"}],"about":[{"href":"https:\/\/culturesconnection.com\/it\/wp-json\/wp\/v2\/types\/page"}],"author":[{"embeddable":true,"href":"https:\/\/culturesconnection.com\/it\/wp-json\/wp\/v2\/users\/42"}],"replies":[{"embeddable":true,"href":"https:\/\/culturesconnection.com\/it\/wp-json\/wp\/v2\/comments?post=10629"}],"version-history":[{"count":0,"href":"https:\/\/culturesconnection.com\/it\/wp-json\/wp\/v2\/pages\/10629\/revisions"}],"up":[{"embeddable":true,"href":"https:\/\/culturesconnection.com\/it\/wp-json\/wp\/v2\/pages\/10029"}],"wp:featuredmedia":[{"embeddable":true,"href":"https:\/\/culturesconnection.com\/it\/wp-json\/wp\/v2\/media\/24333"}],"wp:attachment":[{"href":"https:\/\/culturesconnection.com\/it\/wp-json\/wp\/v2\/media?parent=10629"}],"curies":[{"name":"wp","href":"https:\/\/api.w.org\/{rel}","templated":true}]}}