{"id":10628,"date":"2018-09-18T12:55:51","date_gmt":"2018-09-18T11:55:51","guid":{"rendered":"http:\/\/culturesconnection.com\/?page_id=10628"},"modified":"2022-06-25T05:56:54","modified_gmt":"2022-06-25T03:56:54","slug":"traduzione-audiovisiva-in-urdu","status":"publish","type":"page","link":"https:\/\/culturesconnection.com\/it\/servizi-di-traduzione-in-urdu\/traduzione-audiovisiva-in-urdu\/","title":{"rendered":"Traduzione audiovisiva <br \/> e sottotitolaggio in urdu"},"content":{"rendered":"\n<h2 class=\"wp-block-heading\">TRADUZIONE AUDIOVISIVA DALL\u2019ITALIANO ALL\u2019URDU: UNA VERSIONE MULTILINGUE &nbsp;DEI TUOI MATERIALI MULTIMEDIALI<\/h2>\n\n\n\n<p><span style=\"font-weight: 400;\">Se vuoi pubblicare del materiale multimediale a livello internazionale, nei cinema, in televisione, su internet o nel mondo dell\u2019imprenditoria, hai bisogno di una traduzione audiovisiva. Questa traduzione ti permetter\u00e0 di raggiungere un pi\u00f9 vasto pubblico; per riuscirci bisogna rivolgersi a un traduttore professionista esperto del settore audiovisivo che potr\u00e0 realizzare sottotitoli, doppiaggio o il voice-off, tutto al meglio. Il traduttore specializzato ha esperienza nel settore ed \u00e8 la persona pi\u00f9 competente per tradurre il tuo materiale multimediale in urdu. <\/span><\/p>\n\n\n\n<h2 class=\"wp-block-heading\">I NOSTRI SERVIZI DI SOTTOTITOLAZIONE IN URDU<\/h2>\n\n\n\n<p><span style=\"font-weight: 400;\">Col tempo, la nostra <a href=\"https:\/\/culturesconnection.com\/it\/\">agenzia di traduzione<\/a> ha saputo creare una vasta rete di traduttori specializzati nella traduzione audiovisiva, in grado di realizzare diversi lavori come la trascrizione, la sottotitolazione o la sincronizzazione. Per noi di Cultures Connection la parola d\u2019ordine \u00e8 <\/span><i><span style=\"font-weight: 400;\">rigore<\/span><\/i><span style=\"font-weight: 400;\">, ecco perch\u00e9 scegliamo i nostri traduttori tra i pi\u00f9 esperti e i pi\u00f9 competenti per assicurarti servizi di traduzione precisi e di qualit\u00e0. Tutti i nostri traduttori traducono verso la loro <a href=\"https:\/\/culturesconnection.com\/it\/servizi-di-traduzione\/\">madrelingua<\/a> e hanno comprovate competenze nel settore audiovisivo. Non aspettare ancora, affidati alla nostra agenzia per le tue prossime <a href=\"https:\/\/culturesconnection.com\/it\/servizio-sottotitolaggio\/\">traduzioni audiovisive<\/a> in urdu. <\/span><\/p>\n\n\n\n<h2 class=\"wp-block-heading\">LE NOSTRE TRADUZIONI AUDIOVISIVE IN URDU<\/h2>\n\n\n\n<p><span style=\"font-weight: 400;\">Data la crescente quantit\u00e0 di materiali multimediali creati ogni anno nel mondo, la gamma delle nostre prestazioni \u00e8 ampia:<\/span><\/p>\n\n\n\n<ul class=\"wp-block-list\"><li style=\"font-weight: 400;\"><span style=\"font-weight: 400;\">Testi audio<\/span><\/li><li style=\"font-weight: 400;\"><span style=\"font-weight: 400;\">Video commerciali e pubblicit\u00e0<\/span><\/li><li style=\"font-weight: 400;\"><span style=\"font-weight: 400;\">Video istituzionali<\/span><\/li><li style=\"font-weight: 400;\"><span style=\"font-weight: 400;\">Documentari<\/span><\/li><li style=\"font-weight: 400;\"><span style=\"font-weight: 400;\">Videogiochi<\/span><\/li><\/ul>\n\n\n\n<h3 class=\"wp-block-heading\">&nbsp;Servizi di sottotitolaggio in tutte le lingue<\/h3>\n\n\n\n<ul class=\"wp-block-list\"><li><a href=\"https:\/\/culturesconnection.com\/it\/sottotitolaggio-francese\/\">Servizi di sottotitolaggio in francese<\/a><\/li><li><a href=\"https:\/\/culturesconnection.com\/it\/sottotitolaggio-spagnolo\/\">Servizi di sottotitolaggio in spagnolo<\/a><\/li><li><a href=\"https:\/\/culturesconnection.com\/it\/sottotitolaggio-tedesco\/\">Servizi di sottotitolaggio in tedesco<\/a><\/li><li><a href=\"https:\/\/culturesconnection.com\/it\/sottotitolaggio-cinese\/\">Servizi di sottotitolaggio in cinese<\/a><\/li><li><a href=\"https:\/\/culturesconnection.com\/it\/sottotitolaggio-portoghese\/\">Servizi di sottotitolaggio in portoghese<\/a><\/li><li><a href=\"https:\/\/culturesconnection.com\/it\/sottotitolaggio-inglese\/\">Servizi di sottotitolaggio in inglese<\/a><\/li><li><a href=\"https:\/\/culturesconnection.com\/it\/sottotitolaggio-olandese\/\">Servizi di sottotitolaggio in olandese<\/a><\/li><li><a href=\"https:\/\/culturesconnection.com\/it\/sottotitolaggio-turco\/\">Servizi di sottotitolaggio in turco<\/a><\/li><li><a href=\"https:\/\/culturesconnection.com\/it\/sottotitolaggio-giapponese\/\">Servizi di sottotitolaggio in giapponese<\/a><\/li><li><a href=\"https:\/\/culturesconnection.com\/it\/sottotitolaggio-russo\/\">Servizi di sottotitolaggio in russo<\/a><\/li><\/ul>\n","protected":false},"excerpt":{"rendered":"<p>TRADUZIONE AUDIOVISIVA DALL\u2019ITALIANO ALL\u2019URDU: UNA VERSIONE MULTILINGUE &nbsp;DEI TUOI MATERIALI MULTIMEDIALI Se vuoi pubblicare del materiale multimediale a livello internazionale, nei cinema, in televisione, su [&#8230;]<\/p>\n<p><a class=\"btn btn-secondary understrap-read-more-link\" href=\"https:\/\/culturesconnection.com\/it\/servizi-di-traduzione-in-urdu\/traduzione-audiovisiva-in-urdu\/\">Leggi di pi\u00f9&#8230;<span class=\"screen-reader-text\"> from Traduzione audiovisiva <br \/> e sottotitolaggio in urdu<\/span><\/a><\/p>\n","protected":false},"author":42,"featured_media":24333,"parent":10029,"menu_order":0,"comment_status":"closed","ping_status":"closed","template":"","meta":{"_acf_changed":false,"_editorskit_title_hidden":false,"_editorskit_reading_time":0,"_editorskit_is_block_options_detached":false,"_editorskit_block_options_position":"{}","footnotes":""},"class_list":["post-10628","page","type-page","status-publish","has-post-thumbnail","hentry"],"acf":[],"_links":{"self":[{"href":"https:\/\/culturesconnection.com\/it\/wp-json\/wp\/v2\/pages\/10628","targetHints":{"allow":["GET"]}}],"collection":[{"href":"https:\/\/culturesconnection.com\/it\/wp-json\/wp\/v2\/pages"}],"about":[{"href":"https:\/\/culturesconnection.com\/it\/wp-json\/wp\/v2\/types\/page"}],"author":[{"embeddable":true,"href":"https:\/\/culturesconnection.com\/it\/wp-json\/wp\/v2\/users\/42"}],"replies":[{"embeddable":true,"href":"https:\/\/culturesconnection.com\/it\/wp-json\/wp\/v2\/comments?post=10628"}],"version-history":[{"count":0,"href":"https:\/\/culturesconnection.com\/it\/wp-json\/wp\/v2\/pages\/10628\/revisions"}],"up":[{"embeddable":true,"href":"https:\/\/culturesconnection.com\/it\/wp-json\/wp\/v2\/pages\/10029"}],"wp:featuredmedia":[{"embeddable":true,"href":"https:\/\/culturesconnection.com\/it\/wp-json\/wp\/v2\/media\/24333"}],"wp:attachment":[{"href":"https:\/\/culturesconnection.com\/it\/wp-json\/wp\/v2\/media?parent=10628"}],"curies":[{"name":"wp","href":"https:\/\/api.w.org\/{rel}","templated":true}]}}