{"id":10626,"date":"2018-09-18T13:03:41","date_gmt":"2018-09-18T12:03:41","guid":{"rendered":"http:\/\/culturesconnection.com\/?page_id=10626"},"modified":"2022-06-25T05:53:08","modified_gmt":"2022-06-25T03:53:08","slug":"traduzione-di-marketing-in-urdu","status":"publish","type":"page","link":"https:\/\/culturesconnection.com\/it\/servizi-di-traduzione-in-urdu\/traduzione-di-marketing-in-urdu\/","title":{"rendered":"Traduzione per il marketing in urdu"},"content":{"rendered":"\n<h2 class=\"wp-block-heading\">AFFIDA ALLA NOSTRA AGENZIA LA TUA TRADUZIONE DI MARKETING IN URDU<\/h2>\n\n\n\n<p><span style=\"font-weight: 400;\">La traduzione del marketing pu\u00f2 essere un compito complesso in quanto non si traducono solo le parole ma bisogna anche tener conto della cultura del mercato di riferimento. Il tuo slogan pubblicitario, ad esempio, non potr\u00e0 essere lo stesso ovunque, proprio a causa delle differenze culturali. La traduzione del marketing \u00e8 innanzitutto un adattamento del tuo messaggio al mercato di riferimento piuttosto che la traduzione. \u00c8 questo il compito principale di un traduttore di marketing che conosce le sottigliezze del mercato in cui speri di affermarti, cercando di evitare malintesi che potrebbero intaccare l\u2019immagine della tua azienda. Ecco perch\u00e9, per le tue tradizioni di marketing in urdu, puoi affidarti a Cultures Connection e ai suoi professionisti specializzati nel settore del marketing.<\/span><\/p>\n\n\n\n<h2 class=\"wp-block-heading\">TRADUZIONI DI MARKETING REALIZZATE DA ESPERTI<\/h2>\n\n\n\n<p><span style=\"font-weight: 400;\">Se vuoi lanciare il tuo nuovo prodotto sul mercato indiano o pakistano, ad esempio, affida le tue traduzioni di marketing alla nostra <a href=\"https:\/\/culturesconnection.com\/it\/\">agenzia di traduzione<\/a> che ti accompagner\u00e0 in ogni passo fornendoti<a href=\"https:\/\/culturesconnection.com\/it\/servizi-di-traduzione\/\"> servizi e traduzioni di qualit\u00e0<\/a>. Infatti, noi di Cultures Connection lavoriamo solo con professionisti ed esperti in traduzione di marketing in grado di tradurre e localizzare ogni genere di materiale nel miglior modo possibile tenendo conto della cultura d\u2019arrivo. I nostri traduttori traducono verso la loro lingua madre e hanno esperienza nel settore del marketing e della sua traduzione in urdu. <\/span><\/p>\n\n\n\n<h2 class=\"wp-block-heading\">I TUOI DOCUMENTI DI MARKETING IN URDU<\/h2>\n\n\n\n<p><span style=\"font-weight: 400;\">Ecco una lista non esaustiva delle diverse <a href=\"https:\/\/culturesconnection.com\/it\/traduzione-marketing\/\">traduzioni di marketing<\/a> in urdu realizzate da Cultures Connection: <\/span><\/p>\n\n\n\n<ul class=\"wp-block-list\"><li style=\"font-weight: 400;\"><span style=\"font-weight: 400;\">Opuscoli<\/span><\/li><li style=\"font-weight: 400;\"><span style=\"font-weight: 400;\">Materiali pubblicitari<\/span><\/li><li style=\"font-weight: 400;\"><span style=\"font-weight: 400;\">Newsletter<\/span><\/li><li style=\"font-weight: 400;\"><span style=\"font-weight: 400;\">Siti e-commerce<\/span><\/li><li style=\"font-weight: 400;\"><span style=\"font-weight: 400;\">D\u00e9pliant<\/span><\/li><li style=\"font-weight: 400;\"><span style=\"font-weight: 400;\">Campagne di marketing<\/span><\/li><li style=\"font-weight: 400;\"><span style=\"font-weight: 400;\">Pubblicit\u00e0<\/span><\/li><li style=\"font-weight: 400;\"><span style=\"font-weight: 400;\">Siti web<\/span><\/li><li style=\"font-weight: 400;\"><span style=\"font-weight: 400;\">Slogan<\/span><\/li><li style=\"font-weight: 400;\"><span style=\"font-weight: 400;\">Loghi<\/span><\/li><li style=\"font-weight: 400;\"><span style=\"font-weight: 400;\">Presentazioni<\/span><\/li><li style=\"font-weight: 400;\"><span style=\"font-weight: 400;\">Lanci di prodotti<\/span><\/li><li style=\"font-weight: 400;\"><span style=\"font-weight: 400;\">Comunicati stampa<\/span><\/li><li style=\"font-weight: 400;\"><span style=\"font-weight: 400;\">E-book<\/span><\/li><\/ul>\n\n\n\n<h3 class=\"wp-block-heading\">&nbsp;Traduzione&nbsp;di&nbsp;marketing&nbsp;in&nbsp;tutte&nbsp;le&nbsp;lingue<\/h3>\n\n\n\n<ul class=\"wp-block-list\"><li><a href=\"https:\/\/culturesconnection.com\/it\/traduzione-marketing-spagnolo\/\">Traduzione&nbsp;in&nbsp;spagnolo&nbsp;di&nbsp;marketing<\/a><\/li><li><a href=\"https:\/\/culturesconnection.com\/it\/traduzione-marketing-tedesco\/\">Traduzione&nbsp;in&nbsp;tedesco&nbsp;di&nbsp;marketing<\/a><\/li><li><a href=\"https:\/\/culturesconnection.com\/it\/traduzione-marketing-cinese\/\">Traduzione&nbsp;in&nbsp;cinese&nbsp;di&nbsp;marketing<\/a><\/li><li><a href=\"https:\/\/culturesconnection.com\/it\/traduzione-di-marketing-in-arabo\/\">Traduzione&nbsp;in&nbsp;arabo&nbsp;di&nbsp;marketing<\/a><\/li><li><a href=\"https:\/\/culturesconnection.com\/it\/traduzione-marketing-portoghese\/\">Traduzione&nbsp;in&nbsp;portoghese&nbsp;di&nbsp;marketing<\/a><\/li><li><a href=\"https:\/\/culturesconnection.com\/it\/traduzione-per-il-marketing-in-inglese\/\">Traduzione&nbsp;in&nbsp;inglese di&nbsp;marketing<\/a><\/li><li><a href=\"https:\/\/culturesconnection.com\/it\/traduzioni-marketing-olandese\/\">Traduzione&nbsp;in&nbsp;olandese&nbsp;di&nbsp;marketing<\/a><\/li><li><a href=\"https:\/\/culturesconnection.com\/it\/traduzione-marketing-turco\/\">Traduzione&nbsp;in&nbsp;turco&nbsp;di&nbsp;marketing<\/a><\/li><li><a href=\"https:\/\/culturesconnection.com\/it\/traduzione-marketing-giapponese\/\">Traduzione&nbsp;in&nbsp;giapponese&nbsp;di&nbsp;marketing<\/a><\/li><li><a href=\"\/?page_id=6042\">Traduzione&nbsp;in&nbsp;russo&nbsp;di&nbsp;marketing<\/a><\/li><\/ul>\n","protected":false},"excerpt":{"rendered":"<p>AFFIDA ALLA NOSTRA AGENZIA LA TUA TRADUZIONE DI MARKETING IN URDU La traduzione del marketing pu\u00f2 essere un compito complesso in quanto non si traducono [&#8230;]<\/p>\n<p><a class=\"btn btn-secondary understrap-read-more-link\" href=\"https:\/\/culturesconnection.com\/it\/servizi-di-traduzione-in-urdu\/traduzione-di-marketing-in-urdu\/\">Leggi di pi\u00f9&#8230;<span class=\"screen-reader-text\"> from Traduzione per il marketing in urdu<\/span><\/a><\/p>\n","protected":false},"author":42,"featured_media":24333,"parent":10029,"menu_order":0,"comment_status":"closed","ping_status":"closed","template":"","meta":{"_acf_changed":false,"_editorskit_title_hidden":false,"_editorskit_reading_time":0,"_editorskit_is_block_options_detached":false,"_editorskit_block_options_position":"{}","footnotes":""},"class_list":["post-10626","page","type-page","status-publish","has-post-thumbnail","hentry"],"acf":[],"_links":{"self":[{"href":"https:\/\/culturesconnection.com\/it\/wp-json\/wp\/v2\/pages\/10626","targetHints":{"allow":["GET"]}}],"collection":[{"href":"https:\/\/culturesconnection.com\/it\/wp-json\/wp\/v2\/pages"}],"about":[{"href":"https:\/\/culturesconnection.com\/it\/wp-json\/wp\/v2\/types\/page"}],"author":[{"embeddable":true,"href":"https:\/\/culturesconnection.com\/it\/wp-json\/wp\/v2\/users\/42"}],"replies":[{"embeddable":true,"href":"https:\/\/culturesconnection.com\/it\/wp-json\/wp\/v2\/comments?post=10626"}],"version-history":[{"count":0,"href":"https:\/\/culturesconnection.com\/it\/wp-json\/wp\/v2\/pages\/10626\/revisions"}],"up":[{"embeddable":true,"href":"https:\/\/culturesconnection.com\/it\/wp-json\/wp\/v2\/pages\/10029"}],"wp:featuredmedia":[{"embeddable":true,"href":"https:\/\/culturesconnection.com\/it\/wp-json\/wp\/v2\/media\/24333"}],"wp:attachment":[{"href":"https:\/\/culturesconnection.com\/it\/wp-json\/wp\/v2\/media?parent=10626"}],"curies":[{"name":"wp","href":"https:\/\/api.w.org\/{rel}","templated":true}]}}