{"id":10620,"date":"2018-09-18T13:12:08","date_gmt":"2018-09-18T12:12:08","guid":{"rendered":"http:\/\/culturesconnection.com\/?page_id=10620"},"modified":"2022-06-25T05:52:18","modified_gmt":"2022-06-25T03:52:18","slug":"traduzione-finanziaria-in-urdu","status":"publish","type":"page","link":"https:\/\/culturesconnection.com\/it\/servizi-di-traduzione-in-urdu\/traduzione-finanziaria-in-urdu\/","title":{"rendered":"Traduzione finanziaria in urdu"},"content":{"rendered":"\n<h2 class=\"wp-block-heading\">LA TRADUZIONE FINANZIARIA DALL\u2019ITALIANO ALL\u2019URDU: L\u2019IMPORTANZA DELLA PRECISIONE<\/h2>\n\n\n\n<p><span style=\"font-weight: 400;\">La traduzione finanziaria \u00e8 un esercizio di grande difficolt\u00e0 e tecnica; bisogna avere una profonda conoscenza della finanza, per capirne i concetti e saperne gestire la terminologia specifica. Per avere la garanzia di una<a href=\"https:\/\/culturesconnection.com\/it\/traduzione-finanziaria\/\"> traduzione finanziaria<\/a> in urdu precisa e di qualit\u00e0 \u00e8 fondamentale rivolgersi a un traduttore professionista specializzato, che ti garantir\u00e0 rigore, centrale nel settore finanziario. &nbsp;Questo ti permetter\u00e0 di evitare qualsiasi inconveniente legato a un errore di traduzione.<\/span><\/p>\n\n\n\n<h2 class=\"wp-block-heading\">LA NOSTRA AGENZIA DI &nbsp;TRADUZIONE<\/h2>\n\n\n\n<p><span style=\"font-weight: 400;\">La nostra <a href=\"https:\/\/culturesconnection.com\/it\/\">agenzia di traduzione<\/a> lavora in collaborazione con una vasta rete di traduttori professionisti, tra cui traduttori finanziari verso l\u2019urdu che conoscono alla perfezione il vocabolario e la lingua specifica. Sappiamo infatti che la qualit\u00e0 e la precisione sono essenziali per te e i nostri collaboratori sono rigorosamente selezionati. Si tratta di traduttori esperti e specializzati nel settore della traduzione finanziaria per offrirti <a href=\"https:\/\/culturesconnection.com\/it\/servizi-di-traduzione\/\">servizi di qualit\u00e0<\/a> e al miglior prezzo. Con Cultures Connection hai la garanzia di lasciare i tuoi documenti finanziari in buone mani. <\/span><\/p>\n\n\n\n<h2 class=\"wp-block-heading\">I TUOI DOCUMENTI FINANZIARI IN URDU<\/h2>\n\n\n\n<p><span style=\"font-weight: 400;\">Ecco qualche esempio di documenti finanziari che traduciamo pi\u00f9 di frequente:<\/span><\/p>\n\n\n\n<ul class=\"wp-block-list\"><li style=\"font-weight: 400;\"><span style=\"font-weight: 400;\">Relazioni di fondi d\u2019investimento<\/span><\/li><li style=\"font-weight: 400;\"><span style=\"font-weight: 400;\">Relazioni d\u2019attivit\u00e0<\/span><\/li><li style=\"font-weight: 400;\"><span style=\"font-weight: 400;\">Borsa<\/span><\/li><li style=\"font-weight: 400;\"><span style=\"font-weight: 400;\">Prospetti<\/span><\/li><li style=\"font-weight: 400;\"><span style=\"font-weight: 400;\">Lettere commerciali<\/span><\/li><li style=\"font-weight: 400;\"><span style=\"font-weight: 400;\">Documenti di gestione del rischio e gestione degli attivi<\/span><\/li><li style=\"font-weight: 400;\"><span style=\"font-weight: 400;\">Documenti di fusione e di acquisizioni<\/span><\/li><li style=\"font-weight: 400;\"><span style=\"font-weight: 400;\">Articoli di ricerca<\/span><\/li><li style=\"font-weight: 400;\"><span style=\"font-weight: 400;\">Rapporti di audit<\/span><\/li><li style=\"font-weight: 400;\"><span style=\"font-weight: 400;\">Bilanci<\/span><\/li><li style=\"font-weight: 400;\"><span style=\"font-weight: 400;\">Lettere di informazioni finanziarie<\/span><\/li><li style=\"font-weight: 400;\"><span style=\"font-weight: 400;\">Documenti d&#8217;Informazioni Chiave per gli Investitori (KIID)<\/span><\/li><\/ul>\n\n\n\n<h3 class=\"wp-block-heading\">&nbsp;Traduzione&nbsp;finanziaria&nbsp;in&nbsp;tutte le&nbsp;lingue<\/h3>\n\n\n\n<ul class=\"wp-block-list\"><li><a href=\"https:\/\/culturesconnection.com\/it\/traduzione-finanziaria-francese\/\">Traduzione&nbsp;finanziaria&nbsp;in&nbsp;francese<\/a><\/li><li><a href=\"https:\/\/culturesconnection.com\/it\/traduzione-finanziaria-in-spagnolo\/\">Traduzione&nbsp;finanziaria&nbsp;in&nbsp;spagnolo<\/a><\/li><li><a href=\"https:\/\/culturesconnection.com\/it\/traduzione-finanziaria-tedesco\/\">Traduzione&nbsp;finanziaria&nbsp;in&nbsp;tedesco<\/a><\/li><li><a href=\"https:\/\/culturesconnection.com\/it\/traduzione-finanziaria-in-arabo\/\">Traduzione&nbsp;finanziaria&nbsp;in&nbsp;arabo<\/a><\/li><li><a href=\"https:\/\/culturesconnection.com\/it\/traduzione-finanziaria-portoghese\/\">Traduzione&nbsp;finanziaria&nbsp;in&nbsp;portoghese<\/a><\/li><li><a href=\"https:\/\/culturesconnection.com\/it\/traduzione-finanziaria-inglese\/\">Traduzione&nbsp;finanziaria&nbsp;in inglese<\/a><\/li><li><a href=\"https:\/\/culturesconnection.com\/it\/traduzione-finanziaria-olandese\/\">Traduzione&nbsp;finanziaria in&nbsp;olandese<\/a><\/li><li><a href=\"https:\/\/culturesconnection.com\/it\/traduzione-finanziaria-turco\/\">Traduzione&nbsp;finanziaria&nbsp;in&nbsp;turco<\/a><\/li><li><a href=\"https:\/\/culturesconnection.com\/it\/traduzione-finanziaria-giapponese\/\">Traduzione&nbsp;finanziaria&nbsp;in&nbsp;giapponese<\/a><\/li><li><a href=\"https:\/\/culturesconnection.com\/it\/traduzione-finanziaria-russo\/\">Traduzione&nbsp;finanziaria&nbsp;in&nbsp;russo<\/a><\/li><\/ul>\n","protected":false},"excerpt":{"rendered":"<p>LA TRADUZIONE FINANZIARIA DALL\u2019ITALIANO ALL\u2019URDU: L\u2019IMPORTANZA DELLA PRECISIONE La traduzione finanziaria \u00e8 un esercizio di grande difficolt\u00e0 e tecnica; bisogna avere una profonda conoscenza della [&#8230;]<\/p>\n<p><a class=\"btn btn-secondary understrap-read-more-link\" href=\"https:\/\/culturesconnection.com\/it\/servizi-di-traduzione-in-urdu\/traduzione-finanziaria-in-urdu\/\">Leggi di pi\u00f9&#8230;<span class=\"screen-reader-text\"> from Traduzione finanziaria in urdu<\/span><\/a><\/p>\n","protected":false},"author":42,"featured_media":24333,"parent":10029,"menu_order":0,"comment_status":"closed","ping_status":"closed","template":"","meta":{"_acf_changed":false,"_editorskit_title_hidden":false,"_editorskit_reading_time":0,"_editorskit_is_block_options_detached":false,"_editorskit_block_options_position":"{}","footnotes":""},"class_list":["post-10620","page","type-page","status-publish","has-post-thumbnail","hentry"],"acf":[],"_links":{"self":[{"href":"https:\/\/culturesconnection.com\/it\/wp-json\/wp\/v2\/pages\/10620","targetHints":{"allow":["GET"]}}],"collection":[{"href":"https:\/\/culturesconnection.com\/it\/wp-json\/wp\/v2\/pages"}],"about":[{"href":"https:\/\/culturesconnection.com\/it\/wp-json\/wp\/v2\/types\/page"}],"author":[{"embeddable":true,"href":"https:\/\/culturesconnection.com\/it\/wp-json\/wp\/v2\/users\/42"}],"replies":[{"embeddable":true,"href":"https:\/\/culturesconnection.com\/it\/wp-json\/wp\/v2\/comments?post=10620"}],"version-history":[{"count":0,"href":"https:\/\/culturesconnection.com\/it\/wp-json\/wp\/v2\/pages\/10620\/revisions"}],"up":[{"embeddable":true,"href":"https:\/\/culturesconnection.com\/it\/wp-json\/wp\/v2\/pages\/10029"}],"wp:featuredmedia":[{"embeddable":true,"href":"https:\/\/culturesconnection.com\/it\/wp-json\/wp\/v2\/media\/24333"}],"wp:attachment":[{"href":"https:\/\/culturesconnection.com\/it\/wp-json\/wp\/v2\/media?parent=10620"}],"curies":[{"name":"wp","href":"https:\/\/api.w.org\/{rel}","templated":true}]}}