{"id":10618,"date":"2018-09-14T16:55:19","date_gmt":"2018-09-14T15:55:19","guid":{"rendered":"http:\/\/culturesconnection.com\/?page_id=10618"},"modified":"2022-06-25T05:50:28","modified_gmt":"2022-06-25T03:50:28","slug":"traduzione-di-videogiochi-in-coreano","status":"publish","type":"page","link":"https:\/\/culturesconnection.com\/it\/servizi-di-traduzione-in-coreano\/traduzione-di-videogiochi-in-coreano\/","title":{"rendered":"Traduzione di videogiochi in coreano"},"content":{"rendered":"\n<h2 class=\"wp-block-heading\">TRADUZIONE DI VIDEOGIOCHI IN COREANO<\/h2>\n\n\n\n<p>La cultura dei videogiochi \u00e8 molto importante in Corea del Sud, tanto che questa disciplina \u00e8 considerata come uno sport nazionale. Quindi, se vuoi sviluppare il tuo nuovo videogioco in questo paese, \u00e8 fondamentale che la tua traduzione sia di ottima qualit\u00e0. I giocatori coreani apprezzano molto poter giocare nella loro lingua e poter capire tutti gli intrighi e le risposte dei videogiochi. \u00c8 dunque molto importante rivolgersi a dei traduttori specializzati in questo settore che realizzeranno la miglior localizzazione possibile conoscendo le sottigliezze della cultura d\u2019arrivo.<\/p>\n\n\n\n<h2 class=\"wp-block-heading\">LOCALIZZA IL TUO VIDEOGIOCO IN COREANO<\/h2>\n\n\n\n<p>La nostra <a href=\"https:\/\/culturesconnection.com\/it\/\">agenzia di traduzione<\/a> lavora con una rete di traduttori che garantisce dei professionisti specializzati nella localizzazione dei videogiochi in coreano e che conoscono perfettamente il lavoro in quanto spesso, loro stessi, sono appassionati a questo settore e dunque esperti nel completare al meglio il lavoro di localizzazione. In effetti, la traduzione dei videogiochi si compone di diverse tappe che vanno dalla traduzione pura e dura dello script, all\u2019adattamento culturale dell\u2019interfaccia o anche dei supporti di comunicazione. Noi di Cultures Connection siamo consapevoli dell\u2019importanza della traduzione dei tuoi supporti, ecco perch\u00e9 ti assicuriamo <a href=\"https:\/\/culturesconnection.com\/it\/servizi-di-traduzione\/\">traduzioni di qualit\u00e0<\/a> grazie a specialisti del settore.<\/p>\n\n\n\n<h2 class=\"wp-block-heading\">I NOSTRI SERVIZI DI TRADUZIONE DI VIDEOGIOCHI<\/h2>\n\n\n\n<p>Ecco alcuni esempi di <a href=\"https:\/\/culturesconnection.com\/it\/traduzione-localizzazione-videogiochi\/\">servizi di traduzione e localizzazione<\/a> che proponiamo:<\/p>\n\n\n\n<ul class=\"wp-block-list\"><li style=\"font-weight: 400;\">Traduzione di videogiochi<\/li><li style=\"font-weight: 400;\">Localizzazione di videogiochi<\/li><li style=\"font-weight: 400;\">Gestione progetti<\/li><li style=\"font-weight: 400;\">Sottotitoli<\/li><li style=\"font-weight: 400;\">Registrazione e doppiaggio<\/li><li style=\"font-weight: 400;\">Controllo qualit\u00e0<\/li><\/ul>\n\n\n\n<h3 class=\"wp-block-heading\">&nbsp;Traduzione di videogiochi in tutte le lingue<\/h3>\n\n\n\n<ul class=\"wp-block-list\"><li><a href=\"https:\/\/culturesconnection.com\/it\/traduzione-videogiochi-spagnolo\/\">Traduzione di videogiochi in spagnolo<\/a><\/li><li><a href=\"https:\/\/culturesconnection.com\/it\/traduzione-videogiochi-tedesco\/\">Traduzione di videogiochi in tedesco<\/a><\/li><li><a href=\"https:\/\/culturesconnection.com\/it\/traduzione-videogiochi-cinese\/\">Traduzione di videogiochi in cinese<\/a><\/li><li><a href=\"https:\/\/culturesconnection.com\/it\/servizi-di-traduzione-per-videogiochi-in-arabo\/\">Traduzione di videogiochi in arabo<\/a><\/li><li><a href=\"https:\/\/culturesconnection.com\/it\/traduzione-videogiochi-portoghese\/\">Traduzione di videogiochi in portoghese<\/a><\/li><li><a href=\"https:\/\/culturesconnection.com\/it\/traduzione-videogiochi-inglese\/\">Traduzione di videogiochi in inglese<\/a><\/li><li><a href=\"https:\/\/culturesconnection.com\/it\/traduzione-videogiochi-olandese\/\">Traduzione di videogiochi in olandese<\/a><\/li><li><a href=\"https:\/\/culturesconnection.com\/it\/traduzione-videogiochi-turco\/\">Traduzione di videogiochi in turco<\/a><\/li><li><a href=\"https:\/\/culturesconnection.com\/it\/traduzione-videogiochi-giapponese\/\">Traduzione di videogiochi in giapponese<\/a><\/li><li><a href=\"https:\/\/culturesconnection.com\/it\/traduzione-videogiochi-russo\/\">Traduzione di videogiochi in russo<\/a><\/li><\/ul>\n","protected":false},"excerpt":{"rendered":"<p>TRADUZIONE DI VIDEOGIOCHI IN COREANO La cultura dei videogiochi \u00e8 molto importante in Corea del Sud, tanto che questa disciplina \u00e8 considerata come uno sport [&#8230;]<\/p>\n<p><a class=\"btn btn-secondary understrap-read-more-link\" href=\"https:\/\/culturesconnection.com\/it\/servizi-di-traduzione-in-coreano\/traduzione-di-videogiochi-in-coreano\/\">Leggi di pi\u00f9&#8230;<span class=\"screen-reader-text\"> from Traduzione di videogiochi in coreano<\/span><\/a><\/p>\n","protected":false},"author":42,"featured_media":24333,"parent":10026,"menu_order":0,"comment_status":"closed","ping_status":"closed","template":"","meta":{"_acf_changed":false,"_editorskit_title_hidden":false,"_editorskit_reading_time":0,"_editorskit_is_block_options_detached":false,"_editorskit_block_options_position":"{}","footnotes":""},"class_list":["post-10618","page","type-page","status-publish","has-post-thumbnail","hentry"],"acf":[],"_links":{"self":[{"href":"https:\/\/culturesconnection.com\/it\/wp-json\/wp\/v2\/pages\/10618","targetHints":{"allow":["GET"]}}],"collection":[{"href":"https:\/\/culturesconnection.com\/it\/wp-json\/wp\/v2\/pages"}],"about":[{"href":"https:\/\/culturesconnection.com\/it\/wp-json\/wp\/v2\/types\/page"}],"author":[{"embeddable":true,"href":"https:\/\/culturesconnection.com\/it\/wp-json\/wp\/v2\/users\/42"}],"replies":[{"embeddable":true,"href":"https:\/\/culturesconnection.com\/it\/wp-json\/wp\/v2\/comments?post=10618"}],"version-history":[{"count":0,"href":"https:\/\/culturesconnection.com\/it\/wp-json\/wp\/v2\/pages\/10618\/revisions"}],"up":[{"embeddable":true,"href":"https:\/\/culturesconnection.com\/it\/wp-json\/wp\/v2\/pages\/10026"}],"wp:featuredmedia":[{"embeddable":true,"href":"https:\/\/culturesconnection.com\/it\/wp-json\/wp\/v2\/media\/24333"}],"wp:attachment":[{"href":"https:\/\/culturesconnection.com\/it\/wp-json\/wp\/v2\/media?parent=10618"}],"curies":[{"name":"wp","href":"https:\/\/api.w.org\/{rel}","templated":true}]}}