{"id":10615,"date":"2018-09-14T17:10:55","date_gmt":"2018-09-14T16:10:55","guid":{"rendered":"http:\/\/culturesconnection.com\/?page_id=10615"},"modified":"2022-06-25T05:49:52","modified_gmt":"2022-06-25T03:49:52","slug":"traduzione-di-marketing-in-coreano","status":"publish","type":"page","link":"https:\/\/culturesconnection.com\/it\/servizi-di-traduzione-in-coreano\/traduzione-di-marketing-in-coreano\/","title":{"rendered":"Traduzione di marketing in coreano"},"content":{"rendered":"\n<h2 class=\"wp-block-heading\">LA TRADUZIONE DI MARKETING DALL\u2019ITALIANO AL COREANO: UNA RISORSA CULTURALE PER I TUOI PRODOTTI<\/h2>\n\n\n\n<p>La traduzione di marketing \u00e8 pi\u00f9 vicina alla localizzazione che alla semplice <a href=\"https:\/\/culturesconnection.com\/it\/servizi-di-traduzione\/\">traduzione<\/a>. In effetti, la localizzazione di marketing va al di l\u00e0 della traduzione delle parole; riguarda, ad esempio, la traduzione del messaggio veicolato con una pubblicit\u00e0. Localizzare il marketing significa adattare un messaggio pubblicitario a un altro mercato. Ecco perch\u00e9 una traduzione letteraria \u00e8 assolutamente da evitare nella pubblicit\u00e0 e nel marketing, in quanto potrebbe intaccare l\u2019immagine della tua azienda. Dunque, il primo compito di un traduttore di marketing \u00e8 localizzare il tuo veicolo pubblicitario per far arrivare il messaggio al pubblico di riferimento desiderato.<\/p>\n\n\n\n<h2 class=\"wp-block-heading\">I NOSTRI SERVIZI DI TRADUZIONE IN COREANO E IN ITALIANO<\/h2>\n\n\n\n<p>La nostra agenzia di traduzione lavora in stretta collaborazione con una vasta rete di traduttori specializzati nella <a href=\"https:\/\/culturesconnection.com\/it\/traduzione-marketing\/\">traduzione di marketing<\/a> per assicurarti traduzioni di qualit\u00e0. I nostri traduttori coreani sono tutti madrelingua e traducono solo verso il coreano. Sono anche specializzati in marketing grazie alla loro esperienza sul campo, in particolare nelle imprese, il che permette loro di conoscere alla perfezione la terminologia specifica e le sottigliezze del mercato di riferimento. Affidati a<a href=\"https:\/\/culturesconnection.com\/it\/\"> Cultures Connection<\/a> che ti garantir\u00e0 traduzioni di qualit\u00e0 a prezzi vantaggiosi.<\/p>\n\n\n\n<h2 class=\"wp-block-heading\">I TUOI DOCUMENTI DI MARKETING IN COREANO<\/h2>\n\n\n\n<p>Data la diversit\u00e0 dei veicoli di marketing e delle pubblicit\u00e0, Cultures Connection ti propone un\u2019ampia scelta di possibili traduzioni:<\/p>\n\n\n\n<ul class=\"wp-block-list\"><li style=\"font-weight: 400;\">Opuscoli<\/li><li style=\"font-weight: 400;\">Materiali pubblicitari<\/li><li style=\"font-weight: 400;\">Newsletter<\/li><li style=\"font-weight: 400;\">Siti e-commerce<\/li><li style=\"font-weight: 400;\">D\u00e9pliant<\/li><li style=\"font-weight: 400;\">Campagne di marketing<\/li><li style=\"font-weight: 400;\">Annunci<\/li><li style=\"font-weight: 400;\">Siti web<\/li><li style=\"font-weight: 400;\">Slogan<\/li><li style=\"font-weight: 400;\">Loghi<\/li><li style=\"font-weight: 400;\">Presentazioni<\/li><li style=\"font-weight: 400;\">Lanci di prodotti<\/li><li style=\"font-weight: 400;\">Comunicati stampa<\/li><li style=\"font-weight: 400;\">E-book<\/li><\/ul>\n\n\n\n<h3 class=\"wp-block-heading\">&nbsp;Traduzione&nbsp;di&nbsp;marketing&nbsp;in&nbsp;tutte&nbsp;le&nbsp;lingue<\/h3>\n\n\n\n<ul class=\"wp-block-list\"><li><a href=\"https:\/\/culturesconnection.com\/it\/traduzione-marketing-spagnolo\/\">Traduzione&nbsp;in&nbsp;spagnolo&nbsp;di&nbsp;marketing<\/a><\/li><li><a href=\"https:\/\/culturesconnection.com\/it\/traduzione-marketing-tedesco\/\">Traduzione&nbsp;in&nbsp;tedesco&nbsp;di&nbsp;marketing<\/a><\/li><li><a href=\"https:\/\/culturesconnection.com\/it\/traduzione-marketing-cinese\/\">Traduzione&nbsp;in&nbsp;cinese&nbsp;di&nbsp;marketing<\/a><\/li><li><a href=\"https:\/\/culturesconnection.com\/it\/traduzione-di-marketing-in-arabo\/\">Traduzione&nbsp;in&nbsp;arabo&nbsp;di&nbsp;marketing<\/a><\/li><li><a href=\"https:\/\/culturesconnection.com\/it\/traduzione-marketing-portoghese\/\">Traduzione&nbsp;in&nbsp;portoghese&nbsp;di&nbsp;marketing<\/a><\/li><li><a href=\"https:\/\/culturesconnection.com\/it\/traduzione-per-il-marketing-in-inglese\/\">Traduzione&nbsp;in&nbsp;inglese di&nbsp;marketing<\/a><\/li><li><a href=\"https:\/\/culturesconnection.com\/it\/traduzioni-marketing-olandese\/\">Traduzione&nbsp;in&nbsp;olandese&nbsp;di&nbsp;marketing<\/a><\/li><li><a href=\"https:\/\/culturesconnection.com\/it\/traduzione-marketing-turco\/\">Traduzione&nbsp;in&nbsp;turco&nbsp;di&nbsp;marketing<\/a><\/li><li><a href=\"https:\/\/culturesconnection.com\/it\/traduzione-marketing-giapponese\/\">Traduzione&nbsp;in&nbsp;giapponese&nbsp;di&nbsp;marketing<\/a><\/li><li><a href=\"\/?page_id=6042\">Traduzione&nbsp;in&nbsp;russo&nbsp;di&nbsp;marketing<\/a><\/li><\/ul>\n","protected":false},"excerpt":{"rendered":"<p>LA TRADUZIONE DI MARKETING DALL\u2019ITALIANO AL COREANO: UNA RISORSA CULTURALE PER I TUOI PRODOTTI La traduzione di marketing \u00e8 pi\u00f9 vicina alla localizzazione che alla [&#8230;]<\/p>\n<p><a class=\"btn btn-secondary understrap-read-more-link\" href=\"https:\/\/culturesconnection.com\/it\/servizi-di-traduzione-in-coreano\/traduzione-di-marketing-in-coreano\/\">Leggi di pi\u00f9&#8230;<span class=\"screen-reader-text\"> from Traduzione di marketing in coreano<\/span><\/a><\/p>\n","protected":false},"author":42,"featured_media":24333,"parent":10026,"menu_order":0,"comment_status":"closed","ping_status":"closed","template":"","meta":{"_acf_changed":false,"_editorskit_title_hidden":false,"_editorskit_reading_time":0,"_editorskit_is_block_options_detached":false,"_editorskit_block_options_position":"{}","footnotes":""},"class_list":["post-10615","page","type-page","status-publish","has-post-thumbnail","hentry"],"acf":[],"_links":{"self":[{"href":"https:\/\/culturesconnection.com\/it\/wp-json\/wp\/v2\/pages\/10615","targetHints":{"allow":["GET"]}}],"collection":[{"href":"https:\/\/culturesconnection.com\/it\/wp-json\/wp\/v2\/pages"}],"about":[{"href":"https:\/\/culturesconnection.com\/it\/wp-json\/wp\/v2\/types\/page"}],"author":[{"embeddable":true,"href":"https:\/\/culturesconnection.com\/it\/wp-json\/wp\/v2\/users\/42"}],"replies":[{"embeddable":true,"href":"https:\/\/culturesconnection.com\/it\/wp-json\/wp\/v2\/comments?post=10615"}],"version-history":[{"count":0,"href":"https:\/\/culturesconnection.com\/it\/wp-json\/wp\/v2\/pages\/10615\/revisions"}],"up":[{"embeddable":true,"href":"https:\/\/culturesconnection.com\/it\/wp-json\/wp\/v2\/pages\/10026"}],"wp:featuredmedia":[{"embeddable":true,"href":"https:\/\/culturesconnection.com\/it\/wp-json\/wp\/v2\/media\/24333"}],"wp:attachment":[{"href":"https:\/\/culturesconnection.com\/it\/wp-json\/wp\/v2\/media?parent=10615"}],"curies":[{"name":"wp","href":"https:\/\/api.w.org\/{rel}","templated":true}]}}