{"id":10605,"date":"2018-09-14T17:24:00","date_gmt":"2018-09-14T16:24:00","guid":{"rendered":"http:\/\/culturesconnection.com\/?page_id=10605"},"modified":"2022-06-25T05:47:10","modified_gmt":"2022-06-25T03:47:10","slug":"traduzione-commerciale-in-coreano","status":"publish","type":"page","link":"https:\/\/culturesconnection.com\/it\/servizi-di-traduzione-in-coreano\/traduzione-commerciale-in-coreano\/","title":{"rendered":"Traduzione commerciale in coreano"},"content":{"rendered":"\n<h2 class=\"wp-block-heading\">LA TRADUZIONE COMMERCIALE DALL\u2019ITALIANO AL COREANO: UNA TAPPA CRUCIALE PER I TUOI SCAMBI INTERNAZIONALI<\/h2>\n\n\n\n<p>Al giorno d\u2019oggi, la crescita esponenziale degli scambi commerciali ha fatto s\u00ec che una traduzione di qualit\u00e0, ad esempio, pu\u00f2 fare la differenza per i tuoi futuri negoziati. Ogni paese ha la propria cultura commerciale ed \u00e8 essenziale conoscerne le differenze quando la tua azienda cresce a livello internazionale. Dunque, se vuoi conquistare il mercato coreano, avrai bisogno di un <a href=\"https:\/\/culturesconnection.com\/it\/servizi-di-traduzione\/\">traduttore specializzato<\/a> in questa lingua e in traduzione commerciale, che conosce le sottigliezze del mercato di riferimento e la sua terminologia. Rivolgiti alla nostra <a href=\"https:\/\/culturesconnection.com\/it\/\">agenzia di traduzione<\/a> per tradurre i tuoi documenti commerciali in coreano.<\/p>\n\n\n\n<h2 class=\"wp-block-heading\">TRADUTTORI COREANI A TUA DISPOSIZIONE<\/h2>\n\n\n\n<p>Hai bisogno di traduzioni in coreano di qualit\u00e0 per i tuoi documenti commerciali? La nostra agenzia di traduzione \u00e8 la risposta alle tue richieste. Il nostro segreto? Una vasta esperienza nel settore della <a href=\"https:\/\/culturesconnection.com\/it\/servizi-di-traduzione-commerciale\/\">traduzione commerciale<\/a> e una rete di traduttori professionisti ed esperti a tua disposizione. Tutti i nostri traduttori sono madrelingua e traducono solo verso la loro lingua madre. Conoscono perfettamente l\u2019italiano e il coreano cos\u00ec come il vocabolario commerciale specialistico. La nostra agenzia di traduzione ti fornir\u00e0 traduttori di qualit\u00e0, dato che le loro competenze linguistiche e terminologiche sono sempre valutate e verificate.<\/p>\n\n\n\n<h2 class=\"wp-block-heading\">I TUOI DOCUMENTI COMMERCIALI IN COREANO<\/h2>\n\n\n\n<p>Il compito dei nostri traduttori \u00e8 tradurre i tuoi documenti commerciali e aiutarti a crescere a livello internazionale. Ecco una lista di alcuni progetti di traduzione commerciale pi\u00f9 frequenti &nbsp;in coreano:<\/p>\n\n\n\n<ul class=\"wp-block-list\"><li style=\"font-weight: 400;\">Opuscoli<\/li><li style=\"font-weight: 400;\">D\u00e9pliant<\/li><li style=\"font-weight: 400;\">Biglietti da visita<\/li><li style=\"font-weight: 400;\">Lanci di prodotti<\/li><li style=\"font-weight: 400;\">Campagne<\/li><li style=\"font-weight: 400;\">Siti web<\/li><li style=\"font-weight: 400;\">Cataloghi<\/li><li style=\"font-weight: 400;\">Presentazioni<\/li><li style=\"font-weight: 400;\">Materiale pubblicitaro<\/li><li style=\"font-weight: 400;\">Studi di mercato<\/li><li style=\"font-weight: 400;\">Bollettini commerciali<\/li><li style=\"font-weight: 400;\">Libri bianchi<\/li><li style=\"font-weight: 400;\">Pubblicit\u00e0<\/li><\/ul>\n\n\n\n<h3 class=\"wp-block-heading\">&nbsp;Traduzione&nbsp;commerciale&nbsp;in&nbsp;tutte&nbsp;le&nbsp;lingue<\/h3>\n\n\n\n<ul class=\"wp-block-list\"><li><a href=\"https:\/\/culturesconnection.com\/it\/traduzione-commerciale-francese\/\">Traduzione&nbsp;commerciale&nbsp;in&nbsp;francese<\/a><\/li><li><a href=\"https:\/\/culturesconnection.com\/it\/traduzione-commerciale-spagnolo\/\">Traduzione&nbsp;commerciale&nbsp;in&nbsp;spagnolo<\/a><\/li><li><a href=\"https:\/\/culturesconnection.com\/it\/traduzione-commerciale-tedesco\/\">Traduzione&nbsp;commerciale&nbsp;in&nbsp;tedesco<\/a><\/li><li><a href=\"https:\/\/culturesconnection.com\/it\/traduzione-commerciale-cinese\/\">Traduzione&nbsp;commerciale&nbsp;in&nbsp;cinese<\/a><\/li><li><a href=\"https:\/\/culturesconnection.com\/it\/traduzione-di-documenti-commerciali-in-arabo\/\">Traduzione&nbsp;commerciale&nbsp;in&nbsp;arabo<\/a><\/li><li><a href=\"https:\/\/culturesconnection.com\/it\/traduzione-commerciale-portoghese\/\">Traduzione&nbsp;commerciale&nbsp;in&nbsp;portoghese<\/a><\/li><li><a href=\"https:\/\/culturesconnection.com\/it\/traduzione-commerciale-inglese\/\">Traduzione&nbsp;commerciale&nbsp;in inglese<\/a><\/li><li><a href=\"https:\/\/culturesconnection.com\/it\/traduzione-commerciale-olandese\/\">Traduzione&nbsp;commerciale&nbsp;in&nbsp;olandese<\/a><\/li><li><a href=\"https:\/\/culturesconnection.com\/it\/traduzione-commerciale-turco\/\">Traduzione&nbsp;commerciale&nbsp;in&nbsp;turco<\/a><\/li><li><a href=\"https:\/\/culturesconnection.com\/it\/traduzione-commerciale-russo\/\">Traduzione&nbsp;commerciale&nbsp;in&nbsp;russo<\/a><\/li><\/ul>\n","protected":false},"excerpt":{"rendered":"<p>LA TRADUZIONE COMMERCIALE DALL\u2019ITALIANO AL COREANO: UNA TAPPA CRUCIALE PER I TUOI SCAMBI INTERNAZIONALI Al giorno d\u2019oggi, la crescita esponenziale degli scambi commerciali ha fatto [&#8230;]<\/p>\n<p><a class=\"btn btn-secondary understrap-read-more-link\" href=\"https:\/\/culturesconnection.com\/it\/servizi-di-traduzione-in-coreano\/traduzione-commerciale-in-coreano\/\">Leggi di pi\u00f9&#8230;<span class=\"screen-reader-text\"> from Traduzione commerciale in coreano<\/span><\/a><\/p>\n","protected":false},"author":42,"featured_media":24333,"parent":10026,"menu_order":0,"comment_status":"closed","ping_status":"closed","template":"","meta":{"_acf_changed":false,"_editorskit_title_hidden":false,"_editorskit_reading_time":0,"_editorskit_is_block_options_detached":false,"_editorskit_block_options_position":"{}","footnotes":""},"class_list":["post-10605","page","type-page","status-publish","has-post-thumbnail","hentry"],"acf":[],"_links":{"self":[{"href":"https:\/\/culturesconnection.com\/it\/wp-json\/wp\/v2\/pages\/10605","targetHints":{"allow":["GET"]}}],"collection":[{"href":"https:\/\/culturesconnection.com\/it\/wp-json\/wp\/v2\/pages"}],"about":[{"href":"https:\/\/culturesconnection.com\/it\/wp-json\/wp\/v2\/types\/page"}],"author":[{"embeddable":true,"href":"https:\/\/culturesconnection.com\/it\/wp-json\/wp\/v2\/users\/42"}],"replies":[{"embeddable":true,"href":"https:\/\/culturesconnection.com\/it\/wp-json\/wp\/v2\/comments?post=10605"}],"version-history":[{"count":0,"href":"https:\/\/culturesconnection.com\/it\/wp-json\/wp\/v2\/pages\/10605\/revisions"}],"up":[{"embeddable":true,"href":"https:\/\/culturesconnection.com\/it\/wp-json\/wp\/v2\/pages\/10026"}],"wp:featuredmedia":[{"embeddable":true,"href":"https:\/\/culturesconnection.com\/it\/wp-json\/wp\/v2\/media\/24333"}],"wp:attachment":[{"href":"https:\/\/culturesconnection.com\/it\/wp-json\/wp\/v2\/media?parent=10605"}],"curies":[{"name":"wp","href":"https:\/\/api.w.org\/{rel}","templated":true}]}}