{"id":104239,"date":"2024-03-19T00:52:58","date_gmt":"2024-03-18T23:52:58","guid":{"rendered":"https:\/\/culturesconnection.com\/?page_id=104239"},"modified":"2024-03-19T00:53:00","modified_gmt":"2024-03-18T23:53:00","slug":"preventivo-gratuito-per-i-servizi-di-interpretariato","status":"publish","type":"page","link":"https:\/\/culturesconnection.com\/it\/preventivo-gratuito-per-i-servizi-di-interpretariato\/","title":{"rendered":"Il nostro preventivo gratuito per i servizi di interpretariato"},"content":{"rendered":"\n<h2 class=\"wp-block-heading\" id=\"h-che-cos-e-un-preventivo-gratuito-per-i-servizi-di-interpretariato\">Che cos&#8217;\u00e8 un preventivo gratuito per i servizi di interpretariato?<\/h2>\n\n\n\n<p><a href=\"https:\/\/culturesconnection.com\/it\/\" class=\"ek-link\">Cultures Connection<\/a> \u00e8 un fornitore di servizi linguistici con sede in Francia, Stati Uniti e Argentina. Offriamo un&#8217;ampia gamma di servizi di interpretariato professionale. Che abbiate bisogno di un servizio di interpretariato consecutivo, simultaneo o di collegamento, in loco o a distanza, il nostro team pu\u00f2 aiutarvi. Tutto ci\u00f2 che dovete fare \u00e8 contattarci per ottenere un preventivo gratuito per i servizi di interpretariato.<\/p>\n\n\n\n<p>Per Cultures Connection, il preventivo \u00e8 gratuito e lo prepariamo il pi\u00f9 rapidamente possibile. Se avete una richiesta urgente, chiamate i nostri uffici e parlate con un project manager.<\/p>\n\n\n\n<p>Il nostro team fornisce numerosi preventivi per un&#8217;ampia gamma di progetti di interpretariato, sia in loco che a distanza. Forniamo risposte chiare alle domande dei clienti che desiderano maggiori informazioni su prezzi e servizi.<\/p>\n\n\n\n<h2 class=\"wp-block-heading\" id=\"h-capire-un-preventivo-di-interpretariato-e-facile\">Capire un preventivo di interpretariato \u00e8 facile<\/h2>\n\n\n\n<p>Per preparare un preventivo gratuito per i <a href=\"https:\/\/culturesconnection.com\/it\/i-nostri-servizi-di-interpretariato\/\" class=\"ek-link\">servizi di interpretariato<\/a>, il nostro team prende in considerazione diversi fatti chiave relativi all&#8217;evento, alla riunione o alla formazione per cui avete bisogno di interpreti. Il prezzo del servizio varia in base ai seguenti criteri:<\/p>\n\n\n\n<p>&#8211; <strong>Il tipo di servizio di interpretariato<\/strong>: a seconda della dinamica della riunione, vi offriremo un servizio di interpretariato di conferenza &#8211; noto anche come interpretariato simultaneo &#8211; un servizio di interpretariato consecutivo, un servizio di interpretariato di collegamento o un servizio di interpretariato sussurrato;<\/p>\n\n\n\n<p>&#8211; <strong>Il numero di interpreti di cui avete bisogno<\/strong>: il numero di professionisti da ingaggiare varia a seconda del tipo di servizio di interpretariato (ad esempio, per rispettare gli standard di qualit\u00e0, per la simultanea \u00e8 necessario un minimo di due interpreti), della durata dell&#8217;evento e del numero di lingue da tradurre oralmente;<\/p>\n\n\n\n<p>&#8211; <strong>Il vostro settore di attivit\u00e0<\/strong>: alcuni campi comportano un livello di specializzazione e di tecnicit\u00e0 pi\u00f9 elevato di altri;<\/p>\n\n\n\n<p><strong>&#8211; L&#8217;attrezzatura necessaria per l&#8217;interpretariato<\/strong>: a seconda del tipo di servizio di interpretariato, del numero di relatori e di partecipanti, raccomanderemo il noleggio di determinate <a href=\"https:\/\/culturesconnection.com\/it\/attrezzatura-per-linterpretazione\/\" class=\"ek-link\">attrezzature per l&#8217;interpretariato<\/a>, come microfoni, computer portatili, console audio o cabine;<\/p>\n\n\n\n<p>&#8211; <strong>Spese aggiuntive<\/strong>: viaggio, vitto, alloggio, assicurazione, registrazione video o audio.<\/p>\n","protected":false},"excerpt":{"rendered":"<p>Che cos&#8217;\u00e8 un preventivo gratuito per i servizi di interpretariato? Cultures Connection \u00e8 un fornitore di servizi linguistici con sede in Francia, Stati Uniti e [&#8230;]<\/p>\n<p><a class=\"btn btn-secondary understrap-read-more-link\" href=\"https:\/\/culturesconnection.com\/it\/preventivo-gratuito-per-i-servizi-di-interpretariato\/\">Leggi di pi\u00f9&#8230;<span class=\"screen-reader-text\"> from Il nostro preventivo gratuito per i servizi di interpretariato<\/span><\/a><\/p>\n","protected":false},"author":52,"featured_media":19575,"parent":0,"menu_order":0,"comment_status":"closed","ping_status":"closed","template":"","meta":{"_acf_changed":false,"_editorskit_title_hidden":false,"_editorskit_reading_time":0,"_editorskit_is_block_options_detached":false,"_editorskit_block_options_position":"{}","footnotes":""},"class_list":["post-104239","page","type-page","status-publish","has-post-thumbnail","hentry"],"acf":[],"_links":{"self":[{"href":"https:\/\/culturesconnection.com\/it\/wp-json\/wp\/v2\/pages\/104239","targetHints":{"allow":["GET"]}}],"collection":[{"href":"https:\/\/culturesconnection.com\/it\/wp-json\/wp\/v2\/pages"}],"about":[{"href":"https:\/\/culturesconnection.com\/it\/wp-json\/wp\/v2\/types\/page"}],"author":[{"embeddable":true,"href":"https:\/\/culturesconnection.com\/it\/wp-json\/wp\/v2\/users\/52"}],"replies":[{"embeddable":true,"href":"https:\/\/culturesconnection.com\/it\/wp-json\/wp\/v2\/comments?post=104239"}],"version-history":[{"count":0,"href":"https:\/\/culturesconnection.com\/it\/wp-json\/wp\/v2\/pages\/104239\/revisions"}],"wp:featuredmedia":[{"embeddable":true,"href":"https:\/\/culturesconnection.com\/it\/wp-json\/wp\/v2\/media\/19575"}],"wp:attachment":[{"href":"https:\/\/culturesconnection.com\/it\/wp-json\/wp\/v2\/media?parent=104239"}],"curies":[{"name":"wp","href":"https:\/\/api.w.org\/{rel}","templated":true}]}}