{"id":10230,"date":"2018-06-29T10:32:40","date_gmt":"2018-06-29T08:32:40","guid":{"rendered":"http:\/\/culturesconnection.com\/?page_id=10230"},"modified":"2022-06-25T04:00:19","modified_gmt":"2022-06-25T02:00:19","slug":"servizi-di-traduzione-italiano-russo","status":"publish","type":"page","link":"https:\/\/culturesconnection.com\/it\/servizi-di-traduzione-italiano-russo\/","title":{"rendered":"I nostri servizi di traduzione italiano russo"},"content":{"rendered":"\n<h2 class=\"wp-block-heading\">I nostri servizi di traduzione italiano russo<\/h2>\n\n\n\n<p>Se desideri espandere la tua attivit\u00e0 in Russia, la traduzione dei tuoi contenuti \u00e8 una tappa obbligatoria e chiaramente una delle pi\u00f9 importanti. Noi offriamo ci\u00f2 di cui hai bisogno! Per poterti garantire un servizio di qualit\u00e0 la <a href=\"https:\/\/culturesconnection.com\/it\/\">nostra agenzia di traduzione<\/a> e tutti i suoi traduttori professionisti si impegnano a rispettare i seguenti valori: eccellenza, rigore e integrit\u00e0. La nostra agenzia propone quattri tipi differenti di qualit\u00e0, base, standard, specializzata e premium, per potersi adattare a qualsiasi budget. Ti garantiamo sicurezza, precisione e coerenza. Grazie a un servizio personalizzato, potrai beneficiare di un contatto privilegiato con il nostro team. I nostri traduttori e project manager sono a tua disposizione 18 ore al giorno!<\/p>\n\n\n\n<h2 class=\"wp-block-heading\">I nostri traduttori professionisti italiano russo<\/h2>\n\n\n\n<p>Realizzare una traduzione italiano russo non \u00e8 compito facile poich\u00e9 queste due lingue differiscono considerevolmente sia dal punto di vista linguistico che culturale. Per potersi adattare al meglio alla realt\u00e0 del mercato russo, i nostri esperti sono tutti di <a href=\"https:\/\/culturesconnection.com\/it\/servizi-di-traduzione\/\">madrelingua<\/a>&nbsp;russi. Collaboriamo esclusivamente con traduttori professionisti laureati e specializzati. Selezionati con l\u2019aiuto di una prova, i nostri esperti possiedono tutti un settore di specializzazione specifico. In questo modo, ci sforziamo di trovare il traduttore pi\u00f9 adatto al tuo settore di attivit\u00e0.<\/p>\n\n\n\n<p>Cultures Connection \u00e8 un\u2019agenzia di traduzione prefessionale con sede in Francia e Argentina. Grazia alla sua ubicazione geografica su due continenti, il suo team \u00e8 a tua disposizione 18 ore al giorno. Tra i nostri servizi di <a href=\"https:\/\/culturesconnection.com\/it\/traduzione-russo\/\">traduzione russa<\/a> troverai:<\/p>\n\n\n\n<ul class=\"wp-block-list\"><li><a href=\"https:\/\/culturesconnection.com\/it\/traduzione-finanziaria-russo\/\">Servizi di traduzione finanziaria in russo<\/a><\/li><li><a href=\"https:\/\/culturesconnection.com\/it\/traduzione-commerciale-russo\/\">Servizi di traduzione commerciale in russo<\/a><\/li><li><a href=\"https:\/\/culturesconnection.com\/it\/traduzione-scientifica-russo\/\">Servizi di traduzione scientifica in russo<\/a><\/li><li><a href=\"https:\/\/culturesconnection.com\/it\/traduzione-medica-russo\/\">Servizi di traduzione medica in russo<\/a><\/li><li><a href=\"https:\/\/culturesconnection.com\/it\/traduzione-tecnica-russo\/\">Servizi di traduzione tecnica in russo<\/a><\/li><li><a href=\"https:\/\/culturesconnection.com\/it\/traduzione-giuridica-russo\/\">Servizi di traduzione giuridica in russo<\/a><\/li><li>Servizi di traduzione marketing in russo<\/li><li><a href=\"https:\/\/culturesconnection.com\/it\/traduzione-siti-web-russo\/\">Servizi di traduzione di siti web in russo<\/a><\/li><li><a href=\"https:\/\/culturesconnection.com\/it\/sottotitolaggio-russo\/\">Servizi di traduzione audiovisiva in russo<\/a><\/li><li><a href=\"https:\/\/culturesconnection.com\/it\/traduzione-videogiochi-russo\/\">Servizi di traduzione di videogiochi in russo<\/a><\/li><\/ul>\n\n\n\n<h3 class=\"wp-block-heading\">&nbsp;Combinazioni linguistiche pi\u00f9 richieste<\/h3>\n\n\n\n<ul class=\"wp-block-list\"><li><a href=\"https:\/\/culturesconnection.com\/it\/servizi-di-traduzione-italiano-inglese\/\">Traduzione italiano inglese<\/a><\/li><li><a href=\"https:\/\/culturesconnection.com\/it\/servizi-di-traduzione-italiano-tedesco\/\">Traduzione italiano tedesco<\/a><\/li><li><a href=\"https:\/\/culturesconnection.com\/it\/servizi-di-traduzione-italiano-cinese\/\">Traduzione italiano cinese<\/a><\/li><li><a href=\"https:\/\/culturesconnection.com\/it\/servizi-di-traduzione-italiano-spagnolo\/\">Traduzione italiano spagnolo<\/a><\/li><li><a href=\"https:\/\/culturesconnection.com\/it\/servizi-di-traduzione-italiano-arabo\/\">Traduzione italiano arabo<\/a><a href=\"https:\/\/culturesconnection.com\/it\/servizi-di-traduzione-italiano-cinese\/\"><\/a><\/li><li><a href=\"https:\/\/culturesconnection.com\/it\/servizi-di-traduzione-italiano-portoghese\/\">Traduzione italiano portoghese<\/a><a href=\"https:\/\/culturesconnection.com\/it\/servizi-di-traduzione-italiano-cinese\/\"><\/a><\/li><li><a href=\"https:\/\/culturesconnection.com\/it\/servizi-di-traduzione-italiano-francese\/\">Traduzione italiano francese<\/a><a href=\"https:\/\/culturesconnection.com\/it\/servizi-di-traduzione-italiano-cinese\/\"><\/a><\/li><li><a href=\"https:\/\/culturesconnection.com\/it\/servizi-di-traduzione-italiano-giapponese\/\">Traduzione italiano giapponese<\/a><\/li><li>Traduzione italiano olandese<a href=\"https:\/\/culturesconnection.com\/it\/servizi-di-traduzione-italiano-cinese\/\"><\/a><\/li><li>Traduzione italiano turco<\/li><\/ul>\n","protected":false},"excerpt":{"rendered":"<p>I nostri servizi di traduzione italiano russo Se desideri espandere la tua attivit\u00e0 in Russia, la traduzione dei tuoi contenuti \u00e8 una tappa obbligatoria e [&#8230;]<\/p>\n<p><a class=\"btn btn-secondary understrap-read-more-link\" href=\"https:\/\/culturesconnection.com\/it\/servizi-di-traduzione-italiano-russo\/\">Leggi di pi\u00f9&#8230;<span class=\"screen-reader-text\"> from I nostri servizi di traduzione italiano russo<\/span><\/a><\/p>\n","protected":false},"author":42,"featured_media":0,"parent":0,"menu_order":0,"comment_status":"closed","ping_status":"closed","template":"","meta":{"_acf_changed":false,"_editorskit_title_hidden":false,"_editorskit_reading_time":0,"_editorskit_is_block_options_detached":false,"_editorskit_block_options_position":"{}","footnotes":""},"class_list":["post-10230","page","type-page","status-publish","hentry"],"acf":[],"_links":{"self":[{"href":"https:\/\/culturesconnection.com\/it\/wp-json\/wp\/v2\/pages\/10230","targetHints":{"allow":["GET"]}}],"collection":[{"href":"https:\/\/culturesconnection.com\/it\/wp-json\/wp\/v2\/pages"}],"about":[{"href":"https:\/\/culturesconnection.com\/it\/wp-json\/wp\/v2\/types\/page"}],"author":[{"embeddable":true,"href":"https:\/\/culturesconnection.com\/it\/wp-json\/wp\/v2\/users\/42"}],"replies":[{"embeddable":true,"href":"https:\/\/culturesconnection.com\/it\/wp-json\/wp\/v2\/comments?post=10230"}],"version-history":[{"count":0,"href":"https:\/\/culturesconnection.com\/it\/wp-json\/wp\/v2\/pages\/10230\/revisions"}],"wp:attachment":[{"href":"https:\/\/culturesconnection.com\/it\/wp-json\/wp\/v2\/media?parent=10230"}],"curies":[{"name":"wp","href":"https:\/\/api.w.org\/{rel}","templated":true}]}}