{"id":10190,"date":"2018-06-29T10:00:42","date_gmt":"2018-06-29T08:00:42","guid":{"rendered":"http:\/\/culturesconnection.com\/?page_id=10190"},"modified":"2022-06-25T03:59:51","modified_gmt":"2022-06-25T01:59:51","slug":"servizi-di-traduzione-italiano-portoghese","status":"publish","type":"page","link":"https:\/\/culturesconnection.com\/it\/servizi-di-traduzione-italiano-portoghese\/","title":{"rendered":"I nostri servizi di traduzione italiano portoghese"},"content":{"rendered":"\n<h2 class=\"wp-block-heading\">I nostri servizi di traduzione italiano portoghese<\/h2>\n\n\n\n<p>Il Brasile \u00e8 un gigante economico che offre dei mercati diversificati e interessanti. \u00c8 anche il secondo esportatore mondiale di prodotti minerari. Inoltre, non serve ricordare che l\u2019Italia \u00e8 uno dei principali paesi fornitori del Portogallo. Circa 150 imprese italiane operano in Portogallo, perch\u00e9 non la tua, dunque? La traduzione dei tuoi contenuti ti far\u00e0 guadagnare un po\u2019 di vantaggio sulla concorrenza. La nostra <a href=\"https:\/\/culturesconnection.com\/it\/\">agenzia di traduzione<\/a>&nbsp;propone quattro diversi tipi di qualit\u00e0 (base, standard, specializzata e premium) per potersi adattare al meglio al tuo budget, alle tue necessit\u00e0 e ai tempi a disposizione.<\/p>\n\n\n\n<h2 class=\"wp-block-heading\">Hai bisogno di un traduttore professionista italiano portoghese?<\/h2>\n\n\n\n<p>La nostra agenzia di traduzione gestisce i tuoi progetti con seriet\u00e0 e professionalit\u00e0. Grazie ad un\u2019ampia rete di traduttori professionisti, il nostro team sapr\u00e0 trovare l\u2019esperto pi\u00f9 adeguato al settore in questione. Infatti, noi lavoriamo con dei traduttori appassionati che sono specializzati in settori di attivit\u00e0 specifici. Nel rispetto della normativa in vigore, traducono sempre verso la propria <a href=\"https:\/\/culturesconnection.com\/it\/servizi-di-traduzione\/\">lingua <\/a>materna. Inoltre il nostro team di traduttori si impegna a rispettare tre valori fondamentali: qualit\u00e0, integrit\u00e0 e rigore. Siamo consapevoli del fatto che i tuoi documenti tradotti rifletteranno la seriet\u00e0 della tua impresa, pertanto ci impegnamo a fornirti sempre delle traduzioni di qualit\u00e0.<\/p>\n\n\n\n<h2 class=\"wp-block-heading\">La nostra agenzia di traduzione professionale<\/h2>\n\n\n\n<p>La nostra agenzia di traduzione ha sede in Francia e Argentina e ci\u00f2 ci permette di soddisfare i tuoi bisogni 18 ore al giorno, 7 giorni su 7. Proponiamo un\u2019ampia gamma di servizi di <a href=\"https:\/\/culturesconnection.com\/it\/traduzione-portoghese\/\">traduzione portoghese<\/a>, come ad esempio:<\/p>\n\n\n\n<ul class=\"wp-block-list\"><li><a href=\"https:\/\/culturesconnection.com\/it\/traduzione-finanziaria-portoghese\/\">Servizi di traduzione finanziaria portoghese<\/a><\/li><li><a href=\"https:\/\/culturesconnection.com\/it\/traduzione-commerciale-portoghese\/\">Servizi di traduzione commerciale portoghese<\/a><\/li><li><a href=\"https:\/\/culturesconnection.com\/it\/traduzione-scientifica-portoghese\/\">Servizi di traduzione scientifica portoghese<\/a><\/li><li><a href=\"https:\/\/culturesconnection.com\/it\/traduzione-medica-portoghese\/\">Servizi di traduzione medica portoghese<\/a><\/li><li><a href=\"https:\/\/culturesconnection.com\/it\/traduzione-tecnica-portoghese\/\">Servizi di traduzione tecnica portoghese<\/a><\/li><li><a href=\"https:\/\/culturesconnection.com\/it\/traduzione-giuridica-portoghese\/\">Servizi di traduzione giuridica portoghese<\/a><\/li><li><a href=\"https:\/\/culturesconnection.com\/it\/traduzione-marketing-portoghese\/\">Servizi di traduzione marketing portoghese<\/a><\/li><li><a href=\"https:\/\/culturesconnection.com\/it\/traduzione-sito-web-portoghese\/\">Servizi di traduzione di siti web portoghese<\/a><\/li><li><a href=\"https:\/\/culturesconnection.com\/it\/sottotitolaggio-portoghese\/\">Servizi di traduzione audiovisiva portoghese<\/a><\/li><li><a href=\"https:\/\/culturesconnection.com\/it\/traduzione-videogiochi-portoghese\/\">Servizi di traduzione di videogiochi portoghese<\/a><\/li><\/ul>\n\n\n\n<h3 class=\"wp-block-heading\"> Combinazioni linguistiche pi\u00f9 richieste<\/h3>\n\n\n\n<ul class=\"wp-block-list\"><li><a href=\"https:\/\/culturesconnection.com\/it\/servizi-di-traduzione-italiano-inglese\/\">Traduzione italiano inglese<\/a><\/li><li><a href=\"https:\/\/culturesconnection.com\/it\/servizi-di-traduzione-italiano-tedesco\/\">Traduzione italiano tedesco<\/a><\/li><li><a href=\"https:\/\/culturesconnection.com\/it\/servizi-di-traduzione-italiano-cinese\/\">Traduzione italiano cinese<\/a><\/li><li><a href=\"https:\/\/culturesconnection.com\/it\/servizi-di-traduzione-italiano-spagnolo\/\">Traduzione italiano spagnolo<\/a><\/li><li><a href=\"https:\/\/culturesconnection.com\/it\/servizi-di-traduzione-italiano-arabo\/\">Traduzione italiano arabo<\/a><a href=\"https:\/\/culturesconnection.com\/it\/servizi-di-traduzione-italiano-cinese\/\"><\/a><\/li><li><a href=\"https:\/\/culturesconnection.com\/it\/servizi-di-traduzione-italiano-francese\/\">Traduzione italiano francese<\/a><a href=\"https:\/\/culturesconnection.com\/it\/servizi-di-traduzione-italiano-cinese\/\"><\/a><\/li><li><a href=\"https:\/\/culturesconnection.com\/it\/servizi-di-traduzione-italiano-giapponese\/\">Traduzione italiano giapponese<\/a><a href=\"https:\/\/culturesconnection.com\/it\/servizi-di-traduzione-italiano-cinese\/\"><\/a><\/li><li><a href=\"https:\/\/culturesconnection.com\/it\/servizi-di-traduzione-italiano-russo\/\">Traduzione italiano russo<\/a><\/li><li>Traduzione italiano olandese<a href=\"https:\/\/culturesconnection.com\/it\/servizi-di-traduzione-italiano-cinese\/\"><\/a><\/li><li>Traduzione italiano turco<\/li><\/ul>\n","protected":false},"excerpt":{"rendered":"<p>I nostri servizi di traduzione italiano portoghese Il Brasile \u00e8 un gigante economico che offre dei mercati diversificati e interessanti. \u00c8 anche il secondo esportatore [&#8230;]<\/p>\n<p><a class=\"btn btn-secondary understrap-read-more-link\" href=\"https:\/\/culturesconnection.com\/it\/servizi-di-traduzione-italiano-portoghese\/\">Leggi di pi\u00f9&#8230;<span class=\"screen-reader-text\"> from I nostri servizi di traduzione italiano portoghese<\/span><\/a><\/p>\n","protected":false},"author":42,"featured_media":0,"parent":0,"menu_order":0,"comment_status":"closed","ping_status":"closed","template":"","meta":{"_acf_changed":false,"_editorskit_title_hidden":false,"_editorskit_reading_time":0,"_editorskit_is_block_options_detached":false,"_editorskit_block_options_position":"{}","footnotes":""},"class_list":["post-10190","page","type-page","status-publish","hentry"],"acf":[],"_links":{"self":[{"href":"https:\/\/culturesconnection.com\/it\/wp-json\/wp\/v2\/pages\/10190","targetHints":{"allow":["GET"]}}],"collection":[{"href":"https:\/\/culturesconnection.com\/it\/wp-json\/wp\/v2\/pages"}],"about":[{"href":"https:\/\/culturesconnection.com\/it\/wp-json\/wp\/v2\/types\/page"}],"author":[{"embeddable":true,"href":"https:\/\/culturesconnection.com\/it\/wp-json\/wp\/v2\/users\/42"}],"replies":[{"embeddable":true,"href":"https:\/\/culturesconnection.com\/it\/wp-json\/wp\/v2\/comments?post=10190"}],"version-history":[{"count":0,"href":"https:\/\/culturesconnection.com\/it\/wp-json\/wp\/v2\/pages\/10190\/revisions"}],"wp:attachment":[{"href":"https:\/\/culturesconnection.com\/it\/wp-json\/wp\/v2\/media?parent=10190"}],"curies":[{"name":"wp","href":"https:\/\/api.w.org\/{rel}","templated":true}]}}