{"id":10169,"date":"2018-06-28T19:09:28","date_gmt":"2018-06-28T17:09:28","guid":{"rendered":"http:\/\/culturesconnection.com\/?page_id=10169"},"modified":"2022-06-25T03:56:16","modified_gmt":"2022-06-25T01:56:16","slug":"servizi-di-traduzione-italiano-cinese","status":"publish","type":"page","link":"https:\/\/culturesconnection.com\/it\/servizi-di-traduzione-italiano-cinese\/","title":{"rendered":"I nostri servizi di traduzione italiano cinese"},"content":{"rendered":"\n<h2 class=\"wp-block-heading\">I nostri servizi di traduzione italiano cinese<\/h2>\n\n\n\n<p>Seconda potenza economica mondiale dopo gli Stati Uniti, la Cina \u00e8 un paese che attir\u00e0 sempre pi\u00f9 imprese italiane. Queste ultime devono spesso confrontarsi con la barriera linguistica. \u00c8 perci\u00f2 necessario richiedere dei servizi di traduzione. Attenzione per\u00f2, una traduzione errata potrebbe danneggiare la tua immagine e i tuoi obiettivi commerciali. Pertanto, \u00e8 obbligatorio affidare questo compito a un\u2019agenzia di traduzione professionale. Noi di <a href=\"https:\/\/culturesconnection.com\/it\/\">Cultures Connection<\/a> ci impegnamo a fornire dei risultati di qualit\u00e0. Qualunque sia il tuo budget e il tempo a disposizione, la nostra agenzia di traduzione si adatta alle tue necessit\u00e0, anche per le traduzioni urgenti.<\/p>\n\n\n\n<h2 class=\"wp-block-heading\">Hai bisogno di un traduttore italiano cinese?<\/h2>\n\n\n\n<p>Da quasi dieci anni, Cultures Connection ha saputo crearsi una vasta rete di traduttori professionisti. Di <a href=\"https:\/\/culturesconnection.com\/it\/servizi-di-traduzione\/\">lingua <\/a>madre cinese, sono tutti rigorosamente selezionati. Inoltre ognuno possiede un settore di specializzazione e ci\u00f2 ci permette di scegliere sempre il linguista pi\u00f9 adatto ai tuoi bisogni specifici. Ad esempio, se desideri espandere la tua attivit\u00e0 in Cina traducendo il tuo sito internet, ti assegneremo uno specialista della traduzione di siti web.<\/p>\n\n\n\n<h2 class=\"wp-block-heading\">La nostra agenzia di traduzione<\/h2>\n\n\n\n<p>La nostra agenzia di traduzione propone una vasta scelta di servizi di <a href=\"https:\/\/culturesconnection.com\/it\/i-nostri-servizi-di-traduzione-in-cinese\/\">traduzione cinese<\/a>. Ecco qualche esempio:<\/p>\n\n\n\n<ul class=\"wp-block-list\"><li><a href=\"https:\/\/culturesconnection.com\/it\/traduzione-finanziaria-cinese\/\">Servizi di traduzione finanziaria cinese<\/a><\/li><li><a href=\"https:\/\/culturesconnection.com\/it\/traduzione-commerciale-cinese\/\">Servizi di traduzione commerciale cinese<\/a><\/li><li><a href=\"https:\/\/culturesconnection.com\/it\/traduzione-scientifica-cinese\/\">Servizi di traduzione scientifica cinese<\/a><\/li><li><a href=\"https:\/\/culturesconnection.com\/it\/traduzione-medica-cinese\/\">Servizi di traduzione medica cinese<\/a><\/li><li><a href=\"https:\/\/culturesconnection.com\/it\/traduzione-tecnica-cinese\/\">Servizi di traduzione tecnica cinese<\/a><\/li><li><a href=\"https:\/\/culturesconnection.com\/it\/traduzione-giuridica-in-cinese\/\">Servizi di traduzione giuridica cinese<\/a><\/li><li><a href=\"https:\/\/culturesconnection.com\/it\/traduzione-marketing-cinese\/\">Servizi di traduzione marketing cinese<\/a><\/li><li><a href=\"https:\/\/culturesconnection.com\/it\/traduzione-di-siti-web-in-cinese\/\">Servizi di traduzione di siti web cinese<\/a><\/li><li><a href=\"https:\/\/culturesconnection.com\/it\/sottotitolaggio-cinese\/\">Servizi di traduzione audiovisiva cinese<\/a><\/li><li><a href=\"https:\/\/culturesconnection.com\/it\/traduzione-videogiochi-cinese\/\">Servizi di traduzione di videogiochi cinese<\/a><\/li><\/ul>\n\n\n\n<h3 class=\"wp-block-heading\">&nbsp;Combinazioni linguistiche pi\u00f9 richieste<\/h3>\n\n\n\n<ul class=\"wp-block-list\"><li><a href=\"https:\/\/culturesconnection.com\/it\/servizi-di-traduzione-italiano-inglese\/\">Traduzione italiano inglese<\/a><\/li><li><a href=\"https:\/\/culturesconnection.com\/it\/servizi-di-traduzione-italiano-tedesco\/\">Traduzione italiano tedesco<\/a><\/li><li><a href=\"https:\/\/culturesconnection.com\/it\/servizi-di-traduzione-italiano-spagnolo\/\">Traduzione italiano spagnolo<\/a><\/li><li><a href=\"https:\/\/culturesconnection.com\/it\/servizi-di-traduzione-italiano-arabo\/\">Traduzione italiano arabo<\/a><a href=\"https:\/\/culturesconnection.com\/it\/servizi-di-traduzione-italiano-cinese\/\"><\/a><\/li><li><a href=\"https:\/\/culturesconnection.com\/it\/servizi-di-traduzione-italiano-portoghese\/\">Traduzione italiano portoghese<\/a><a href=\"https:\/\/culturesconnection.com\/it\/servizi-di-traduzione-italiano-cinese\/\"><\/a><\/li><li><a href=\"https:\/\/culturesconnection.com\/it\/servizi-di-traduzione-italiano-francese\/\">Traduzione italiano francese<\/a><a href=\"https:\/\/culturesconnection.com\/it\/servizi-di-traduzione-italiano-cinese\/\"><\/a><\/li><li><a href=\"https:\/\/culturesconnection.com\/it\/servizi-di-traduzione-italiano-giapponese\/\">Traduzione italiano giapponese<\/a><a href=\"https:\/\/culturesconnection.com\/it\/servizi-di-traduzione-italiano-cinese\/\"><\/a><\/li><li><a href=\"https:\/\/culturesconnection.com\/it\/servizi-di-traduzione-italiano-russo\/\">Traduzione italiano russo<\/a><\/li><li>Traduzione italiano olandese<a href=\"https:\/\/culturesconnection.com\/it\/servizi-di-traduzione-italiano-cinese\/\"><\/a><\/li><li>Traduzione italiano turco<\/li><\/ul>\n","protected":false},"excerpt":{"rendered":"<p>I nostri servizi di traduzione italiano cinese Seconda potenza economica mondiale dopo gli Stati Uniti, la Cina \u00e8 un paese che attir\u00e0 sempre pi\u00f9 imprese [&#8230;]<\/p>\n<p><a class=\"btn btn-secondary understrap-read-more-link\" href=\"https:\/\/culturesconnection.com\/it\/servizi-di-traduzione-italiano-cinese\/\">Leggi di pi\u00f9&#8230;<span class=\"screen-reader-text\"> from I nostri servizi di traduzione italiano cinese<\/span><\/a><\/p>\n","protected":false},"author":42,"featured_media":0,"parent":0,"menu_order":0,"comment_status":"closed","ping_status":"closed","template":"","meta":{"_acf_changed":false,"_editorskit_title_hidden":false,"_editorskit_reading_time":0,"_editorskit_is_block_options_detached":false,"_editorskit_block_options_position":"{}","footnotes":""},"class_list":["post-10169","page","type-page","status-publish","hentry"],"acf":[],"_links":{"self":[{"href":"https:\/\/culturesconnection.com\/it\/wp-json\/wp\/v2\/pages\/10169","targetHints":{"allow":["GET"]}}],"collection":[{"href":"https:\/\/culturesconnection.com\/it\/wp-json\/wp\/v2\/pages"}],"about":[{"href":"https:\/\/culturesconnection.com\/it\/wp-json\/wp\/v2\/types\/page"}],"author":[{"embeddable":true,"href":"https:\/\/culturesconnection.com\/it\/wp-json\/wp\/v2\/users\/42"}],"replies":[{"embeddable":true,"href":"https:\/\/culturesconnection.com\/it\/wp-json\/wp\/v2\/comments?post=10169"}],"version-history":[{"count":0,"href":"https:\/\/culturesconnection.com\/it\/wp-json\/wp\/v2\/pages\/10169\/revisions"}],"wp:attachment":[{"href":"https:\/\/culturesconnection.com\/it\/wp-json\/wp\/v2\/media?parent=10169"}],"curies":[{"name":"wp","href":"https:\/\/api.w.org\/{rel}","templated":true}]}}