{"id":10102,"date":"2018-06-11T14:50:07","date_gmt":"2018-06-11T12:50:07","guid":{"rendered":"http:\/\/culturesconnection.com\/?page_id=10102"},"modified":"2022-06-14T21:29:44","modified_gmt":"2022-06-14T19:29:44","slug":"servizi-di-traduzione-in-croato","status":"publish","type":"page","link":"https:\/\/culturesconnection.com\/it\/servizi-di-traduzione-in-croato\/","title":{"rendered":"I nostri Servizi di Traduzione in Croato"},"content":{"rendered":"\n<h2 class=\"wp-block-heading\">I nostri servizi di traduzione in croato<\/h2>\n\n\n\n<p>Da quasi vent&#8217;anni l&#8217;Italia si classifica tra i primi partner commerciali della Croazia, con un volume di scambi intorno ai 5 miliardi di euro. L&#8217;interesse della Croazia per i prodotti italiani si concentra soprattutto su prodotti alimentari, metallurgici, chimici, di abbigliamento e macchinari e apparecchiature. Se desideri allargare i tuoi mercati in questa zona, la traduzione in croato dei tuoi documenti e dei tuoi contenuti \u00e8 essenziale e non deve essere sottovalutata in termini di importanza e difficolt\u00e0. Avendo accesso ai tuoi contenuti nella loro lingua madre, i tuoi potenziali clienti saranno pi\u00f9 inclini a trattare affari con te. A Cultures Connection ci occupiamo dei tuoi progetti di traduzione, indipendentemente dal settore e dalla combinazione linguistica e nel rispetto delle scadenze e del budget a tua disposizione.<\/p>\n\n\n\n<h2 class=\"wp-block-heading\">Hai bisogno di un traduttore croato?<\/h2>\n\n\n\n<p>La nostra&nbsp;<a href=\"https:\/\/culturesconnection.com\/it\/\">agenzia di traduzione<\/a>&nbsp;collabora unicamente con traduttori selezionati con la massima attenzione. Infatti, per fare parte della nostra squadra, questi professionisti devono tradurre solo verso la loro&nbsp;<a href=\"https:\/\/culturesconnection.com\/it\/servizi-di-traduzione\/\">lingua<\/a>&nbsp;madre, oltre ad avere una laurea in traduzione e un&#8217;esperienza di almeno 5 anni nel loro ambito di specializzazione. Inoltre chiediamo regolarmente ai nostri traduttori di sottoporsi a test di verifica delle competenze linguistiche.<\/p>\n","protected":false},"excerpt":{"rendered":"<p>I nostri servizi di traduzione in croato Da quasi vent&#8217;anni l&#8217;Italia si classifica tra i primi partner commerciali della Croazia, con un volume di scambi [&#8230;]<\/p>\n<p><a class=\"btn btn-secondary understrap-read-more-link\" href=\"https:\/\/culturesconnection.com\/it\/servizi-di-traduzione-in-croato\/\">Leggi di pi\u00f9&#8230;<span class=\"screen-reader-text\"> from I nostri Servizi di Traduzione in Croato<\/span><\/a><\/p>\n","protected":false},"author":45,"featured_media":23255,"parent":0,"menu_order":0,"comment_status":"closed","ping_status":"closed","template":"","meta":{"_acf_changed":false,"_editorskit_title_hidden":false,"_editorskit_reading_time":0,"_editorskit_is_block_options_detached":false,"_editorskit_block_options_position":"{}","footnotes":""},"class_list":["post-10102","page","type-page","status-publish","has-post-thumbnail","hentry"],"acf":[],"_links":{"self":[{"href":"https:\/\/culturesconnection.com\/it\/wp-json\/wp\/v2\/pages\/10102","targetHints":{"allow":["GET"]}}],"collection":[{"href":"https:\/\/culturesconnection.com\/it\/wp-json\/wp\/v2\/pages"}],"about":[{"href":"https:\/\/culturesconnection.com\/it\/wp-json\/wp\/v2\/types\/page"}],"author":[{"embeddable":true,"href":"https:\/\/culturesconnection.com\/it\/wp-json\/wp\/v2\/users\/45"}],"replies":[{"embeddable":true,"href":"https:\/\/culturesconnection.com\/it\/wp-json\/wp\/v2\/comments?post=10102"}],"version-history":[{"count":0,"href":"https:\/\/culturesconnection.com\/it\/wp-json\/wp\/v2\/pages\/10102\/revisions"}],"wp:featuredmedia":[{"embeddable":true,"href":"https:\/\/culturesconnection.com\/it\/wp-json\/wp\/v2\/media\/23255"}],"wp:attachment":[{"href":"https:\/\/culturesconnection.com\/it\/wp-json\/wp\/v2\/media?parent=10102"}],"curies":[{"name":"wp","href":"https:\/\/api.w.org\/{rel}","templated":true}]}}