{"id":10061,"date":"2018-06-07T15:17:45","date_gmt":"2018-06-07T14:17:45","guid":{"rendered":"http:\/\/culturesconnection.com\/?page_id=10061"},"modified":"2022-06-14T22:06:54","modified_gmt":"2022-06-14T20:06:54","slug":"servizi-di-traduzione-in-polacco","status":"publish","type":"page","link":"https:\/\/culturesconnection.com\/it\/servizi-di-traduzione-in-polacco\/","title":{"rendered":"Traduzione in Polacco"},"content":{"rendered":"\n<h2 class=\"wp-block-heading\">I nostri servizi di traduzione in polacco<\/h2>\n\n\n\n<p>I rapporti commerciali tra Italia e Polonia sono ottimi e ormai consolidati. In particolare, l&#8217;Italia rappresenta il quarto fornitore della Polonia grazie all&#8217;esportazione di autoveicoli, prodotti chimici, prodotti metallurgici ed elementi di meccanica strumentale. La Polonia, invece, esporta verso lo Stivale soprattutto&nbsp; prodotti alimentari, apparecchiature elettriche e autoveicoli, facendo dell&#8217;Italia il suo quinto cliente in Europa. Se desideri allargare i tuoi mercati e giocare d&#8217;anticipo sulla concorrenza, quello che ti serve \u00e8 far tradurre i tuoi documenti in polacco: i tuoi potenziali clienti avranno un&#8217;idea pi\u00f9 chiara del tuo lavoro e della tua attivit\u00e0 e saranno pi\u00f9 inclini a trattare affari con te.&nbsp;A Cultures Connection ci occupiamo dei tuoi progetti di traduzione, indipendentemente dalla scadenza, dal budget e dal settore professionale.<\/p>\n\n\n\n<h2 class=\"wp-block-heading\">Hai bisogno di un traduttore polacco?<\/h2>\n\n\n\n<p>La nostra&nbsp;<a href=\"https:\/\/culturesconnection.com\/it\/\">agenzia di traduzione<\/a>&nbsp;seleziona con cura i traduttori con cui lavorare. Per fare parte del team di Cultures Connection, questi devono tradurre unicamente verso la loro&nbsp;<a href=\"https:\/\/culturesconnection.com\/it\/servizi-di-traduzione\/\">lingua<\/a>&nbsp;madre e devono avere una laurea in traduzione e un&#8217;esperienza di almeno 5 anni nel loro campo di specilizzazione. Inoltre chiediamo regolarmente ai nostri traduttori professionisti di superare una serie di test che ci permette di valutare le loro competenze linguistiche. Anche in caso di traduzione urgente, la nostra agenzia di traduzione ti garantisce la consegna dei documenti tradotti entro i tempi stabiliti e con la qualit\u00e0 attesa.<\/p>\n\n\n\n<h2 class=\"wp-block-heading\">La nostra agenzia di traduzione<\/h2>\n\n\n\n<p>La nostra agenzia di traduzione, presente in due continenti, propone servizi di traduzione di alta qualit\u00e0 in numerosi settori, come:<\/p>\n","protected":false},"excerpt":{"rendered":"<p>I nostri servizi di traduzione in polacco I rapporti commerciali tra Italia e Polonia sono ottimi e ormai consolidati. In particolare, l&#8217;Italia rappresenta il quarto [&#8230;]<\/p>\n<p><a class=\"btn btn-secondary understrap-read-more-link\" href=\"https:\/\/culturesconnection.com\/it\/servizi-di-traduzione-in-polacco\/\">Leggi di pi\u00f9&#8230;<span class=\"screen-reader-text\"> from Traduzione in Polacco<\/span><\/a><\/p>\n","protected":false},"author":45,"featured_media":23255,"parent":0,"menu_order":0,"comment_status":"closed","ping_status":"closed","template":"","meta":{"_acf_changed":false,"_editorskit_title_hidden":false,"_editorskit_reading_time":0,"_editorskit_is_block_options_detached":false,"_editorskit_block_options_position":"{}","footnotes":""},"class_list":["post-10061","page","type-page","status-publish","has-post-thumbnail","hentry"],"acf":[],"_links":{"self":[{"href":"https:\/\/culturesconnection.com\/it\/wp-json\/wp\/v2\/pages\/10061","targetHints":{"allow":["GET"]}}],"collection":[{"href":"https:\/\/culturesconnection.com\/it\/wp-json\/wp\/v2\/pages"}],"about":[{"href":"https:\/\/culturesconnection.com\/it\/wp-json\/wp\/v2\/types\/page"}],"author":[{"embeddable":true,"href":"https:\/\/culturesconnection.com\/it\/wp-json\/wp\/v2\/users\/45"}],"replies":[{"embeddable":true,"href":"https:\/\/culturesconnection.com\/it\/wp-json\/wp\/v2\/comments?post=10061"}],"version-history":[{"count":0,"href":"https:\/\/culturesconnection.com\/it\/wp-json\/wp\/v2\/pages\/10061\/revisions"}],"wp:featuredmedia":[{"embeddable":true,"href":"https:\/\/culturesconnection.com\/it\/wp-json\/wp\/v2\/media\/23255"}],"wp:attachment":[{"href":"https:\/\/culturesconnection.com\/it\/wp-json\/wp\/v2\/media?parent=10061"}],"curies":[{"name":"wp","href":"https:\/\/api.w.org\/{rel}","templated":true}]}}