{"id":10057,"date":"2018-06-06T17:19:45","date_gmt":"2018-06-06T15:19:45","guid":{"rendered":"http:\/\/culturesconnection.com\/?page_id=10057"},"modified":"2022-06-14T18:46:02","modified_gmt":"2022-06-14T16:46:02","slug":"servizi-di-traduzione-in-norvegese","status":"publish","type":"page","link":"https:\/\/culturesconnection.com\/it\/servizi-di-traduzione-in-norvegese\/","title":{"rendered":"I nostri Servizi di Traduzione in Norvegese"},"content":{"rendered":"\n<h2 class=\"wp-block-heading\">Servizi di traduzione in norvegese<\/h2>\n\n\n\n<p>La Norvegia \u00e8 uno dei Paesi pi\u00f9 ricchi al mondo e la sua popolazione di 5 milioni di abitanti gode di una qualit\u00e0 della vita invidiabile. Per tutte quelle aziende che fanno del B2C la loro attivit\u00e0 principale, questa zona ha un potenziale incredibile. Per non parlare del mercato enologico norvegese in cui l&#8217;Italia \u00e8 in testa gi\u00e0 da diversi anni. Anche i settori legati al petrolio, al gas e ai servizi presentano un andamento in crescita e proprio queste attivit\u00e0 hanno permesso alla Norvegia di superare la crisi economica con pi\u00f9 facilit\u00e0 rispetto al resto della Scandinavia.<\/p>\n\n\n\n<h2 class=\"wp-block-heading\">Stai cercando un traduttore italiano-norvegese?<\/h2>\n\n\n\n<p>Per ottenere dei risultati di qualit\u00e0, un traduttore professionista italiano-norvegese \u00e8 quello che ti serve. La nostra&nbsp;<a href=\"https:\/\/culturesconnection.com\/it\/\">agenzia di traduzione&nbsp;<\/a>vanta una rete di pi\u00f9 di 740 traduttori e questo ci consente di trovare ogni volta il professionista pi\u00f9 competente per occuparsi del tuo progetto.&nbsp;I nostri traduttori norvegesi lavorano sempre verso la loro lingua madre: conoscendo alla perfezione la&nbsp;<a href=\"https:\/\/culturesconnection.com\/it\/servizi-di-traduzione\/\">lingua&nbsp;<\/a>e la cultura norvegesi, essi possono adattare al meglio i tuoi contenuti al nuovo mercato che desideri raggiungere. Il nostro team \u00e8 composto da professionisti specializzati in un settore preciso e tutti selezionati per la loro laurea e per la loro esperienza.<\/p>\n","protected":false},"excerpt":{"rendered":"<p>Servizi di traduzione in norvegese La Norvegia \u00e8 uno dei Paesi pi\u00f9 ricchi al mondo e la sua popolazione di 5 milioni di abitanti gode [&#8230;]<\/p>\n<p><a class=\"btn btn-secondary understrap-read-more-link\" href=\"https:\/\/culturesconnection.com\/it\/servizi-di-traduzione-in-norvegese\/\">Leggi di pi\u00f9&#8230;<span class=\"screen-reader-text\"> from I nostri Servizi di Traduzione in Norvegese<\/span><\/a><\/p>\n","protected":false},"author":45,"featured_media":23255,"parent":0,"menu_order":0,"comment_status":"closed","ping_status":"closed","template":"","meta":{"_acf_changed":false,"_editorskit_title_hidden":false,"_editorskit_reading_time":0,"_editorskit_is_block_options_detached":false,"_editorskit_block_options_position":"{}","footnotes":""},"class_list":["post-10057","page","type-page","status-publish","has-post-thumbnail","hentry"],"acf":[],"_links":{"self":[{"href":"https:\/\/culturesconnection.com\/it\/wp-json\/wp\/v2\/pages\/10057","targetHints":{"allow":["GET"]}}],"collection":[{"href":"https:\/\/culturesconnection.com\/it\/wp-json\/wp\/v2\/pages"}],"about":[{"href":"https:\/\/culturesconnection.com\/it\/wp-json\/wp\/v2\/types\/page"}],"author":[{"embeddable":true,"href":"https:\/\/culturesconnection.com\/it\/wp-json\/wp\/v2\/users\/45"}],"replies":[{"embeddable":true,"href":"https:\/\/culturesconnection.com\/it\/wp-json\/wp\/v2\/comments?post=10057"}],"version-history":[{"count":0,"href":"https:\/\/culturesconnection.com\/it\/wp-json\/wp\/v2\/pages\/10057\/revisions"}],"wp:featuredmedia":[{"embeddable":true,"href":"https:\/\/culturesconnection.com\/it\/wp-json\/wp\/v2\/media\/23255"}],"wp:attachment":[{"href":"https:\/\/culturesconnection.com\/it\/wp-json\/wp\/v2\/media?parent=10057"}],"curies":[{"name":"wp","href":"https:\/\/api.w.org\/{rel}","templated":true}]}}