{"id":10043,"date":"2018-06-06T15:46:14","date_gmt":"2018-06-06T13:46:14","guid":{"rendered":"http:\/\/culturesconnection.com\/?page_id=10043"},"modified":"2022-06-14T18:52:41","modified_gmt":"2022-06-14T16:52:41","slug":"servizi-di-traduzione-in-svedese","status":"publish","type":"page","link":"https:\/\/culturesconnection.com\/it\/servizi-di-traduzione-in-svedese\/","title":{"rendered":"I nostri Servizi di Traduzione in Svedese"},"content":{"rendered":"\n<h2 class=\"wp-block-heading\">Servizi di traduzione professionale in svedese<\/h2>\n\n\n\n<p>La Svezia \u00e8 per l&#8217;Italia un partner economico di grande importanza, come dimostra il volume di scambi commerciali intorno ai 5 miliardi di euro. Numerose aziende italiane si sono spinte fino in terre svedesi, dove il Made in Italy, soprattutto agroalimentare, \u00e8 particolarmente apprezzato. Adesso \u00e8 il tuo turno! Se hai in progetto un&#8217;espansione della tua azienda in Svezia, uno dei primi passi per concretizzarlo \u00e8 affidare i tuoi contenuti a un&#8217;<a href=\"https:\/\/culturesconnection.com\/it\/\">agenzia di traduzione<\/a>&nbsp;che possa garantirti dei servizi di alta qualit\u00e0, come Cultures Connection: il nostro obiettivo sar\u00e0 di rendere accessibili i tuoi contenuti per il tuo nuovo pubblico svedese.<\/p>\n\n\n\n<h2 class=\"wp-block-heading\">Hai bisogno di un traduttore italiano-svedese?<\/h2>\n\n\n\n<p>A Cultures Connection la qualit\u00e0 \u00e8 da sempre in primo piano. Per questo motivo, selezioniamo con attenzione i professionisti a cui affidare i tuoi progetti di traduzione. Tutti i nostri collaboratori hanno una laurea in traduzione e almeno 5 anni di esperienza in questo campo. Inoltre traducono sempre verso la loro&nbsp;<a href=\"https:\/\/culturesconnection.com\/it\/servizi-di-traduzione\/\">lingua&nbsp;<\/a>madre e sono specializzati in un settore preciso. I tuoi progetti trattano di medicina, scienza o economia? Noi ci occuperemo di affidarli al traduttore pi\u00f9 adatto alle tue richieste e in grado di consegnare dei risultati all&#8217;altezza delle tue aspettative.<\/p>\n\n\n\n<h2 class=\"wp-block-heading\">La nostra agenzia di traduzione<\/h2>\n\n\n\n<p>Dal 2007 Cultures Connection offre i suoi servizi di traduzione a numerosi clienti in tutto il mondo e la loro fiducia \u00e8 una testimonianza della nostra seriet\u00e0 e professionalit\u00e0. Ci occupiamo di qualsiasi tipo di progetto in pi\u00f9 di 80 combinazioni linguistiche. Ecco un elenco dei settori in cui lavoriamo con pi\u00f9 frequenza:<\/p>\n","protected":false},"excerpt":{"rendered":"<p>Servizi di traduzione professionale in svedese La Svezia \u00e8 per l&#8217;Italia un partner economico di grande importanza, come dimostra il volume di scambi commerciali intorno [&#8230;]<\/p>\n<p><a class=\"btn btn-secondary understrap-read-more-link\" href=\"https:\/\/culturesconnection.com\/it\/servizi-di-traduzione-in-svedese\/\">Leggi di pi\u00f9&#8230;<span class=\"screen-reader-text\"> from I nostri Servizi di Traduzione in Svedese<\/span><\/a><\/p>\n","protected":false},"author":45,"featured_media":23255,"parent":0,"menu_order":0,"comment_status":"closed","ping_status":"closed","template":"","meta":{"_acf_changed":false,"_editorskit_title_hidden":false,"_editorskit_reading_time":0,"_editorskit_is_block_options_detached":false,"_editorskit_block_options_position":"{}","footnotes":""},"class_list":["post-10043","page","type-page","status-publish","has-post-thumbnail","hentry"],"acf":[],"_links":{"self":[{"href":"https:\/\/culturesconnection.com\/it\/wp-json\/wp\/v2\/pages\/10043","targetHints":{"allow":["GET"]}}],"collection":[{"href":"https:\/\/culturesconnection.com\/it\/wp-json\/wp\/v2\/pages"}],"about":[{"href":"https:\/\/culturesconnection.com\/it\/wp-json\/wp\/v2\/types\/page"}],"author":[{"embeddable":true,"href":"https:\/\/culturesconnection.com\/it\/wp-json\/wp\/v2\/users\/45"}],"replies":[{"embeddable":true,"href":"https:\/\/culturesconnection.com\/it\/wp-json\/wp\/v2\/comments?post=10043"}],"version-history":[{"count":0,"href":"https:\/\/culturesconnection.com\/it\/wp-json\/wp\/v2\/pages\/10043\/revisions"}],"wp:featuredmedia":[{"embeddable":true,"href":"https:\/\/culturesconnection.com\/it\/wp-json\/wp\/v2\/media\/23255"}],"wp:attachment":[{"href":"https:\/\/culturesconnection.com\/it\/wp-json\/wp\/v2\/media?parent=10043"}],"curies":[{"name":"wp","href":"https:\/\/api.w.org\/{rel}","templated":true}]}}