{"id":10042,"date":"2018-06-05T16:56:25","date_gmt":"2018-06-05T15:56:25","guid":{"rendered":"http:\/\/culturesconnection.com\/?page_id=10042"},"modified":"2022-06-15T01:13:53","modified_gmt":"2022-06-14T23:13:53","slug":"servizi-di-traduzione-in-finnico","status":"publish","type":"page","link":"https:\/\/culturesconnection.com\/it\/servizi-di-traduzione-in-finnico\/","title":{"rendered":"Traduzione in Finnico &#8211; Finlandese"},"content":{"rendered":"\n<h2 class=\"wp-block-heading\">Servizi di traduzione professionale in finnico<\/h2>\n\n\n\n<p>Il mercato finlandese ti attrae e potrebbe rappresentare una nuova opportunit\u00e0 di crescita per la tua azienda? Senza dubbio quello che ti serve \u00e8 la traduzione in finnico dei tuoi contenuti. Il finnico, o finlandese, \u00e8 una lingua parlata da quasi 5 milioni di persone non solo in Finlandia, ma anche in Russia e nella Repubblica di Carelia. Se \u00e8 l\u00ec&nbsp;che pensi che si trovino i tuoi futuri clienti, allora la traduzione in finnico dei tuoi documenti e del tuo sito web \u00e8 fondamentale, soprattutto per quei settori chiave dell&#8217;economia della Finlandia: metallurgia, ingegneria, legname, telecomunicazioni ed elettronica. Vai alla conquista del Nord, la regione pi\u00f9 all&#8217;avanguardia del continente europeo!<\/p>\n\n\n\n<h2 class=\"wp-block-heading\">Stai cercando un traduttore finnico?<\/h2>\n\n\n\n<p>La nostra&nbsp;<a href=\"https:\/\/culturesconnection.com\/it\/\">agenzia di traduzione<\/a>&nbsp;collabora con diversi traduttori italiano-finnico, ognuno specializzato in un settore particolare. Che si tratti di un testo specialistico o di carattere generale, i nostri traduttori si impegneranno al massimo per tradurlo con la dovuta professionalit\u00e0. Per poter garantire la qualit\u00e0 dei nostri servizi, selezioniamo i traduttori secondo criteri ben precisi: esperienza e percorso universitario e professionale esemplari, oltre al rispetto dei nostri valori fondamentali di trasparenza, professionalit\u00e0, seriet\u00e0 e qualit\u00e0. Potrai affidarci i tuoi contenuti ad occhi chiusi e sar\u00e0 nostra premura consegnare dei risultati all&#8217;altezza delle tue aspettative.&nbsp; I nostri servizi di traduzione sono da e verso innumerevoli&nbsp;<a href=\"https:\/\/culturesconnection.com\/it\/servizi-di-traduzione\/\">lingue<\/a>.<\/p>\n\n\n\n<h2 class=\"wp-block-heading\">La nostra agenzia di traduzione<\/h2>\n\n\n\n<p>La nostra agenzia vanta un&#8217;esperienza comprovata nel settore della traduzione e la fiducia dei nostri clienti \u00e8 una testimonianza della nostra professionalit\u00e0. L&#8217;elenco qui di seguito include alcuni esempi di progetti di traduzione su cui siamo soliti lavorare:<\/p>\n","protected":false},"excerpt":{"rendered":"<p>Servizi di traduzione professionale in finnico Il mercato finlandese ti attrae e potrebbe rappresentare una nuova opportunit\u00e0 di crescita per la tua azienda? Senza dubbio [&#8230;]<\/p>\n<p><a class=\"btn btn-secondary understrap-read-more-link\" href=\"https:\/\/culturesconnection.com\/it\/servizi-di-traduzione-in-finnico\/\">Leggi di pi\u00f9&#8230;<span class=\"screen-reader-text\"> from Traduzione in Finnico &#8211; Finlandese<\/span><\/a><\/p>\n","protected":false},"author":45,"featured_media":23255,"parent":0,"menu_order":0,"comment_status":"closed","ping_status":"closed","template":"","meta":{"_acf_changed":false,"_editorskit_title_hidden":false,"_editorskit_reading_time":0,"_editorskit_is_block_options_detached":false,"_editorskit_block_options_position":"{}","footnotes":""},"class_list":["post-10042","page","type-page","status-publish","has-post-thumbnail","hentry"],"acf":[],"_links":{"self":[{"href":"https:\/\/culturesconnection.com\/it\/wp-json\/wp\/v2\/pages\/10042","targetHints":{"allow":["GET"]}}],"collection":[{"href":"https:\/\/culturesconnection.com\/it\/wp-json\/wp\/v2\/pages"}],"about":[{"href":"https:\/\/culturesconnection.com\/it\/wp-json\/wp\/v2\/types\/page"}],"author":[{"embeddable":true,"href":"https:\/\/culturesconnection.com\/it\/wp-json\/wp\/v2\/users\/45"}],"replies":[{"embeddable":true,"href":"https:\/\/culturesconnection.com\/it\/wp-json\/wp\/v2\/comments?post=10042"}],"version-history":[{"count":0,"href":"https:\/\/culturesconnection.com\/it\/wp-json\/wp\/v2\/pages\/10042\/revisions"}],"wp:featuredmedia":[{"embeddable":true,"href":"https:\/\/culturesconnection.com\/it\/wp-json\/wp\/v2\/media\/23255"}],"wp:attachment":[{"href":"https:\/\/culturesconnection.com\/it\/wp-json\/wp\/v2\/media?parent=10042"}],"curies":[{"name":"wp","href":"https:\/\/api.w.org\/{rel}","templated":true}]}}