{"id":10040,"date":"2018-06-05T15:59:00","date_gmt":"2018-06-05T14:59:00","guid":{"rendered":"http:\/\/culturesconnection.com\/?page_id=10040"},"modified":"2022-06-15T01:49:37","modified_gmt":"2022-06-14T23:49:37","slug":"servizi-di-traduzione-in-greco","status":"publish","type":"page","link":"https:\/\/culturesconnection.com\/it\/servizi-di-traduzione-in-greco\/","title":{"rendered":"Traduzione in Greco"},"content":{"rendered":"\n<h2 class=\"wp-block-heading\">Servizi di traduzione professionale in greco<\/h2>\n\n\n\n<p>Nonostante la forte crisi economica, lo Stivale continua ad essere un partner commerciale fondamentale per la Grecia, di cui \u00e8 il secondo fornitore e il primo cliente, soprattutto per i prodotti alimentari, metallurgici e chimici (senza contare il settore del turismo). Per questo motivo, numerose aziende italiane ricorrono a dei servizi di traduzione e interpretazione per&nbsp; poter creare e rafforzare i rapporti commerciali con la penisola ellenica.<\/p>\n\n\n\n<p>Cultures Connection propone dei servizi di traduzione professionale in diversi settori come quello giuridico o di marketing. Indipendentemente dal tipo di documento, ci occupiamo del tuo progetto con professionalit\u00e0 e seriet\u00e0, impegnandoci a rispettare i tempi di consegna concordati. I servizi di traduzione in greco rappresentano una parte consistente del nostro lavoro. La nostra&nbsp;<a href=\"https:\/\/culturesconnection.com\/it\/\">agenzia di traduzione<\/a>&nbsp;offre anche servizi di revisione e rilettura dal e verso il greco.<\/p>\n\n\n\n<h2 class=\"wp-block-heading\">Hai bisogno di un traduttore italiano-greco?<\/h2>\n\n\n\n<p>Realizzare una traduzione dal o verso il greco \u00e8 un procedimento complesso che richiede un traduttore professionale competente, non sempre cos\u00ec facile da trovare. Il team di Cultures Connection ti aiuter\u00e0 a trovare il traduttore pi\u00f9 adatto alle tue esigenze, proponendoti un professionista selezionato sulla base dei suoi titoli di studio e della sua esperienza, che sia specializzato in un settore che conosce alla perfezione e che traduca esclusivamente verso la propria&nbsp;<a href=\"https:\/\/culturesconnection.com\/it\/servizi-di-traduzione\/\">lingua&nbsp;<\/a>madre.<\/p>\n","protected":false},"excerpt":{"rendered":"<p>Servizi di traduzione professionale in greco Nonostante la forte crisi economica, lo Stivale continua ad essere un partner commerciale fondamentale per la Grecia, di cui [&#8230;]<\/p>\n<p><a class=\"btn btn-secondary understrap-read-more-link\" href=\"https:\/\/culturesconnection.com\/it\/servizi-di-traduzione-in-greco\/\">Leggi di pi\u00f9&#8230;<span class=\"screen-reader-text\"> from Traduzione in Greco<\/span><\/a><\/p>\n","protected":false},"author":45,"featured_media":23255,"parent":0,"menu_order":0,"comment_status":"closed","ping_status":"closed","template":"","meta":{"_acf_changed":false,"_editorskit_title_hidden":false,"_editorskit_reading_time":0,"_editorskit_is_block_options_detached":false,"_editorskit_block_options_position":"{}","footnotes":""},"class_list":["post-10040","page","type-page","status-publish","has-post-thumbnail","hentry"],"acf":[],"_links":{"self":[{"href":"https:\/\/culturesconnection.com\/it\/wp-json\/wp\/v2\/pages\/10040","targetHints":{"allow":["GET"]}}],"collection":[{"href":"https:\/\/culturesconnection.com\/it\/wp-json\/wp\/v2\/pages"}],"about":[{"href":"https:\/\/culturesconnection.com\/it\/wp-json\/wp\/v2\/types\/page"}],"author":[{"embeddable":true,"href":"https:\/\/culturesconnection.com\/it\/wp-json\/wp\/v2\/users\/45"}],"replies":[{"embeddable":true,"href":"https:\/\/culturesconnection.com\/it\/wp-json\/wp\/v2\/comments?post=10040"}],"version-history":[{"count":0,"href":"https:\/\/culturesconnection.com\/it\/wp-json\/wp\/v2\/pages\/10040\/revisions"}],"wp:featuredmedia":[{"embeddable":true,"href":"https:\/\/culturesconnection.com\/it\/wp-json\/wp\/v2\/media\/23255"}],"wp:attachment":[{"href":"https:\/\/culturesconnection.com\/it\/wp-json\/wp\/v2\/media?parent=10040"}],"curies":[{"name":"wp","href":"https:\/\/api.w.org\/{rel}","templated":true}]}}