{"id":10026,"date":"2018-06-04T16:30:00","date_gmt":"2018-06-04T15:30:00","guid":{"rendered":"http:\/\/culturesconnection.com\/?page_id=10026"},"modified":"2022-06-14T23:42:26","modified_gmt":"2022-06-14T21:42:26","slug":"servizi-di-traduzione-in-coreano","status":"publish","type":"page","link":"https:\/\/culturesconnection.com\/it\/servizi-di-traduzione-in-coreano\/","title":{"rendered":"Traduzione in Coreano"},"content":{"rendered":"\n<h2 class=\"wp-block-heading\">Servizi di traduzione professionale in coreano<\/h2>\n\n\n\n<p>Con un&#8217;economia in continua crescita, la Corea del Sud rappresenta il terzo principale cliente asiatico della Francia. Se hai un&#8217;azienda in Francia e desideri espandere i tuoi mercati in Corea, allora la traduzione professionale dei documenti \u00e8 un aspetto fondamentale per facilitare il dialogo con i tuoi interlocutori coreani e avere una marcia in pi\u00f9 rispetto ai tuoi concorrenti.<\/p>\n\n\n\n<p>Per aiutarti a raggiungere il tuo obiettivo, la nostra agenzia ti offre servizi di traduzione e interpretazione di qualit\u00e0 e a tariffe vantaggiose. Infatti, ti proponiamo quattro diverse opzioni adatte a diversi budget: basic, standard, professionale o premium. La nostra agenzia di traduzione ti garantisce servizi di qualit\u00e0 indipendentemente dalla natura del progetto o dal tuo settore di attivit\u00e0, e questo in pi\u00f9 di 80 combinazioni linguistiche.<\/p>\n\n\n\n<h2 class=\"wp-block-heading\">Hai bisogno di un traduttore coreano?<\/h2>\n\n\n\n<p>La nostra&nbsp;<a href=\"https:\/\/culturesconnection.com\/it\/\">agenzia di traduzione<\/a>&nbsp;seleziona attentamente i traduttori coi quali collaborare affinch\u00e9 i nostri clienti possano ottenere pi\u00f9 facilmente il successo desiderato. Per questo, tutti i nostri esperti linguistici hanno il coreano come&nbsp;<a href=\"https:\/\/culturesconnection.com\/it\/servizi-di-traduzione\/\">lingua&nbsp;<\/a>madre. Per poter collaborare con noi, questi professionisti devono avere una laurea in traduzione e un&#8217;esperienza di pi\u00f9 di 5 anni nel loro campo di specializzazione. Inoltre devono superare una serie di test necessari a verificare le loro competenze linguistiche.<\/p>\n\n\n\n<p>Il team di Cultures Connection si occupa dei tuoi progetti, impegnandosi al massimo per garantirti la consegna dei documenti tradotti dal e verso il coreano entro i termini concordati, anche in caso di traduzione urgente. Tutto questo \u00e8 caratterizzato da un servizio personalizzato secondo le tue esigenze e dalla garanzia di un contatto diretto e costante con il nostro team.<\/p>\n\n\n\n<h2 class=\"wp-block-heading\">Tutti i nostri servizi di traduzione<\/h2>\n\n\n\n<p>Cultures Connection \u00e8 un&#8217;agenzia di traduzione professionale presente in Francia e in Argentina. Questa organizzazione su due continenti fa s\u00ec che il nostro team sia a tua disposizione per 18 ore al giorno, 7 giorni su 7. I nostri servizi di traduzione verso il coreano includono:<\/p>\n","protected":false},"excerpt":{"rendered":"<p>Servizi di traduzione professionale in coreano Con un&#8217;economia in continua crescita, la Corea del Sud rappresenta il terzo principale cliente asiatico della Francia. Se hai [&#8230;]<\/p>\n<p><a class=\"btn btn-secondary understrap-read-more-link\" href=\"https:\/\/culturesconnection.com\/it\/servizi-di-traduzione-in-coreano\/\">Leggi di pi\u00f9&#8230;<span class=\"screen-reader-text\"> from Traduzione in Coreano<\/span><\/a><\/p>\n","protected":false},"author":22,"featured_media":23255,"parent":0,"menu_order":0,"comment_status":"closed","ping_status":"closed","template":"","meta":{"_acf_changed":false,"_editorskit_title_hidden":false,"_editorskit_reading_time":0,"_editorskit_is_block_options_detached":false,"_editorskit_block_options_position":"{}","footnotes":""},"class_list":["post-10026","page","type-page","status-publish","has-post-thumbnail","hentry"],"acf":[],"_links":{"self":[{"href":"https:\/\/culturesconnection.com\/it\/wp-json\/wp\/v2\/pages\/10026","targetHints":{"allow":["GET"]}}],"collection":[{"href":"https:\/\/culturesconnection.com\/it\/wp-json\/wp\/v2\/pages"}],"about":[{"href":"https:\/\/culturesconnection.com\/it\/wp-json\/wp\/v2\/types\/page"}],"author":[{"embeddable":true,"href":"https:\/\/culturesconnection.com\/it\/wp-json\/wp\/v2\/users\/22"}],"replies":[{"embeddable":true,"href":"https:\/\/culturesconnection.com\/it\/wp-json\/wp\/v2\/comments?post=10026"}],"version-history":[{"count":0,"href":"https:\/\/culturesconnection.com\/it\/wp-json\/wp\/v2\/pages\/10026\/revisions"}],"wp:featuredmedia":[{"embeddable":true,"href":"https:\/\/culturesconnection.com\/it\/wp-json\/wp\/v2\/media\/23255"}],"wp:attachment":[{"href":"https:\/\/culturesconnection.com\/it\/wp-json\/wp\/v2\/media?parent=10026"}],"curies":[{"name":"wp","href":"https:\/\/api.w.org\/{rel}","templated":true}]}}