{"id":94906,"date":"2022-11-24T14:08:09","date_gmt":"2022-11-24T13:08:09","guid":{"rendered":"https:\/\/culturesconnection.com\/?page_id=94906"},"modified":"2023-05-10T23:59:45","modified_gmt":"2023-05-10T21:59:45","slug":"devis-interpretation","status":"publish","type":"page","link":"https:\/\/culturesconnection.com\/fr\/devis-interpretation\/","title":{"rendered":"Notre devis d\u2019interpr\u00e9tation"},"content":{"rendered":"\n<h2 class=\"wp-block-heading\"><strong>Devis d\u2019interpr\u00e9tation<\/strong><\/h2>\n\n\n\n<p>Install\u00e9e en France, en Argentine et aux \u00c9tats-Unis, <a href=\"https:\/\/culturesconnection.com\/fr\/\">Cultures Connection<\/a> est une agence d\u2019interpr\u00e9tation qui propose des services d\u2019<a href=\"https:\/\/culturesconnection.com\/fr\/interpretation\/\">interpr\u00e9tation<\/a> professionnels. Pour vos besoins d\u2019interpr\u00e9tation cons\u00e9cutive, d\u2019interpr\u00e9tation de conf\u00e9rence et d\u2019interpr\u00e9tation de liaison, sur site ou \u00e0 distance, notre \u00e9quipe est \u00e0 votre service.<\/p>\n\n\n\n<p>Cultures Connection r\u00e9alise un devis gratuit dans les meilleurs d\u00e9lais en fonction de la complexit\u00e9 du projet. En cas d\u2019urgence, t\u00e9l\u00e9phonez \u00e0 l\u2019agence pour discuter directement avec un chef de projet.<\/p>\n\n\n\n<p>Notre \u00e9quipe r\u00e9alise de nombreux devis pour des projets d\u2019interpr\u00e9tation vari\u00e9s, en pr\u00e9sentiel ou par visioconf\u00e9rence. Nous r\u00e9pondons clairement aux questions des clients qui ont naturellement besoin de toutes les informations utiles au moment d\u2019\u00e9valuer les services propos\u00e9s et leur prix.<\/p>\n\n\n\n<h2 class=\"wp-block-heading\"><strong>Comment comprendre un devis d\u2019interpr\u00e9tation&nbsp;?<\/strong><\/h2>\n\n\n\n<p>Pour \u00e9tablir un devis d\u2019interpr\u00e9tation, notre \u00e9quipe tient compte de plusieurs informations essentielles sur la nature de l\u2019\u00e9v\u00e9nement, de la r\u00e9union, ou de la formation qui n\u00e9cessite des interpr\u00e8tes. Le prix du service varie en fonction des informations suivantes&nbsp;:<\/p>\n\n\n\n<p>&#8211; <strong>Le type de service d\u2019interpr\u00e9tariat&nbsp;:<\/strong> interpr\u00e9tation de conf\u00e9rence (\u00e9galement dite interpr\u00e9tation simultan\u00e9e) ou interpr\u00e9tation cons\u00e9cutive, ou encore interpr\u00e9tation de liaison et chuchotage&nbsp;;<\/p>\n\n\n\n<p>&#8211; <strong>Le nombre d\u2019interpr\u00e8tes qu\u2019il vous faut&nbsp;: <\/strong>ce nombre varie en fonction du type de service d\u2019interpr\u00e9tariat (il faut au minimum deux interpr\u00e8tes pour l\u2019interpr\u00e9tation simultan\u00e9e), de la dur\u00e9e de l\u2019\u00e9v\u00e9nement, et du nombre de langues \u00e0 traduire oralement&nbsp;;<\/p>\n\n\n\n<p>&#8211; <strong>Le secteur ou le domaine d\u2019activit\u00e9&nbsp;: <\/strong>certains domaines sont plus pointus et plus techniques que d\u2019autres, comme le secteur m\u00e9dical&nbsp;;<\/p>\n\n\n\n<p>&#8211; <strong>L\u2019\u00e9quipement d\u2019interpr\u00e9tation n\u00e9cessaire&nbsp;: <\/strong>si vous avez besoin de micros, de valises, de consoles, de cabines, en tenant compte du fait que la quantit\u00e9 n\u00e9cessaire varie en fonction du nombre d\u2019orateurs et de participants, etc.&nbsp;;<\/p>\n\n\n\n<p>&#8211; <strong>Les frais annexes \u00e9ventuels&nbsp;: <\/strong>frais de d\u00e9placement, de nourriture, d\u2019h\u00e9bergement&nbsp;; assurance&nbsp;; enregistrement vid\u00e9o ou audio \u00e9ventuel.<\/p>\n","protected":false},"excerpt":{"rendered":"<p>Devis d\u2019interpr\u00e9tation Install\u00e9e en France, en Argentine et aux \u00c9tats-Unis, Cultures Connection est une agence d\u2019interpr\u00e9tation qui propose des services d\u2019interpr\u00e9tation professionnels. Pour vos besoins [&#8230;]<\/p>\n<p><a class=\"btn btn-secondary understrap-read-more-link\" href=\"https:\/\/culturesconnection.com\/fr\/devis-interpretation\/\">Lire la suite\u2026<span class=\"screen-reader-text\"> from Notre devis d\u2019interpr\u00e9tation<\/span><\/a><\/p>\n","protected":false},"author":73,"featured_media":19573,"parent":0,"menu_order":0,"comment_status":"closed","ping_status":"closed","template":"","meta":{"_acf_changed":false,"_editorskit_title_hidden":false,"_editorskit_reading_time":1,"_editorskit_is_block_options_detached":false,"_editorskit_block_options_position":"{}","footnotes":""},"class_list":["post-94906","page","type-page","status-publish","has-post-thumbnail","hentry"],"acf":[],"_links":{"self":[{"href":"https:\/\/culturesconnection.com\/fr\/wp-json\/wp\/v2\/pages\/94906","targetHints":{"allow":["GET"]}}],"collection":[{"href":"https:\/\/culturesconnection.com\/fr\/wp-json\/wp\/v2\/pages"}],"about":[{"href":"https:\/\/culturesconnection.com\/fr\/wp-json\/wp\/v2\/types\/page"}],"author":[{"embeddable":true,"href":"https:\/\/culturesconnection.com\/fr\/wp-json\/wp\/v2\/users\/73"}],"replies":[{"embeddable":true,"href":"https:\/\/culturesconnection.com\/fr\/wp-json\/wp\/v2\/comments?post=94906"}],"version-history":[{"count":0,"href":"https:\/\/culturesconnection.com\/fr\/wp-json\/wp\/v2\/pages\/94906\/revisions"}],"wp:featuredmedia":[{"embeddable":true,"href":"https:\/\/culturesconnection.com\/fr\/wp-json\/wp\/v2\/media\/19573"}],"wp:attachment":[{"href":"https:\/\/culturesconnection.com\/fr\/wp-json\/wp\/v2\/media?parent=94906"}],"curies":[{"name":"wp","href":"https:\/\/api.w.org\/{rel}","templated":true}]}}