{"id":8910,"date":"2017-09-01T22:20:53","date_gmt":"2017-09-01T20:20:53","guid":{"rendered":"http:\/\/culturesconnection.com\/?page_id=8910\/"},"modified":"2022-12-15T13:43:14","modified_gmt":"2022-12-15T12:43:14","slug":"seo-multilingue-optimisation-balises","status":"publish","type":"page","link":"https:\/\/culturesconnection.com\/fr\/seo-multilingue-optimisation-balises\/","title":{"rendered":"SEO multilingue | Nos services d&rsquo;optimisation des balises"},"content":{"rendered":"\n<h2 class=\"wp-block-heading\">Site web multilingue, traductions localis\u00e9es et optimis\u00e9es SEO : le socle de votre d\u00e9veloppement \u00e0 l\u2019international<\/h2>\n\n\n\n<p>Si vous avez lu notre page <a href=\"https:\/\/culturesconnection.com\/fr\/seo-multilingue-traduction-seo\/\">Traduction SEO<\/a>, vous savez maintenant que :<br>&#8211; proposer un site dans la langue de vos prospects \u00e0 l\u2019international vous attire leurs faveurs car ils pr\u00e9f\u00e8rent de tr\u00e8s loin que vous vous exprimiez dans leur langue ;<br>&#8211; localiser vos traductions, c\u2019est-\u00e0-dire adapter les expressions aux particularit\u00e9s locales de vos march\u00e9s cibles, vous assure de vous faire comprendre et de ne pas commettre d\u2019impairs linguistiques ou culturels ;<br>&#8211; optimiser vos traductions en SEO, c\u2019est-\u00e0-dire utiliser les m\u00eames expressions que les internautes, am\u00e9liore les chances de votre site de figurer dans les r\u00e9ponses de Google lorsque l\u2019internaute formule sa requ\u00eate.<\/p>\n\n\n\n<p>Mais il reste \u00e0 votre site encore plusieurs \u00e9tapes \u00e0 franchir pour viser l\u2019indexation dans les premi\u00e8res pages de Google. Et l\u2019\u00e9tape suivante, c\u2019est l\u2019optimisation de vos balises.<\/p>\n\n\n\n<h2 class=\"wp-block-heading\">Optimiser les balises de votre site<\/h2>\n\n\n\n<p>Google vous identifie comme une bonne r\u00e9ponse \u00e0 la question pos\u00e9e par les internautes gr\u00e2ce \u00e0 un faisceau d\u2019indices disponibles sur le web. Comme nous l\u2019avons vu pr\u00e9c\u00e9demment, le premier de ces indices, c\u2019est la pr\u00e9sence de l\u2019expression recherch\u00e9e dans le contenu de votre site. Le second indice \u00ab visible \u00bb par Google, c\u2019est la pr\u00e9sence de ces expressions dans les balises de votre site.<\/p>\n\n\n\n<p>Il existe plusieurs types de balises :<br>&#8211; Les balises title et meta-description : elles indiquent \u00e0 Google la nature du contenu de chacune de vos pages. Ces balises sont tr\u00e8s importantes car Google va \u00e9galement s\u2019en servir pour vous pr\u00e9senter dans sa page de r\u00e9ponse.<\/p>\n\n\n\n<figure class=\"wp-block-image size-full is-resized\"><img loading=\"lazy\" decoding=\"async\" src=\"https:\/\/culturesconnection.com\/wp-content\/uploads\/2017\/09\/visuel-balise-1.jpg\" alt=\"\" class=\"wp-image-8914\" width=\"478\" height=\"78\" srcset=\"https:\/\/culturesconnection.com\/wp-content\/uploads\/2017\/09\/visuel-balise-1.jpg 637w, https:\/\/culturesconnection.com\/wp-content\/uploads\/2017\/09\/visuel-balise-1-300x49.jpg 300w\" sizes=\"auto, (max-width: 478px) 100vw, 478px\" \/><\/figure>\n\n\n\n<p>&#8211; Les balises Hn servent \u00e0 hi\u00e9rarchiser vos contenus donc \u00e0 indiquer \u00e0 Google quelles parties du contenu sont les plus importantes pour vous. Dans la presse, vous auriez hi\u00e9rarchis\u00e9 vos articles \u00e0 l\u2019aide des titres, chapeaux, sous titres, inter-titres\u2026 Sur votre site, vous pointez le titre principal avec la balise H1, le sous-titre avec la balise H2 et ainsi de suite. Une expression qui figure en H1 devra donc contenir vos mots-cl\u00e9s principaux.<br>&#8211; Les balises Alt indiquent \u00e0 Google le contenu de vos images.<\/p>\n\n\n\n<p>Avec le temps et les changements de l\u2019algorithme de Google, l\u2019impact de chacune de ces balises dans le r\u00e9f\u00e9rencement a \u00e9volu\u00e9, donnant moins d\u2019importance \u00e0 la balise m\u00e9ta-description par exemple. Renseigner ces balises avec les expressions d\u00e9tect\u00e9es comme les plus utilis\u00e9es par vos prospects est une \u00e9tape fondamentale pour cr\u00e9dibiliser votre site aux yeux de Google et augmenter vos chances d\u2019\u00eatre s\u00e9lectionn\u00e9 pour son grand classement final.<\/p>\n\n\n\n<p>Les experts en r\u00e9f\u00e9rencement de Cultures Connection r\u00e9digent toutes vos balises et les int\u00e8grent dans votre site. Ils optimisent \u00e9galement vos URL selon les m\u00eames principes : si vos mot-cl\u00e9s y figurent, c\u2019est un indice de plus pour Google.<\/p>\n\n\n\n<p>Vous venez d\u2019acqu\u00e9rir de nombreux points dans le scorage de votre moteur de recherche pr\u00e9f\u00e9r\u00e9. Vous en voulez encore ? Rendez-vous dans notre rubrique optimisation de <em>backlinks<\/em> !<\/p>\n\n\n\n<h2 class=\"wp-block-heading\">Nos services de traduction de site web<\/h2>\n\n\n\n<p>Votre site est en WordPress ? Cultures Connection est un partenaire privil\u00e9gi\u00e9 du plugin de traduction num\u00e9ro un sur le march\u00e9, WPML. Faire traduire votre site devient alors un jeu d\u2019enfant: nous traduisons puis g\u00e9rons l\u2019int\u00e9gration des textes dans votre site.<\/p>\n\n\n\n<p>Cultures Connection peut \u00e9galement traduire votre site Internet depuis d\u2019autres formats comme Word, Excel, des fichiers texte (.txt), \u00e0 partir de CMS comme Joomla, Magento ou PrestaShop, ou directement depuis le code source du site.<\/p>\n\n\n\n<h2 class=\"wp-block-heading\">Nos autres services de SEO multilingue et de marketing digital<\/h2>\n\n\n\n<ul class=\"wp-block-list\">\n<li><strong>Traduction SEO<\/strong><br>Les r\u00e9f\u00e9renceurs identifient les mots-cl\u00e9s principaux de votre activit\u00e9 sur votre march\u00e9 cible et remettent au traducteur un glossaire d\u2019expressions \u00e0 utiliser en priorit\u00e9.<\/li>\n\n\n\n<li><strong>Optimisation de backlinks<\/strong><br>Nous identifions pour vous les \u00ab <em>backlinks<\/em> \u00bb (liens ext\u00e9rieurs provenant d\u2019autres sites) les plus utiles \u00e0 la construction de votre popularit\u00e9.<\/li>\n\n\n\n<li><strong>R\u00e9daction de contenus SEO<\/strong><br>Les r\u00e9dacteurs de contenus multilingues SEO r\u00e9digent pour vous des contenus localis\u00e9s et optimis\u00e9s pour les moteurs de recherche.<\/li>\n<\/ul>\n\n\n\n<h2 class=\"wp-block-heading\">Des r\u00e9f\u00e9rences dans tous les secteurs<\/h2>\n\n\n\n<p>Parmi nos r\u00e9f\u00e9rences, nous comptons de nombreuses traductions de contenus de sites web, sites e-commerce ou plateformes marchandes, pour des institutions comme la FAO, l\u2019ONU, la CPAM, ou des entreprises comme SANOFI, JACADI ou MIRAKL.<\/p>\n","protected":false},"excerpt":{"rendered":"<p>Site web multilingue, traductions localis\u00e9es et optimis\u00e9es SEO : le socle de votre d\u00e9veloppement \u00e0 l\u2019international Si vous avez lu notre page Traduction SEO, vous [&#8230;]<\/p>\n<p><a class=\"btn btn-secondary understrap-read-more-link\" href=\"https:\/\/culturesconnection.com\/fr\/seo-multilingue-optimisation-balises\/\">Lire la suite\u2026<span class=\"screen-reader-text\"> from SEO multilingue | Nos services d&rsquo;optimisation des balises<\/span><\/a><\/p>\n","protected":false},"author":22,"featured_media":19552,"parent":0,"menu_order":0,"comment_status":"closed","ping_status":"closed","template":"","meta":{"_acf_changed":false,"_editorskit_title_hidden":false,"_editorskit_reading_time":3,"_editorskit_is_block_options_detached":false,"_editorskit_block_options_position":"{}","footnotes":""},"class_list":["post-8910","page","type-page","status-publish","has-post-thumbnail","hentry"],"acf":[],"_links":{"self":[{"href":"https:\/\/culturesconnection.com\/fr\/wp-json\/wp\/v2\/pages\/8910","targetHints":{"allow":["GET"]}}],"collection":[{"href":"https:\/\/culturesconnection.com\/fr\/wp-json\/wp\/v2\/pages"}],"about":[{"href":"https:\/\/culturesconnection.com\/fr\/wp-json\/wp\/v2\/types\/page"}],"author":[{"embeddable":true,"href":"https:\/\/culturesconnection.com\/fr\/wp-json\/wp\/v2\/users\/22"}],"replies":[{"embeddable":true,"href":"https:\/\/culturesconnection.com\/fr\/wp-json\/wp\/v2\/comments?post=8910"}],"version-history":[{"count":0,"href":"https:\/\/culturesconnection.com\/fr\/wp-json\/wp\/v2\/pages\/8910\/revisions"}],"wp:featuredmedia":[{"embeddable":true,"href":"https:\/\/culturesconnection.com\/fr\/wp-json\/wp\/v2\/media\/19552"}],"wp:attachment":[{"href":"https:\/\/culturesconnection.com\/fr\/wp-json\/wp\/v2\/media?parent=8910"}],"curies":[{"name":"wp","href":"https:\/\/api.w.org\/{rel}","templated":true}]}}