{"id":8740,"date":"2017-06-28T15:34:37","date_gmt":"2017-06-28T13:34:37","guid":{"rendered":"http:\/\/culturesconnection.com\/?page_id=8740\/"},"modified":"2022-12-15T13:39:38","modified_gmt":"2022-12-15T12:39:38","slug":"seo-multilingue-optimisation-de-site-web","status":"publish","type":"page","link":"https:\/\/culturesconnection.com\/fr\/seo-multilingue-optimisation-de-site-web\/","title":{"rendered":"SEO multilingue | Nos services d&rsquo;optimisation des sites web"},"content":{"rendered":"\n<h2 class=\"wp-block-heading\">Traduire votre site web pour donner une visibilit\u00e9 globale \u00e0 votre entreprise<\/h2>\n\n\n\n<p>Si l\u2019anglais est la deuxi\u00e8me langue dans le monde, lue et comprise par de tr\u00e8s nombreuses personnes, 90&nbsp;% des internautes pr\u00e9f\u00e8rent n\u00e9anmoins naviguer sur le web dans leur langue maternelle pour acheter des produits ou services (d\u2019apr\u00e8s une \u00e9tude men\u00e9e par la Commission europ\u00e9enne, <em>User language preferences online<\/em>).<\/p>\n\n\n\n<p>Faire traduire votre site web est donc l\u2019une des meilleures fa\u00e7ons d\u2019atteindre les march\u00e9s \u00e9trangers et de faire progresser vos ventes \u00e0 l\u2019international. Plusieurs \u00e9tapes sont cependant n\u00e9cessaires pour assurer le succ\u00e8s de votre site.<\/p>\n\n\n\n<p><strong>Premi\u00e8re \u00e9tape : la localisation<\/strong><br>Pour d\u00e9velopper une relation de proximit\u00e9 entre votre marque et vos prospects, mieux vaut parler leur langage. La localisation, qui consiste \u00e0 utiliser le vocabulaire local, est le premier pas de ce rapprochement vers votre march\u00e9 cible. Par exemple, on parlera de \u00ab <em>sweater<\/em> \u00bb sur un site am\u00e9ricain de pr\u00eat-\u00e0-porter, mais de \u00ab <em>jumper<\/em> \u00bb sur la version britannique. En mettant des traducteurs qui sont des locuteurs natifs au service de vos traductions, Cultures Connection vous assure des contenus parfaitement adapt\u00e9s \u00e0 votre cible. Maintenant vous parlez \u00ab local \u00bb.<\/p>\n\n\n\n<p><strong>Deuxi\u00e8me \u00e9tape : l\u2019optimisation de la traduction en r\u00e9f\u00e9rencement naturel<\/strong><br>Parler local, c\u2019est bien, \u00eatre trouv\u00e9 par vos clients sur le web, c\u2019est mieux !<br>Car si le traducteur sait dire \u00ab&nbsp;<em>coche<\/em> \u00bb en Espagne plut\u00f4t que \u00ab<em> auto<\/em>&nbsp;\u00bb en Argentine, c\u2019est maintenant \u00e0 <strong>l\u2019expert en r\u00e9f\u00e9rencement naturel<\/strong> ou SEO de v\u00e9rifier comment l\u2019internaute formule sa recherche dans le pays cible. Par exemple, il va d\u00e9couvrir qu\u2019en Espagne, pour obtenir des renseignements sur un e-commerce l\u2019expression \u00ab tienda online \u00bb fera l\u2019objet de 9&nbsp;900&nbsp;recherches par mois au total, mais \u00ab tienda en l\u00ednea \u00bb de seulement 50&nbsp;recherches. Si vous n\u2019avez pas l\u2019information et que votre site pr\u00e9sente son activit\u00e9 de \u00ab <em>tienda en l\u00ednea<\/em>&nbsp;\u00bb, Google vous r\u00e9f\u00e9rencera peut-\u00eatre lorsque les internautes taperont cette expression, mais pas lorsqu\u2019ils chercheront une \u00ab <em>tienda online<\/em>&nbsp;\u00bb. Vous venez de perdre 9&nbsp;850&nbsp;visites potentielles !<\/p>\n\n\n\n<p><strong>Troisi\u00e8me \u00e9tape : l\u2019optimisation de votre site web<\/strong><br>Bravo ! Le contenu de votre traduction est optimis\u00e9. Pour qu\u2019il vous positionne sur ses premi\u00e8res pages, il faut maintenant convaincre Google que vous faites partie des meilleures r\u00e9ponses aux requ\u00eates des internautes. Pour cela, il reste encore du chemin \u00e0 parcourir car au-del\u00e0 du contenu, Google cherche sur votre site les indices de votre pertinence sur le sujet. Ces indices, Cultures Connection vous aide \u00e0 les semer en nourrissant les balises title, m\u00e9ta-descriptions ou H1 des mots-cl\u00e9s principaux identifi\u00e9s pr\u00e9alablement.<\/p>\n\n\n\n<p><strong>Quatri\u00e8me \u00e9tape : la construction de votre popularit\u00e9<\/strong><br>Google aime les sites remarquables et sait les valoriser sur ses meilleures pages. Il scrute les liens qui pointent vers vous depuis les autres sites, mesure leur cr\u00e9dibilit\u00e9 et vous gratifie \u00e0 la hauteur de ce qu\u2019il voit. Cultures Connection vous aide \u00e0 vous faire remarquer en construisant votre strat\u00e9gie de <em>netlinking<\/em>.<br>Vous voil\u00e0 fin pr\u00eats \u00e0 conqu\u00e9rir le monde !<\/p>\n\n\n\n<h2 class=\"wp-block-heading\">Un processus facilit\u00e9<\/h2>\n\n\n\n<p>Votre site est en WordPress ? Cultures Connection est un partenaire privil\u00e9gi\u00e9 du plugin de traduction num\u00e9ro un sur le march\u00e9, WPML. Faire traduire votre site devient alors un jeu d\u2019enfant : nous traduisons puis g\u00e9rons l\u2019int\u00e9gration des textes dans votre site.<\/p>\n\n\n\n<p>Cultures Connection peut \u00e9galement traduire votre site Internet depuis d\u2019autres formats comme Word, Excel, des fichiers texte (.txt), \u00e0 partir de CMS comme Joomla, Magento ou PrestaShop, ou directement depuis le code source du site.<\/p>\n\n\n\n<h2 class=\"wp-block-heading\">Nos services de SEO multilingue et de marketing digital<\/h2>\n\n\n\n<ul class=\"wp-block-list\">\n<li><strong>Traduction SEO<\/strong><br>Les r\u00e9f\u00e9renceurs identifient les mots-cl\u00e9s principaux de votre activit\u00e9 sur votre march\u00e9 cible et remettent au traducteur un glossaire d\u2019expressions \u00e0 utiliser en priorit\u00e9.<\/li>\n\n\n\n<li><strong>Optimisation de balises<\/strong><br>Les experts en r\u00e9f\u00e9rencement r\u00e9digent les balises de votre site title, m\u00e9ta-descriptions, H1, afin d\u2019influencer les r\u00e9sultats des moteurs de recherche.<\/li>\n\n\n\n<li><strong>Optimisation de backlinks<\/strong><br>Nous identifions pour vous les \u00ab <em>backlinks<\/em> \u00bb (liens ext\u00e9rieurs provenant d\u2019autres sites) les plus utiles \u00e0 la construction de votre popularit\u00e9.<\/li>\n\n\n\n<li><strong>R\u00e9daction de contenus SEO<\/strong><br>Les r\u00e9dacteurs de contenus multilingues SEO r\u00e9digent pour vous des contenus localis\u00e9s et optimis\u00e9s pour les moteurs de recherche.<\/li>\n<\/ul>\n\n\n\n<h2 class=\"wp-block-heading\">Des r\u00e9f\u00e9rences dans tous les secteurs<\/h2>\n\n\n\n<p>Parmi nos r\u00e9f\u00e9rences, nous comptons de nombreuses traductions de contenus de sites web, sites e-commerce, plateformes marchandes, pour des institutions comme la FAO, l\u2019ONU, la CPAM, ou des entreprises comme SANOFI, JACADI ou MIRAKL.<\/p>\n","protected":false},"excerpt":{"rendered":"<p>Traduire votre site web pour donner une visibilit\u00e9 globale \u00e0 votre entreprise Si l\u2019anglais est la deuxi\u00e8me langue dans le monde, lue et comprise par [&#8230;]<\/p>\n<p><a class=\"btn btn-secondary understrap-read-more-link\" href=\"https:\/\/culturesconnection.com\/fr\/seo-multilingue-optimisation-de-site-web\/\">Lire la suite\u2026<span class=\"screen-reader-text\"> from SEO multilingue | Nos services d&rsquo;optimisation des sites web<\/span><\/a><\/p>\n","protected":false},"author":22,"featured_media":19542,"parent":0,"menu_order":0,"comment_status":"closed","ping_status":"closed","template":"","meta":{"_acf_changed":false,"_editorskit_title_hidden":false,"_editorskit_reading_time":0,"_editorskit_is_block_options_detached":false,"_editorskit_block_options_position":"{}","footnotes":""},"class_list":["post-8740","page","type-page","status-publish","has-post-thumbnail","hentry"],"acf":[],"_links":{"self":[{"href":"https:\/\/culturesconnection.com\/fr\/wp-json\/wp\/v2\/pages\/8740","targetHints":{"allow":["GET"]}}],"collection":[{"href":"https:\/\/culturesconnection.com\/fr\/wp-json\/wp\/v2\/pages"}],"about":[{"href":"https:\/\/culturesconnection.com\/fr\/wp-json\/wp\/v2\/types\/page"}],"author":[{"embeddable":true,"href":"https:\/\/culturesconnection.com\/fr\/wp-json\/wp\/v2\/users\/22"}],"replies":[{"embeddable":true,"href":"https:\/\/culturesconnection.com\/fr\/wp-json\/wp\/v2\/comments?post=8740"}],"version-history":[{"count":0,"href":"https:\/\/culturesconnection.com\/fr\/wp-json\/wp\/v2\/pages\/8740\/revisions"}],"wp:featuredmedia":[{"embeddable":true,"href":"https:\/\/culturesconnection.com\/fr\/wp-json\/wp\/v2\/media\/19542"}],"wp:attachment":[{"href":"https:\/\/culturesconnection.com\/fr\/wp-json\/wp\/v2\/media?parent=8740"}],"curies":[{"name":"wp","href":"https:\/\/api.w.org\/{rel}","templated":true}]}}