{"id":85394,"date":"2022-07-28T00:02:17","date_gmt":"2022-07-27T22:02:17","guid":{"rendered":"https:\/\/culturesconnection.com\/?page_id=85394"},"modified":"2023-05-10T23:46:20","modified_gmt":"2023-05-10T21:46:20","slug":"livres-blancs-et-brochures","status":"publish","type":"page","link":"https:\/\/culturesconnection.com\/fr\/livres-blancs-et-brochures\/","title":{"rendered":"Livres blancs et brochures"},"content":{"rendered":"","protected":false},"excerpt":{"rendered":"<p> [&#8230;]<\/p>\n<p><a class=\"btn btn-secondary understrap-read-more-link\" href=\"https:\/\/culturesconnection.com\/fr\/livres-blancs-et-brochures\/\">Lire la suite\u2026<span class=\"screen-reader-text\"> from Livres blancs et brochures<\/span><\/a><\/p>\n","protected":false},"author":66,"featured_media":85433,"parent":0,"menu_order":0,"comment_status":"closed","ping_status":"closed","template":"page-templates\/whitepapers.php","meta":{"_acf_changed":false,"_editorskit_title_hidden":false,"_editorskit_reading_time":1,"_editorskit_is_block_options_detached":false,"_editorskit_block_options_position":"{}","footnotes":""},"class_list":["post-85394","page","type-page","status-publish","has-post-thumbnail","hentry"],"acf":[],"yoast_head":"<!-- This site is optimized with the Yoast SEO Premium plugin v23.4 (Yoast SEO v27.3) - https:\/\/yoast.com\/product\/yoast-seo-premium-wordpress\/ -->\n<title>Livres blancs et brochures<\/title>\n<meta name=\"description\" content=\"T\u00e9l\u00e9chargez les livres blancs et les brochures de Cultures Connection : par exemple, le livre blanc sur les march\u00e9s publics en traduction.\" \/>\n<meta name=\"robots\" content=\"index, follow, max-snippet:-1, max-image-preview:large, max-video-preview:-1\" \/>\n<link rel=\"canonical\" href=\"https:\/\/culturesconnection.com\/fr\/livres-blancs-et-brochures\/\" \/>\n<meta property=\"og:locale\" content=\"fr_FR\" \/>\n<meta property=\"og:type\" content=\"article\" \/>\n<meta property=\"og:title\" content=\"Livres blancs et brochures\" \/>\n<meta property=\"og:description\" content=\"T\u00e9l\u00e9chargez les livres blancs et les brochures de Cultures Connection : par exemple, le livre blanc sur les march\u00e9s publics en traduction.\" \/>\n<meta property=\"og:url\" content=\"https:\/\/culturesconnection.com\/fr\/livres-blancs-et-brochures\/\" \/>\n<meta property=\"og:site_name\" content=\"Cultures Connection\" \/>\n<meta property=\"article:publisher\" content=\"https:\/\/www.facebook.com\/CulturesConnection\" \/>\n<meta property=\"article:modified_time\" content=\"2023-05-10T21:46:20+00:00\" \/>\n<meta property=\"og:image\" content=\"https:\/\/culturesconnection.com\/wp-content\/uploads\/2022\/07\/books.jpg\" \/>\n\t<meta property=\"og:image:width\" content=\"1900\" \/>\n\t<meta property=\"og:image:height\" content=\"1257\" \/>\n\t<meta property=\"og:image:type\" content=\"image\/jpeg\" \/>\n<meta name=\"twitter:card\" content=\"summary_large_image\" \/>\n<meta name=\"twitter:site\" content=\"@CulturesCo_\" \/>\n<script type=\"application\/ld+json\" class=\"yoast-schema-graph\">{\"@context\":\"https:\\\/\\\/schema.org\",\"@graph\":[{\"@type\":\"WebPage\",\"@id\":\"https:\\\/\\\/culturesconnection.com\\\/fr\\\/livres-blancs-et-brochures\\\/\",\"url\":\"https:\\\/\\\/culturesconnection.com\\\/fr\\\/livres-blancs-et-brochures\\\/\",\"name\":\"Livres blancs et brochures\",\"isPartOf\":{\"@id\":\"https:\\\/\\\/culturesconnection.com\\\/fr\\\/#website\"},\"primaryImageOfPage\":{\"@id\":\"https:\\\/\\\/culturesconnection.com\\\/fr\\\/livres-blancs-et-brochures\\\/#primaryimage\"},\"image\":{\"@id\":\"https:\\\/\\\/culturesconnection.com\\\/fr\\\/livres-blancs-et-brochures\\\/#primaryimage\"},\"thumbnailUrl\":\"https:\\\/\\\/culturesconnection.com\\\/wp-content\\\/uploads\\\/2022\\\/07\\\/books.jpg\",\"datePublished\":\"2022-07-27T22:02:17+00:00\",\"dateModified\":\"2023-05-10T21:46:20+00:00\",\"description\":\"T\u00e9l\u00e9chargez les livres blancs et les brochures de Cultures Connection : par exemple, le livre blanc sur les march\u00e9s publics en traduction.\",\"breadcrumb\":{\"@id\":\"https:\\\/\\\/culturesconnection.com\\\/fr\\\/livres-blancs-et-brochures\\\/#breadcrumb\"},\"inLanguage\":\"fr-FR\",\"potentialAction\":[{\"@type\":\"ReadAction\",\"target\":[\"https:\\\/\\\/culturesconnection.com\\\/fr\\\/livres-blancs-et-brochures\\\/\"]}]},{\"@type\":\"ImageObject\",\"inLanguage\":\"fr-FR\",\"@id\":\"https:\\\/\\\/culturesconnection.com\\\/fr\\\/livres-blancs-et-brochures\\\/#primaryimage\",\"url\":\"https:\\\/\\\/culturesconnection.com\\\/wp-content\\\/uploads\\\/2022\\\/07\\\/books.jpg\",\"contentUrl\":\"https:\\\/\\\/culturesconnection.com\\\/wp-content\\\/uploads\\\/2022\\\/07\\\/books.jpg\",\"width\":1900,\"height\":1257},{\"@type\":\"BreadcrumbList\",\"@id\":\"https:\\\/\\\/culturesconnection.com\\\/fr\\\/livres-blancs-et-brochures\\\/#breadcrumb\",\"itemListElement\":[{\"@type\":\"ListItem\",\"position\":1,\"name\":\"Home\",\"item\":\"https:\\\/\\\/culturesconnection.com\\\/fr\\\/\"},{\"@type\":\"ListItem\",\"position\":2,\"name\":\"Livres blancs et brochures\"}]},{\"@type\":\"WebSite\",\"@id\":\"https:\\\/\\\/culturesconnection.com\\\/fr\\\/#website\",\"url\":\"https:\\\/\\\/culturesconnection.com\\\/fr\\\/\",\"name\":\"Cultures Connection\",\"description\":\"Cultures Connection is a translation agency dedicated to the success of its international clients.\",\"publisher\":{\"@id\":\"https:\\\/\\\/culturesconnection.com\\\/fr\\\/#organization\"},\"potentialAction\":[{\"@type\":\"SearchAction\",\"target\":{\"@type\":\"EntryPoint\",\"urlTemplate\":\"https:\\\/\\\/culturesconnection.com\\\/fr\\\/?s={search_term_string}\"},\"query-input\":{\"@type\":\"PropertyValueSpecification\",\"valueRequired\":true,\"valueName\":\"search_term_string\"}}],\"inLanguage\":\"fr-FR\"},{\"@type\":\"Organization\",\"@id\":\"https:\\\/\\\/culturesconnection.com\\\/fr\\\/#organization\",\"name\":\"Cultures Connection\",\"url\":\"https:\\\/\\\/culturesconnection.com\\\/fr\\\/\",\"logo\":{\"@type\":\"ImageObject\",\"inLanguage\":\"fr-FR\",\"@id\":\"https:\\\/\\\/culturesconnection.com\\\/fr\\\/#\\\/schema\\\/logo\\\/image\\\/\",\"url\":\"https:\\\/\\\/culturesconnection.com\\\/wp-content\\\/uploads\\\/2022\\\/06\\\/cropped-favicon512x512.png\",\"contentUrl\":\"https:\\\/\\\/culturesconnection.com\\\/wp-content\\\/uploads\\\/2022\\\/06\\\/cropped-favicon512x512.png\",\"width\":512,\"height\":512,\"caption\":\"Cultures Connection\"},\"image\":{\"@id\":\"https:\\\/\\\/culturesconnection.com\\\/fr\\\/#\\\/schema\\\/logo\\\/image\\\/\"},\"sameAs\":[\"https:\\\/\\\/www.facebook.com\\\/CulturesConnection\",\"https:\\\/\\\/x.com\\\/CulturesCo_\"]}]}<\/script>\n<!-- \/ Yoast SEO Premium plugin. -->","yoast_head_json":{"title":"Livres blancs et brochures","description":"T\u00e9l\u00e9chargez les livres blancs et les brochures de Cultures Connection : par exemple, le livre blanc sur les march\u00e9s publics en traduction.","robots":{"index":"index","follow":"follow","max-snippet":"max-snippet:-1","max-image-preview":"max-image-preview:large","max-video-preview":"max-video-preview:-1"},"canonical":"https:\/\/culturesconnection.com\/fr\/livres-blancs-et-brochures\/","og_locale":"fr_FR","og_type":"article","og_title":"Livres blancs et brochures","og_description":"T\u00e9l\u00e9chargez les livres blancs et les brochures de Cultures Connection : par exemple, le livre blanc sur les march\u00e9s publics en traduction.","og_url":"https:\/\/culturesconnection.com\/fr\/livres-blancs-et-brochures\/","og_site_name":"Cultures Connection","article_publisher":"https:\/\/www.facebook.com\/CulturesConnection","article_modified_time":"2023-05-10T21:46:20+00:00","og_image":[{"width":1900,"height":1257,"url":"https:\/\/culturesconnection.com\/wp-content\/uploads\/2022\/07\/books.jpg","type":"image\/jpeg"}],"twitter_card":"summary_large_image","twitter_site":"@CulturesCo_","schema":{"@context":"https:\/\/schema.org","@graph":[{"@type":"WebPage","@id":"https:\/\/culturesconnection.com\/fr\/livres-blancs-et-brochures\/","url":"https:\/\/culturesconnection.com\/fr\/livres-blancs-et-brochures\/","name":"Livres blancs et brochures","isPartOf":{"@id":"https:\/\/culturesconnection.com\/fr\/#website"},"primaryImageOfPage":{"@id":"https:\/\/culturesconnection.com\/fr\/livres-blancs-et-brochures\/#primaryimage"},"image":{"@id":"https:\/\/culturesconnection.com\/fr\/livres-blancs-et-brochures\/#primaryimage"},"thumbnailUrl":"https:\/\/culturesconnection.com\/wp-content\/uploads\/2022\/07\/books.jpg","datePublished":"2022-07-27T22:02:17+00:00","dateModified":"2023-05-10T21:46:20+00:00","description":"T\u00e9l\u00e9chargez les livres blancs et les brochures de Cultures Connection : par exemple, le livre blanc sur les march\u00e9s publics en traduction.","breadcrumb":{"@id":"https:\/\/culturesconnection.com\/fr\/livres-blancs-et-brochures\/#breadcrumb"},"inLanguage":"fr-FR","potentialAction":[{"@type":"ReadAction","target":["https:\/\/culturesconnection.com\/fr\/livres-blancs-et-brochures\/"]}]},{"@type":"ImageObject","inLanguage":"fr-FR","@id":"https:\/\/culturesconnection.com\/fr\/livres-blancs-et-brochures\/#primaryimage","url":"https:\/\/culturesconnection.com\/wp-content\/uploads\/2022\/07\/books.jpg","contentUrl":"https:\/\/culturesconnection.com\/wp-content\/uploads\/2022\/07\/books.jpg","width":1900,"height":1257},{"@type":"BreadcrumbList","@id":"https:\/\/culturesconnection.com\/fr\/livres-blancs-et-brochures\/#breadcrumb","itemListElement":[{"@type":"ListItem","position":1,"name":"Home","item":"https:\/\/culturesconnection.com\/fr\/"},{"@type":"ListItem","position":2,"name":"Livres blancs et brochures"}]},{"@type":"WebSite","@id":"https:\/\/culturesconnection.com\/fr\/#website","url":"https:\/\/culturesconnection.com\/fr\/","name":"Cultures Connection","description":"Cultures Connection is a translation agency dedicated to the success of its international clients.","publisher":{"@id":"https:\/\/culturesconnection.com\/fr\/#organization"},"potentialAction":[{"@type":"SearchAction","target":{"@type":"EntryPoint","urlTemplate":"https:\/\/culturesconnection.com\/fr\/?s={search_term_string}"},"query-input":{"@type":"PropertyValueSpecification","valueRequired":true,"valueName":"search_term_string"}}],"inLanguage":"fr-FR"},{"@type":"Organization","@id":"https:\/\/culturesconnection.com\/fr\/#organization","name":"Cultures Connection","url":"https:\/\/culturesconnection.com\/fr\/","logo":{"@type":"ImageObject","inLanguage":"fr-FR","@id":"https:\/\/culturesconnection.com\/fr\/#\/schema\/logo\/image\/","url":"https:\/\/culturesconnection.com\/wp-content\/uploads\/2022\/06\/cropped-favicon512x512.png","contentUrl":"https:\/\/culturesconnection.com\/wp-content\/uploads\/2022\/06\/cropped-favicon512x512.png","width":512,"height":512,"caption":"Cultures Connection"},"image":{"@id":"https:\/\/culturesconnection.com\/fr\/#\/schema\/logo\/image\/"},"sameAs":["https:\/\/www.facebook.com\/CulturesConnection","https:\/\/x.com\/CulturesCo_"]}]}},"_links":{"self":[{"href":"https:\/\/culturesconnection.com\/fr\/wp-json\/wp\/v2\/pages\/85394","targetHints":{"allow":["GET"]}}],"collection":[{"href":"https:\/\/culturesconnection.com\/fr\/wp-json\/wp\/v2\/pages"}],"about":[{"href":"https:\/\/culturesconnection.com\/fr\/wp-json\/wp\/v2\/types\/page"}],"author":[{"embeddable":true,"href":"https:\/\/culturesconnection.com\/fr\/wp-json\/wp\/v2\/users\/66"}],"replies":[{"embeddable":true,"href":"https:\/\/culturesconnection.com\/fr\/wp-json\/wp\/v2\/comments?post=85394"}],"version-history":[{"count":0,"href":"https:\/\/culturesconnection.com\/fr\/wp-json\/wp\/v2\/pages\/85394\/revisions"}],"wp:featuredmedia":[{"embeddable":true,"href":"https:\/\/culturesconnection.com\/fr\/wp-json\/wp\/v2\/media\/85433"}],"wp:attachment":[{"href":"https:\/\/culturesconnection.com\/fr\/wp-json\/wp\/v2\/media?parent=85394"}],"curies":[{"name":"wp","href":"https:\/\/api.w.org\/{rel}","templated":true}]}}