{"id":6731,"date":"2016-08-29T19:21:08","date_gmt":"2016-08-29T18:21:08","guid":{"rendered":"http:\/\/culturesconnection.com\/fr\/?page_id=6731"},"modified":"2022-11-07T11:01:01","modified_gmt":"2022-11-07T10:01:01","slug":"services-de-traduction-hongrois","status":"publish","type":"page","link":"https:\/\/culturesconnection.com\/fr\/services-de-traduction-hongrois\/","title":{"rendered":"Agence de traduction en hongrois"},"content":{"rendered":"\n<h2 class=\"wp-block-heading\">Nos services de traduction en hongrois<\/h2>\n\n\n\n<p>L\u2019Hexagone \u00e9tant le sixi\u00e8me client de la Hongrie, votre entreprise est peut-\u00eatre en train d\u2019y exporter ses activit\u00e9s. La traduction de vos documents est l\u2019une des \u00e9tapes essentielles et devrait \u00eatre r\u00e9alis\u00e9e par des professionnels. Notre <a href=\"https:\/\/culturesconnection.com\/fr\/\">agence de traduction<\/a> prend en charge tout type de projet. Gr\u00e2ce \u00e0 notre syst\u00e8me en quatre volets qualit\u00e9 (basique, standard, professionnel et premium), nous nous adaptons toujours aux exigences de nos clients. Chaque projet de traduction est pris en charge par un chef de projet qui est \u00e0 votre disposition et qui s\u2019assure du bon d\u00e9roulement du processus.<\/p>\n\n\n\n<h2 class=\"wp-block-heading\">Besoin d\u2019un traducteur hongrois ?<\/h2>\n\n\n\n<p>Chez Cultures Connection, nous disposons d&rsquo;un r\u00e9seau de plus de 750 traducteurs professionnels qui nous permet de s\u00e9lectionner\u00a0les traducteurs les plus adapt\u00e9s \u00e0 vos besoins. Ces derniers sont s\u00e9lectionn\u00e9s avec attention sur la base de leurs dipl\u00f4mes, de leurs sp\u00e9cialisations et de leur exp\u00e9rience. Au sein de notre agence de traduction, les traducteurs travaillent uniquement vers leur <a href=\"https:\/\/culturesconnection.com\/fr\/traducteur-professionnel\/\" class=\"ek-link\">langue<\/a> maternelle. Il s&rsquo;agit d&rsquo;une exigence des normes de qualit\u00e9 internationales r\u00e9gissant le secteur, mais ce choix vient aussi de notre exp\u00e9rience. Une traduction n&rsquo;est jamais aussi qualitative que lorsqu&rsquo;elle est produite par un traducteur natif. C&rsquo;est aussi de cette mani\u00e8re que nous assurons que les\u00a0traductions r\u00e9alis\u00e9es par nos soins sont \u00e0 la hauteur de vos attentes.<\/p>\n","protected":false},"excerpt":{"rendered":"<p>Nos services de traduction en hongrois L\u2019Hexagone \u00e9tant le sixi\u00e8me client de la Hongrie, votre entreprise est peut-\u00eatre en train d\u2019y exporter ses activit\u00e9s. La [&#8230;]<\/p>\n<p><a class=\"btn btn-secondary understrap-read-more-link\" href=\"https:\/\/culturesconnection.com\/fr\/services-de-traduction-hongrois\/\">Lire la suite\u2026<span class=\"screen-reader-text\"> from Agence de traduction en hongrois<\/span><\/a><\/p>\n","protected":false},"author":33,"featured_media":23251,"parent":0,"menu_order":0,"comment_status":"closed","ping_status":"closed","template":"","meta":{"_acf_changed":false,"_editorskit_title_hidden":false,"_editorskit_reading_time":0,"_editorskit_is_block_options_detached":false,"_editorskit_block_options_position":"{}","footnotes":""},"class_list":["post-6731","page","type-page","status-publish","has-post-thumbnail","hentry"],"acf":[],"_links":{"self":[{"href":"https:\/\/culturesconnection.com\/fr\/wp-json\/wp\/v2\/pages\/6731","targetHints":{"allow":["GET"]}}],"collection":[{"href":"https:\/\/culturesconnection.com\/fr\/wp-json\/wp\/v2\/pages"}],"about":[{"href":"https:\/\/culturesconnection.com\/fr\/wp-json\/wp\/v2\/types\/page"}],"author":[{"embeddable":true,"href":"https:\/\/culturesconnection.com\/fr\/wp-json\/wp\/v2\/users\/33"}],"replies":[{"embeddable":true,"href":"https:\/\/culturesconnection.com\/fr\/wp-json\/wp\/v2\/comments?post=6731"}],"version-history":[{"count":0,"href":"https:\/\/culturesconnection.com\/fr\/wp-json\/wp\/v2\/pages\/6731\/revisions"}],"wp:featuredmedia":[{"embeddable":true,"href":"https:\/\/culturesconnection.com\/fr\/wp-json\/wp\/v2\/media\/23251"}],"wp:attachment":[{"href":"https:\/\/culturesconnection.com\/fr\/wp-json\/wp\/v2\/media?parent=6731"}],"curies":[{"name":"wp","href":"https:\/\/api.w.org\/{rel}","templated":true}]}}