{"id":6675,"date":"2016-08-12T16:09:30","date_gmt":"2016-08-12T15:09:30","guid":{"rendered":"http:\/\/culturesconnection.com\/fr\/?page_id=6675"},"modified":"2023-03-13T17:03:13","modified_gmt":"2023-03-13T16:03:13","slug":"services-de-traduction-roumain","status":"publish","type":"page","link":"https:\/\/culturesconnection.com\/fr\/services-de-traduction-roumain\/","title":{"rendered":"Agence de traduction en roumain"},"content":{"rendered":"\n<h2 class=\"wp-block-heading\">Nos services de traduction en roumain<\/h2>\n\n\n\n<p>Vous avez besoin de services de traduction depuis le roumain ou vers le roumain, pour un document, une pr\u00e9sentation ou un site internet&nbsp;? Notre agence de traduction fournit souvent des traductions en roumain. Notre \u00e9quipe propose \u00e9galement un service de r\u00e9vision pour un document d\u00e9j\u00e0 traduit, ou encore un service de localisation.<\/p>\n\n\n\n<p>Les relations \u00e9conomiques entre l\u2019Hexagone et la Roumanie sont en pleine croissance. La France est le quatri\u00e8me partenaire commercial de la Roumanie. Si vous souhaitez exporter vos activit\u00e9s vers ce pays, Cultures Connection prend en charge votre projet de traduction, quels que soient le d\u00e9lai dont vous disposez, le secteur d\u2019activit\u00e9 concern\u00e9 et votre budget. En effet, nous avons mis en place un syst\u00e8me en quatre volets (basique, standard, professionnel, et premium) afin de r\u00e9pondre au mieux \u00e0 vos attentes en termes de prix et de qualit\u00e9.<\/p>\n\n\n\n<h2 class=\"wp-block-heading\">Vous recherchez un traducteur roumain ?<\/h2>\n\n\n\n<p>Notre <a href=\"https:\/\/culturesconnection.com\/fr\/\">agence&nbsp;de traduction<\/a> professionnelle s\u00e9lectionne ses traducteurs sur la base de crit\u00e8res rigoureux. Ces derniers sont recrut\u00e9s en fonction de leurs dipl\u00f4mes et de leurs comp\u00e9tences. Nous exigeons un minimum de 5 ans d\u2019exp\u00e9rience dans le domaine de mani\u00e8re \u00e0 toujours pouvoir livrer des traductions de bonne qualit\u00e9. Le roumain est une <a href=\"https:\/\/culturesconnection.com\/fr\/traducteur-professionnel\/\">langue<\/a> particuli\u00e8rement complexe et pour pouvoir r\u00e9aliser une traduction depuis ou vers cette langue des comp\u00e9tences linguistiques et culturelles solides sont n\u00e9cessaires. Nos traducteurs ma\u00eetrisent toutes les subtilit\u00e9s de cette langue et ont pour r\u00e8gle de ne traduire que vers leur langue maternelle.<\/p>\n\n\n\n<h2 class=\"wp-block-heading\">Notre entreprise de traduction professionnelle<\/h2>\n\n\n\n<p>Depuis plus de 10 ans, Cultures Connection propose ses services de traduction professionnelle de qualit\u00e9 \u00e0 de nombreux clients en France et \u00e0 l\u2019\u00e9tranger. Des entreprises de toutes les tailles, des organisations internationales, des universit\u00e9s, des laboratoires ou encore des cabinets d\u2019avocats nous font confiance pour la traduction de leurs contenus.<\/p>\n\n\n\n<p>Nos \u00e9quipes vous guident dans le processus de traduction de vos contenus, et ce quel que soit le domaine trait\u00e9 dans les documents que vous souhaitez traduire. Contactez notre agence&nbsp;!<\/p>\n","protected":false},"excerpt":{"rendered":"<p>Nos services de traduction en roumain Vous avez besoin de services de traduction depuis le roumain ou vers le roumain, pour un document, une pr\u00e9sentation [&#8230;]<\/p>\n<p><a class=\"btn btn-secondary understrap-read-more-link\" href=\"https:\/\/culturesconnection.com\/fr\/services-de-traduction-roumain\/\">Lire la suite\u2026<span class=\"screen-reader-text\"> from Agence de traduction en roumain<\/span><\/a><\/p>\n","protected":false},"author":33,"featured_media":23251,"parent":0,"menu_order":0,"comment_status":"closed","ping_status":"closed","template":"","meta":{"_acf_changed":false,"_editorskit_title_hidden":false,"_editorskit_reading_time":1,"_editorskit_is_block_options_detached":false,"_editorskit_block_options_position":"{}","footnotes":""},"class_list":["post-6675","page","type-page","status-publish","has-post-thumbnail","hentry"],"acf":[],"_links":{"self":[{"href":"https:\/\/culturesconnection.com\/fr\/wp-json\/wp\/v2\/pages\/6675","targetHints":{"allow":["GET"]}}],"collection":[{"href":"https:\/\/culturesconnection.com\/fr\/wp-json\/wp\/v2\/pages"}],"about":[{"href":"https:\/\/culturesconnection.com\/fr\/wp-json\/wp\/v2\/types\/page"}],"author":[{"embeddable":true,"href":"https:\/\/culturesconnection.com\/fr\/wp-json\/wp\/v2\/users\/33"}],"replies":[{"embeddable":true,"href":"https:\/\/culturesconnection.com\/fr\/wp-json\/wp\/v2\/comments?post=6675"}],"version-history":[{"count":0,"href":"https:\/\/culturesconnection.com\/fr\/wp-json\/wp\/v2\/pages\/6675\/revisions"}],"wp:featuredmedia":[{"embeddable":true,"href":"https:\/\/culturesconnection.com\/fr\/wp-json\/wp\/v2\/media\/23251"}],"wp:attachment":[{"href":"https:\/\/culturesconnection.com\/fr\/wp-json\/wp\/v2\/media?parent=6675"}],"curies":[{"name":"wp","href":"https:\/\/api.w.org\/{rel}","templated":true}]}}