{"id":6673,"date":"2016-08-16T20:02:47","date_gmt":"2016-08-16T19:02:47","guid":{"rendered":"http:\/\/culturesconnection.com\/fr\/?page_id=6673"},"modified":"2023-03-24T12:25:17","modified_gmt":"2023-03-24T11:25:17","slug":"service-traduction-bulgare","status":"publish","type":"page","link":"https:\/\/culturesconnection.com\/fr\/service-traduction-bulgare\/","title":{"rendered":"Agence de traduction en bulgare"},"content":{"rendered":"\n<h2 class=\"wp-block-heading\">Services de traduction bulgare<\/h2>\n\n\n\n<p>Vous avez besoin de services de traduction depuis le bulgare ou vers le bulgare, pour un document technique ou juridique, une pr\u00e9sentation commerciale ou un site web&nbsp;? Notre agence de traduction fournit des traductions de qualit\u00e9 en bulgare. Notre \u00e9quipe propose \u00e9galement un service de r\u00e9vision pour un document d\u00e9j\u00e0 traduit, ou encore un service de localisation.<\/p>\n\n\n\n<p>Si vous souhaitez exporter vos activit\u00e9s en Bulgarie, notre <a href=\"https:\/\/culturesconnection.com\/fr\/\">agence&nbsp;de traduction<\/a> est l\u00e0 pour vous guider dans ce processus qui s\u2019av\u00e8re \u00eatre un v\u00e9ritable casse-t\u00eate si vous ne connaissez pas le milieu de la traduction. Chez Cultures Connection, nos chefs de projet prennent en charge vos documents, et vous livrent des traductions professionnelles dans les d\u00e9lais convenus&nbsp;\u00e0 des prix comp\u00e9titifs. Gr\u00e2ce \u00e0 un syst\u00e8me qualit\u00e9 en quatre volets diff\u00e9rents (basic, standard, professionnel et premium), nous nous adaptons \u00e0 votre budget, \u00e0 vos besoins et au d\u00e9lai dont vous disposez. Dans les limites du possible, nous r\u00e9alisons \u00e9galement des traductions urgentes.<\/p>\n\n\n\n<h2 class=\"wp-block-heading\">Nos traducteurs professionnels bulgares<\/h2>\n\n\n\n<p>Vous voulez trouver un traducteur fran\u00e7ais bulgare, bulgare fran\u00e7ais ou depuis une autre langue vers le bulgare&nbsp;? Notre agence propose des traducteurs bulgares exp\u00e9riment\u00e9s \u00e0 ses clients de tous horizons. Afin de garantir une traduction fiable, les traducteurs ne peuvent traduire que vers leur langue maternelle, \u00e0 savoir la langue dont ils ma\u00eetrisent toutes les subtilit\u00e9s.<\/p>\n\n\n\n<p>Le bulgare est une <a href=\"https:\/\/culturesconnection.com\/fr\/traducteur-professionnel\/\" class=\"ek-link\">langue<\/a>&nbsp;slave m\u00e9ridionale parl\u00e9e par 10 millions de locuteurs en Bulgarie. Des communaut\u00e9s de locuteurs bulgares existent dans les pays voisins ou proches, notamment la Turquie, la Gr\u00e8ce, la Roumanie, la Mac\u00e9doine du Nord, l\u2019Ukraine et la Serbie. D\u2019autres pays accueillent des personnes qui parlent le bulgare, c\u2019est le cas de la France, de l\u2019Allemagne, de l\u2019Italie, de l\u2019Espagne et du Royaume-Uni. Une diaspora bulgare importante se trouve aux \u00c9tats-Unis et au Canada. L\u2019emploi de l\u2019alphabet cyrillique rend l\u2019exercice de la traduction particuli\u00e8rement complexe. <\/p>\n\n\n\n<p>C\u2019est pourquoi, chez Cultures Connection nous prenons soin de s\u00e9lectionner des traducteurs tr\u00e8s comp\u00e9tents, qui ont acquis une grande exp\u00e9rience dans leur sp\u00e9cialit\u00e9. En plus de tester r\u00e9guli\u00e8rement leurs comp\u00e9tences, notre \u00e9quipe v\u00e9rifie leurs dipl\u00f4mes et leur parcours professionnel avant de les accepter dans notre base de donn\u00e9es. C\u2019est au prix de cet effort de suivi et de contr\u00f4le minutieux des profils des traducteurs que nous pouvons assurer un travail de qualit\u00e9. En outre, tous les traducteurs professionnels avec lesquels nous collaborons poss\u00e8dent non seulement une grande connaissance de la langue, mais \u00e9galement de la culture bulgare. La confidentialit\u00e9 du contenu source et de la traduction en bulgare est garantie.<\/p>\n","protected":false},"excerpt":{"rendered":"<p>Services de traduction bulgare Vous avez besoin de services de traduction depuis le bulgare ou vers le bulgare, pour un document technique ou juridique, une [&#8230;]<\/p>\n<p><a class=\"btn btn-secondary understrap-read-more-link\" href=\"https:\/\/culturesconnection.com\/fr\/service-traduction-bulgare\/\">Lire la suite\u2026<span class=\"screen-reader-text\"> from Agence de traduction en bulgare<\/span><\/a><\/p>\n","protected":false},"author":33,"featured_media":23251,"parent":0,"menu_order":0,"comment_status":"closed","ping_status":"closed","template":"","meta":{"_acf_changed":false,"_editorskit_title_hidden":false,"_editorskit_reading_time":2,"_editorskit_is_block_options_detached":false,"_editorskit_block_options_position":"{}","footnotes":""},"class_list":["post-6673","page","type-page","status-publish","has-post-thumbnail","hentry"],"acf":[],"_links":{"self":[{"href":"https:\/\/culturesconnection.com\/fr\/wp-json\/wp\/v2\/pages\/6673","targetHints":{"allow":["GET"]}}],"collection":[{"href":"https:\/\/culturesconnection.com\/fr\/wp-json\/wp\/v2\/pages"}],"about":[{"href":"https:\/\/culturesconnection.com\/fr\/wp-json\/wp\/v2\/types\/page"}],"author":[{"embeddable":true,"href":"https:\/\/culturesconnection.com\/fr\/wp-json\/wp\/v2\/users\/33"}],"replies":[{"embeddable":true,"href":"https:\/\/culturesconnection.com\/fr\/wp-json\/wp\/v2\/comments?post=6673"}],"version-history":[{"count":0,"href":"https:\/\/culturesconnection.com\/fr\/wp-json\/wp\/v2\/pages\/6673\/revisions"}],"wp:featuredmedia":[{"embeddable":true,"href":"https:\/\/culturesconnection.com\/fr\/wp-json\/wp\/v2\/media\/23251"}],"wp:attachment":[{"href":"https:\/\/culturesconnection.com\/fr\/wp-json\/wp\/v2\/media?parent=6673"}],"curies":[{"name":"wp","href":"https:\/\/api.w.org\/{rel}","templated":true}]}}