{"id":6626,"date":"2016-08-08T20:35:50","date_gmt":"2016-08-08T18:35:50","guid":{"rendered":"http:\/\/culturesconnection.com\/fr\/?page_id=6626"},"modified":"2023-12-24T22:40:21","modified_gmt":"2023-12-24T21:40:21","slug":"nos-services-de-traduction-urgente","status":"publish","type":"page","link":"https:\/\/culturesconnection.com\/fr\/nos-services-de-traduction-urgente\/","title":{"rendered":"Nos services de traduction urgente"},"content":{"rendered":"\n<h2 class=\"wp-block-heading\">Traduction urgente de documents<\/h2>\n\n\n\n<p>Vous avez besoin d\u2019une traduction urgente&nbsp;? Aucun probl\u00e8me, <strong>Cultures Connection<\/strong> s\u2019occupe de votre urgence et prend rapidement votre projet en charge. Notre <a href=\"https:\/\/culturesconnection.com\/fr\/\">agence&nbsp;de traduction<\/a> met tout en \u0153uvre pour vous livrer des traductions dans les d\u00e9lais convenus. Pour tout besoin urgent, si vous devez respecter un d\u00e9lai particuli\u00e8rement court, nous trouverons la solution. Nos chefs de projets monteront une \u00e9quipe de divers traducteurs professionnels qui se partageront le travail afin que vos documents soient traduits le plus vite possible. Tout le travail sera effectu\u00e9 \u00e0 travers notre plateforme en ligne et nos outils d\u2019aide \u00e0 la traduction en ligne afin d\u2019homog\u00e9n\u00e9iser le r\u00e9sultat final. Contactez-nous en ligne ou appelez-nous, pour une livraison de traductions de qualit\u00e9, et ce pour tout type de document professionnel&nbsp;!<\/p>\n\n\n\n<h2 class=\"wp-block-heading\">Nos traducteurs professionnels exp\u00e9riment\u00e9s<\/h2>\n\n\n\n<p>Notre r\u00e9seau de traducteurs compte uniquement des sp\u00e9cialistes du secteur. Pour un service urgent et fiable, notre bureau de traduction sait \u00e0 qui confier votre document. Nous avons recrut\u00e9 chaque traducteur sur la base des dipl\u00f4mes obtenus et de l\u2019exp\u00e9rience professionnelle dans le secteur. Nos experts en langues \u00e9trang\u00e8res ont tous un domaine de pr\u00e9dilection (comme la m\u00e9decine, la finance, l&rsquo;environnement, le droit&#8230;) qu&rsquo;ils pr\u00e9f\u00e8rent traduire et dans lequel ils excellent. C\u2019est pourquoi vos projets seront toujours entre de bonnes mains. Peu importe le sujet de vos contenus, nos chefs de projets trouveront les traducteurs professionnels les plus comp\u00e9tents et ad\u00e9quats pour r\u00e9pondre \u00e0 vos attentes. Nos <a href=\"https:\/\/culturesconnection.com\/fr\/services-de-traduction\/\">services de traduction<\/a> sont de haute qualit\u00e9.<\/p>\n\n\n\n<h2 class=\"wp-block-heading\">Notre agence de traduction professionnelle<\/h2>\n\n\n\n<p>Qui contacter pour un service de traduction en urgence ? Depuis 2007, Cultures Connection s\u2019est fait une place dans le milieu de la traduction et de l\u2019interpr\u00e9tation. Pour nous, la qualit\u00e9 est toujours le meilleur choix. Nous mettons toujours un point d\u2019honneur \u00e0 ce que les clients soient satisfaits de notre travail et de celui de nos collaborateurs. Traduction rapide n&rsquo;est pas synonyme de traduction de mauvaise qualit\u00e9. Faites-nous confiance, nous traitons chacun de nos projets avec tout le professionnalisme et s\u00e9rieux qu\u2019il m\u00e9rite.<\/p>\n\n\n\n<p>Dossiers urgents \u00e0 pr\u00e9senter en plusieurs langues \u00e0 des clients ? Rapport ou brochure qu\u2019il faut vite transmettre \u00e0 un client \u00e0 l\u2019autre bout du monde ? Faites appel \u00e0 notre agence pour vos traductions urgentes de documents et de vid\u00e9os, dans des d\u00e9lais tr\u00e8s brefs, au meilleur prix !<\/p>\n\n\n\n<p>Traductions urgentes en anglais, espagnol, allemand, fran\u00e7ais et bien d\u2019autres langues&nbsp;:<\/p>\n\n\n\n<ul class=\"wp-block-list\">\n<li>Guides d\u2019utilisateurs, fiches techniques, catalogues<\/li>\n\n\n\n<li>Comptes rendus m\u00e9dicaux, analyses m\u00e9dicales<\/li>\n\n\n\n<li>Campagnes marketing, publicit\u00e9s, communiqu\u00e9s<\/li>\n\n\n\n<li>Bilans, audits, clauses<\/li>\n\n\n\n<li>Programmes, conventions, formations<\/li>\n\n\n\n<li>Statuts, contrats, conditions<\/li>\n<\/ul>\n","protected":false},"excerpt":{"rendered":"<p>Traduction urgente de documents Vous avez besoin d\u2019une traduction urgente&nbsp;? Aucun probl\u00e8me, Cultures Connection s\u2019occupe de votre urgence et prend rapidement votre projet en charge. [&#8230;]<\/p>\n<p><a class=\"btn btn-secondary understrap-read-more-link\" href=\"https:\/\/culturesconnection.com\/fr\/nos-services-de-traduction-urgente\/\">Lire la suite\u2026<span class=\"screen-reader-text\"> from Nos services de traduction urgente<\/span><\/a><\/p>\n","protected":false},"author":33,"featured_media":26103,"parent":0,"menu_order":0,"comment_status":"closed","ping_status":"closed","template":"","meta":{"_acf_changed":false,"_editorskit_title_hidden":false,"_editorskit_reading_time":2,"_editorskit_is_block_options_detached":false,"_editorskit_block_options_position":"{}","footnotes":""},"class_list":["post-6626","page","type-page","status-publish","has-post-thumbnail","hentry"],"acf":[],"_links":{"self":[{"href":"https:\/\/culturesconnection.com\/fr\/wp-json\/wp\/v2\/pages\/6626","targetHints":{"allow":["GET"]}}],"collection":[{"href":"https:\/\/culturesconnection.com\/fr\/wp-json\/wp\/v2\/pages"}],"about":[{"href":"https:\/\/culturesconnection.com\/fr\/wp-json\/wp\/v2\/types\/page"}],"author":[{"embeddable":true,"href":"https:\/\/culturesconnection.com\/fr\/wp-json\/wp\/v2\/users\/33"}],"replies":[{"embeddable":true,"href":"https:\/\/culturesconnection.com\/fr\/wp-json\/wp\/v2\/comments?post=6626"}],"version-history":[{"count":0,"href":"https:\/\/culturesconnection.com\/fr\/wp-json\/wp\/v2\/pages\/6626\/revisions"}],"wp:featuredmedia":[{"embeddable":true,"href":"https:\/\/culturesconnection.com\/fr\/wp-json\/wp\/v2\/media\/26103"}],"wp:attachment":[{"href":"https:\/\/culturesconnection.com\/fr\/wp-json\/wp\/v2\/media?parent=6626"}],"curies":[{"name":"wp","href":"https:\/\/api.w.org\/{rel}","templated":true}]}}