{"id":6625,"date":"2016-08-05T22:14:54","date_gmt":"2016-08-05T21:14:54","guid":{"rendered":"http:\/\/culturesconnection.com\/fr\/?page_id=6625"},"modified":"2023-12-24T21:59:12","modified_gmt":"2023-12-24T20:59:12","slug":"services-de-traduction-de-documents","status":"publish","type":"page","link":"https:\/\/culturesconnection.com\/fr\/services-de-traduction-de-documents\/","title":{"rendered":"Nos services de traduction de documents"},"content":{"rendered":"\n<h2 class=\"wp-block-heading\">Agence de traduction de documents pour des services de qualit\u00e9<\/h2>\n\n\n\n<p>Vous avez besoin d\u2019une traduction de documents pour votre entreprise, votre administration ou votre \u00e9tablissement&nbsp;? Implant\u00e9e en France, aux \u00c9tats-Unis et en Argentine, <a href=\"https:\/\/culturesconnection.com\/fr\/\">Cultures Connection<\/a> est une agence de traduction professionnelle proposant ses services dans de nombreux domaines et paires de langues. Depuis&nbsp;2007, le travail de notre \u00e9quipe consiste \u00e0 proposer un service sur mesure en vue de r\u00e9pondre \u00e0 vos besoins et de traduire vos documents dans le respect des normes de qualit\u00e9 ISO du secteur et des d\u00e9lais exig\u00e9s. Chaque nouveau projet confi\u00e9 par nos clients \u00e0 notre bureau de traduction suscite le m\u00eame engagement de nos traducteurs, des professionnels passionn\u00e9s par les langues dont l\u2019objectif est d\u2019assurer un service optimal.<\/p>\n\n\n\n<h2 class=\"wp-block-heading\">Des traductions sp\u00e9cialis\u00e9es<\/h2>\n\n\n\n<p>Cultures Connection g\u00e8re l\u2019ensemble de vos projets de traduction en France et \u00e0 l\u2019international, et ce dans les meilleurs d\u00e9lais, quels que soient le secteur d\u2019activit\u00e9 et le sujet trait\u00e9. Ainsi, nous proposons, entre autres, des prestations linguistiques dans les domaines suivants :<\/p>\n\n\n\n<p>\u2013 <a href=\"https:\/\/culturesconnection.com\/fr\/traduction-marketing\/\">Traduction marketing<\/a> : brochures, slogans, supports publicitaires, sites web, fiches produits, notes de presse\u2026<br>\u2013 <a href=\"https:\/\/culturesconnection.com\/fr\/traduction-financiere\/\">Traduction financi\u00e8re<\/a> : rapports annuels, rapports d\u2019audits, fusions et acquisitions, bilans\u2026<br>\u2013 <a href=\"https:\/\/culturesconnection.com\/fr\/traduction-organisations-internationales\/\">Traduction organisations internationales<\/a> : FMI, ONU, Union europ\u00e9enne, OCDE\u2026<br>\u2013 <a href=\"https:\/\/culturesconnection.com\/fr\/nos-services-de-traduction-luxe-et-mode\/\">Traduction luxe et mode<\/a>&nbsp;: ateliers, catalogues, publicit\u00e9s, interviews, campagnes de communication&#8230;<br>\u2013 <a href=\"https:\/\/culturesconnection.com\/fr\/traduction-commerciale\/\">Traduction commerciale<\/a> : plaquettes, \u00e9tudes de march\u00e9s, livres blancs, catalogues\u2026<br>\u2013 <a href=\"https:\/\/culturesconnection.com\/fr\/traduction-scientifique\/\">Traduction scientifique<\/a> : m\u00e9dical, environnement, virologie, biotechnologie\u2026<br>\u2013 <a href=\"https:\/\/culturesconnection.com\/fr\/traduction-technique\/\">Traduction technique<\/a> : textes d\u2019ing\u00e9nierie, normes, brevets, notices techniques, modes d\u2019emploi\u2026<br>\u2013 <a href=\"https:\/\/culturesconnection.com\/fr\/traduction-medicale\/\">Traduction m\u00e9dicale<\/a> : revues, rapports de conf\u00e9rence, publications, r\u00e9sultats d\u2019essais cliniques\u2026<br>\u2013 <a href=\"https:\/\/culturesconnection.com\/fr\/traduction-juridique\/\">Traduction juridique<\/a> : contrats, CGV, lettres d\u2019intention, rapports d\u2019expertise, page asserment\u00e9e\u2026<br>\u2013 <a href=\"https:\/\/culturesconnection.com\/fr\/services-de-traduction-dans-le-domaine-de-la-culture\/\">Traduction culturelle<\/a>&nbsp;: programmes d\u2019exposition, communiqu\u00e9s, affiches, cartels, dossiers de presse&#8230;<br>\u2013 <a href=\"https:\/\/culturesconnection.com\/fr\/traduction-site-internet\/\">Traduction de sites web<\/a>&nbsp;: localisation web en fichier texte, dans le CMS ou dans le code source<br>\u2013 <a href=\"https:\/\/culturesconnection.com\/fr\/traduction-audiovisuelle\/\">Traduction audiovisuelle<\/a> &nbsp;: transcriptions, rep\u00e9rages temps, traductions et adaptations de sous-titres\u2026<br>\u2013 <a href=\"https:\/\/culturesconnection.com\/fr\/seo-multilingue-traduction-seo\/\">Traduction SEO multilingue<\/a>&nbsp;: traductions optimis\u00e9es en r\u00e9f\u00e9rencement naturel&nbsp;; r\u00e9daction SEO de contenu en fran\u00e7ais, anglais, espagnol, etc.<\/p>\n\n\n\n<h2 class=\"wp-block-heading\">Nos traducteurs professionnels<\/h2>\n\n\n\n<p>Qui traduit les documents ? Notre agence de traduction collabore avec plus de 740 traducteurs professionnels. Traduire, c\u2019est un m\u00e9tier ! Nous s\u00e9lectionnons les traducteurs avec soin sur la base de leurs dipl\u00f4mes et de leur exp\u00e9rience professionnelle. De plus, ces professionnels des langues sont r\u00e9guli\u00e8rement soumis \u00e0 des tests dans leur domaine de sp\u00e9cialisation et dans leur langue de travail, de mani\u00e8re \u00e0 suivre leur \u00e9volution et \u00e0 s\u2019assurer de la continuit\u00e9 de la qualit\u00e9 de leur travail. Chaque traducteur est sp\u00e9cialis\u00e9 dans un secteur particulier (juridique, m\u00e9dical, marketing, finance, \u00e9conomie\u2026), traduit depuis une langue \u00e9trang\u00e8re voire deux langues, et ne traduit que vers sa langue maternelle. Faites appel au talent de nos traducteurs experts !<\/p>\n\n\n\n<h2 class=\"wp-block-heading\">Les diff\u00e9rents formats de fichiers<\/h2>\n\n\n\n<p>Chaque secteur d\u2019activit\u00e9 avec lequel nous collaborons utilise en g\u00e9n\u00e9ral des formats de fichiers sp\u00e9cifiques. Nous avons l\u2019habitude de traiter ces diff\u00e9rents formats et travaillons r\u00e9guli\u00e8rement avec les suivants : .doc, .docx, .dot, .dotx, .docm, .dotm, .rtf, .ppt, .pptx, .pot, .potx, .pptm, .potm, .xls, .xlsx, .xlt, .xltx, .xlsm, .xltm, .htm, .html, .idml (.indd), .zip&#8230;. Gr\u00e2ce \u00e0 l\u2019utilisation d\u2019outils innovants, nous vous apportons une valeur ajout\u00e9e en nous chargeant de mani\u00e8re efficace de tous vos fichiers dans de plus de 80 <a href=\"https:\/\/culturesconnection.com\/fr\/traducteur-professionnel\/\">combinaisons linguistiques<\/a> diff\u00e9rentes. Notre portail client en ligne facilite la demande de devis, l\u2019organisation des projets de traduction, et le suivi (progression des traductions, qualit\u00e9 des documents traduits, d\u00e9lais de livraison) de chaque projet pour nos clients.<\/p>\n\n\n\n<p>Notre agence propose \u00e9galement un service de mise en page (PAO) professionnel afin que le document traduit ressemble exactement \u00e0 votre document original.<\/p>\n","protected":false},"excerpt":{"rendered":"<p>Agence de traduction de documents pour des services de qualit\u00e9 Vous avez besoin d\u2019une traduction de documents pour votre entreprise, votre administration ou votre \u00e9tablissement&nbsp;? [&#8230;]<\/p>\n<p><a class=\"btn btn-secondary understrap-read-more-link\" href=\"https:\/\/culturesconnection.com\/fr\/services-de-traduction-de-documents\/\">Lire la suite\u2026<span class=\"screen-reader-text\"> from Nos services de traduction de documents<\/span><\/a><\/p>\n","protected":false},"author":33,"featured_media":26093,"parent":0,"menu_order":0,"comment_status":"closed","ping_status":"closed","template":"","meta":{"_acf_changed":false,"_editorskit_title_hidden":false,"_editorskit_reading_time":0,"_editorskit_is_block_options_detached":false,"_editorskit_block_options_position":"{}","footnotes":""},"class_list":["post-6625","page","type-page","status-publish","has-post-thumbnail","hentry"],"acf":[],"_links":{"self":[{"href":"https:\/\/culturesconnection.com\/fr\/wp-json\/wp\/v2\/pages\/6625","targetHints":{"allow":["GET"]}}],"collection":[{"href":"https:\/\/culturesconnection.com\/fr\/wp-json\/wp\/v2\/pages"}],"about":[{"href":"https:\/\/culturesconnection.com\/fr\/wp-json\/wp\/v2\/types\/page"}],"author":[{"embeddable":true,"href":"https:\/\/culturesconnection.com\/fr\/wp-json\/wp\/v2\/users\/33"}],"replies":[{"embeddable":true,"href":"https:\/\/culturesconnection.com\/fr\/wp-json\/wp\/v2\/comments?post=6625"}],"version-history":[{"count":0,"href":"https:\/\/culturesconnection.com\/fr\/wp-json\/wp\/v2\/pages\/6625\/revisions"}],"wp:featuredmedia":[{"embeddable":true,"href":"https:\/\/culturesconnection.com\/fr\/wp-json\/wp\/v2\/media\/26093"}],"wp:attachment":[{"href":"https:\/\/culturesconnection.com\/fr\/wp-json\/wp\/v2\/media?parent=6625"}],"curies":[{"name":"wp","href":"https:\/\/api.w.org\/{rel}","templated":true}]}}