{"id":6600,"date":"2016-08-05T16:13:49","date_gmt":"2016-08-05T15:13:49","guid":{"rendered":"http:\/\/culturesconnection.com\/fr\/?page_id=6600"},"modified":"2023-04-03T15:46:42","modified_gmt":"2023-04-03T13:46:42","slug":"services-de-traduction-tcheque","status":"publish","type":"page","link":"https:\/\/culturesconnection.com\/fr\/services-de-traduction-tcheque\/","title":{"rendered":"Agence de traduction en tch\u00e8que"},"content":{"rendered":"\n<h2 class=\"wp-block-heading\">Nos services de traduction fran\u00e7ais &#8211; tch\u00e8que<\/h2>\n\n\n\n<p>Vous avez besoin de services de traduction fran\u00e7ais &#8211; tch\u00e8que et tch\u00e8que &#8211; fran\u00e7ais\u00a0? Pour obtenir un service de traduction de qualit\u00e9, Cultures Connection est l\u2019agence de traduction professionnelle qu\u2019il vous faut. Notre agence de traduction et d\u2019interpr\u00e9tation fournit des services de traduction de qualit\u00e9 depuis de nombreuses ann\u00e9es \u00e0 ses clients pr\u00e9sents partout dans le monde. Si vous avez besoin de services de traduction depuis le tch\u00e8que ou vers le tch\u00e8que, que ce soit pour un document technique ou juridique, une pr\u00e9sentation marketing, une brochure m\u00e9dicale ou un site web, notre \u00e9quipe a la solution. Notre \u00e9quipe vous propose \u00e9galement d\u2019autres services linguistiques, entre autres un service de r\u00e9vision pour un document d\u00e9j\u00e0 traduit, un service audiovisuel (sous-titres) ou encore un service de localisation.<\/p>\n\n\n\n<p>Le tch\u00e8que est une langue principalement parl\u00e9e en R\u00e9publique tch\u00e8que, pays qui compte environ onze millions d\u2019habitants. Depuis quelques ann\u00e9es, la R\u00e9publique tch\u00e8que enregistre une forte croissance des \u00e9changes commerciaux avec la France et d\u2019autres partenaires en Europe. Les principaux secteurs concern\u00e9s par les exportations d\u2019entreprises fran\u00e7aises sont l\u2019industrie automobile, le secteur pharmaceutique, les produits chimiques, l\u2019agroalimentaire, le textile, le luxe et dans une moindre mesure d\u2019autres domaines. La capitale tch\u00e8que, Prague, conna\u00eet depuis un certain temps un v\u00e9ritable boum dans le domaine du tourisme, la ville \u00e9tant tr\u00e8s pris\u00e9e par les touristes \u00e9trangers. L\u2019\u00e9conomie de la R\u00e9publique tch\u00e8que fait partie des \u00e9conomies les plus d\u00e9velopp\u00e9es d\u2019Europe orientale et centrale. Si le march\u00e9 tch\u00e8que vous int\u00e9resse, traduire vos brochures et documents commerciaux est primordial. N\u2019h\u00e9sitez donc pas \u00e0 faire appel \u00e0 un expert des langues tel que Cultures Connection.<\/p>\n\n\n\n<h2 class=\"wp-block-heading\">Besoin de traducteurs professionnels en tch\u00e8que ?<\/h2>\n\n\n\n<p>Vous \u00eates \u00e0 la recherche d\u2019un traducteur professionnel pour des traductions fran\u00e7ais &#8211; tch\u00e8que ou tch\u00e8que &#8211; fran\u00e7ais\u00a0? Ou vous souhaitez faire traduire en tch\u00e8que des documents r\u00e9dig\u00e9s en anglais, en allemand, en espagnol ou en slovaque\u00a0? Le tch\u00e8que est une langue relativement difficile \u00e0 apprendre, surtout pour les personnes qui ne sont pas habitu\u00e9es aux langues slaves. La complexit\u00e9 de la langue tient en particulier \u00e0 la grammaire ainsi qu\u2019au vocabulaire riche et pr\u00e9cis comportant des nuances de sens subtiles. M\u00eame si beaucoup de Tch\u00e8ques parlent couramment l\u2019anglais, il est toujours pr\u00e9f\u00e9rable de communiquer avec l\u2019ensemble de la population dans sa langue maternelle. Cela explique la n\u00e9cessit\u00e9, pour les entreprises, d\u2019obtenir des traductions professionnelles de leurs documents.<\/p>\n\n\n\n<p>C\u2019est pourquoi il faut faire appel \u00e0 des traducteurs professionnels. Il convient ainsi de confier vos projets de traduction \u00e0 des locuteurs natifs, form\u00e9s et exp\u00e9riment\u00e9s dans votre domaine d\u2019activit\u00e9. Notre <a href=\"https:\/\/culturesconnection.com\/fr\/\" class=\"ek-link\">agence de traduction<\/a> a recours uniquement \u00e0 des experts, \u00e0 savoir des traducteurs sp\u00e9cialis\u00e9s dans un domaine particulier : traduction juridique, IT, audiovisuelle, m\u00e9dicale, scientifique, technique, etc. Vous pouvez d\u00e9couvrir la liste des domaines de nos traductions dans la rubrique \u00ab\u00a0traduction sp\u00e9cialis\u00e9e\u00a0\u00bb de notre site. Nous traitons tous types de projets gr\u00e2ce \u00e0 notre vaste r\u00e9seau de traducteurs professionnels. Contactez notre agence de traduction et d\u2019interpr\u00e9tariat pour des traductions de qualit\u00e9 et d\u2019autres services linguistiques fournis dans les meilleurs d\u00e9lais et au meilleur prix\u00a0!<\/p>\n","protected":false},"excerpt":{"rendered":"<p>Nos services de traduction fran\u00e7ais &#8211; tch\u00e8que Vous avez besoin de services de traduction fran\u00e7ais &#8211; tch\u00e8que et tch\u00e8que &#8211; fran\u00e7ais\u00a0? Pour obtenir un service [&#8230;]<\/p>\n<p><a class=\"btn btn-secondary understrap-read-more-link\" href=\"https:\/\/culturesconnection.com\/fr\/services-de-traduction-tcheque\/\">Lire la suite\u2026<span class=\"screen-reader-text\"> from Agence de traduction en tch\u00e8que<\/span><\/a><\/p>\n","protected":false},"author":33,"featured_media":23251,"parent":0,"menu_order":0,"comment_status":"closed","ping_status":"closed","template":"","meta":{"_acf_changed":false,"_editorskit_title_hidden":false,"_editorskit_reading_time":2,"_editorskit_is_block_options_detached":false,"_editorskit_block_options_position":"{}","footnotes":""},"class_list":["post-6600","page","type-page","status-publish","has-post-thumbnail","hentry"],"acf":[],"_links":{"self":[{"href":"https:\/\/culturesconnection.com\/fr\/wp-json\/wp\/v2\/pages\/6600","targetHints":{"allow":["GET"]}}],"collection":[{"href":"https:\/\/culturesconnection.com\/fr\/wp-json\/wp\/v2\/pages"}],"about":[{"href":"https:\/\/culturesconnection.com\/fr\/wp-json\/wp\/v2\/types\/page"}],"author":[{"embeddable":true,"href":"https:\/\/culturesconnection.com\/fr\/wp-json\/wp\/v2\/users\/33"}],"replies":[{"embeddable":true,"href":"https:\/\/culturesconnection.com\/fr\/wp-json\/wp\/v2\/comments?post=6600"}],"version-history":[{"count":0,"href":"https:\/\/culturesconnection.com\/fr\/wp-json\/wp\/v2\/pages\/6600\/revisions"}],"wp:featuredmedia":[{"embeddable":true,"href":"https:\/\/culturesconnection.com\/fr\/wp-json\/wp\/v2\/media\/23251"}],"wp:attachment":[{"href":"https:\/\/culturesconnection.com\/fr\/wp-json\/wp\/v2\/media?parent=6600"}],"curies":[{"name":"wp","href":"https:\/\/api.w.org\/{rel}","templated":true}]}}