{"id":6596,"date":"2016-08-10T15:00:29","date_gmt":"2016-08-10T13:00:29","guid":{"rendered":"http:\/\/culturesconnection.com\/fr\/?page_id=6596"},"modified":"2023-05-10T23:59:15","modified_gmt":"2023-05-10T21:59:15","slug":"devis-de-traduction-gratuit","status":"publish","type":"page","link":"https:\/\/culturesconnection.com\/fr\/devis-de-traduction-gratuit\/","title":{"rendered":"Notre devis de traduction"},"content":{"rendered":"\n<h2 class=\"wp-block-heading\">Devis de traduction<\/h2>\n\n\n\n<p>Install\u00e9e en France, en Argentine et en \u00c9tats-Unis, <a href=\"https:\/\/culturesconnection.com\/fr\/\">Cultures Connection<\/a> est une agence de traduction qui propose des services de <a href=\"https:\/\/culturesconnection.com\/fr\/services-de-traduction\/\">traduction<\/a> professionnelle, d\u2019<a href=\"https:\/\/culturesconnection.com\/fr\/interpretation\/\">interpr\u00e9tation<\/a>, de <a href=\"https:\/\/culturesconnection.com\/fr\/creation-de-contenu-web\/\">r\u00e9daction de contenu SEO<\/a>, de sous-titrage ainsi que des cours de langue. Chez Cultures Connection, le devis est gratuit et il est r\u00e9alis\u00e9 au plus vite pour les projets complexes, et en quelques heures seulement pour les projets plus simples. Notre \u00e9quipe r\u00e9alise quotidiennement de nombreux devis avec toutes les informations utiles. Nous sommes conscients que les clients ont besoin de clarifications au moment d\u2019\u00e9valuer les prestations propos\u00e9es et leur co\u00fbt.<\/p>\n\n\n\n<h2 class=\"wp-block-heading\">Comment d\u00e9chiffrer un devis de traduction ?<\/h2>\n\n\n\n<p>Pour faire un devis de traduction, nous prenons en compte un certain nombre d\u2019\u00e9l\u00e9ments dont va d\u00e9prendre le prix de la prestation :<\/p>\n\n\n\n<p>&#8211; <strong>le format du document<\/strong> : reproduire le format d\u2019un document peut s\u2019av\u00e9rer complexe et n\u00e9cessiter du temps. Par exemple, si le document \u00e0 traduire contient des graphiques ou des images, produire une version traduite demandera plus de travail ;<br>&#8211; <strong>le volume<\/strong> : il conditionne aussi le prix final. Nous r\u00e9alisons ce calcul en fonction du nombre de mots, du nombre de pages, ou, si le document ne permet pas d&rsquo;obtenir ces informations (par exemple une image), nous r\u00e9alisons une estimation que nous ajustons une fois la traduction termin\u00e9e ;<br>&#8211; <strong>les r\u00e9p\u00e9titions<\/strong>&nbsp;: l\u2019ensemble des fichiers traduits jusqu\u2019alors pour&nbsp;le m\u00eame client sont pris en compte. Si le contenu de ces derniers se r\u00e9p\u00e8te il donne lieu a des ristournes importantes&nbsp;;<br>&#8211; <strong>l\u2019urgence de la traduction<\/strong> : pour r\u00e9aliser une traduction urgente, nos traducteurs doivent travailler la nuit, le week-end et doivent parfois interrompre un projet en cours ;<br>&#8211; <strong>la combinaison de langues<\/strong> : elle influencera \u00e9galement le tarif. En effet, le co\u00fbt de la traduction augmente en fonction de la raret\u00e9 de la combinaison de langues. En guise d\u2019exemple, la traduction vers les langues latines est meilleur march\u00e9 que vers les langues germaniques ;<br>&#8211; <strong>le degr\u00e9 de technicit\u00e9 du contenu<\/strong> : plus vos documents sont techniques, plus le tarif&nbsp;sera \u00e9lev\u00e9 ;<br>&#8211; <strong>le degr\u00e9 de service souhait\u00e9<\/strong> : si par exemple vous souhaitez une&nbsp;r\u00e9vision et\/ou une relecture par un deuxi\u00e8me traducteur ;<br>&#8211; <strong>l\u2019assermentation<\/strong> : pour cela, nous devons faire appel \u00e0 un traducteur asserment\u00e9 qui engage sa propre responsabilit\u00e9 ;<br>&#8211; <strong>la&nbsp;PAO<\/strong> : la cr\u00e9ation de nouveaux graphiques, tableaux ou images engendre un travail&nbsp;suppl\u00e9mentaire.<\/p>\n","protected":false},"excerpt":{"rendered":"<p>Devis de traduction Install\u00e9e en France, en Argentine et en \u00c9tats-Unis, Cultures Connection est une agence de traduction qui propose des services de traduction professionnelle, [&#8230;]<\/p>\n<p><a class=\"btn btn-secondary understrap-read-more-link\" href=\"https:\/\/culturesconnection.com\/fr\/devis-de-traduction-gratuit\/\">Lire la suite\u2026<span class=\"screen-reader-text\"> from Notre devis de traduction<\/span><\/a><\/p>\n","protected":false},"author":33,"featured_media":19573,"parent":0,"menu_order":0,"comment_status":"closed","ping_status":"closed","template":"","meta":{"_acf_changed":false,"_editorskit_title_hidden":false,"_editorskit_reading_time":1,"_editorskit_is_block_options_detached":false,"_editorskit_block_options_position":"{}","footnotes":""},"class_list":["post-6596","page","type-page","status-publish","has-post-thumbnail","hentry"],"acf":[],"_links":{"self":[{"href":"https:\/\/culturesconnection.com\/fr\/wp-json\/wp\/v2\/pages\/6596","targetHints":{"allow":["GET"]}}],"collection":[{"href":"https:\/\/culturesconnection.com\/fr\/wp-json\/wp\/v2\/pages"}],"about":[{"href":"https:\/\/culturesconnection.com\/fr\/wp-json\/wp\/v2\/types\/page"}],"author":[{"embeddable":true,"href":"https:\/\/culturesconnection.com\/fr\/wp-json\/wp\/v2\/users\/33"}],"replies":[{"embeddable":true,"href":"https:\/\/culturesconnection.com\/fr\/wp-json\/wp\/v2\/comments?post=6596"}],"version-history":[{"count":0,"href":"https:\/\/culturesconnection.com\/fr\/wp-json\/wp\/v2\/pages\/6596\/revisions"}],"wp:featuredmedia":[{"embeddable":true,"href":"https:\/\/culturesconnection.com\/fr\/wp-json\/wp\/v2\/media\/19573"}],"wp:attachment":[{"href":"https:\/\/culturesconnection.com\/fr\/wp-json\/wp\/v2\/media?parent=6596"}],"curies":[{"name":"wp","href":"https:\/\/api.w.org\/{rel}","templated":true}]}}