{"id":6583,"date":"2016-08-02T22:05:40","date_gmt":"2016-08-02T21:05:40","guid":{"rendered":"http:\/\/culturesconnection.com\/fr\/?page_id=6583"},"modified":"2023-03-31T16:04:22","modified_gmt":"2023-03-31T14:04:22","slug":"services-de-traduction-norvegien","status":"publish","type":"page","link":"https:\/\/culturesconnection.com\/fr\/services-de-traduction-norvegien\/","title":{"rendered":"Agence de traduction en norv\u00e9gien"},"content":{"rendered":"\n<h2 class=\"wp-block-heading\">Services de traduction norv\u00e9gien<\/h2>\n\n\n\n<p>Vous avez besoin de services de traduction en norv\u00e9gien&nbsp;? Pour obtenir des traductions de qualit\u00e9, Cultures Connection est l\u2019agence de traduction qu\u2019il vous faut. En effet, notre agence de traduction fournit des services de traduction de qualit\u00e9 depuis de nombreuses ann\u00e9es, partout dans le monde. Si vous avez besoin de services de traduction vers le norv\u00e9gien ou depuis le norv\u00e9gien, pour un texte technique, un document juridique, un contenu financier ou un site web, notre \u00e9quipe a la solution, au meilleur prix. Parmi les autres services linguistiques, notre soci\u00e9t\u00e9 vous propose \u00e9galement un service de r\u00e9vision pour un texte d\u00e9j\u00e0 traduit, un service audiovisuel (sous-titres de vid\u00e9os) ou encore un service de localisation.<\/p>\n\n\n\n<p>La Norv\u00e8ge se classe parmi les pays les plus riches au monde et sa population de plus de 5&nbsp;millions d\u2019habitants jouit d\u2019un niveau de vie \u00e9lev\u00e9. Elle pr\u00e9sente donc un potentiel pour toute entreprise dont le B2C est la principale activit\u00e9. Le march\u00e9 du vin se porte bien et il est en constante progression. Ainsi, la France est le deuxi\u00e8me fournisseur de vin de la Norv\u00e8ge, juste derri\u00e8re l\u2019Italie. En outre, la France exporte \u00e0 Oslo ses produits de la construction automobile et ferroviaire, divers \u00e9quipement technologiques et des biens de consommation. Globalement, les \u00e9changes commerciaux dans les secteurs de l\u2019\u00e9nergie, des transports et de l\u2019agro-alimentaire se portent tr\u00e8s bien. Comptez sur des traductions marketing et techniques de qualit\u00e9 afin de permettre \u00e0 votre entreprise de se d\u00e9velopper sur le march\u00e9 norv\u00e9gien&nbsp;!<\/p>\n\n\n\n<h2 class=\"wp-block-heading\">\u00c0 la recherche d\u2019un traducteur fran\u00e7ais &#8211; norv\u00e9gien ?<\/h2>\n\n\n\n<p>Vous \u00eates \u00e0 la recherche de traducteurs en norv\u00e9gien pour la traduction de vos documents \u00e0 destination de la Norv\u00e8ge&nbsp;? Notre <a href=\"https:\/\/culturesconnection.com\/fr\/\" class=\"ek-link\">agence de traduction<\/a> dispose d&rsquo;un r\u00e9seau de plus de 740 traducteurs experts, ce qui nous permet de toujours trouver le professionnel le plus comp\u00e9tent pour se charger vos projets. Une particularit\u00e9 de la Norv\u00e8ge est la coexistence de deux langues officielles, le bokm\u00e5l et le nynorsk. Alors que la langue majoritaire, le bokm\u00e5l, a pour origine le danois, le nynorsk est issu de dialectes. Le bokm\u00e5l est la langue litt\u00e9raire et son nom signifie litt\u00e9ralement \u00ab&nbsp;langue des livres&nbsp;\u00bb.<\/p>\n\n\n\n<p>Nos traducteurs norv\u00e9giens traduisent toujours vers leur langue maternelle. Ils ma\u00eetrisent parfaitement la <a href=\"https:\/\/culturesconnection.com\/fr\/traducteur-professionnel\/\" class=\"ek-link\">langue<\/a> et la culture norv\u00e9gienne, ce qui leur permet d\u2019adapter au mieux vos contenus \u00e0 aux march\u00e9s que vous ciblez. Nos \u00e9quipes travaillent avec des professionnels sp\u00e9cialis\u00e9s dans leur secteur particulier, tous recrut\u00e9s sur la base de leurs dipl\u00f4mes et de leur exp\u00e9rience. La confidentialit\u00e9 du contenu source et de la traduction en langue norv\u00e9gienne est garantie.<\/p>\n\n\n\n<p>Pour des traductions de qualit\u00e9, faites appel \u00e0 un traducteur professionnel fran\u00e7ais &#8211; norv\u00e9gien&nbsp;!<\/p>\n","protected":false},"excerpt":{"rendered":"<p>Services de traduction norv\u00e9gien Vous avez besoin de services de traduction en norv\u00e9gien&nbsp;? Pour obtenir des traductions de qualit\u00e9, Cultures Connection est l\u2019agence de traduction [&#8230;]<\/p>\n<p><a class=\"btn btn-secondary understrap-read-more-link\" href=\"https:\/\/culturesconnection.com\/fr\/services-de-traduction-norvegien\/\">Lire la suite\u2026<span class=\"screen-reader-text\"> from Agence de traduction en norv\u00e9gien<\/span><\/a><\/p>\n","protected":false},"author":33,"featured_media":23251,"parent":0,"menu_order":0,"comment_status":"closed","ping_status":"closed","template":"","meta":{"_acf_changed":false,"_editorskit_title_hidden":false,"_editorskit_reading_time":2,"_editorskit_is_block_options_detached":false,"_editorskit_block_options_position":"{}","footnotes":""},"class_list":["post-6583","page","type-page","status-publish","has-post-thumbnail","hentry"],"acf":[],"_links":{"self":[{"href":"https:\/\/culturesconnection.com\/fr\/wp-json\/wp\/v2\/pages\/6583","targetHints":{"allow":["GET"]}}],"collection":[{"href":"https:\/\/culturesconnection.com\/fr\/wp-json\/wp\/v2\/pages"}],"about":[{"href":"https:\/\/culturesconnection.com\/fr\/wp-json\/wp\/v2\/types\/page"}],"author":[{"embeddable":true,"href":"https:\/\/culturesconnection.com\/fr\/wp-json\/wp\/v2\/users\/33"}],"replies":[{"embeddable":true,"href":"https:\/\/culturesconnection.com\/fr\/wp-json\/wp\/v2\/comments?post=6583"}],"version-history":[{"count":0,"href":"https:\/\/culturesconnection.com\/fr\/wp-json\/wp\/v2\/pages\/6583\/revisions"}],"wp:featuredmedia":[{"embeddable":true,"href":"https:\/\/culturesconnection.com\/fr\/wp-json\/wp\/v2\/media\/23251"}],"wp:attachment":[{"href":"https:\/\/culturesconnection.com\/fr\/wp-json\/wp\/v2\/media?parent=6583"}],"curies":[{"name":"wp","href":"https:\/\/api.w.org\/{rel}","templated":true}]}}