{"id":6562,"date":"2016-07-29T15:02:52","date_gmt":"2016-07-29T14:02:52","guid":{"rendered":"http:\/\/culturesconnection.com\/fr\/?page_id=6562"},"modified":"2023-04-03T09:59:02","modified_gmt":"2023-04-03T07:59:02","slug":"service-de-traduction-polonais","status":"publish","type":"page","link":"https:\/\/culturesconnection.com\/fr\/service-de-traduction-polonais\/","title":{"rendered":"Agence de traduction en polonais"},"content":{"rendered":"\n<h2 class=\"wp-block-heading\">Nos services de traduction polonais<\/h2>\n\n\n\n<p>Vous avez besoin de services de traduction en polonais&nbsp;? Cultures Connection est l\u2019agence de traduction qu\u2019il vous faut pour faire traduire des documents en polonais depuis le fran\u00e7ais ou une autre langue. Notre agence professionnelle fournit des services de traduction de qualit\u00e9 depuis de nombreuses ann\u00e9es, partout dans le monde. Si vous avez besoin de traductions vers le polonais ou depuis le polonais, pour des documents dans le domaine technique, le domaine juridique ou bien un site web, notre \u00e9quipe a la solution. Notre soci\u00e9t\u00e9 de traduction vous propose \u00e9galement d\u2019autres services linguistiques, notamment un service de r\u00e9vision pour un document d\u00e9j\u00e0 traduit, un service audiovisuel (sous-titres de vid\u00e9os) ou encore un service de localisation.<\/p>\n\n\n\n<p>En Europe centrale, la Pologne est le principal partenaire commercial de la France. De nombreux secteurs sont concern\u00e9s par les \u00e9changes entre Varsovie et Paris, comme par exemple l\u2019automobile, l\u2019agroalimentaire, les produits cosm\u00e9tiques et pharmaceutiques, ou encore l\u2019\u00e9quipement \u00e9lectrique. En Pologne, la France est un partenaire industriel, scientifique et technologique. Pour d\u00e9velopper vos activit\u00e9s sur le march\u00e9 polonais et avoir une longueur d\u2019avance sur vos concurrents, pensez \u00e0 faire traduire tous vos documents en langue polonaise. Vos clients potentiels comprendront mieux vos services ou vos produits et ils seront plus enclins \u00e0 traiter avec vous. Chez Cultures Connection, nous prenons en charge votre projet de traduction quels que soient votre d\u00e9lai, votre budget et votre secteur d\u2019activit\u00e9.<\/p>\n\n\n\n<h2 class=\"wp-block-heading\">Besoin d\u2019un traducteur polonais ?<\/h2>\n\n\n\n<p>Vous \u00eates \u00e0 la recherche d\u2019un traducteur professionnel pour des traductions fran\u00e7ais &#8211; polonais ou polonais &#8211; fran\u00e7ais&nbsp;? Ou pour faire traduire en polonais des documents r\u00e9dig\u00e9s en anglais&nbsp;? Notre <a href=\"https:\/\/culturesconnection.com\/fr\/\">agence de traduction<\/a> s\u00e9lectionne avec soin les traducteurs avec lesquels elle travaille. En effet, pour pouvoir int\u00e9grer l\u2019\u00e9quipe de Cultures Connection, chaque traducteur doit poss\u00e9der un dipl\u00f4me de traduction et faire preuve d\u2019une exp\u00e9rience de 5 ans au minimum dans son ou ses domaines de sp\u00e9cialisation. En outre, nos traducteurs professionnels sont r\u00e9guli\u00e8rement soumis \u00e0 une s\u00e9rie de tests de mani\u00e8re \u00e0 s\u2019assurer de leurs comp\u00e9tences linguistiques. Chaque traducteur doit traduire les contenus uniquement vers sa <a href=\"https:\/\/culturesconnection.com\/fr\/traducteur-professionnel\/\">langue<\/a> maternelle. <\/p>\n\n\n\n<p>Gr\u00e2ce \u00e0 ses services de traduction d\u00e9clin\u00e9s en quatre volets (basique, standard, professionnelle et premium), l\u2019agence Cultures Connection vous garantit le meilleur rapport qualit\u00e9-prix. M\u00eame en cas de traduction urgente, notre agence de traduction vous garantit la livraison de la traduction de vos documents dans le respect des\u00a0d\u00e9lais et du niveau de qualit\u00e9 convenus. De plus, la confidentialit\u00e9 du contenu source et de la traduction du texte en polonais est garantie \u00e0 toutes les \u00e9tapes du projet. Contactez notre \u00e9quipe pour en apprendre davantage sur nos services de traduction\u00a0!<\/p>\n","protected":false},"excerpt":{"rendered":"<p>Nos services de traduction polonais Vous avez besoin de services de traduction en polonais&nbsp;? Cultures Connection est l\u2019agence de traduction qu\u2019il vous faut pour faire [&#8230;]<\/p>\n<p><a class=\"btn btn-secondary understrap-read-more-link\" href=\"https:\/\/culturesconnection.com\/fr\/service-de-traduction-polonais\/\">Lire la suite\u2026<span class=\"screen-reader-text\"> from Agence de traduction en polonais<\/span><\/a><\/p>\n","protected":false},"author":33,"featured_media":23251,"parent":0,"menu_order":0,"comment_status":"closed","ping_status":"closed","template":"","meta":{"_acf_changed":false,"_editorskit_title_hidden":false,"_editorskit_reading_time":2,"_editorskit_is_block_options_detached":false,"_editorskit_block_options_position":"{}","footnotes":""},"class_list":["post-6562","page","type-page","status-publish","has-post-thumbnail","hentry"],"acf":[],"yoast_head":"<!-- This site is optimized with the Yoast SEO Premium plugin v23.4 (Yoast SEO v27.3) - https:\/\/yoast.com\/product\/yoast-seo-premium-wordpress\/ -->\n<title>Traduction polonais - Services en ligne<\/title>\n<meta name=\"description\" content=\"Avez-vous besoin de services de traduction en polonais ? Traduction de documents ou de sites web depuis et vers le polonais ? Demandez un devis gratuit.\" \/>\n<meta name=\"robots\" content=\"index, follow, max-snippet:-1, max-image-preview:large, max-video-preview:-1\" \/>\n<link rel=\"canonical\" href=\"https:\/\/culturesconnection.com\/fr\/service-de-traduction-polonais\/\" \/>\n<meta property=\"og:locale\" content=\"fr_FR\" \/>\n<meta property=\"og:type\" content=\"article\" \/>\n<meta property=\"og:title\" content=\"Agence de traduction en polonais\" \/>\n<meta property=\"og:description\" content=\"Avez-vous besoin de services de traduction en polonais ? Traduction de documents ou de sites web depuis et vers le polonais ? Demandez un devis gratuit.\" \/>\n<meta property=\"og:url\" content=\"https:\/\/culturesconnection.com\/fr\/service-de-traduction-polonais\/\" \/>\n<meta property=\"og:site_name\" content=\"Cultures Connection\" \/>\n<meta property=\"article:publisher\" content=\"https:\/\/www.facebook.com\/CulturesConnection\" \/>\n<meta property=\"article:modified_time\" content=\"2023-04-03T07:59:02+00:00\" \/>\n<meta property=\"og:image\" content=\"https:\/\/culturesconnection.com\/wp-content\/uploads\/2020\/09\/P\u00e4gina_Servicios_de_traducci\u00f3n_por_idioma.png\" \/>\n\t<meta property=\"og:image:width\" content=\"1417\" \/>\n\t<meta property=\"og:image:height\" content=\"561\" \/>\n\t<meta property=\"og:image:type\" content=\"image\/png\" \/>\n<meta name=\"twitter:card\" content=\"summary_large_image\" \/>\n<meta name=\"twitter:site\" content=\"@CulturesCo_\" \/>\n<meta name=\"twitter:label1\" content=\"Dur\u00e9e de lecture estim\u00e9e\" \/>\n\t<meta name=\"twitter:data1\" content=\"2 minutes\" \/>\n<script type=\"application\/ld+json\" class=\"yoast-schema-graph\">{\"@context\":\"https:\\\/\\\/schema.org\",\"@graph\":[{\"@type\":\"WebPage\",\"@id\":\"https:\\\/\\\/culturesconnection.com\\\/fr\\\/service-de-traduction-polonais\\\/\",\"url\":\"https:\\\/\\\/culturesconnection.com\\\/fr\\\/service-de-traduction-polonais\\\/\",\"name\":\"Traduction polonais - Services en ligne\",\"isPartOf\":{\"@id\":\"https:\\\/\\\/culturesconnection.com\\\/fr\\\/#website\"},\"primaryImageOfPage\":{\"@id\":\"https:\\\/\\\/culturesconnection.com\\\/fr\\\/service-de-traduction-polonais\\\/#primaryimage\"},\"image\":{\"@id\":\"https:\\\/\\\/culturesconnection.com\\\/fr\\\/service-de-traduction-polonais\\\/#primaryimage\"},\"thumbnailUrl\":\"https:\\\/\\\/culturesconnection.com\\\/wp-content\\\/uploads\\\/2020\\\/09\\\/P\u00e4gina_Servicios_de_traducci\u00f3n_por_idioma.png\",\"datePublished\":\"2016-07-29T14:02:52+00:00\",\"dateModified\":\"2023-04-03T07:59:02+00:00\",\"description\":\"Avez-vous besoin de services de traduction en polonais ? Traduction de documents ou de sites web depuis et vers le polonais ? Demandez un devis gratuit.\",\"breadcrumb\":{\"@id\":\"https:\\\/\\\/culturesconnection.com\\\/fr\\\/service-de-traduction-polonais\\\/#breadcrumb\"},\"inLanguage\":\"fr-FR\",\"potentialAction\":[{\"@type\":\"ReadAction\",\"target\":[\"https:\\\/\\\/culturesconnection.com\\\/fr\\\/service-de-traduction-polonais\\\/\"]}]},{\"@type\":\"ImageObject\",\"inLanguage\":\"fr-FR\",\"@id\":\"https:\\\/\\\/culturesconnection.com\\\/fr\\\/service-de-traduction-polonais\\\/#primaryimage\",\"url\":\"https:\\\/\\\/culturesconnection.com\\\/wp-content\\\/uploads\\\/2020\\\/09\\\/P\u00e4gina_Servicios_de_traducci\u00f3n_por_idioma.png\",\"contentUrl\":\"https:\\\/\\\/culturesconnection.com\\\/wp-content\\\/uploads\\\/2020\\\/09\\\/P\u00e4gina_Servicios_de_traducci\u00f3n_por_idioma.png\",\"width\":1417,\"height\":561},{\"@type\":\"BreadcrumbList\",\"@id\":\"https:\\\/\\\/culturesconnection.com\\\/fr\\\/service-de-traduction-polonais\\\/#breadcrumb\",\"itemListElement\":[{\"@type\":\"ListItem\",\"position\":1,\"name\":\"Home\",\"item\":\"https:\\\/\\\/culturesconnection.com\\\/fr\\\/\"},{\"@type\":\"ListItem\",\"position\":2,\"name\":\"Agence de traduction en polonais\"}]},{\"@type\":\"WebSite\",\"@id\":\"https:\\\/\\\/culturesconnection.com\\\/fr\\\/#website\",\"url\":\"https:\\\/\\\/culturesconnection.com\\\/fr\\\/\",\"name\":\"Cultures Connection\",\"description\":\"Cultures Connection is a translation agency dedicated to the success of its international clients.\",\"publisher\":{\"@id\":\"https:\\\/\\\/culturesconnection.com\\\/fr\\\/#organization\"},\"potentialAction\":[{\"@type\":\"SearchAction\",\"target\":{\"@type\":\"EntryPoint\",\"urlTemplate\":\"https:\\\/\\\/culturesconnection.com\\\/fr\\\/?s={search_term_string}\"},\"query-input\":{\"@type\":\"PropertyValueSpecification\",\"valueRequired\":true,\"valueName\":\"search_term_string\"}}],\"inLanguage\":\"fr-FR\"},{\"@type\":\"Organization\",\"@id\":\"https:\\\/\\\/culturesconnection.com\\\/fr\\\/#organization\",\"name\":\"Cultures Connection\",\"url\":\"https:\\\/\\\/culturesconnection.com\\\/fr\\\/\",\"logo\":{\"@type\":\"ImageObject\",\"inLanguage\":\"fr-FR\",\"@id\":\"https:\\\/\\\/culturesconnection.com\\\/fr\\\/#\\\/schema\\\/logo\\\/image\\\/\",\"url\":\"https:\\\/\\\/culturesconnection.com\\\/wp-content\\\/uploads\\\/2022\\\/06\\\/cropped-favicon512x512.png\",\"contentUrl\":\"https:\\\/\\\/culturesconnection.com\\\/wp-content\\\/uploads\\\/2022\\\/06\\\/cropped-favicon512x512.png\",\"width\":512,\"height\":512,\"caption\":\"Cultures Connection\"},\"image\":{\"@id\":\"https:\\\/\\\/culturesconnection.com\\\/fr\\\/#\\\/schema\\\/logo\\\/image\\\/\"},\"sameAs\":[\"https:\\\/\\\/www.facebook.com\\\/CulturesConnection\",\"https:\\\/\\\/x.com\\\/CulturesCo_\"]}]}<\/script>\n<!-- \/ Yoast SEO Premium plugin. -->","yoast_head_json":{"title":"Traduction polonais - Services en ligne","description":"Avez-vous besoin de services de traduction en polonais ? Traduction de documents ou de sites web depuis et vers le polonais ? Demandez un devis gratuit.","robots":{"index":"index","follow":"follow","max-snippet":"max-snippet:-1","max-image-preview":"max-image-preview:large","max-video-preview":"max-video-preview:-1"},"canonical":"https:\/\/culturesconnection.com\/fr\/service-de-traduction-polonais\/","og_locale":"fr_FR","og_type":"article","og_title":"Agence de traduction en polonais","og_description":"Avez-vous besoin de services de traduction en polonais ? Traduction de documents ou de sites web depuis et vers le polonais ? Demandez un devis gratuit.","og_url":"https:\/\/culturesconnection.com\/fr\/service-de-traduction-polonais\/","og_site_name":"Cultures Connection","article_publisher":"https:\/\/www.facebook.com\/CulturesConnection","article_modified_time":"2023-04-03T07:59:02+00:00","og_image":[{"width":1417,"height":561,"url":"https:\/\/culturesconnection.com\/wp-content\/uploads\/2020\/09\/P\u00e4gina_Servicios_de_traducci\u00f3n_por_idioma.png","type":"image\/png"}],"twitter_card":"summary_large_image","twitter_site":"@CulturesCo_","twitter_misc":{"Dur\u00e9e de lecture estim\u00e9e":"2 minutes"},"schema":{"@context":"https:\/\/schema.org","@graph":[{"@type":"WebPage","@id":"https:\/\/culturesconnection.com\/fr\/service-de-traduction-polonais\/","url":"https:\/\/culturesconnection.com\/fr\/service-de-traduction-polonais\/","name":"Traduction polonais - Services en ligne","isPartOf":{"@id":"https:\/\/culturesconnection.com\/fr\/#website"},"primaryImageOfPage":{"@id":"https:\/\/culturesconnection.com\/fr\/service-de-traduction-polonais\/#primaryimage"},"image":{"@id":"https:\/\/culturesconnection.com\/fr\/service-de-traduction-polonais\/#primaryimage"},"thumbnailUrl":"https:\/\/culturesconnection.com\/wp-content\/uploads\/2020\/09\/P\u00e4gina_Servicios_de_traducci\u00f3n_por_idioma.png","datePublished":"2016-07-29T14:02:52+00:00","dateModified":"2023-04-03T07:59:02+00:00","description":"Avez-vous besoin de services de traduction en polonais ? Traduction de documents ou de sites web depuis et vers le polonais ? Demandez un devis gratuit.","breadcrumb":{"@id":"https:\/\/culturesconnection.com\/fr\/service-de-traduction-polonais\/#breadcrumb"},"inLanguage":"fr-FR","potentialAction":[{"@type":"ReadAction","target":["https:\/\/culturesconnection.com\/fr\/service-de-traduction-polonais\/"]}]},{"@type":"ImageObject","inLanguage":"fr-FR","@id":"https:\/\/culturesconnection.com\/fr\/service-de-traduction-polonais\/#primaryimage","url":"https:\/\/culturesconnection.com\/wp-content\/uploads\/2020\/09\/P\u00e4gina_Servicios_de_traducci\u00f3n_por_idioma.png","contentUrl":"https:\/\/culturesconnection.com\/wp-content\/uploads\/2020\/09\/P\u00e4gina_Servicios_de_traducci\u00f3n_por_idioma.png","width":1417,"height":561},{"@type":"BreadcrumbList","@id":"https:\/\/culturesconnection.com\/fr\/service-de-traduction-polonais\/#breadcrumb","itemListElement":[{"@type":"ListItem","position":1,"name":"Home","item":"https:\/\/culturesconnection.com\/fr\/"},{"@type":"ListItem","position":2,"name":"Agence de traduction en polonais"}]},{"@type":"WebSite","@id":"https:\/\/culturesconnection.com\/fr\/#website","url":"https:\/\/culturesconnection.com\/fr\/","name":"Cultures Connection","description":"Cultures Connection is a translation agency dedicated to the success of its international clients.","publisher":{"@id":"https:\/\/culturesconnection.com\/fr\/#organization"},"potentialAction":[{"@type":"SearchAction","target":{"@type":"EntryPoint","urlTemplate":"https:\/\/culturesconnection.com\/fr\/?s={search_term_string}"},"query-input":{"@type":"PropertyValueSpecification","valueRequired":true,"valueName":"search_term_string"}}],"inLanguage":"fr-FR"},{"@type":"Organization","@id":"https:\/\/culturesconnection.com\/fr\/#organization","name":"Cultures Connection","url":"https:\/\/culturesconnection.com\/fr\/","logo":{"@type":"ImageObject","inLanguage":"fr-FR","@id":"https:\/\/culturesconnection.com\/fr\/#\/schema\/logo\/image\/","url":"https:\/\/culturesconnection.com\/wp-content\/uploads\/2022\/06\/cropped-favicon512x512.png","contentUrl":"https:\/\/culturesconnection.com\/wp-content\/uploads\/2022\/06\/cropped-favicon512x512.png","width":512,"height":512,"caption":"Cultures Connection"},"image":{"@id":"https:\/\/culturesconnection.com\/fr\/#\/schema\/logo\/image\/"},"sameAs":["https:\/\/www.facebook.com\/CulturesConnection","https:\/\/x.com\/CulturesCo_"]}]}},"_links":{"self":[{"href":"https:\/\/culturesconnection.com\/fr\/wp-json\/wp\/v2\/pages\/6562","targetHints":{"allow":["GET"]}}],"collection":[{"href":"https:\/\/culturesconnection.com\/fr\/wp-json\/wp\/v2\/pages"}],"about":[{"href":"https:\/\/culturesconnection.com\/fr\/wp-json\/wp\/v2\/types\/page"}],"author":[{"embeddable":true,"href":"https:\/\/culturesconnection.com\/fr\/wp-json\/wp\/v2\/users\/33"}],"replies":[{"embeddable":true,"href":"https:\/\/culturesconnection.com\/fr\/wp-json\/wp\/v2\/comments?post=6562"}],"version-history":[{"count":0,"href":"https:\/\/culturesconnection.com\/fr\/wp-json\/wp\/v2\/pages\/6562\/revisions"}],"wp:featuredmedia":[{"embeddable":true,"href":"https:\/\/culturesconnection.com\/fr\/wp-json\/wp\/v2\/media\/23251"}],"wp:attachment":[{"href":"https:\/\/culturesconnection.com\/fr\/wp-json\/wp\/v2\/media?parent=6562"}],"curies":[{"name":"wp","href":"https:\/\/api.w.org\/{rel}","templated":true}]}}