{"id":6538,"date":"2016-07-27T16:58:43","date_gmt":"2016-07-27T15:58:43","guid":{"rendered":"http:\/\/culturesconnection.com\/fr\/?page_id=6538"},"modified":"2022-11-04T12:04:15","modified_gmt":"2022-11-04T11:04:15","slug":"services-de-traduction-grec","status":"publish","type":"page","link":"https:\/\/culturesconnection.com\/fr\/services-de-traduction-grec\/","title":{"rendered":"Agence de traduction en grec"},"content":{"rendered":"\n<h2 class=\"wp-block-heading\">Besoin d\u2019un traducteur fran\u00e7ais &#8211; grec ?<\/h2>\n\n\n\n<p>R\u00e9aliser une traduction depuis ou vers le grec est un processus complexe, et trouver un traducteur professionnel comp\u00e9tent peut s\u2019av\u00e9rer \u00eatre tr\u00e8s laborieux. Les \u00e9quipes de Cultures Connection sont l\u00e0 pour vous guider dans votre d\u00e9marche et mettent tout en \u0153uvre pour trouver le traducteur professionnel le plus adapt\u00e9 \u00e0 votre demande. Tous nos traducteurs sont s\u00e9lectionn\u00e9s sur la base de leurs dipl\u00f4mes et de leur exp\u00e9rience. En outre, ces professionnels sont tous sp\u00e9cialis\u00e9s dans un secteur qu\u2019ils maitrisent \u00e0 la perfection et ne traduisent que vers leur <a href=\"https:\/\/culturesconnection.com\/fr\/traducteur-professionnel\/\">langue <\/a>maternelle.<\/p>\n","protected":false},"excerpt":{"rendered":"<p>Besoin d\u2019un traducteur fran\u00e7ais &#8211; grec ? R\u00e9aliser une traduction depuis ou vers le grec est un processus complexe, et trouver un traducteur professionnel comp\u00e9tent [&#8230;]<\/p>\n<p><a class=\"btn btn-secondary understrap-read-more-link\" href=\"https:\/\/culturesconnection.com\/fr\/services-de-traduction-grec\/\">Lire la suite\u2026<span class=\"screen-reader-text\"> from Agence de traduction en grec<\/span><\/a><\/p>\n","protected":false},"author":33,"featured_media":23251,"parent":0,"menu_order":0,"comment_status":"closed","ping_status":"closed","template":"","meta":{"_acf_changed":false,"_editorskit_title_hidden":false,"_editorskit_reading_time":0,"_editorskit_is_block_options_detached":false,"_editorskit_block_options_position":"{}","footnotes":""},"class_list":["post-6538","page","type-page","status-publish","has-post-thumbnail","hentry"],"acf":[],"_links":{"self":[{"href":"https:\/\/culturesconnection.com\/fr\/wp-json\/wp\/v2\/pages\/6538","targetHints":{"allow":["GET"]}}],"collection":[{"href":"https:\/\/culturesconnection.com\/fr\/wp-json\/wp\/v2\/pages"}],"about":[{"href":"https:\/\/culturesconnection.com\/fr\/wp-json\/wp\/v2\/types\/page"}],"author":[{"embeddable":true,"href":"https:\/\/culturesconnection.com\/fr\/wp-json\/wp\/v2\/users\/33"}],"replies":[{"embeddable":true,"href":"https:\/\/culturesconnection.com\/fr\/wp-json\/wp\/v2\/comments?post=6538"}],"version-history":[{"count":0,"href":"https:\/\/culturesconnection.com\/fr\/wp-json\/wp\/v2\/pages\/6538\/revisions"}],"wp:featuredmedia":[{"embeddable":true,"href":"https:\/\/culturesconnection.com\/fr\/wp-json\/wp\/v2\/media\/23251"}],"wp:attachment":[{"href":"https:\/\/culturesconnection.com\/fr\/wp-json\/wp\/v2\/media?parent=6538"}],"curies":[{"name":"wp","href":"https:\/\/api.w.org\/{rel}","templated":true}]}}