{"id":6493,"date":"2016-07-27T19:32:21","date_gmt":"2016-07-27T18:32:21","guid":{"rendered":"http:\/\/culturesconnection.com\/fr\/?page_id=6493"},"modified":"2022-11-07T11:28:34","modified_gmt":"2022-11-07T10:28:34","slug":"services-de-traduction-ourdou","status":"publish","type":"page","link":"https:\/\/culturesconnection.com\/fr\/services-de-traduction-ourdou\/","title":{"rendered":"Agence de traduction en ourdou"},"content":{"rendered":"\n<h2 class=\"wp-block-heading\">Nos services de traduction ourdou<\/h2>\n\n\n\n<p>L\u2019ourdou est une langue peu connue du grand public en Occident. Pourtant, plus de 165 millions de personnes le parlent, notamment en Inde et au Pakistan. De nombreuses personnes, dont l\u2019ourdou est la langue maternelle, vivent \u00e9galement au Bangladesh, aux \u00c9mirats arabes unis, en Arabie saoudite, au Royaume-Uni, au Canada, au Qatar ou en France. Il s&rsquo;agit de clients potentiels qui appr\u00e9cieront avoir acc\u00e8s \u00e0 vos contenus dans leur propre langue. Sur le march\u00e9 pakistanais, les principales industries sont la production de textile, d\u2019engrais, de ciment, de p\u00e9trole et de m\u00e9taux. L&rsquo;industrie automobile est l&rsquo;une des industries \u00e9mergentes du pays. Le secteur pharmaceutique pakistanais attire \u00e9galement de nombreuses entreprises internationales et est devenu l&rsquo;une des principales industries du pays.<\/p>\n\n\n\n<h2 class=\"wp-block-heading\">Besoin d\u2019un traducteur fran\u00e7ais &#8211; ourdou ?<\/h2>\n\n\n\n<p>Notre <a href=\"https:\/\/culturesconnection.com\/fr\/\">agence de traduction<\/a> s\u2019est entour\u00e9e de nombreux traducteurs professionnels fran\u00e7ais &#8211; ourdou. Nous les avons recrut\u00e9s sur la base de leur exp\u00e9rience et de leurs domaines de sp\u00e9cialisation. Notre \u00e9quipe veille \u00e0 ce que nos services de traduction soient d\u2019une qualit\u00e9 irr\u00e9prochable, c\u2019est pourquoi nous confions vos contenus \u00e0 de v\u00e9ritables sp\u00e9cialistes dont l\u2019ourdou est la <a href=\"https:\/\/culturesconnection.com\/fr\/traducteur-professionnel\/\">langue <\/a>maternelle.<\/p>\n","protected":false},"excerpt":{"rendered":"<p>Nos services de traduction ourdou L\u2019ourdou est une langue peu connue du grand public en Occident. Pourtant, plus de 165 millions de personnes le parlent, [&#8230;]<\/p>\n<p><a class=\"btn btn-secondary understrap-read-more-link\" href=\"https:\/\/culturesconnection.com\/fr\/services-de-traduction-ourdou\/\">Lire la suite\u2026<span class=\"screen-reader-text\"> from Agence de traduction en ourdou<\/span><\/a><\/p>\n","protected":false},"author":29,"featured_media":23251,"parent":0,"menu_order":0,"comment_status":"closed","ping_status":"closed","template":"","meta":{"_acf_changed":false,"_editorskit_title_hidden":false,"_editorskit_reading_time":0,"_editorskit_is_block_options_detached":false,"_editorskit_block_options_position":"{}","footnotes":""},"class_list":["post-6493","page","type-page","status-publish","has-post-thumbnail","hentry"],"acf":[],"_links":{"self":[{"href":"https:\/\/culturesconnection.com\/fr\/wp-json\/wp\/v2\/pages\/6493","targetHints":{"allow":["GET"]}}],"collection":[{"href":"https:\/\/culturesconnection.com\/fr\/wp-json\/wp\/v2\/pages"}],"about":[{"href":"https:\/\/culturesconnection.com\/fr\/wp-json\/wp\/v2\/types\/page"}],"author":[{"embeddable":true,"href":"https:\/\/culturesconnection.com\/fr\/wp-json\/wp\/v2\/users\/29"}],"replies":[{"embeddable":true,"href":"https:\/\/culturesconnection.com\/fr\/wp-json\/wp\/v2\/comments?post=6493"}],"version-history":[{"count":0,"href":"https:\/\/culturesconnection.com\/fr\/wp-json\/wp\/v2\/pages\/6493\/revisions"}],"wp:featuredmedia":[{"embeddable":true,"href":"https:\/\/culturesconnection.com\/fr\/wp-json\/wp\/v2\/media\/23251"}],"wp:attachment":[{"href":"https:\/\/culturesconnection.com\/fr\/wp-json\/wp\/v2\/media?parent=6493"}],"curies":[{"name":"wp","href":"https:\/\/api.w.org\/{rel}","templated":true}]}}