{"id":6485,"date":"2016-07-27T16:20:51","date_gmt":"2016-07-27T15:20:51","guid":{"rendered":"http:\/\/culturesconnection.com\/fr\/?page_id=6485"},"modified":"2022-12-05T12:29:01","modified_gmt":"2022-12-05T11:29:01","slug":"services-de-traduction-coreen","status":"publish","type":"page","link":"https:\/\/culturesconnection.com\/fr\/services-de-traduction-coreen\/","title":{"rendered":"Agence de traduction en cor\u00e9en"},"content":{"rendered":"\n<h2 class=\"wp-block-heading\">Services de traduction professionnelle en cor\u00e9en<\/h2>\n\n\n\n<p>Vous avez besoin d\u2019un <strong>service de traduction en cor\u00e9en<\/strong>&nbsp;depuis le fran\u00e7ais ? Notre agence de traduction est experte dans la traduction fran\u00e7ais cor\u00e9en et la traduction cor\u00e9en fran\u00e7ais. Nos traducteurs traduisent \u00e9galement d\u2019autres combinaisons de langues, notamment l\u2019anglais, l\u2019espagnol, l\u2019allemand, le japonais, le chinois vers le cor\u00e9en et inversement. Avec une \u00e9conomie florissante, la Cor\u00e9e du Sud est le troisi\u00e8me client asiatique de la France et il est donc logique de faire traduire vos documents en cor\u00e9en. Si vous \u00eates une entreprise fran\u00e7aise ou un organisme fran\u00e7ais souhaitant exporter ses activit\u00e9s en Cor\u00e9e ou promouvoir ses produits et services en France, alors la traduction de vos documents constitue une d\u00e9marche essentielle. Les traductions de vos textes vont faciliter le dialogue avec vos interlocuteurs cor\u00e9ens et vous permettre d\u2019avoir une longueur d\u2019avance sur vos concurrents.<\/p>\n\n\n\n<p>Pour mener \u00e0 bien cet objectif, notre entreprise vous offre des services de traduction et d\u2019interpr\u00e9tation de qualit\u00e9 dans de nombreux domaines&nbsp;: marketing, technique, m\u00e9dical, juridique, audiovisuel, scientifique, entre autres. Pour vos besoins en traduction en cor\u00e9en, nous proposons des prix attractifs. En effet, nous nous adaptons \u00e0 votre budget gr\u00e2ce \u00e0 une offre en quatre volets qualit\u00e9 distincts (basique, standard, professionnel ou premium). Notre agence de traduction vous propose ses services quelle que soit la nature du projet ou le domaine d&rsquo;activit\u00e9 de votre soci\u00e9t\u00e9 et ce dans plus de 80 combinaisons de langues.<\/p>\n\n\n\n<h2 class=\"wp-block-heading\">Besoin d\u2019un traducteur cor\u00e9en ?<\/h2>\n\n\n\n<p>Notre <a href=\"https:\/\/culturesconnection.com\/fr\/\">agence de traduction<\/a> s\u00e9lectionne avec attention les traducteurs professionnels avec lesquels elle collabore car elle est soucieuse de votre r\u00e9ussite. Tous <a href=\"https:\/\/culturesconnection.com\/fr\/traducteur-professionnel\/\">nos traducteurs<\/a> ont la langue cor\u00e9enne comme langue maternelle s\u2019ils effectuent la traduction d\u2019un texte vers le cor\u00e9en. Pour int\u00e9grer notre cabinet de traduction, les traducteurs doivent poss\u00e9der un dipl\u00f4me de traduction et une exp\u00e9rience dans leur domaine de sp\u00e9cialisation de plus de 5 ans. Chaque traducteur doit en outre passer une s\u00e9rie de tests visant \u00e0 s\u2019assurer des comp\u00e9tences linguistiques.<\/p>\n\n\n\n<p>Les \u00e9quipes de Cultures Connection se chargent de vos projets et s&rsquo;engagent \u00e0 vous garantir la livraison de vos documents traduits depuis et vers le cor\u00e9en dans les d\u00e9lais impartis, m\u00eame en cas de traduction urgente. Gr\u00e2ce \u00e0 un service personnalis\u00e9, vous profiterez d&rsquo;un contact privil\u00e9gi\u00e9 au sein de notre \u00e9quipe.<\/p>\n\n\n\n<h2 class=\"wp-block-heading\">Tous nos services de traduction<\/h2>\n\n\n\n<p>Cultures Connection est une agence de traduction g\u00e9r\u00e9e par des professionnels du secteur. Elle est pr\u00e9sente en France (Paris et Nice), aux \u00c9tats-Unis, en Argentine, entre autres. Gr\u00e2ce \u00e0 cette implantation, ses \u00e9quipes sont \u00e0 votre disposition 18 h par jour, 7 jours sur 7. Nos clients partout dans le monde savent qu\u2019ils peuvent compter sur nos comp\u00e9tences professionnelles dans la traduction.&nbsp;<\/p>\n","protected":false},"excerpt":{"rendered":"<p>Services de traduction professionnelle en cor\u00e9en Vous avez besoin d\u2019un service de traduction en cor\u00e9en&nbsp;depuis le fran\u00e7ais ? Notre agence de traduction est experte dans [&#8230;]<\/p>\n<p><a class=\"btn btn-secondary understrap-read-more-link\" href=\"https:\/\/culturesconnection.com\/fr\/services-de-traduction-coreen\/\">Lire la suite\u2026<span class=\"screen-reader-text\"> from Agence de traduction en cor\u00e9en<\/span><\/a><\/p>\n","protected":false},"author":33,"featured_media":23251,"parent":0,"menu_order":0,"comment_status":"closed","ping_status":"closed","template":"","meta":{"_acf_changed":false,"_editorskit_title_hidden":false,"_editorskit_reading_time":2,"_editorskit_is_block_options_detached":false,"_editorskit_block_options_position":"{}","footnotes":""},"class_list":["post-6485","page","type-page","status-publish","has-post-thumbnail","hentry"],"acf":[],"yoast_head":"<!-- This site is optimized with the Yoast SEO Premium plugin v23.4 (Yoast SEO v27.3) - https:\/\/yoast.com\/product\/yoast-seo-premium-wordpress\/ -->\n<title>Traduction cor\u00e9en | Services en ligne<\/title>\n<meta name=\"description\" content=\"Avez-vous besoin de services de traduction en cor\u00e9en ? Traduction de documents ou de sites web de et vers le cor\u00e9en ? Demandez un devis gratuit.\" \/>\n<meta name=\"robots\" content=\"index, follow, max-snippet:-1, max-image-preview:large, max-video-preview:-1\" \/>\n<link rel=\"canonical\" href=\"https:\/\/culturesconnection.com\/fr\/services-de-traduction-coreen\/\" \/>\n<meta property=\"og:locale\" content=\"fr_FR\" \/>\n<meta property=\"og:type\" content=\"article\" \/>\n<meta property=\"og:title\" content=\"Agence de traduction en cor\u00e9en\" \/>\n<meta property=\"og:description\" content=\"Avez-vous besoin de services de traduction en cor\u00e9en ? Traduction de documents ou de sites web de et vers le cor\u00e9en ? Demandez un devis gratuit.\" \/>\n<meta property=\"og:url\" content=\"https:\/\/culturesconnection.com\/fr\/services-de-traduction-coreen\/\" \/>\n<meta property=\"og:site_name\" content=\"Cultures Connection\" \/>\n<meta property=\"article:publisher\" content=\"https:\/\/www.facebook.com\/CulturesConnection\" \/>\n<meta property=\"article:modified_time\" content=\"2022-12-05T11:29:01+00:00\" \/>\n<meta property=\"og:image\" content=\"https:\/\/culturesconnection.com\/wp-content\/uploads\/2020\/09\/P\u00e4gina_Servicios_de_traducci\u00f3n_por_idioma.png\" \/>\n\t<meta property=\"og:image:width\" content=\"1417\" \/>\n\t<meta property=\"og:image:height\" content=\"561\" \/>\n\t<meta property=\"og:image:type\" content=\"image\/png\" \/>\n<meta name=\"twitter:card\" content=\"summary_large_image\" \/>\n<meta name=\"twitter:site\" content=\"@CulturesCo_\" \/>\n<meta name=\"twitter:label1\" content=\"Dur\u00e9e de lecture estim\u00e9e\" \/>\n\t<meta name=\"twitter:data1\" content=\"2 minutes\" \/>\n<script type=\"application\/ld+json\" class=\"yoast-schema-graph\">{\"@context\":\"https:\\\/\\\/schema.org\",\"@graph\":[{\"@type\":\"WebPage\",\"@id\":\"https:\\\/\\\/culturesconnection.com\\\/fr\\\/services-de-traduction-coreen\\\/\",\"url\":\"https:\\\/\\\/culturesconnection.com\\\/fr\\\/services-de-traduction-coreen\\\/\",\"name\":\"Traduction cor\u00e9en | Services en ligne\",\"isPartOf\":{\"@id\":\"https:\\\/\\\/culturesconnection.com\\\/fr\\\/#website\"},\"primaryImageOfPage\":{\"@id\":\"https:\\\/\\\/culturesconnection.com\\\/fr\\\/services-de-traduction-coreen\\\/#primaryimage\"},\"image\":{\"@id\":\"https:\\\/\\\/culturesconnection.com\\\/fr\\\/services-de-traduction-coreen\\\/#primaryimage\"},\"thumbnailUrl\":\"https:\\\/\\\/culturesconnection.com\\\/wp-content\\\/uploads\\\/2020\\\/09\\\/P\u00e4gina_Servicios_de_traducci\u00f3n_por_idioma.png\",\"datePublished\":\"2016-07-27T15:20:51+00:00\",\"dateModified\":\"2022-12-05T11:29:01+00:00\",\"description\":\"Avez-vous besoin de services de traduction en cor\u00e9en ? Traduction de documents ou de sites web de et vers le cor\u00e9en ? Demandez un devis gratuit.\",\"breadcrumb\":{\"@id\":\"https:\\\/\\\/culturesconnection.com\\\/fr\\\/services-de-traduction-coreen\\\/#breadcrumb\"},\"inLanguage\":\"fr-FR\",\"potentialAction\":[{\"@type\":\"ReadAction\",\"target\":[\"https:\\\/\\\/culturesconnection.com\\\/fr\\\/services-de-traduction-coreen\\\/\"]}]},{\"@type\":\"ImageObject\",\"inLanguage\":\"fr-FR\",\"@id\":\"https:\\\/\\\/culturesconnection.com\\\/fr\\\/services-de-traduction-coreen\\\/#primaryimage\",\"url\":\"https:\\\/\\\/culturesconnection.com\\\/wp-content\\\/uploads\\\/2020\\\/09\\\/P\u00e4gina_Servicios_de_traducci\u00f3n_por_idioma.png\",\"contentUrl\":\"https:\\\/\\\/culturesconnection.com\\\/wp-content\\\/uploads\\\/2020\\\/09\\\/P\u00e4gina_Servicios_de_traducci\u00f3n_por_idioma.png\",\"width\":1417,\"height\":561},{\"@type\":\"BreadcrumbList\",\"@id\":\"https:\\\/\\\/culturesconnection.com\\\/fr\\\/services-de-traduction-coreen\\\/#breadcrumb\",\"itemListElement\":[{\"@type\":\"ListItem\",\"position\":1,\"name\":\"Home\",\"item\":\"https:\\\/\\\/culturesconnection.com\\\/fr\\\/\"},{\"@type\":\"ListItem\",\"position\":2,\"name\":\"Agence de traduction en cor\u00e9en\"}]},{\"@type\":\"WebSite\",\"@id\":\"https:\\\/\\\/culturesconnection.com\\\/fr\\\/#website\",\"url\":\"https:\\\/\\\/culturesconnection.com\\\/fr\\\/\",\"name\":\"Cultures Connection\",\"description\":\"Cultures Connection is a translation agency dedicated to the success of its international clients.\",\"publisher\":{\"@id\":\"https:\\\/\\\/culturesconnection.com\\\/fr\\\/#organization\"},\"potentialAction\":[{\"@type\":\"SearchAction\",\"target\":{\"@type\":\"EntryPoint\",\"urlTemplate\":\"https:\\\/\\\/culturesconnection.com\\\/fr\\\/?s={search_term_string}\"},\"query-input\":{\"@type\":\"PropertyValueSpecification\",\"valueRequired\":true,\"valueName\":\"search_term_string\"}}],\"inLanguage\":\"fr-FR\"},{\"@type\":\"Organization\",\"@id\":\"https:\\\/\\\/culturesconnection.com\\\/fr\\\/#organization\",\"name\":\"Cultures Connection\",\"url\":\"https:\\\/\\\/culturesconnection.com\\\/fr\\\/\",\"logo\":{\"@type\":\"ImageObject\",\"inLanguage\":\"fr-FR\",\"@id\":\"https:\\\/\\\/culturesconnection.com\\\/fr\\\/#\\\/schema\\\/logo\\\/image\\\/\",\"url\":\"https:\\\/\\\/culturesconnection.com\\\/wp-content\\\/uploads\\\/2022\\\/06\\\/cropped-favicon512x512.png\",\"contentUrl\":\"https:\\\/\\\/culturesconnection.com\\\/wp-content\\\/uploads\\\/2022\\\/06\\\/cropped-favicon512x512.png\",\"width\":512,\"height\":512,\"caption\":\"Cultures Connection\"},\"image\":{\"@id\":\"https:\\\/\\\/culturesconnection.com\\\/fr\\\/#\\\/schema\\\/logo\\\/image\\\/\"},\"sameAs\":[\"https:\\\/\\\/www.facebook.com\\\/CulturesConnection\",\"https:\\\/\\\/x.com\\\/CulturesCo_\"]}]}<\/script>\n<!-- \/ Yoast SEO Premium plugin. -->","yoast_head_json":{"title":"Traduction cor\u00e9en | Services en ligne","description":"Avez-vous besoin de services de traduction en cor\u00e9en ? Traduction de documents ou de sites web de et vers le cor\u00e9en ? Demandez un devis gratuit.","robots":{"index":"index","follow":"follow","max-snippet":"max-snippet:-1","max-image-preview":"max-image-preview:large","max-video-preview":"max-video-preview:-1"},"canonical":"https:\/\/culturesconnection.com\/fr\/services-de-traduction-coreen\/","og_locale":"fr_FR","og_type":"article","og_title":"Agence de traduction en cor\u00e9en","og_description":"Avez-vous besoin de services de traduction en cor\u00e9en ? Traduction de documents ou de sites web de et vers le cor\u00e9en ? Demandez un devis gratuit.","og_url":"https:\/\/culturesconnection.com\/fr\/services-de-traduction-coreen\/","og_site_name":"Cultures Connection","article_publisher":"https:\/\/www.facebook.com\/CulturesConnection","article_modified_time":"2022-12-05T11:29:01+00:00","og_image":[{"width":1417,"height":561,"url":"https:\/\/culturesconnection.com\/wp-content\/uploads\/2020\/09\/P\u00e4gina_Servicios_de_traducci\u00f3n_por_idioma.png","type":"image\/png"}],"twitter_card":"summary_large_image","twitter_site":"@CulturesCo_","twitter_misc":{"Dur\u00e9e de lecture estim\u00e9e":"2 minutes"},"schema":{"@context":"https:\/\/schema.org","@graph":[{"@type":"WebPage","@id":"https:\/\/culturesconnection.com\/fr\/services-de-traduction-coreen\/","url":"https:\/\/culturesconnection.com\/fr\/services-de-traduction-coreen\/","name":"Traduction cor\u00e9en | Services en ligne","isPartOf":{"@id":"https:\/\/culturesconnection.com\/fr\/#website"},"primaryImageOfPage":{"@id":"https:\/\/culturesconnection.com\/fr\/services-de-traduction-coreen\/#primaryimage"},"image":{"@id":"https:\/\/culturesconnection.com\/fr\/services-de-traduction-coreen\/#primaryimage"},"thumbnailUrl":"https:\/\/culturesconnection.com\/wp-content\/uploads\/2020\/09\/P\u00e4gina_Servicios_de_traducci\u00f3n_por_idioma.png","datePublished":"2016-07-27T15:20:51+00:00","dateModified":"2022-12-05T11:29:01+00:00","description":"Avez-vous besoin de services de traduction en cor\u00e9en ? Traduction de documents ou de sites web de et vers le cor\u00e9en ? Demandez un devis gratuit.","breadcrumb":{"@id":"https:\/\/culturesconnection.com\/fr\/services-de-traduction-coreen\/#breadcrumb"},"inLanguage":"fr-FR","potentialAction":[{"@type":"ReadAction","target":["https:\/\/culturesconnection.com\/fr\/services-de-traduction-coreen\/"]}]},{"@type":"ImageObject","inLanguage":"fr-FR","@id":"https:\/\/culturesconnection.com\/fr\/services-de-traduction-coreen\/#primaryimage","url":"https:\/\/culturesconnection.com\/wp-content\/uploads\/2020\/09\/P\u00e4gina_Servicios_de_traducci\u00f3n_por_idioma.png","contentUrl":"https:\/\/culturesconnection.com\/wp-content\/uploads\/2020\/09\/P\u00e4gina_Servicios_de_traducci\u00f3n_por_idioma.png","width":1417,"height":561},{"@type":"BreadcrumbList","@id":"https:\/\/culturesconnection.com\/fr\/services-de-traduction-coreen\/#breadcrumb","itemListElement":[{"@type":"ListItem","position":1,"name":"Home","item":"https:\/\/culturesconnection.com\/fr\/"},{"@type":"ListItem","position":2,"name":"Agence de traduction en cor\u00e9en"}]},{"@type":"WebSite","@id":"https:\/\/culturesconnection.com\/fr\/#website","url":"https:\/\/culturesconnection.com\/fr\/","name":"Cultures Connection","description":"Cultures Connection is a translation agency dedicated to the success of its international clients.","publisher":{"@id":"https:\/\/culturesconnection.com\/fr\/#organization"},"potentialAction":[{"@type":"SearchAction","target":{"@type":"EntryPoint","urlTemplate":"https:\/\/culturesconnection.com\/fr\/?s={search_term_string}"},"query-input":{"@type":"PropertyValueSpecification","valueRequired":true,"valueName":"search_term_string"}}],"inLanguage":"fr-FR"},{"@type":"Organization","@id":"https:\/\/culturesconnection.com\/fr\/#organization","name":"Cultures Connection","url":"https:\/\/culturesconnection.com\/fr\/","logo":{"@type":"ImageObject","inLanguage":"fr-FR","@id":"https:\/\/culturesconnection.com\/fr\/#\/schema\/logo\/image\/","url":"https:\/\/culturesconnection.com\/wp-content\/uploads\/2022\/06\/cropped-favicon512x512.png","contentUrl":"https:\/\/culturesconnection.com\/wp-content\/uploads\/2022\/06\/cropped-favicon512x512.png","width":512,"height":512,"caption":"Cultures Connection"},"image":{"@id":"https:\/\/culturesconnection.com\/fr\/#\/schema\/logo\/image\/"},"sameAs":["https:\/\/www.facebook.com\/CulturesConnection","https:\/\/x.com\/CulturesCo_"]}]}},"_links":{"self":[{"href":"https:\/\/culturesconnection.com\/fr\/wp-json\/wp\/v2\/pages\/6485","targetHints":{"allow":["GET"]}}],"collection":[{"href":"https:\/\/culturesconnection.com\/fr\/wp-json\/wp\/v2\/pages"}],"about":[{"href":"https:\/\/culturesconnection.com\/fr\/wp-json\/wp\/v2\/types\/page"}],"author":[{"embeddable":true,"href":"https:\/\/culturesconnection.com\/fr\/wp-json\/wp\/v2\/users\/33"}],"replies":[{"embeddable":true,"href":"https:\/\/culturesconnection.com\/fr\/wp-json\/wp\/v2\/comments?post=6485"}],"version-history":[{"count":0,"href":"https:\/\/culturesconnection.com\/fr\/wp-json\/wp\/v2\/pages\/6485\/revisions"}],"wp:featuredmedia":[{"embeddable":true,"href":"https:\/\/culturesconnection.com\/fr\/wp-json\/wp\/v2\/media\/23251"}],"wp:attachment":[{"href":"https:\/\/culturesconnection.com\/fr\/wp-json\/wp\/v2\/media?parent=6485"}],"curies":[{"name":"wp","href":"https:\/\/api.w.org\/{rel}","templated":true}]}}