{"id":6319,"date":"2016-06-28T21:53:05","date_gmt":"2016-06-28T19:53:05","guid":{"rendered":"http:\/\/culturesconnection.com\/fr\/?page_id=6319"},"modified":"2023-04-03T15:16:24","modified_gmt":"2023-04-03T13:16:24","slug":"services-de-traduction-francais-arabe","status":"publish","type":"page","link":"https:\/\/culturesconnection.com\/fr\/services-de-traduction-francais-arabe\/","title":{"rendered":"Nos services de traduction fran\u00e7ais arabe"},"content":{"rendered":"\n<h2 class=\"wp-block-heading\">Nos services de traduction fran\u00e7ais &#8211; arabe<\/h2>\n\n\n\n<p>Vous avez besoin d\u2019un service de traduction fran\u00e7ais &#8211; arabe ou arabe &#8211; fran\u00e7ais ou depuis d\u2019autres langues vers l\u2019arabe&nbsp;? Vous souhaitez faire traduire des documents professionnels, un texte juridique, un document technique, une pr\u00e9sentation marketing ou un site web&nbsp;? Notre agence de traduction fournit des traductions de qualit\u00e9 en langue arabe depuis de nombreuses ann\u00e9es, pour des textes vari\u00e9s. Notre \u00e9quipe propose \u00e9galement un service de localisation, un service de r\u00e9vision et correction pour un texte d\u00e9j\u00e0 traduit en arabe, ou encore un service de r\u00e9daction.<\/p>\n\n\n\n<p>De nombreux pays arabophones sont aujourd\u2019hui des acteurs \u00e9conomiques majeurs. Ces deux derni\u00e8res d\u00e9cennies, les \u00e9changes commerciaux entre la France et les pays arabes ont progress\u00e9. Par cons\u00e9quent, il est temps de saisir cette opportunit\u00e9 et d\u2019exporter vos activit\u00e9s de mani\u00e8re strat\u00e9gique. La traduction professionnelle en arabe de vos documents commerciaux et de votre site web constitue ainsi une \u00e9tape essentielle, qui permettra de bien vous d\u00e9marquer de vos concurrents. Chez Cultures Connection, nous nous adaptons \u00e0 tous les budgets gr\u00e2ce \u00e0 un syst\u00e8me de quatre niveaux de service (basique, standard, professionnel et premium). Notre <a href=\"https:\/\/culturesconnection.com\/fr\/\">agence de traduction<\/a>&nbsp;s\u2019adapte \u00e9galement au d\u00e9lai dont votre entreprise dispose pour ses projets \u00e0 l\u2019international. Faites appel \u00e0 nos services de traduction fran\u00e7ais &#8211; arabe ou arabe &#8211; fran\u00e7ais&nbsp;!<\/p>\n\n\n\n<h2 class=\"wp-block-heading\">Nos traducteurs professionnels fran\u00e7ais &#8211; arabe<\/h2>\n\n\n\n<p>Vous souhaitez un traducteur fran\u00e7ais &#8211; arabe avec de l\u2019exp\u00e9rience pour obtenir une traduction professionnelle&nbsp;? Une traduction de qualit\u00e9 pour tous les documents s\u2019av\u00e8re indispensable pour vos d\u00e9marches aupr\u00e8s des clients. Cependant, la traduction fran\u00e7ais \u2013 arabe n\u2019est pas un travail facile. Pour trouver un traducteur comp\u00e9tent qui ma\u00eetrise bien la langue et votre domaine d\u2019activit\u00e9, faites confiance \u00e0 une agence professionnelle. Forte de son exp\u00e9rience dans le secteur de la traduction, notre agence travaille depuis longtemps avec des traducteurs professionnels rigoureux et fiables. Dans le but de vous livrer des traductions de grande qualit\u00e9, nous exigeons de nos traducteurs qu\u2019ils aient une exp\u00e9rience de minimum 5 ans. Chez Cultures Connection, nous confions toujours vos documents \u00e0 un traducteur parfaitement qualifi\u00e9 dans le domaine concern\u00e9. Par exemple, si vous souhaitez traduire votre site internet en <a href=\"https:\/\/culturesconnection.com\/fr\/traducteur-professionnel\/\">langue<\/a> arabe, nos chefs de projet confieront cette mission \u00e0 un sp\u00e9cialiste de la traduction de site web fran\u00e7ais &#8211; arabe.<\/p>\n\n\n\n<p>Notre large r\u00e9seau de traducteurs partout dans le monde nous permet aussi d\u2019assurer des services de traduction en anglais, espagnol, portugais et beaucoup d\u2019autres langues. Contactez notre agence&nbsp;!<\/p>\n","protected":false},"excerpt":{"rendered":"<p>Nos services de traduction fran\u00e7ais &#8211; arabe Vous avez besoin d\u2019un service de traduction fran\u00e7ais &#8211; arabe ou arabe &#8211; fran\u00e7ais ou depuis d\u2019autres langues [&#8230;]<\/p>\n<p><a class=\"btn btn-secondary understrap-read-more-link\" href=\"https:\/\/culturesconnection.com\/fr\/services-de-traduction-francais-arabe\/\">Lire la suite\u2026<span class=\"screen-reader-text\"> from Nos services de traduction fran\u00e7ais arabe<\/span><\/a><\/p>\n","protected":false},"author":33,"featured_media":8180,"parent":0,"menu_order":0,"comment_status":"closed","ping_status":"closed","template":"","meta":{"_acf_changed":false,"_editorskit_title_hidden":false,"_editorskit_reading_time":1,"_editorskit_is_block_options_detached":false,"_editorskit_block_options_position":"{}","footnotes":""},"class_list":["post-6319","page","type-page","status-publish","has-post-thumbnail","hentry"],"acf":[],"_links":{"self":[{"href":"https:\/\/culturesconnection.com\/fr\/wp-json\/wp\/v2\/pages\/6319","targetHints":{"allow":["GET"]}}],"collection":[{"href":"https:\/\/culturesconnection.com\/fr\/wp-json\/wp\/v2\/pages"}],"about":[{"href":"https:\/\/culturesconnection.com\/fr\/wp-json\/wp\/v2\/types\/page"}],"author":[{"embeddable":true,"href":"https:\/\/culturesconnection.com\/fr\/wp-json\/wp\/v2\/users\/33"}],"replies":[{"embeddable":true,"href":"https:\/\/culturesconnection.com\/fr\/wp-json\/wp\/v2\/comments?post=6319"}],"version-history":[{"count":0,"href":"https:\/\/culturesconnection.com\/fr\/wp-json\/wp\/v2\/pages\/6319\/revisions"}],"wp:featuredmedia":[{"embeddable":true,"href":"https:\/\/culturesconnection.com\/fr\/wp-json\/wp\/v2\/media\/8180"}],"wp:attachment":[{"href":"https:\/\/culturesconnection.com\/fr\/wp-json\/wp\/v2\/media?parent=6319"}],"curies":[{"name":"wp","href":"https:\/\/api.w.org\/{rel}","templated":true}]}}