{"id":6202,"date":"2016-06-15T22:09:41","date_gmt":"2016-06-15T20:09:41","guid":{"rendered":"http:\/\/culturesconnection.com\/fr\/?page_id=6202"},"modified":"2023-04-04T12:13:21","modified_gmt":"2023-04-04T10:13:21","slug":"services-de-traduction-francais-chinois","status":"publish","type":"page","link":"https:\/\/culturesconnection.com\/fr\/services-de-traduction-francais-chinois\/","title":{"rendered":"Nos services de traduction fran\u00e7ais chinois"},"content":{"rendered":"\n<h2 class=\"wp-block-heading\">Nos services de traduction fran\u00e7ais &#8211; chinois<\/h2>\n\n\n\n<p>Vous avez besoin de services de traduction fran\u00e7ais &#8211; chinois ou chinois &#8211; fran\u00e7ais ou depuis d\u2019autres langues vers le chinois\u00a0? Vous souhaitez faire traduire des documents professionnels, un texte juridique, un document technique, une pr\u00e9sentation marketing ou un site web\u00a0? Bas\u00e9e en France, notre agence de traduction et d\u2019interpr\u00e9tation fournit des traductions de qualit\u00e9 en langue chinoise (mandarin, chinois traditionnel ou simplifi\u00e9, cantonais et davantage) depuis de nombreuses ann\u00e9es, pour des documents vari\u00e9s. Notre \u00e9quipe propose \u00e9galement un service de localisation, un service de r\u00e9vision et correction pour un texte d\u00e9j\u00e0 traduit en chinois, ou encore un service de r\u00e9daction.<\/p>\n\n\n\n<p>Deuxi\u00e8me puissance \u00e9conomique mondiale apr\u00e8s les \u00c9tats-Unis, la Chine est un pays qui attire logiquement de plus en plus les entreprises fran\u00e7aises. Mais les Fran\u00e7ais se retrouvent, en g\u00e9n\u00e9ral, confront\u00e9s \u00e0 la barri\u00e8re de la langue. Pourtant, il est tout \u00e0 fait possible de faciliter les \u00e9changes entre Paris et P\u00e9kin. Il est simplement n\u00e9cessaire d\u2019avoir recours des services de traduction. La traduction professionnelle en langue chinoise de vos documents commerciaux et la localisation de votre site web ou de votre plateforme constituent des \u00e9tapes majeures. Ce travail de communication permettra de bien vous d\u00e9marquer de vos concurrents. C\u2019est pourquoi vous devez imp\u00e9rativement confier votre projet \u00e0 une agence de traduction professionnelle. Chez <a href=\"https:\/\/culturesconnection.com\/fr\/\">Cultures Connection<\/a>, nous nous engageons \u00e0 vous livrer des r\u00e9sultats de qualit\u00e9. Quel que soit votre budget et le d\u00e9lai dont vous disposez, notre entreprise de traduction s\u2019adapte \u00e0 vos exigences, m\u00eame pour les traductions urgentes en chinois. Faites appel \u00e0 nos services de traduction fran\u00e7ais &#8211; chinois ou chinois \u2013 fran\u00e7ais\u00a0!<\/p>\n\n\n\n<h2 class=\"wp-block-heading\">Vous avez besoin d\u2019un traducteur fran\u00e7ais &#8211; chinois ?<\/h2>\n\n\n\n<p>Vous souhaitez un traducteur fran\u00e7ais \u2013 chinois ou anglais &#8211; chinois avec de l\u2019exp\u00e9rience afin d\u2019obtenir une traduction professionnelle\u00a0? Une traduction de qualit\u00e9 pour tous les documents s\u2019av\u00e8re indispensable pour vos d\u00e9marches aupr\u00e8s des clients. Notre agence Cultures Connection a su se cr\u00e9er un large r\u00e9seau de traducteurs professionnels au fil des ann\u00e9es. De <a href=\"https:\/\/culturesconnection.com\/fr\/traducteur-professionnel\/\">langue<\/a> maternelle chinoise, chaque traducteur ou interpr\u00e8te vers le chinois a \u00e9t\u00e9 rigoureusement s\u00e9lectionn\u00e9 en fonction des dipl\u00f4mes et d\u2019une longue exp\u00e9rience. Par ailleurs, nos traducteurs fran\u00e7ais &#8211; chinois et chinois &#8211; fran\u00e7ais poss\u00e8dent tous un domaine de sp\u00e9cialit\u00e9, voire m\u00eame plusieurs. Cela permet \u00e0 notre agence de toujours choisir le traducteur le plus adapt\u00e9 \u00e0 vos besoins sp\u00e9cifiques. Par exemple, si vous voulez exporter vos activit\u00e9s en Chine en faisant traduire votre site internet, nous choisirons un traducteur sp\u00e9cialiste de la traduction de site web. Si vous souhaitez faire traduire vos campagnes marketing, un traducteur marketing sera charg\u00e9 du travail.<\/p>\n\n\n\n<p>Notre large r\u00e9seau de traducteurs partout dans le monde nous permet \u00e9galement d\u2019assurer des services de traduction en anglais, espagnol, allemand, japonais et beaucoup d\u2019autres langues. Contactez notre agence pour obtenir des traductions de qualit\u00e9&nbsp;!<\/p>\n","protected":false},"excerpt":{"rendered":"<p>Nos services de traduction fran\u00e7ais &#8211; chinois Vous avez besoin de services de traduction fran\u00e7ais &#8211; chinois ou chinois &#8211; fran\u00e7ais ou depuis d\u2019autres langues [&#8230;]<\/p>\n<p><a class=\"btn btn-secondary understrap-read-more-link\" href=\"https:\/\/culturesconnection.com\/fr\/services-de-traduction-francais-chinois\/\">Lire la suite\u2026<span class=\"screen-reader-text\"> from Nos services de traduction fran\u00e7ais chinois<\/span><\/a><\/p>\n","protected":false},"author":33,"featured_media":8181,"parent":0,"menu_order":0,"comment_status":"closed","ping_status":"closed","template":"","meta":{"_acf_changed":false,"_editorskit_title_hidden":false,"_editorskit_reading_time":2,"_editorskit_is_block_options_detached":false,"_editorskit_block_options_position":"{}","footnotes":""},"class_list":["post-6202","page","type-page","status-publish","has-post-thumbnail","hentry"],"acf":[],"yoast_head":"<!-- This site is optimized with the Yoast SEO Premium plugin v23.4 (Yoast SEO v27.3) - https:\/\/yoast.com\/product\/yoast-seo-premium-wordpress\/ -->\n<title>Services de traduction fran\u00e7ais chinois<\/title>\n<meta name=\"description\" content=\"Vous avez besoin d&#039;une traduction fran\u00e7ais chinois ? Chez Cultures Connection, nous traitons tous types de projet. Demandez votre devis gratuit.\" \/>\n<meta name=\"robots\" content=\"index, follow, max-snippet:-1, max-image-preview:large, max-video-preview:-1\" \/>\n<link rel=\"canonical\" href=\"https:\/\/culturesconnection.com\/fr\/services-de-traduction-francais-chinois\/\" \/>\n<meta property=\"og:locale\" content=\"fr_FR\" \/>\n<meta property=\"og:type\" content=\"article\" \/>\n<meta property=\"og:title\" content=\"Nos services de traduction fran\u00e7ais chinois\" \/>\n<meta property=\"og:description\" content=\"Vous avez besoin d&#039;une traduction fran\u00e7ais chinois ? Chez Cultures Connection, nous traitons tous types de projet. Demandez votre devis gratuit.\" \/>\n<meta property=\"og:url\" content=\"https:\/\/culturesconnection.com\/fr\/services-de-traduction-francais-chinois\/\" \/>\n<meta property=\"og:site_name\" content=\"Cultures Connection\" \/>\n<meta property=\"article:publisher\" content=\"https:\/\/www.facebook.com\/CulturesConnection\" \/>\n<meta property=\"article:modified_time\" content=\"2023-04-04T10:13:21+00:00\" \/>\n<meta property=\"og:image\" content=\"https:\/\/culturesconnection.com\/wp-content\/uploads\/2016\/06\/traduction-fran\u00e7ais-chinois.png\" \/>\n\t<meta property=\"og:image:width\" content=\"400\" \/>\n\t<meta property=\"og:image:height\" content=\"127\" \/>\n\t<meta property=\"og:image:type\" content=\"image\/png\" \/>\n<meta name=\"twitter:card\" content=\"summary_large_image\" \/>\n<meta name=\"twitter:site\" content=\"@CulturesCo_\" \/>\n<meta name=\"twitter:label1\" content=\"Dur\u00e9e de lecture estim\u00e9e\" \/>\n\t<meta name=\"twitter:data1\" content=\"3 minutes\" \/>\n<script type=\"application\/ld+json\" class=\"yoast-schema-graph\">{\"@context\":\"https:\\\/\\\/schema.org\",\"@graph\":[{\"@type\":\"WebPage\",\"@id\":\"https:\\\/\\\/culturesconnection.com\\\/fr\\\/services-de-traduction-francais-chinois\\\/\",\"url\":\"https:\\\/\\\/culturesconnection.com\\\/fr\\\/services-de-traduction-francais-chinois\\\/\",\"name\":\"Services de traduction fran\u00e7ais chinois\",\"isPartOf\":{\"@id\":\"https:\\\/\\\/culturesconnection.com\\\/fr\\\/#website\"},\"primaryImageOfPage\":{\"@id\":\"https:\\\/\\\/culturesconnection.com\\\/fr\\\/services-de-traduction-francais-chinois\\\/#primaryimage\"},\"image\":{\"@id\":\"https:\\\/\\\/culturesconnection.com\\\/fr\\\/services-de-traduction-francais-chinois\\\/#primaryimage\"},\"thumbnailUrl\":\"https:\\\/\\\/culturesconnection.com\\\/wp-content\\\/uploads\\\/2016\\\/06\\\/traduction-fran\u00e7ais-chinois.png\",\"datePublished\":\"2016-06-15T20:09:41+00:00\",\"dateModified\":\"2023-04-04T10:13:21+00:00\",\"description\":\"Vous avez besoin d'une traduction fran\u00e7ais chinois ? Chez Cultures Connection, nous traitons tous types de projet. Demandez votre devis gratuit.\",\"breadcrumb\":{\"@id\":\"https:\\\/\\\/culturesconnection.com\\\/fr\\\/services-de-traduction-francais-chinois\\\/#breadcrumb\"},\"inLanguage\":\"fr-FR\",\"potentialAction\":[{\"@type\":\"ReadAction\",\"target\":[\"https:\\\/\\\/culturesconnection.com\\\/fr\\\/services-de-traduction-francais-chinois\\\/\"]}]},{\"@type\":\"ImageObject\",\"inLanguage\":\"fr-FR\",\"@id\":\"https:\\\/\\\/culturesconnection.com\\\/fr\\\/services-de-traduction-francais-chinois\\\/#primaryimage\",\"url\":\"https:\\\/\\\/culturesconnection.com\\\/wp-content\\\/uploads\\\/2016\\\/06\\\/traduction-fran\u00e7ais-chinois.png\",\"contentUrl\":\"https:\\\/\\\/culturesconnection.com\\\/wp-content\\\/uploads\\\/2016\\\/06\\\/traduction-fran\u00e7ais-chinois.png\",\"width\":\"400\",\"height\":\"127\",\"caption\":\"traduction fran\u00e7ais chinois\"},{\"@type\":\"BreadcrumbList\",\"@id\":\"https:\\\/\\\/culturesconnection.com\\\/fr\\\/services-de-traduction-francais-chinois\\\/#breadcrumb\",\"itemListElement\":[{\"@type\":\"ListItem\",\"position\":1,\"name\":\"Home\",\"item\":\"https:\\\/\\\/culturesconnection.com\\\/fr\\\/\"},{\"@type\":\"ListItem\",\"position\":2,\"name\":\"Nos services de traduction fran\u00e7ais chinois\"}]},{\"@type\":\"WebSite\",\"@id\":\"https:\\\/\\\/culturesconnection.com\\\/fr\\\/#website\",\"url\":\"https:\\\/\\\/culturesconnection.com\\\/fr\\\/\",\"name\":\"Cultures Connection\",\"description\":\"Cultures Connection is a translation agency dedicated to the success of its international clients.\",\"publisher\":{\"@id\":\"https:\\\/\\\/culturesconnection.com\\\/fr\\\/#organization\"},\"potentialAction\":[{\"@type\":\"SearchAction\",\"target\":{\"@type\":\"EntryPoint\",\"urlTemplate\":\"https:\\\/\\\/culturesconnection.com\\\/fr\\\/?s={search_term_string}\"},\"query-input\":{\"@type\":\"PropertyValueSpecification\",\"valueRequired\":true,\"valueName\":\"search_term_string\"}}],\"inLanguage\":\"fr-FR\"},{\"@type\":\"Organization\",\"@id\":\"https:\\\/\\\/culturesconnection.com\\\/fr\\\/#organization\",\"name\":\"Cultures Connection\",\"url\":\"https:\\\/\\\/culturesconnection.com\\\/fr\\\/\",\"logo\":{\"@type\":\"ImageObject\",\"inLanguage\":\"fr-FR\",\"@id\":\"https:\\\/\\\/culturesconnection.com\\\/fr\\\/#\\\/schema\\\/logo\\\/image\\\/\",\"url\":\"https:\\\/\\\/culturesconnection.com\\\/wp-content\\\/uploads\\\/2022\\\/06\\\/cropped-favicon512x512.png\",\"contentUrl\":\"https:\\\/\\\/culturesconnection.com\\\/wp-content\\\/uploads\\\/2022\\\/06\\\/cropped-favicon512x512.png\",\"width\":512,\"height\":512,\"caption\":\"Cultures Connection\"},\"image\":{\"@id\":\"https:\\\/\\\/culturesconnection.com\\\/fr\\\/#\\\/schema\\\/logo\\\/image\\\/\"},\"sameAs\":[\"https:\\\/\\\/www.facebook.com\\\/CulturesConnection\",\"https:\\\/\\\/x.com\\\/CulturesCo_\"]}]}<\/script>\n<!-- \/ Yoast SEO Premium plugin. -->","yoast_head_json":{"title":"Services de traduction fran\u00e7ais chinois","description":"Vous avez besoin d'une traduction fran\u00e7ais chinois ? Chez Cultures Connection, nous traitons tous types de projet. Demandez votre devis gratuit.","robots":{"index":"index","follow":"follow","max-snippet":"max-snippet:-1","max-image-preview":"max-image-preview:large","max-video-preview":"max-video-preview:-1"},"canonical":"https:\/\/culturesconnection.com\/fr\/services-de-traduction-francais-chinois\/","og_locale":"fr_FR","og_type":"article","og_title":"Nos services de traduction fran\u00e7ais chinois","og_description":"Vous avez besoin d'une traduction fran\u00e7ais chinois ? Chez Cultures Connection, nous traitons tous types de projet. Demandez votre devis gratuit.","og_url":"https:\/\/culturesconnection.com\/fr\/services-de-traduction-francais-chinois\/","og_site_name":"Cultures Connection","article_publisher":"https:\/\/www.facebook.com\/CulturesConnection","article_modified_time":"2023-04-04T10:13:21+00:00","og_image":[{"width":400,"height":127,"url":"https:\/\/culturesconnection.com\/wp-content\/uploads\/2016\/06\/traduction-fran\u00e7ais-chinois.png","type":"image\/png"}],"twitter_card":"summary_large_image","twitter_site":"@CulturesCo_","twitter_misc":{"Dur\u00e9e de lecture estim\u00e9e":"3 minutes"},"schema":{"@context":"https:\/\/schema.org","@graph":[{"@type":"WebPage","@id":"https:\/\/culturesconnection.com\/fr\/services-de-traduction-francais-chinois\/","url":"https:\/\/culturesconnection.com\/fr\/services-de-traduction-francais-chinois\/","name":"Services de traduction fran\u00e7ais chinois","isPartOf":{"@id":"https:\/\/culturesconnection.com\/fr\/#website"},"primaryImageOfPage":{"@id":"https:\/\/culturesconnection.com\/fr\/services-de-traduction-francais-chinois\/#primaryimage"},"image":{"@id":"https:\/\/culturesconnection.com\/fr\/services-de-traduction-francais-chinois\/#primaryimage"},"thumbnailUrl":"https:\/\/culturesconnection.com\/wp-content\/uploads\/2016\/06\/traduction-fran\u00e7ais-chinois.png","datePublished":"2016-06-15T20:09:41+00:00","dateModified":"2023-04-04T10:13:21+00:00","description":"Vous avez besoin d'une traduction fran\u00e7ais chinois ? Chez Cultures Connection, nous traitons tous types de projet. Demandez votre devis gratuit.","breadcrumb":{"@id":"https:\/\/culturesconnection.com\/fr\/services-de-traduction-francais-chinois\/#breadcrumb"},"inLanguage":"fr-FR","potentialAction":[{"@type":"ReadAction","target":["https:\/\/culturesconnection.com\/fr\/services-de-traduction-francais-chinois\/"]}]},{"@type":"ImageObject","inLanguage":"fr-FR","@id":"https:\/\/culturesconnection.com\/fr\/services-de-traduction-francais-chinois\/#primaryimage","url":"https:\/\/culturesconnection.com\/wp-content\/uploads\/2016\/06\/traduction-fran\u00e7ais-chinois.png","contentUrl":"https:\/\/culturesconnection.com\/wp-content\/uploads\/2016\/06\/traduction-fran\u00e7ais-chinois.png","width":"400","height":"127","caption":"traduction fran\u00e7ais chinois"},{"@type":"BreadcrumbList","@id":"https:\/\/culturesconnection.com\/fr\/services-de-traduction-francais-chinois\/#breadcrumb","itemListElement":[{"@type":"ListItem","position":1,"name":"Home","item":"https:\/\/culturesconnection.com\/fr\/"},{"@type":"ListItem","position":2,"name":"Nos services de traduction fran\u00e7ais chinois"}]},{"@type":"WebSite","@id":"https:\/\/culturesconnection.com\/fr\/#website","url":"https:\/\/culturesconnection.com\/fr\/","name":"Cultures Connection","description":"Cultures Connection is a translation agency dedicated to the success of its international clients.","publisher":{"@id":"https:\/\/culturesconnection.com\/fr\/#organization"},"potentialAction":[{"@type":"SearchAction","target":{"@type":"EntryPoint","urlTemplate":"https:\/\/culturesconnection.com\/fr\/?s={search_term_string}"},"query-input":{"@type":"PropertyValueSpecification","valueRequired":true,"valueName":"search_term_string"}}],"inLanguage":"fr-FR"},{"@type":"Organization","@id":"https:\/\/culturesconnection.com\/fr\/#organization","name":"Cultures Connection","url":"https:\/\/culturesconnection.com\/fr\/","logo":{"@type":"ImageObject","inLanguage":"fr-FR","@id":"https:\/\/culturesconnection.com\/fr\/#\/schema\/logo\/image\/","url":"https:\/\/culturesconnection.com\/wp-content\/uploads\/2022\/06\/cropped-favicon512x512.png","contentUrl":"https:\/\/culturesconnection.com\/wp-content\/uploads\/2022\/06\/cropped-favicon512x512.png","width":512,"height":512,"caption":"Cultures Connection"},"image":{"@id":"https:\/\/culturesconnection.com\/fr\/#\/schema\/logo\/image\/"},"sameAs":["https:\/\/www.facebook.com\/CulturesConnection","https:\/\/x.com\/CulturesCo_"]}]}},"_links":{"self":[{"href":"https:\/\/culturesconnection.com\/fr\/wp-json\/wp\/v2\/pages\/6202","targetHints":{"allow":["GET"]}}],"collection":[{"href":"https:\/\/culturesconnection.com\/fr\/wp-json\/wp\/v2\/pages"}],"about":[{"href":"https:\/\/culturesconnection.com\/fr\/wp-json\/wp\/v2\/types\/page"}],"author":[{"embeddable":true,"href":"https:\/\/culturesconnection.com\/fr\/wp-json\/wp\/v2\/users\/33"}],"replies":[{"embeddable":true,"href":"https:\/\/culturesconnection.com\/fr\/wp-json\/wp\/v2\/comments?post=6202"}],"version-history":[{"count":0,"href":"https:\/\/culturesconnection.com\/fr\/wp-json\/wp\/v2\/pages\/6202\/revisions"}],"wp:featuredmedia":[{"embeddable":true,"href":"https:\/\/culturesconnection.com\/fr\/wp-json\/wp\/v2\/media\/8181"}],"wp:attachment":[{"href":"https:\/\/culturesconnection.com\/fr\/wp-json\/wp\/v2\/media?parent=6202"}],"curies":[{"name":"wp","href":"https:\/\/api.w.org\/{rel}","templated":true}]}}