{"id":6198,"date":"2016-06-15T21:15:23","date_gmt":"2016-06-15T19:15:23","guid":{"rendered":"http:\/\/culturesconnection.com\/fr\/?page_id=6198"},"modified":"2022-08-31T10:36:11","modified_gmt":"2022-08-31T08:36:11","slug":"services-de-traduction-francais-portugais","status":"publish","type":"page","link":"https:\/\/culturesconnection.com\/fr\/services-de-traduction-francais-portugais\/","title":{"rendered":"Nos services de traduction fran\u00e7ais portugais"},"content":{"rendered":"\n<h2 class=\"wp-block-heading\">Nos services de traduction fran\u00e7ais &#8211; portugais<\/h2>\n\n\n\n<p>Le Br\u00e9sil est un g\u00e9ant \u00e9conomique qui offre des march\u00e9s \u00e0 la fois vari\u00e9s et int\u00e9ressants. C\u2019est \u00e9galement le 2e exportateur mondial de produits miniers. Il ne faut pas oublier non plus que la France est le 3e fournisseur du Portugal. D\u00e9j\u00e0 plus de 700 entreprises fran\u00e7aises y sont install\u00e9es, pourquoi pas vous ? La traduction de vos contenus vous fera gagner une longueur d\u2019avance sur vos concurrents. Notre <a href=\"https:\/\/culturesconnection.com\/fr\/\">agence de traduction<\/a> vous propose quatre volets qualit\u00e9 diff\u00e9rents (basique, standard, professionnel et premium) afin de nous adapter au mieux \u00e0 votre budget, vos attentes, et au d\u00e9lai dont vous disposez.<\/p>\n\n\n\n<h2 class=\"wp-block-heading\">Besoin d\u2019un traducteur professionnel fran\u00e7ais &#8211; portugais?<\/h2>\n\n\n\n<p>Notre agence de traduction traite vos projets avec s\u00e9rieux et professionnalisme. Gr\u00e2ce \u00e0 un large r\u00e9seau de traducteurs professionnels, nos \u00e9quipes sauront vous trouver l\u2019expert le plus en ad\u00e9quation avec le domaine trait\u00e9. En effet, nous collaborons avec des traducteurs passionn\u00e9s qui ma\u00eetrisent tous un secteur d\u2019activit\u00e9 particulier. Dans le respect de la r\u00e9glementation en vigueur, ils traduisent toujours vers leur <a href=\"https:\/\/culturesconnection.com\/fr\/traducteur-professionnel\/\">langue <\/a>maternelle. De plus, nos \u00e9quipes et les traducteurs se sont engag\u00e9s \u00e0 respecter les trois valeurs suivantes : qualit\u00e9, int\u00e9grit\u00e9 et rigueur. Nous avons conscience que vos documents traduits refl\u00e9teront le s\u00e9rieux de votre entreprise, c\u2019est pourquoi nous nous engageons \u00e0 toujours vous fournir des traductions de qualit\u00e9.<\/p>\n","protected":false},"excerpt":{"rendered":"<p>Nos services de traduction fran\u00e7ais &#8211; portugais Le Br\u00e9sil est un g\u00e9ant \u00e9conomique qui offre des march\u00e9s \u00e0 la fois vari\u00e9s et int\u00e9ressants. C\u2019est \u00e9galement [&#8230;]<\/p>\n<p><a class=\"btn btn-secondary understrap-read-more-link\" href=\"https:\/\/culturesconnection.com\/fr\/services-de-traduction-francais-portugais\/\">Lire la suite\u2026<span class=\"screen-reader-text\"> from Nos services de traduction fran\u00e7ais portugais<\/span><\/a><\/p>\n","protected":false},"author":33,"featured_media":8219,"parent":0,"menu_order":0,"comment_status":"closed","ping_status":"closed","template":"","meta":{"_acf_changed":false,"_editorskit_title_hidden":false,"_editorskit_reading_time":0,"_editorskit_is_block_options_detached":false,"_editorskit_block_options_position":"{}","footnotes":""},"class_list":["post-6198","page","type-page","status-publish","has-post-thumbnail","hentry"],"acf":[],"_links":{"self":[{"href":"https:\/\/culturesconnection.com\/fr\/wp-json\/wp\/v2\/pages\/6198","targetHints":{"allow":["GET"]}}],"collection":[{"href":"https:\/\/culturesconnection.com\/fr\/wp-json\/wp\/v2\/pages"}],"about":[{"href":"https:\/\/culturesconnection.com\/fr\/wp-json\/wp\/v2\/types\/page"}],"author":[{"embeddable":true,"href":"https:\/\/culturesconnection.com\/fr\/wp-json\/wp\/v2\/users\/33"}],"replies":[{"embeddable":true,"href":"https:\/\/culturesconnection.com\/fr\/wp-json\/wp\/v2\/comments?post=6198"}],"version-history":[{"count":0,"href":"https:\/\/culturesconnection.com\/fr\/wp-json\/wp\/v2\/pages\/6198\/revisions"}],"wp:featuredmedia":[{"embeddable":true,"href":"https:\/\/culturesconnection.com\/fr\/wp-json\/wp\/v2\/media\/8219"}],"wp:attachment":[{"href":"https:\/\/culturesconnection.com\/fr\/wp-json\/wp\/v2\/media?parent=6198"}],"curies":[{"name":"wp","href":"https:\/\/api.w.org\/{rel}","templated":true}]}}