{"id":6160,"date":"2016-06-09T22:15:56","date_gmt":"2016-06-09T20:15:56","guid":{"rendered":"http:\/\/culturesconnection.com\/fr\/?page_id=6160"},"modified":"2022-12-05T12:25:52","modified_gmt":"2022-12-05T11:25:52","slug":"services-de-traduction-francais-russe","status":"publish","type":"page","link":"https:\/\/culturesconnection.com\/fr\/services-de-traduction-francais-russe\/","title":{"rendered":"Nos services de traduction fran\u00e7ais russe"},"content":{"rendered":"\n<h2 class=\"wp-block-heading\">Nos services de traduction fran\u00e7ais &#8211; russe<\/h2>\n\n\n\n<p>Si vous souhaitez exporter vos activit\u00e9s en Russie, la traduction de vos contenus est une \u00e9tape cl\u00e9 et incontestablement l\u2019une des plus importantes. Nous avons ce qu\u2019il vous faut ! Afin de vous garantir un service de qualit\u00e9, <a href=\"https:\/\/culturesconnection.com\/fr\/\">notre agence de traduction<\/a> et tous ses traducteurs professionnels se sont engag\u00e9s \u00e0 respecter les valeurs suivantes : excellence, rigueur et int\u00e9grit\u00e9. Nous vous proposons quatre volets qualit\u00e9 distincts (basique, standard, professionnel et premium) afin de nous adapter \u00e0 tous les budgets. Notre agence de traduction vous apporte s\u00e9curit\u00e9, pr\u00e9cision et coh\u00e9rence. Gr\u00e2ce \u00e0 un service personnalis\u00e9, vous profiterez d\u2019un contact privil\u00e9gi\u00e9 au sein de notre \u00e9quipe. Nos traducteurs et chefs de projet se tiennent \u00e0 votre disposition 18h par jour !<\/p>\n\n\n\n<h2 class=\"wp-block-heading\">Nos traducteurs professionnels fran\u00e7ais &#8211; russe<\/h2>\n\n\n\n<p>R\u00e9aliser une traduction fran\u00e7ais &#8211; russe n\u2019est pas t\u00e2che facile puisque ces deux langues diff\u00e8rent consid\u00e9rablement autant d\u2019un point de vue linguistique que culturel. Afin de s\u2019adapter au mieux \u00e0 la r\u00e9alit\u00e9 du march\u00e9 russe, nos experts ont tous le russe comme <a href=\"https:\/\/culturesconnection.com\/fr\/traducteur-professionnel\/\">langue <\/a>maternelle. Nous collaborons exclusivement avec des traducteurs professionnels dipl\u00f4m\u00e9s et exp\u00e9riment\u00e9s. S\u00e9lectionn\u00e9s \u00e0 l\u2019aide d\u2019un test, nos experts ont chacun un domaine de pr\u00e9dilection. Ainsi, nous nous effor\u00e7ons de trouver le traducteur le plus adapt\u00e9 \u00e0 votre secteur d\u2019activit\u00e9.<\/p>\n","protected":false},"excerpt":{"rendered":"<p>Nos services de traduction fran\u00e7ais &#8211; russe Si vous souhaitez exporter vos activit\u00e9s en Russie, la traduction de vos contenus est une \u00e9tape cl\u00e9 et [&#8230;]<\/p>\n<p><a class=\"btn btn-secondary understrap-read-more-link\" href=\"https:\/\/culturesconnection.com\/fr\/services-de-traduction-francais-russe\/\">Lire la suite\u2026<span class=\"screen-reader-text\"> from Nos services de traduction fran\u00e7ais russe<\/span><\/a><\/p>\n","protected":false},"author":29,"featured_media":8220,"parent":0,"menu_order":0,"comment_status":"closed","ping_status":"closed","template":"","meta":{"_acf_changed":false,"_editorskit_title_hidden":false,"_editorskit_reading_time":1,"_editorskit_is_block_options_detached":false,"_editorskit_block_options_position":"{}","footnotes":""},"class_list":["post-6160","page","type-page","status-publish","has-post-thumbnail","hentry"],"acf":[],"_links":{"self":[{"href":"https:\/\/culturesconnection.com\/fr\/wp-json\/wp\/v2\/pages\/6160","targetHints":{"allow":["GET"]}}],"collection":[{"href":"https:\/\/culturesconnection.com\/fr\/wp-json\/wp\/v2\/pages"}],"about":[{"href":"https:\/\/culturesconnection.com\/fr\/wp-json\/wp\/v2\/types\/page"}],"author":[{"embeddable":true,"href":"https:\/\/culturesconnection.com\/fr\/wp-json\/wp\/v2\/users\/29"}],"replies":[{"embeddable":true,"href":"https:\/\/culturesconnection.com\/fr\/wp-json\/wp\/v2\/comments?post=6160"}],"version-history":[{"count":0,"href":"https:\/\/culturesconnection.com\/fr\/wp-json\/wp\/v2\/pages\/6160\/revisions"}],"wp:featuredmedia":[{"embeddable":true,"href":"https:\/\/culturesconnection.com\/fr\/wp-json\/wp\/v2\/media\/8220"}],"wp:attachment":[{"href":"https:\/\/culturesconnection.com\/fr\/wp-json\/wp\/v2\/media?parent=6160"}],"curies":[{"name":"wp","href":"https:\/\/api.w.org\/{rel}","templated":true}]}}