{"id":6151,"date":"2016-06-09T18:25:51","date_gmt":"2016-06-09T16:25:51","guid":{"rendered":"http:\/\/culturesconnection.com\/fr\/?page_id=6151"},"modified":"2022-12-29T16:56:22","modified_gmt":"2022-12-29T15:56:22","slug":"services-de-traduction-francais-espagnol","status":"publish","type":"page","link":"https:\/\/culturesconnection.com\/fr\/services-de-traduction-francais-espagnol\/","title":{"rendered":"Nos services de traduction fran\u00e7ais espagnol"},"content":{"rendered":"\n<h2 class=\"wp-block-heading\">Nos services de traduction fran\u00e7ais &#8211; espagnol<\/h2>\n\n\n\n<p>Vous avez besoin de services de traduction fran\u00e7ais &#8211; espagnol pour un document\u00a0? Nos clients nous demandent souvent des traductions en espagnol, ou bien un service de r\u00e9vision pour un document d\u00e9j\u00e0 traduit, ou encore un service de localisation. En effet, pour d\u00e9velopper vos activit\u00e9s dans les pays d\u2019Am\u00e9rique latine ou en Espagne, la premi\u00e8re \u00e9tape est la traduction de vos documents en espagnol. Chez Cultures Connection, nous vous proposons des services de traduction fran\u00e7ais &#8211; espagnol de qualit\u00e9 et \u00e0 des prix comp\u00e9titifs et ce dans de nombreux domaines : traduction juridique, traduction commerciale, traduction m\u00e9dicale&#8230; Et bien d\u2019autres encore. En outre, notre agence de traduction propose quatre volets de qualit\u00e9 (basique, standard, professionnel ou encore premium) et s\u2019adapte ainsi \u00e0 vos attentes et \u00e0 votre budget.<\/p>\n\n\n\n<h2 class=\"wp-block-heading\">Nos traducteurs professionnels fran\u00e7ais &#8211; espagnol<\/h2>\n\n\n\n<p>Besoin d\u2019une traduction fran\u00e7ais &#8211; espagnol ? L\u2019\u00e9quipe de <a href=\"https:\/\/culturesconnection.com\/fr\/\">Cultures Connection<\/a>\u00a0est l\u00e0 pour trouver le traducteur le plus adapt\u00e9 \u00e0 vos besoins. Nous travaillons depuis plusieurs ann\u00e9es avec un large r\u00e9seau de traducteurs professionnels. Ces derniers sont choisis en fonction de leur dipl\u00f4me et de leur exp\u00e9rience. Chaque traducteur ma\u00eetrise un domaine particulier sur lequel il a \u00e9t\u00e9 test\u00e9 au pr\u00e9alable. En plus d\u2019une parfaite ma\u00eetrise du fran\u00e7ais, de l\u2019espagnol et de leur secteur d\u2019activit\u00e9, nos experts en traduction sont des sp\u00e9cialistes de la culture hispanophone. Chaque traducteur effectue son travail de traduction uniquement vers sa <a href=\"https:\/\/culturesconnection.com\/fr\/traducteur-professionnel\/\">langue<\/a> maternelle. Comme la langue espagnole varie d\u2019un pays \u00e0 l\u2019autre, nous pouvons vous proposer sp\u00e9cifiquement des professionnels d\u2019Espagne, du Mexique, de la Colombie, de l\u2019Argentine, du P\u00e9rou, entre autres. La connaissance des langues \u00e0 un niveau professionnel est indispensable, mais nous sommes d\u2019avis que la culture constitue \u00e9galement un \u00e9l\u00e9ment capital pour la bonne communication d\u2019une entreprise.<\/p>\n\n\n\n<h2 class=\"wp-block-heading\">Traduction de documents en espagnol dans de nombreux domaines<\/h2>\n\n\n\n<p>Il vous faut une traduction en espagnol dans un domaine en particulier ou sur un sujet pr\u00e9cis ? Nous vous proposons le traducteur sp\u00e9cialis\u00e9 dans votre secteur pour traduire votre projet en espagnol et diffuser votre contenu dans le pays ou le continent cible. Notre \u00e9quipe de professionnels couvre de nombreux domaines : la traduction juridique, traduction commerciale, la traduction m\u00e9dicale, la traduction audiovisuelle, la localisation de sites web et de plateformes\u2026 Et tellement d\u2019autres encore, \u00e0 d\u00e9couvrir dans nos pages sp\u00e9cialit\u00e9s.<\/p>\n","protected":false},"excerpt":{"rendered":"<p>Nos services de traduction fran\u00e7ais &#8211; espagnol Vous avez besoin de services de traduction fran\u00e7ais &#8211; espagnol pour un document\u00a0? Nos clients nous demandent souvent [&#8230;]<\/p>\n<p><a class=\"btn btn-secondary understrap-read-more-link\" href=\"https:\/\/culturesconnection.com\/fr\/services-de-traduction-francais-espagnol\/\">Lire la suite\u2026<span class=\"screen-reader-text\"> from Nos services de traduction fran\u00e7ais espagnol<\/span><\/a><\/p>\n","protected":false},"author":29,"featured_media":8182,"parent":0,"menu_order":0,"comment_status":"closed","ping_status":"closed","template":"","meta":{"_acf_changed":false,"_editorskit_title_hidden":false,"_editorskit_reading_time":1,"_editorskit_is_block_options_detached":false,"_editorskit_block_options_position":"{}","footnotes":""},"class_list":["post-6151","page","type-page","status-publish","has-post-thumbnail","hentry"],"acf":[],"_links":{"self":[{"href":"https:\/\/culturesconnection.com\/fr\/wp-json\/wp\/v2\/pages\/6151","targetHints":{"allow":["GET"]}}],"collection":[{"href":"https:\/\/culturesconnection.com\/fr\/wp-json\/wp\/v2\/pages"}],"about":[{"href":"https:\/\/culturesconnection.com\/fr\/wp-json\/wp\/v2\/types\/page"}],"author":[{"embeddable":true,"href":"https:\/\/culturesconnection.com\/fr\/wp-json\/wp\/v2\/users\/29"}],"replies":[{"embeddable":true,"href":"https:\/\/culturesconnection.com\/fr\/wp-json\/wp\/v2\/comments?post=6151"}],"version-history":[{"count":0,"href":"https:\/\/culturesconnection.com\/fr\/wp-json\/wp\/v2\/pages\/6151\/revisions"}],"wp:featuredmedia":[{"embeddable":true,"href":"https:\/\/culturesconnection.com\/fr\/wp-json\/wp\/v2\/media\/8182"}],"wp:attachment":[{"href":"https:\/\/culturesconnection.com\/fr\/wp-json\/wp\/v2\/media?parent=6151"}],"curies":[{"name":"wp","href":"https:\/\/api.w.org\/{rel}","templated":true}]}}